{"id":2346,"date":"2017-12-30T21:02:47","date_gmt":"2017-12-30T21:02:47","guid":{"rendered":"http:\/\/biblian.is\/biblian\/jesaja-50-kafli\/"},"modified":"2024-05-06T22:28:32","modified_gmt":"2024-05-06T22:28:32","slug":"jesaja-50-kafli","status":"publish","type":"page","link":"https:\/\/biblian.is\/biblian\/jesaja-50-kafli\/","title":{"rendered":"Jesaja 50. kafli"},"content":{"rendered":"<h3 class=\"millifyrirsogn_2007\"> Sekt \u00cdsraels<\/h3>\n<p><span class=\"ljodatexti\"> <a name=\"1\"><span class=\"versanumer_ljod\">1<\/span><\/a>Svo segir Drottinn:<br \/>Hvar er skilna\u00f0arskr\u00e1 m\u00f3\u00f0ur y\u00f0ar<br \/>sem \u00e9g sendi hana burt me\u00f0?<br \/>E\u00f0a hverjum l\u00e1nardrottna minna<br \/>\u00e6tti \u00e9g a\u00f0 hafa selt y\u00f0ur?<br \/>S\u00f6kum synda y\u00f0ar voru\u00f0 \u00fe\u00e9r seldir<br \/>og vegna misgj\u00f6r\u00f0a y\u00f0ar var m\u00f3\u00f0ir y\u00f0ar send burt.<br \/> <\/span> <span class=\"ljodatexti\"> <a name=\"2\"><span class=\"versanumer_ljod\">2<\/span><\/a>Hvers vegna var enginn n\u00e6rri \u00feegar \u00e9g kom?<br \/>\u00c9g hr\u00f3pa\u00f0i en enginn svara\u00f0i.<br \/>Er h\u00f6nd m\u00edn of stutt til a\u00f0 frelsa,<br \/>skortir mig m\u00e1tt til a\u00f0 bjarga?<br \/> Me\u00f0 \u00fev\u00ed a\u00f0 hasta \u00e1 hafi\u00f0 \u00feurrka \u00e9g \u00fea\u00f0 upp, <br \/>geri flj\u00f3tin a\u00f0 ey\u00f0im\u00f6rk<br \/>svo a\u00f0 fiskarnir \u00ed \u00feeim \u00faldna af vatnsleysi<br \/>og deyja \u00far \u00feorsta.<br \/> <\/span> <span class=\"ljodatexti\"> <a name=\"3\"><span class=\"versanumer_ljod\">3<\/span><\/a>\u00c9g kl\u00e6\u00f0i himininn sorta<br \/>og sveipa hann sorgarkl\u00e6\u00f0um. <span class=\"nedan_mal\" title=\" Or\u00f0r\u00e9tt: h\u00e6rusekk.\">[<\/span> <\/p>\n<h3 class=\"millifyrirsogn_2007\">\u00dej\u00f3nn Drottins<\/h3>\n<p><span class=\"ljodatexti\"> <a name=\"4\"><span class=\"versanumer_ljod\">4<\/span><\/a>Drottinn Gu\u00f0 hefur gefi\u00f0 m\u00e9r l\u00e6risveinatungu<br \/>svo a\u00f0 \u00e9g l\u00e6r\u00f0i a\u00f0 styrkja hinn \u00fereytta me\u00f0 or\u00f0um.<br \/>\u00c1 hverjum morgni vekur hann eyra mitt<br \/>svo a\u00f0 \u00e9g hlusti eins og l\u00e6risveinn.<br \/> <\/span> <span class=\"ljodatexti\"> <a name=\"5\"><span class=\"versanumer_ljod\">5<\/span><\/a>Drottinn Gu\u00f0 opna\u00f0i eyra mitt<br \/>og \u00e9g streittist ekki \u00e1 m\u00f3ti,<br \/>f\u00e6r\u00f0ist ekki undan.<br \/> <\/span> <span class=\"ljodatexti\"> <a name=\"6\"><span class=\"versanumer_ljod\">6<\/span><\/a>\u00c9g bau\u00f0 bak mitt \u00feeim sem b\u00f6r\u00f0u mig<br \/>og vanga m\u00edna \u00feeim sem reyttu skegg mitt,<br \/>huldi ekki andlit mitt fyrir h\u00e1\u00f0ung og hr\u00e1kum.<br \/> <\/span> <span class=\"ljodatexti\"> <a name=\"7\"><span class=\"versanumer_ljod\">7<\/span><\/a>En Drottinn Gu\u00f0 hj\u00e1lpar m\u00e9r,<br \/>\u00feess vegna ver\u00f0 \u00e9g ekki ni\u00f0url\u00e6g\u00f0ur.<br \/>\u00dev\u00ed ger\u00f0i \u00e9g andlit mitt hart sem tinnu<br \/>og veit a\u00f0 \u00e9g ver\u00f0 ekki til skammar.<br \/> <\/span> <span class=\"ljodatexti\"> <a name=\"8\"><span class=\"versanumer_ljod\">8<\/span><\/a>N\u00e6rri er s\u00e1 er s\u00fdknar mig,<br \/>hver getur deilt vi\u00f0 mig?<br \/>Vi\u00f0 skulum b\u00e1\u00f0ir ganga fram.<br \/>Hver \u00e1k\u00e6rir mig?<br \/>Komi hann til m\u00edn.<br \/> <\/span> <span class=\"ljodatexti\"> <a name=\"9\"><span class=\"versanumer_ljod\">9<\/span><\/a>Drottinn, Gu\u00f0 minn, hj\u00e1lpar m\u00e9r,<br \/>hver getur sakfellt mig?<br \/>Sj\u00e1, \u00feeir detta allir sundur eins og kl\u00e6\u00f0i,<br \/>m\u00f6lur \u00e9tur \u00fe\u00e1 upp.<br \/> <\/span> <span class=\"ljodatexti\"> <a name=\"10\"><span class=\"versanumer_ljod\">10<\/span><\/a>Hver er s\u00e1 y\u00f0ar \u00e1 me\u00f0al sem \u00f3ttast Drottin<br \/>og hl\u00fd\u00f0ir \u00e1 bo\u00f0skap \u00fej\u00f3ns hans?<br \/>S\u00e1 sem gengur \u00ed myrkri <br \/>og enga sk\u00edmu s\u00e9r,<br \/>hann treysti \u00e1 nafn Drottins<br \/>og rei\u00f0i sig \u00e1 Gu\u00f0 sinn. <br \/> <\/span> <span class=\"ljodatexti\"> <a name=\"11\"><span class=\"versanumer_ljod\">11<\/span><\/a>En \u00fe\u00e9r, sem kveiki\u00f0 eld<br \/>og vopnist logandi \u00f6rvum,<br \/>gangi\u00f0 sj\u00e1lfir inn \u00ed eigi\u00f0 b\u00e1l<br \/>og eldinn sem \u00fe\u00e9r kveiktu\u00f0 me\u00f0 \u00f6rvunum.<br \/>\u00dar minni hendi kemur \u00feetta yfir y\u00f0ur,<br \/>\u00fe\u00e9r munu\u00f0 liggja \u00ed kv\u00f6lum. <\/span> <\/p>\n","protected":false},"excerpt":{"rendered":"<p>Sekt \u00cdsraels 1Svo segir Drottinn:Hvar er skilna\u00f0arskr\u00e1 m\u00f3\u00f0ur y\u00f0arsem \u00e9g sendi hana burt me\u00f0?E\u00f0a hverjum l\u00e1nardrottna minna\u00e6tti \u00e9g a\u00f0 hafa selt y\u00f0ur?S\u00f6kum synda y\u00f0ar voru\u00f0 \u00fe\u00e9r seldirog vegna misgj\u00f6r\u00f0a y\u00f0ar var m\u00f3\u00f0ir y\u00f0ar send burt. 2Hvers vegna var enginn n\u00e6rri \u00feegar \u00e9g kom?\u00c9g hr\u00f3pa\u00f0i en enginn svara\u00f0i.Er h\u00f6nd m\u00edn of stutt til a\u00f0 frelsa,skortir mig m\u00e1tt til a\u00f0 bjarga? Me\u00f0 \u00fev\u00ed a\u00f0 hasta \u00e1 hafi\u00f0 \u00feurrka \u00e9g \u00fea\u00f0 upp, geri flj\u00f3tin a\u00f0 ey\u00f0im\u00f6rksvo a\u00f0 fiskarnir \u00ed \u00feeim \u00faldna af vatnsleysiog deyja \u00far \u00feorsta. 3\u00c9g kl\u00e6\u00f0i himininn sortaog sveipa hann sorgarkl\u00e6\u00f0um. [ \u00dej\u00f3nn Drottins 4Drottinn Gu\u00f0 hefur gefi\u00f0 m\u00e9r l\u00e6risveinatungusvo a\u00f0 <a href=\"https:\/\/biblian.is\/biblian\/jesaja-50-kafli\/\"> [&#8230;]<\/a><\/p>\n","protected":false},"author":1,"featured_media":0,"parent":0,"menu_order":0,"comment_status":"open","ping_status":"open","template":"bibliukaflar_NT.php","meta":{"footnotes":""},"class_list":["post-2346","page","type-page","status-publish","hentry"],"_links":{"self":[{"href":"https:\/\/biblian.is\/biblian\/wp-json\/wp\/v2\/pages\/2346","targetHints":{"allow":["GET"]}}],"collection":[{"href":"https:\/\/biblian.is\/biblian\/wp-json\/wp\/v2\/pages"}],"about":[{"href":"https:\/\/biblian.is\/biblian\/wp-json\/wp\/v2\/types\/page"}],"author":[{"embeddable":true,"href":"https:\/\/biblian.is\/biblian\/wp-json\/wp\/v2\/users\/1"}],"replies":[{"embeddable":true,"href":"https:\/\/biblian.is\/biblian\/wp-json\/wp\/v2\/comments?post=2346"}],"version-history":[{"count":0,"href":"https:\/\/biblian.is\/biblian\/wp-json\/wp\/v2\/pages\/2346\/revisions"}],"wp:attachment":[{"href":"https:\/\/biblian.is\/biblian\/wp-json\/wp\/v2\/media?parent=2346"}],"curies":[{"name":"wp","href":"https:\/\/api.w.org\/{rel}","templated":true}]}}