{"id":2345,"date":"2017-12-30T21:02:47","date_gmt":"2017-12-30T21:02:47","guid":{"rendered":"http:\/\/biblian.is\/biblian\/jesaja-49-kafli\/"},"modified":"2024-05-06T22:28:32","modified_gmt":"2024-05-06T22:28:32","slug":"jesaja-49-kafli","status":"publish","type":"page","link":"https:\/\/biblian.is\/biblian\/jesaja-49-kafli\/","title":{"rendered":"Jesaja 49. kafli"},"content":{"rendered":"<h3 class=\"millifyrirsogn_2007\"> \u00dej\u00f3nn Drottins<\/h3>\n<p><span class=\"ljodatexti\"> <a name=\"1\"><span class=\"versanumer_ljod\">1<\/span><\/a>Hl\u00fd\u00f0i\u00f0 \u00e1 mig, eyl\u00f6nd,<br \/>hyggi\u00f0 a\u00f0, fjarl\u00e6gu \u00fej\u00f3\u00f0ir.<br \/>Drottinn hefur kalla\u00f0 mig allt fr\u00e1 m\u00f3\u00f0url\u00edfi,<br \/>nefnt mig me\u00f0 nafni fr\u00e1 \u00fev\u00ed \u00e9g var \u00ed m\u00f3\u00f0urkvi\u00f0i.<br \/> <\/span> <span class=\"ljodatexti\"> <a name=\"2\"><span class=\"versanumer_ljod\">2<\/span><\/a>Hann ger\u00f0i munn minn sem beitt sver\u00f0<br \/>og huldi mig \u00ed skugga handar sinnar.<br \/>Hann ger\u00f0i mig a\u00f0 hvassri \u00f6r<br \/>og faldi mig \u00ed \u00f6rvam\u00e6li s\u00ednum.<br \/> <\/span> <span class=\"ljodatexti\"> <a name=\"3\"><span class=\"versanumer_ljod\">3<\/span><\/a>Hann sag\u00f0i vi\u00f0 mig: \u201e\u00de\u00fa ert \u00fej\u00f3nn minn,<br \/>\u00cdsrael, \u00e9g l\u00e6t \u00feig birta d\u00fdr\u00f0 m\u00edna.\u201c<br \/> <\/span> <span class=\"ljodatexti\"> <a name=\"4\"><span class=\"versanumer_ljod\">4<\/span><\/a>En \u00e9g svara\u00f0i: \u201e\u00c9g hef erfi\u00f0a\u00f0 til \u00f3n\u00fdtis,<br \/>s\u00f3a\u00f0 kr\u00f6ftum m\u00ednum til einskis og \u00fat \u00ed vindinn<br \/>en r\u00e9ttur minn er hj\u00e1 Drottni<br \/>og laun m\u00edn hj\u00e1 Gu\u00f0i m\u00ednum.\u201c<br \/> <\/span> <span class=\"ljodatexti\"> <a name=\"5\"><span class=\"versanumer_ljod\">5<\/span><\/a>En n\u00fa segir Drottinn,<br \/>hann sem mynda\u00f0i mig \u00ed m\u00f3\u00f0url\u00edfi<br \/>til a\u00f0 vera \u00fej\u00f3nn sinn,<br \/>til a\u00f0 \u00e9g sneri Jakobi aftur til s\u00edn<br \/>og til a\u00f0 \u00cdsrael yr\u00f0i safna\u00f0 saman hj\u00e1 honum.<br \/>\u00c9g er d\u00fdrm\u00e6tur \u00ed augum Drottins<br \/>og Gu\u00f0 minn var\u00f0 minn styrkur.<br \/> <\/span> <span class=\"ljodatexti\"> <a name=\"6\"><span class=\"versanumer_ljod\">6<\/span><\/a>Hann segir: \u00dea\u00f0 er of l\u00edti\u00f0 a\u00f0 \u00fe\u00fa s\u00e9rt \u00fej\u00f3nn minn<br \/>til a\u00f0 endurreisa \u00e6ttb\u00e1lka Jakobs<br \/>og lei\u00f0a \u00fe\u00e1 aftur heim<br \/>sem var\u00f0veist hafa af \u00cdsrael.<br \/>\u00c9g geri \u00feig a\u00f0 lj\u00f3si fyrir \u00fej\u00f3\u00f0irnar<br \/>svo a\u00f0 hj\u00e1lpr\u00e6\u00f0i mitt n\u00e1i allt til endimarka jar\u00f0ar.<br \/> <\/span> <span class=\"ljodatexti\"> <a name=\"7\"><span class=\"versanumer_ljod\">7<\/span><\/a>Svo segir Drottinn, lausnari \u00cdsraels, hans heilagi,<br \/>vi\u00f0 hinn fyrirlitna<br \/>sem f\u00f3lk hefur andstygg\u00f0 \u00e1,<br \/>vi\u00f0 \u00fej\u00f3n har\u00f0stj\u00f3ranna:<br \/> Konungar munu sj\u00e1 \u00feetta og r\u00edsa upp,<br \/>h\u00f6f\u00f0ingjar falla fram<br \/>vegna Drottins sem er tr\u00far,<br \/>vegna Hins heilaga \u00cdsraels sem valdi \u00feig. <\/span> <\/p>\n<h3 class=\"millifyrirsogn_2007\">Fagna\u00f0arr\u00edk heimf\u00f6r<\/h3>\n<p><span class=\"ljodatexti\"> <a name=\"8\"><span class=\"versanumer_ljod\">8<\/span><\/a>Svo segir Drottinn:<br \/>\u00c1 t\u00edma n\u00e1\u00f0arinnar b\u00e6nheyri \u00e9g \u00feig,<br \/>\u00e1 degi hj\u00e1lpr\u00e6\u00f0isins hj\u00e1lpa \u00e9g \u00fe\u00e9r,<br \/>\u00e9g mynda\u00f0i \u00feig og ger\u00f0i \u00feig a\u00f0 s\u00e1ttm\u00e1la fyrir \u00fej\u00f3\u00f0ina<br \/>til \u00feess a\u00f0 reisa vi\u00f0 landi\u00f0<br \/>og \u00fathluta eyddum erf\u00f0al\u00f6ndum,<br \/> <\/span> <span class=\"ljodatexti\"> <a name=\"9\"><span class=\"versanumer_ljod\">9<\/span><\/a>til a\u00f0 segja vi\u00f0 hina fj\u00f6tru\u00f0u: \u201eGangi\u00f0 \u00fat,\u201c<br \/>og vi\u00f0 \u00fe\u00e1 sem \u00ed myrkri sitja: \u201eKomi\u00f0 fram \u00ed dagsbirtuna.\u201c<br \/>\u00c1 \u00f6llum fj\u00f6llum <span class=\"nedan_mal\" title=\" Lesi\u00f0 me\u00f0 K\u00famranhandriti. Annar lesh\u00e1ttur: Fram me\u00f0 vegunum. \">[<\/span> ver\u00f0a \u00feeir \u00e1 beit<br \/>og finna haglendi \u00e1 hverri gr\u00f3\u00f0urvana h\u00e6\u00f0.<br \/> <\/span> <span class=\"ljodatexti\"> <a name=\"10\"><span class=\"versanumer_ljod\">10<\/span><\/a>\u00de\u00e1 mun hvorki hungra n\u00e9 \u00feyrsta<br \/>og hvorki mun breyskja n\u00e9 s\u00f3larhiti vinna \u00feeim mein<br \/>\u00fev\u00ed a\u00f0 hann sem miskunnar \u00feeim v\u00edsar \u00feeim veg<br \/>og lei\u00f0ir \u00fe\u00e1 a\u00f0 uppsprettulindum.<br \/> <\/span> <span class=\"ljodatexti\"> <a name=\"11\"><span class=\"versanumer_ljod\">11<\/span><\/a>\u00c9g mun ry\u00f0ja veg um \u00f6ll m\u00edn fj\u00f6ll<br \/>og brei\u00f0str\u00e6ti munu liggja um h\u00e6\u00f0irnar.<br \/> <\/span> <span class=\"ljodatexti\"> <a name=\"12\"><span class=\"versanumer_ljod\">12<\/span><\/a>Sj\u00e1i\u00f0, \u00feeir koma langt a\u00f0,<br \/>\u00fdmist \u00far nor\u00f0ri e\u00f0a vestri<br \/>e\u00f0a fr\u00e1 landi Seven\u00edta. <br \/> <\/span> <span class=\"ljodatexti\"> <a name=\"13\"><span class=\"versanumer_ljod\">13<\/span><\/a>Lofsyngi\u00f0 himnar, fagna \u00fe\u00fa j\u00f6r\u00f0,<br \/>\u00fe\u00e9r fj\u00f6ll, hefji\u00f0 gle\u00f0is\u00f6ng<br \/>\u00fev\u00ed a\u00f0 Drottinn hughreystir \u00fej\u00f3\u00f0 s\u00edna<br \/>og s\u00fdnir miskunn s\u00ednum \u00fej\u00e1\u00f0u.<br \/> <\/span> <span class=\"ljodatexti\"> <a name=\"14\"><span class=\"versanumer_ljod\">14<\/span><\/a>En S\u00edon segir: \u201eDrottinn hefur yfirgefi\u00f0 mig,<br \/>Gu\u00f0 hefur gleymt m\u00e9r.\u201c<br \/> <\/span> <span class=\"ljodatexti\"> <a name=\"15\"><span class=\"versanumer_ljod\">15<\/span><\/a>Hvort f\u00e6r kona gleymt brj\u00f3stbarni s\u00ednu<br \/>a\u00f0 h\u00fan miskunni eigi l\u00edfsafkv\u00e6mi s\u00ednu?<br \/>Og \u00fe\u00f3 a\u00f0 \u00fe\u00e6r g\u00e6tu gleymt<br \/>\u00fe\u00e1 gleymi \u00e9g \u00fe\u00e9r samt ekki.<br \/> <\/span> <span class=\"ljodatexti\"> <a name=\"16\"><span class=\"versanumer_ljod\">16<\/span><\/a>\u00c9g hef rist \u00feig \u00ed l\u00f3fa m\u00e9r,<br \/>m\u00fara \u00fe\u00edna hef \u00e9g s\u00edfellt fyrir augum.<br \/> <\/span> <span class=\"ljodatexti\"> <a name=\"17\"><span class=\"versanumer_ljod\">17<\/span><\/a>\u00deeir sem endurreisa \u00feig koma \u00ed skyndi<br \/>en \u00feeir sem rifu \u00feig ni\u00f0ur og eyddu \u00fe\u00e9r hurfu \u00e1 braut.<br \/> <\/span> <span class=\"ljodatexti\"> <a name=\"18\"><span class=\"versanumer_ljod\">18<\/span><\/a>Hef upp augu \u00fe\u00edn og litast um,<br \/>allir safnast \u00feeir saman og koma til \u00fe\u00edn.<br \/>Svo sannarlega sem \u00e9g lifi, segir Drottinn:<br \/>\u00de\u00fa munt bera \u00fe\u00e1 alla sem skart<br \/>og skreyta \u00feig me\u00f0 \u00feeim sem br\u00fa\u00f0ur.<br \/> <\/span> <span class=\"ljodatexti\"> <a name=\"19\"><span class=\"versanumer_ljod\">19<\/span><\/a>R\u00fastir \u00fe\u00ednar, t\u00f3ftir og eydda landi\u00f0 <br \/>ver\u00f0ur n\u00fa of \u00fer\u00f6ngt fyrir \u00edb\u00faana,<br \/>\u00feeir sem \u00e6tlu\u00f0u a\u00f0 gerey\u00f0a \u00fe\u00e9r eru v\u00ed\u00f0s fjarri.<br \/> <\/span> <span class=\"ljodatexti\"> <a name=\"20\"><span class=\"versanumer_ljod\">20<\/span><\/a>B\u00f6rnin, sem \u00fe\u00fa eigna\u00f0ist, <br \/>munu segja vi\u00f0 \u00feig: <br \/>\u201eH\u00e9r er of \u00fer\u00f6ngt um mig,<br \/>f\u00e6r\u00f0u \u00feig svo a\u00f0 \u00e9g geti komi\u00f0 m\u00e9r fyrir.\u201c<br \/> <\/span> <span class=\"ljodatexti\"> <a name=\"21\"><span class=\"versanumer_ljod\">21<\/span><\/a>\u00de\u00fa spyr\u00f0 sj\u00e1lfa \u00feig: \u201eHver \u00f3l m\u00e9r \u00feessi b\u00f6rn?<br \/>Sj\u00e1lf var \u00e9g barnlaus og \u00f3byrja,<br \/>\u00fatl\u00e6g og brottrekin.<br \/>Hver f\u00f3stra\u00f0i \u00feessi b\u00f6rn?<br \/>\u00c9g var ein eftir, <br \/>hva\u00f0an koma \u00feau?\u201c<br \/> <\/span> <span class=\"ljodatexti\"> <a name=\"22\"><span class=\"versanumer_ljod\">22<\/span><\/a> Svo segir Drottinn Gu\u00f0:<br \/>\u00c9g bendi \u00fej\u00f3\u00f0unum me\u00f0 hendi minni,<br \/>reisi gunnf\u00e1na minn fyrir l\u00fd\u00f0ina<br \/>og \u00feeir koma me\u00f0 syni \u00fe\u00edna \u00ed fanginu<br \/>og bera d\u00e6tur \u00fe\u00ednar \u00e1 \u00f6xlum s\u00e9r.<br \/> <\/span> <span class=\"ljodatexti\"> <a name=\"23\"><span class=\"versanumer_ljod\">23<\/span><\/a> Konungar munu g\u00e6ta barna \u00feinna<br \/>og drottningar \u00feeirra f\u00f3stra \u00feau fyrir \u00feig.<br \/>Endim\u00f6rk jar\u00f0ar munu falla fram fyrir \u00fe\u00e9r<br \/>og sleikja ryki\u00f0 af f\u00f3tum \u00fe\u00e9r.<br \/>\u00de\u00e1 muntu komast a\u00f0 raun um a\u00f0 \u00e9g er Drottinn<br \/>og a\u00f0 \u00feeir sem \u00e1 mig vona ver\u00f0a ekki til skammar.<br \/> <\/span> <span class=\"ljodatexti\"> <a name=\"24\"><span class=\"versanumer_ljod\">24<\/span><\/a> Ver\u00f0ur hetja svipt herfangi<br \/>e\u00f0a fanga bjarga\u00f0 fr\u00e1 ofbeldismanni?<br \/> <\/span> <span class=\"ljodatexti\"> <a name=\"25\"><span class=\"versanumer_ljod\">25<\/span><\/a> Svo segir Drottinn:<br \/>Jafnvel hetja ver\u00f0ur svipt fanga s\u00ednum<br \/>og ofbeldisma\u00f0urinn herfangi.<br \/>\u00c9g mun sj\u00e1lfur berjast gegn \u00feeim sem berst gegn \u00fe\u00e9r<br \/>og sj\u00e1lfur mun \u00e9g frelsa syni \u00fe\u00edna.<br \/> <\/span> <span class=\"ljodatexti\"> <a name=\"26\"><span class=\"versanumer_ljod\">26<\/span><\/a> \u00c9g mun l\u00e1ta \u00fe\u00e1 sem k\u00faga \u00feig eta eigi\u00f0 hold<br \/>og \u00feeir munu ver\u00f0a \u00f6lva\u00f0ir af eigin bl\u00f3\u00f0i eins og af v\u00edni.<br \/>Allt hold mun \u00fe\u00e1 komast a\u00f0 raun um a\u00f0 \u00e9g er Drottinn, frelsari \u00feinn,<br \/>og Hinn voldugi Jakobs er lausnari \u00feinn. <\/span> <\/p>\n","protected":false},"excerpt":{"rendered":"<p>\u00dej\u00f3nn Drottins 1Hl\u00fd\u00f0i\u00f0 \u00e1 mig, eyl\u00f6nd,hyggi\u00f0 a\u00f0, fjarl\u00e6gu \u00fej\u00f3\u00f0ir.Drottinn hefur kalla\u00f0 mig allt fr\u00e1 m\u00f3\u00f0url\u00edfi,nefnt mig me\u00f0 nafni fr\u00e1 \u00fev\u00ed \u00e9g var \u00ed m\u00f3\u00f0urkvi\u00f0i. 2Hann ger\u00f0i munn minn sem beitt sver\u00f0og huldi mig \u00ed skugga handar sinnar.Hann ger\u00f0i mig a\u00f0 hvassri \u00f6rog faldi mig \u00ed \u00f6rvam\u00e6li s\u00ednum. 3Hann sag\u00f0i vi\u00f0 mig: \u201e\u00de\u00fa ert \u00fej\u00f3nn minn,\u00cdsrael, \u00e9g l\u00e6t \u00feig birta d\u00fdr\u00f0 m\u00edna.\u201c 4En \u00e9g svara\u00f0i: \u201e\u00c9g hef erfi\u00f0a\u00f0 til \u00f3n\u00fdtis,s\u00f3a\u00f0 kr\u00f6ftum m\u00ednum til einskis og \u00fat \u00ed vindinnen r\u00e9ttur minn er hj\u00e1 Drottniog laun m\u00edn hj\u00e1 Gu\u00f0i m\u00ednum.\u201c 5En n\u00fa segir Drottinn,hann sem mynda\u00f0i mig \u00ed m\u00f3\u00f0url\u00edfitil a\u00f0 vera \u00fej\u00f3nn sinn,til <a href=\"https:\/\/biblian.is\/biblian\/jesaja-49-kafli\/\"> [&#8230;]<\/a><\/p>\n","protected":false},"author":1,"featured_media":0,"parent":0,"menu_order":0,"comment_status":"open","ping_status":"open","template":"bibliukaflar_NT.php","meta":{"footnotes":""},"class_list":["post-2345","page","type-page","status-publish","hentry"],"_links":{"self":[{"href":"https:\/\/biblian.is\/biblian\/wp-json\/wp\/v2\/pages\/2345","targetHints":{"allow":["GET"]}}],"collection":[{"href":"https:\/\/biblian.is\/biblian\/wp-json\/wp\/v2\/pages"}],"about":[{"href":"https:\/\/biblian.is\/biblian\/wp-json\/wp\/v2\/types\/page"}],"author":[{"embeddable":true,"href":"https:\/\/biblian.is\/biblian\/wp-json\/wp\/v2\/users\/1"}],"replies":[{"embeddable":true,"href":"https:\/\/biblian.is\/biblian\/wp-json\/wp\/v2\/comments?post=2345"}],"version-history":[{"count":0,"href":"https:\/\/biblian.is\/biblian\/wp-json\/wp\/v2\/pages\/2345\/revisions"}],"wp:attachment":[{"href":"https:\/\/biblian.is\/biblian\/wp-json\/wp\/v2\/media?parent=2345"}],"curies":[{"name":"wp","href":"https:\/\/api.w.org\/{rel}","templated":true}]}}