{"id":2344,"date":"2017-12-30T21:02:47","date_gmt":"2017-12-30T21:02:47","guid":{"rendered":"http:\/\/biblian.is\/biblian\/jesaja-48-kafli\/"},"modified":"2024-05-06T22:28:31","modified_gmt":"2024-05-06T22:28:31","slug":"jesaja-48-kafli","status":"publish","type":"page","link":"https:\/\/biblian.is\/biblian\/jesaja-48-kafli\/","title":{"rendered":"Jesaja 48. kafli"},"content":{"rendered":"<h3 class=\"millifyrirsogn_2007\"> Drottinn bo\u00f0ar n\u00fdtt og huli\u00f0<\/h3>\n<p><span class=\"ljodatexti\"> <a name=\"1\"><span class=\"versanumer_ljod\">1<\/span><\/a>Hl\u00fd\u00f0i\u00f0 \u00e1 \u00feetta, Jakobsni\u00f0jar,<br \/>sem nefndir eru\u00f0 nafni \u00cdsraels<br \/>og komnir eru\u00f0 af J\u00fada,<br \/>\u00fe\u00e9r sem sverji\u00f0 vi\u00f0 nafn Drottins<br \/>og lofi\u00f0 Gu\u00f0 \u00cdsraels<br \/>en hvorki \u00ed einl\u00e6gni n\u00e9 sannleika.<br \/> <\/span> <span class=\"ljodatexti\"> <a name=\"2\"><span class=\"versanumer_ljod\">2<\/span><\/a>\u00deeir kenna sig vi\u00f0 hina helgu borg<br \/>og sty\u00f0jast vi\u00f0 Gu\u00f0 \u00cdsraels,<br \/>nafn hans er Drottinn allsherjar.<br \/> <\/span> <span class=\"ljodatexti\"> <a name=\"3\"><span class=\"versanumer_ljod\">3<\/span><\/a>Fyrri atbur\u00f0i bo\u00f0a\u00f0i \u00e9g fyrir l\u00f6ngu,<br \/>munnur minn bo\u00f0a\u00f0i \u00fea\u00f0<br \/>og \u00e9g ger\u00f0i \u00fea\u00f0 heyrinkunnugt,<br \/>\u00f3v\u00e6nt kom \u00e9g \u00fev\u00ed til lei\u00f0ar<br \/>og \u00fea\u00f0 var\u00f0.<br \/> <\/span> <span class=\"ljodatexti\"> <a name=\"4\"><span class=\"versanumer_ljod\">4<\/span><\/a>\u00dear sem \u00e9g vissi a\u00f0 \u00fe\u00fa ert \u00ferj\u00f3skur<br \/>og sinin \u00ed hnakka \u00fe\u00ednum \u00far j\u00e1rni<br \/>og enni\u00f0 \u00far eir<br \/> <\/span> <span class=\"ljodatexti\"> <a name=\"5\"><span class=\"versanumer_ljod\">5<\/span><\/a>bo\u00f0a\u00f0i \u00e9g \u00fe\u00e9r \u00feetta fyrir l\u00f6ngu,<br \/>l\u00e9t \u00feig heyra \u00fea\u00f0 \u00e1\u00f0ur en \u00fea\u00f0 var\u00f0<br \/>svo a\u00f0 \u00fe\u00fa g\u00e6tir ekki sagt:<br \/>Skur\u00f0go\u00f0 mitt ger\u00f0i \u00fea\u00f0,<br \/>l\u00edkneski mitt og eirmynd m\u00edn gaf fyrirm\u00e6lin.<br \/> <\/span> <span class=\"ljodatexti\"> <a name=\"6\"><span class=\"versanumer_ljod\">6<\/span><\/a>\u00de\u00fa hefur heyrt \u00feetta, horf\u00f0u n\u00fa \u00e1 \u00fea\u00f0 allt,<br \/>\u00e6tlar\u00f0u ekki a\u00f0 bo\u00f0a \u00fea\u00f0 \u00f6\u00f0rum?<br \/>N\u00fa bo\u00f0a \u00e9g \u00fe\u00e9r n\u00fdja hluti,<br \/>hulda hluti sem voru \u00fe\u00e9r \u00f3\u00feekktir.<br \/> <\/span> <span class=\"ljodatexti\"> <a name=\"7\"><span class=\"versanumer_ljod\">7<\/span><\/a>N\u00fa fyrst ver\u00f0ur \u00fea\u00f0 skapa\u00f0<br \/>en ekki fyrir l\u00f6ngu.<br \/>\u00de\u00fa hefur ekki heyrt \u00feetta fyrr en \u00ed dag<br \/>svo a\u00f0 \u00fe\u00fa getur ekki sagt: \u201e\u00c9g vissi \u00fea\u00f0 \u00e1\u00f0ur.\u201c<br \/> <\/span> <span class=\"ljodatexti\"> <a name=\"8\"><span class=\"versanumer_ljod\">8<\/span><\/a>\u00de\u00fa hefur hvorki heyrt \u00feetta \u00e1\u00f0ur n\u00e9 vita\u00f0 um \u00fea\u00f0,<br \/>fyrrum haf\u00f0ir \u00fe\u00fa ekki opin eyrun<br \/>og \u00e9g vissi vel a\u00f0 \u00fe\u00fa ert svikull<br \/>og varst kalla\u00f0ur heitrofi fr\u00e1 f\u00e6\u00f0ingu.<br \/> <\/span> <span class=\"ljodatexti\"> <a name=\"9\"><span class=\"versanumer_ljod\">9<\/span><\/a>Vegna nafns m\u00edns sefa \u00e9g rei\u00f0i m\u00edna<br \/>og vegna s\u00e6mdar minnar \u00feyrmi \u00e9g \u00fe\u00e9r<br \/>svo a\u00f0 \u00e9g tort\u00edmi \u00fe\u00e9r ekki.<br \/> <\/span> <span class=\"ljodatexti\"> <a name=\"10\"><span class=\"versanumer_ljod\">10<\/span><\/a>\u00c9g hreinsa\u00f0i \u00feig,<br \/>\u00fe\u00f3 ekki sem silfur,<br \/>\u00e9g reyndi \u00feig<br \/>\u00ed br\u00e6\u00f0sluofni \u00fej\u00e1ningarinnar.<br \/> <\/span> <span class=\"ljodatexti\"> <a name=\"11\"><span class=\"versanumer_ljod\">11<\/span><\/a>M\u00edn vegna, sj\u00e1lfs m\u00edn vegna, geri \u00e9g \u00feetta,<br \/>ella vanhelgast nafn mitt.<br \/>S\u00e6md m\u00edna gef \u00e9g engum \u00f6\u00f0rum.<br \/> <\/span> <span class=\"ljodatexti\"> <a name=\"12\"><span class=\"versanumer_ljod\">12<\/span><\/a>Hl\u00fd\u00f0 \u00e1 mig, Jakob,<br \/>og \u00cdsrael sem \u00e9g hef kalla\u00f0:<br \/>\u00c9g er hann, \u00e9g er hinn fyrsti<br \/>og \u00e9g er einnig hinn s\u00ed\u00f0asti.<br \/> <\/span> <span class=\"ljodatexti\"> <a name=\"13\"><span class=\"versanumer_ljod\">13<\/span><\/a>H\u00f6nd m\u00edn grundvalla\u00f0i j\u00f6r\u00f0ina<br \/>og h\u00e6gri h\u00f6nd m\u00edn \u00feandi \u00fat himininn.<br \/>Kalli \u00e9g \u00e1 \u00feau breg\u00f0ast \u00feau vi\u00f0. <span class=\"nedan_mal\" title=\" Or\u00f0r\u00e9tt: standa \u00feau \u00fearna, \u00fe.e. til \u00fej\u00f3nustu. \">[<\/span> <br \/> <\/span> <span class=\"ljodatexti\"> <a name=\"14\"><span class=\"versanumer_ljod\">14<\/span><\/a>Safnist allir saman og hl\u00fd\u00f0i\u00f0 \u00e1,<br \/>hver \u00feeirra <span class=\"nedan_mal\" title=\" \u00c1tt er vi\u00f0 a\u00f0ra gu\u00f0i en Drottin.\">[<\/span> hefur sagt \u00feetta fyrir?<br \/>S\u00e1 sem Drottinn elskar, <span class=\"nedan_mal\" title=\" \u00de.e. K\u00fdrus.\">[<\/span> <br \/>mun framkv\u00e6ma vilja hans \u00e1 Bab\u00fdlon<br \/>og vera armur hans gegn Kaldeum.<br \/> <\/span> <span class=\"ljodatexti\"> <a name=\"15\"><span class=\"versanumer_ljod\">15<\/span><\/a>\u00dea\u00f0 er \u00e9g, \u00fea\u00f0 er \u00e9g sem tala\u00f0i og kalla\u00f0i hann,<br \/>\u00e9g s\u00f3tti hann og veitti honum brautargengi.<br \/> <\/span> <span class=\"ljodatexti\"> <a name=\"16\"><span class=\"versanumer_ljod\">16<\/span><\/a>Komi\u00f0 til m\u00edn og heyri\u00f0 \u00feetta:<br \/>Fr\u00e1 upphafi hef \u00e9g aldrei tala\u00f0 \u00ed leyndum<br \/>og fr\u00e1 \u00fev\u00ed \u00feetta var\u00f0 hef \u00e9g veri\u00f0 h\u00e9r.<br \/>N\u00fa hefur Drottinn Gu\u00f0 sent mig og anda sinn.<br \/> <\/span> <span class=\"ljodatexti\"> <a name=\"17\"><span class=\"versanumer_ljod\">17<\/span><\/a>Svo segir Drottinn, lausnari \u00feinn,<br \/>Hinn heilagi \u00cdsraels:<br \/>\u00c9g er Drottinn, Gu\u00f0 \u00feinn,<br \/>sem kenni \u00fe\u00e9r \u00fea\u00f0 sem gagnlegt er,<br \/>lei\u00f0i \u00feig \u00feann veg sem \u00fe\u00fa skalt ganga.<br \/> <\/span> <span class=\"ljodatexti\"> <a name=\"18\"><span class=\"versanumer_ljod\">18<\/span><\/a>A\u00f0eins ef \u00fe\u00fa hef\u00f0ir gefi\u00f0 gaum a\u00f0 bo\u00f0um m\u00ednum<br \/>v\u00e6ri hamingja \u00fe\u00edn sem flj\u00f3t<br \/>og r\u00e9ttl\u00e6ti \u00feitt eins og \u00f6ldur hafsins,<br \/> <\/span> <span class=\"ljodatexti\"> <a name=\"19\"><span class=\"versanumer_ljod\">19<\/span><\/a>ni\u00f0jar \u00fe\u00ednir v\u00e6ru sem sandur<br \/>og b\u00f6rn \u00fe\u00edn eins og sandkorn.<br \/>Nafn \u00feeirra v\u00e6ri hvorki afm\u00e1\u00f0 <br \/>n\u00e9 \u00fev\u00ed eytt fyrir augliti m\u00ednu. <\/span> <\/p>\n<h3 class=\"millifyrirsogn_2007\">Heimf\u00f6rin fr\u00e1 Bab\u00fdlon<\/h3>\n<p><span class=\"ljodatexti\"> <a name=\"20\"><span class=\"versanumer_ljod\">20<\/span><\/a>Fari\u00f0 fr\u00e1 Bab\u00fdlon, fl\u00fdi\u00f0 fr\u00e1 Kaldeum.<br \/>Kunngj\u00f6ri\u00f0 \u00feetta me\u00f0 fagna\u00f0ar\u00f3pi<br \/>og bo\u00f0i\u00f0 \u00fea\u00f0 til endimarka jar\u00f0ar,<br \/>hr\u00f3pi\u00f0: \u201eDrottinn hefur frelsa\u00f0 \u00fej\u00f3n sinn, Jakob.\u201c<br \/> <\/span> <span class=\"ljodatexti\"> <a name=\"21\"><span class=\"versanumer_ljod\">21<\/span><\/a>\u00de\u00e1 \u00feyrsti ekki \u00feegar hann leiddi \u00fe\u00e1 um au\u00f0nina,<br \/>hann l\u00e9t vatn streyma \u00far kletti handa \u00feeim<br \/>\u00feegar hann klauf kl\u00f6ppina<br \/>og vatn vall fram.<br \/> <\/span> <span class=\"ljodatexti\"> <a name=\"22\"><span class=\"versanumer_ljod\">22<\/span><\/a> \u201e\u00d3gu\u00f0legir hlj\u00f3ta engan fri\u00f0,\u201c<br \/>segir Drottinn. <\/span> <\/p>\n","protected":false},"excerpt":{"rendered":"<p>Drottinn bo\u00f0ar n\u00fdtt og huli\u00f0 1Hl\u00fd\u00f0i\u00f0 \u00e1 \u00feetta, Jakobsni\u00f0jar,sem nefndir eru\u00f0 nafni \u00cdsraelsog komnir eru\u00f0 af J\u00fada,\u00fe\u00e9r sem sverji\u00f0 vi\u00f0 nafn Drottinsog lofi\u00f0 Gu\u00f0 \u00cdsraelsen hvorki \u00ed einl\u00e6gni n\u00e9 sannleika. 2\u00deeir kenna sig vi\u00f0 hina helgu borgog sty\u00f0jast vi\u00f0 Gu\u00f0 \u00cdsraels,nafn hans er Drottinn allsherjar. 3Fyrri atbur\u00f0i bo\u00f0a\u00f0i \u00e9g fyrir l\u00f6ngu,munnur minn bo\u00f0a\u00f0i \u00fea\u00f0og \u00e9g ger\u00f0i \u00fea\u00f0 heyrinkunnugt,\u00f3v\u00e6nt kom \u00e9g \u00fev\u00ed til lei\u00f0arog \u00fea\u00f0 var\u00f0. 4\u00dear sem \u00e9g vissi a\u00f0 \u00fe\u00fa ert \u00ferj\u00f3skurog sinin \u00ed hnakka \u00fe\u00ednum \u00far j\u00e1rniog enni\u00f0 \u00far eir 5bo\u00f0a\u00f0i \u00e9g \u00fe\u00e9r \u00feetta fyrir l\u00f6ngu,l\u00e9t \u00feig heyra \u00fea\u00f0 \u00e1\u00f0ur en \u00fea\u00f0 var\u00f0svo a\u00f0 \u00fe\u00fa g\u00e6tir ekki sagt:Skur\u00f0go\u00f0 <a href=\"https:\/\/biblian.is\/biblian\/jesaja-48-kafli\/\"> [&#8230;]<\/a><\/p>\n","protected":false},"author":1,"featured_media":0,"parent":0,"menu_order":0,"comment_status":"open","ping_status":"open","template":"bibliukaflar_NT.php","meta":{"footnotes":""},"class_list":["post-2344","page","type-page","status-publish","hentry"],"_links":{"self":[{"href":"https:\/\/biblian.is\/biblian\/wp-json\/wp\/v2\/pages\/2344","targetHints":{"allow":["GET"]}}],"collection":[{"href":"https:\/\/biblian.is\/biblian\/wp-json\/wp\/v2\/pages"}],"about":[{"href":"https:\/\/biblian.is\/biblian\/wp-json\/wp\/v2\/types\/page"}],"author":[{"embeddable":true,"href":"https:\/\/biblian.is\/biblian\/wp-json\/wp\/v2\/users\/1"}],"replies":[{"embeddable":true,"href":"https:\/\/biblian.is\/biblian\/wp-json\/wp\/v2\/comments?post=2344"}],"version-history":[{"count":0,"href":"https:\/\/biblian.is\/biblian\/wp-json\/wp\/v2\/pages\/2344\/revisions"}],"wp:attachment":[{"href":"https:\/\/biblian.is\/biblian\/wp-json\/wp\/v2\/media?parent=2344"}],"curies":[{"name":"wp","href":"https:\/\/api.w.org\/{rel}","templated":true}]}}