{"id":2341,"date":"2017-12-30T21:02:47","date_gmt":"2017-12-30T21:02:47","guid":{"rendered":"http:\/\/biblian.is\/biblian\/jesaja-45-kafli\/"},"modified":"2024-05-06T22:28:31","modified_gmt":"2024-05-06T22:28:31","slug":"jesaja-45-kafli","status":"publish","type":"page","link":"https:\/\/biblian.is\/biblian\/jesaja-45-kafli\/","title":{"rendered":"Jesaja 45. kafli"},"content":{"rendered":"<h3 class=\"millifyrirsogn_2007\"> K\u00fdrus, verkf\u00e6ri Gu\u00f0s<\/h3>\n<p><span class=\"ljodatexti\"> <a name=\"1\"><span class=\"versanumer_ljod\">1<\/span><\/a>Svo segir Drottinn vi\u00f0 sinn smur\u00f0a,<br \/>K\u00fdrus, sem \u00e9g hef teki\u00f0 \u00ed h\u00e6gri h\u00f6ndina \u00e1<br \/>til a\u00f0 leggja undir hann \u00fej\u00f3\u00f0ir,<br \/>r\u00e6na konunga vopnum<br \/>til a\u00f0 opna hli\u00f0 fyrir honum<br \/>svo a\u00f0 borgarhli\u00f0 ver\u00f0i ekki loku\u00f0.<br \/> <\/span> <span class=\"ljodatexti\"> <a name=\"2\"><span class=\"versanumer_ljod\">2<\/span><\/a>\u00c9g geng sj\u00e1lfur \u00e1 undan \u00fe\u00e9r<br \/>og jafna fj\u00f6llin.<br \/>\u00c9g mun brj\u00f3ta eirhli\u00f0in<br \/>og m\u00f6lva slagbranda \u00far j\u00e1rni,<br \/> <\/span> <span class=\"ljodatexti\"> <a name=\"3\"><span class=\"versanumer_ljod\">3<\/span><\/a>gefa \u00fe\u00e9r hulda fj\u00e1rsj\u00f3\u00f0i<br \/>og falin au\u00f0\u00e6fi<br \/>svo a\u00f0 \u00fe\u00fa skiljir a\u00f0 \u00e9g er Drottinn<br \/>sem kalla \u00feig me\u00f0 nafni,<br \/>\u00e9g, Gu\u00f0 \u00cdsraels.<br \/> <\/span> <span class=\"ljodatexti\"> <a name=\"4\"><span class=\"versanumer_ljod\">4<\/span><\/a>Vegna Jakobs, \u00fej\u00f3ns m\u00edns,<br \/>og \u00cdsraels, m\u00edns \u00fatvalda,<br \/>kalla\u00f0i \u00e9g \u00feig me\u00f0 nafni,<br \/>gaf \u00fe\u00e9r s\u00e6mdarheiti<br \/>\u00fe\u00f3tt \u00fe\u00fa \u00feekktir mig ekki.<br \/> <\/span> <span class=\"ljodatexti\"> <a name=\"5\"><span class=\"versanumer_ljod\">5<\/span><\/a>\u00c9g er Drottinn og enginn annar,<br \/>enginn er Gu\u00f0 nema \u00e9g.<br \/>\u00c9g bj\u00f3 \u00feig hertygjum<br \/>\u00fe\u00f3tt \u00fe\u00fa \u00feekktir mig ekki<br \/> <\/span> <span class=\"ljodatexti\"> <a name=\"6\"><span class=\"versanumer_ljod\">6<\/span><\/a>svo a\u00f0 b\u00e6\u00f0i \u00ed austri og vestri skilji menn <br \/>a\u00f0 enginn er Gu\u00f0 nema \u00e9g.<br \/> <\/span> <span class=\"ljodatexti\"> <a name=\"7\"><span class=\"versanumer_ljod\">7<\/span><\/a>\u00c9g mynda lj\u00f3s og skapa myrkur,<br \/>\u00e9g veiti heill og veld \u00f3hamingju.<br \/>\u00c9g er Drottinn sem gerir allt \u00feetta.<br \/> <\/span> <span class=\"ljodatexti\"> <a name=\"8\"><span class=\"versanumer_ljod\">8<\/span><\/a>Drj\u00fapi\u00f0 \u00fe\u00e9r, himnar, a\u00f0 ofan,<br \/>sk\u00fdin l\u00e1ti r\u00e9ttl\u00e6ti ni\u00f0ur streyma,<br \/>j\u00f6r\u00f0in opnist og l\u00e1ti heill spretta fram<br \/>og r\u00e9ttl\u00e6ti\u00f0 bl\u00f3mgast.<br \/>\u00c9g er Drottinn sem skapar \u00feetta. <\/span> <\/p>\n<h3 class=\"millifyrirsogn_2007\">Enginn jafnast \u00e1 vi\u00f0 Gu\u00f0<\/h3>\n<p><span class=\"ljodatexti\"> <a name=\"9\"><span class=\"versanumer_ljod\">9<\/span><\/a>Vei \u00feeim sem deilir vi\u00f0 skapara sinn,<br \/>\u00feeim sem er leirbrot innan um \u00f6nnur leirbrot jar\u00f0ar.<br \/>Getur leirinn spurt \u00feann sem m\u00f3tar hann:<br \/>\u201eHva\u00f0 ert \u00fe\u00fa a\u00f0 gera?\u201c<br \/>e\u00f0a verk hans sagt: <br \/>\u201eHann hefur engar hendur.\u201c<br \/> <\/span> <span class=\"ljodatexti\"> <a name=\"10\"><span class=\"versanumer_ljod\">10<\/span><\/a>Vei \u00feeim sem spyr f\u00f6\u00f0ur sinn:<br \/>\u201eHva\u00f0 munt \u00fe\u00fa f\u00e1 geti\u00f0?\u201c<br \/>e\u00f0a konuna:<br \/>\u201eHva\u00f0 \u00e6tli \u00fe\u00fa getir f\u00e6tt?\u201c<br \/> <\/span> <span class=\"ljodatexti\"> <a name=\"11\"><span class=\"versanumer_ljod\">11<\/span><\/a>Svo segir Drottinn, Hinn heilagi \u00cdsraels og skapari hans:<br \/>\u00c6tli\u00f0 \u00fe\u00e9r a\u00f0 kvarta undan sonum m\u00ednum<br \/>og gefa m\u00e9r fyrirm\u00e6li um handaverk m\u00edn?<br \/> <\/span> <span class=\"ljodatexti\"> <a name=\"12\"><span class=\"versanumer_ljod\">12<\/span><\/a>\u00c9g ger\u00f0i j\u00f6r\u00f0ina og skapa\u00f0i mennina \u00e1 henni,<br \/>\u00e9g \u00feandi \u00fat himininn me\u00f0 eigin h\u00f6ndum<br \/>og \u00e9g st\u00fdri \u00f6llum hans her.<br \/> <\/span> <span class=\"ljodatexti\"> <a name=\"13\"><span class=\"versanumer_ljod\">13<\/span><\/a>\u00c9g vakti hann <span class=\"nedan_mal\" title=\" \u00de.e. K\u00fdrus. \">[<\/span> \u00ed r\u00e9ttl\u00e6ti<br \/>og geri brautir hans beinar.<br \/>Hann mun endurreisa borg m\u00edna<br \/>og l\u00e1ta \u00fatlaga m\u00edna lausa<br \/>\u00e1n lausnargjalds e\u00f0a gjafa,<br \/>segir Drottinn allsherjar.<br \/> <\/span> <span class=\"ljodatexti\"> <a name=\"14\"><span class=\"versanumer_ljod\">14<\/span><\/a>Svo segir Drottinn:<br \/>Au\u00f0ur Egyptalands og gr\u00f3\u00f0i K\u00fass<br \/>og hinir h\u00e1v\u00f6xnu Sabear<br \/>munu koma til \u00fe\u00edn og ver\u00f0a \u00fe\u00edn eign.<br \/>\u00deeir munu fylgja \u00fe\u00e9r \u00ed fj\u00f6trum<br \/>og falla fram fyrir \u00feig og j\u00e1ta:<br \/>\u201eHj\u00e1 \u00fe\u00e9r einum er Gu\u00f0<br \/>og enginn annar er til,<br \/>enginn annar Gu\u00f0.\u201c<br \/> <\/span> <span class=\"ljodatexti\"> <a name=\"15\"><span class=\"versanumer_ljod\">15<\/span><\/a>Sannarlega ert \u00fe\u00fa Gu\u00f0 sem hylur \u00feig,<br \/>Gu\u00f0 \u00cdsraels, frelsari.<br \/> <\/span> <span class=\"ljodatexti\"> <a name=\"16\"><span class=\"versanumer_ljod\">16<\/span><\/a>Allir ver\u00f0a \u00feeir a\u00f0 h\u00e1\u00f0i og spotti,<br \/>allir skur\u00f0go\u00f0asmi\u00f0irnir ganga burt me\u00f0 sk\u00f6mm.<br \/> <\/span> <span class=\"ljodatexti\"> <a name=\"17\"><span class=\"versanumer_ljod\">17<\/span><\/a>En Drottinn mun bjarga \u00cdsrael<br \/>og s\u00fa frelsun varir a\u00f0 eil\u00edfu.<br \/>\u00de\u00e9r ver\u00f0i\u00f0 hvorki til skammar n\u00e9 haf\u00f0ir oftar a\u00f0 spotti,<br \/>aldrei a\u00f0 eil\u00edfu.<br \/> <\/span> <span class=\"ljodatexti\"> <a name=\"18\"><span class=\"versanumer_ljod\">18<\/span><\/a>J\u00e1, svo segir Drottinn, skapari himinsins, hann einn er Gu\u00f0,<br \/>hann m\u00f3ta\u00f0i j\u00f6r\u00f0ina og bj\u00f3 hana til,<br \/>hann grundvalla\u00f0i hana,<br \/>hann skapa\u00f0i hana ekki sem au\u00f0n<br \/>heldur ger\u00f0i hana byggilega:<br \/>\u00c9g er Drottinn og enginn annar er til.<br \/> <\/span> <span class=\"ljodatexti\"> <a name=\"19\"><span class=\"versanumer_ljod\">19<\/span><\/a>\u00c9g hef ekki tala\u00f0 \u00ed leynum,<br \/>ekki einhvers sta\u00f0ar \u00ed myrku landi,<br \/>\u00e9g hef ekki sagt vi\u00f0 ni\u00f0ja Jakobs:<br \/>\u201eLeiti\u00f0 m\u00edn \u00ed t\u00f3minu.\u201c<br \/>\u00c9g er Drottinn og segi \u00fea\u00f0 sem satt er,<br \/>sk\u00fdri fr\u00e1 \u00fev\u00ed sem r\u00e9tt er. <\/span> <\/p>\n<h3 class=\"millifyrirsogn_2007\">Drottinn einn er frelsari<\/h3>\n<p><span class=\"ljodatexti\"> <a name=\"20\"><span class=\"versanumer_ljod\">20<\/span><\/a>Safnist saman og komi\u00f0,<br \/>gangi\u00f0 n\u00e6r, \u00fe\u00e9r sem komust undan af \u00fej\u00f3\u00f0unum.<br \/>\u00de\u00e9r sem bur\u00f0ist me\u00f0 tr\u00e9myndir skilji\u00f0 ekkert,<br \/>tilbi\u00f0ji\u00f0 gu\u00f0 sem getur ekki hj\u00e1lpa\u00f0.<br \/> <\/span> <span class=\"ljodatexti\"> <a name=\"21\"><span class=\"versanumer_ljod\">21<\/span><\/a>Geri\u00f0 kunnugt og leggi\u00f0 \u00fea\u00f0 fyrir,<br \/>j\u00e1, r\u00e1\u00f0gist hver vi\u00f0 annan:<br \/>Hver bo\u00f0a\u00f0i \u00feetta fr\u00e1 \u00f6ndver\u00f0u,<br \/>sk\u00fdr\u00f0i fr\u00e1 \u00fev\u00ed fyrir l\u00f6ngu?<br \/>Var \u00fea\u00f0 ekki \u00e9g, Drottinn?<br \/>\u00dev\u00ed a\u00f0 enginn er Gu\u00f0 nema \u00e9g,<br \/>r\u00e9ttl\u00e1tur Gu\u00f0 og frelsari er enginn nema \u00e9g.<br \/> <\/span> <span class=\"ljodatexti\"> <a name=\"22\"><span class=\"versanumer_ljod\">22<\/span><\/a> Hverfi\u00f0 aftur til m\u00edn og l\u00e1ti\u00f0 frelsast,<br \/>gj\u00f6rv\u00f6ll endim\u00f6rk jar\u00f0ar,<br \/>\u00fev\u00ed a\u00f0 \u00e9g er Gu\u00f0 og enginn annar.<br \/> <\/span> <span class=\"ljodatexti\"> <a name=\"23\"><span class=\"versanumer_ljod\">23<\/span><\/a> \u00c9g hef svari\u00f0 vi\u00f0 sj\u00e1lfan mig:<br \/>Af munni m\u00ednum er sannleikur \u00fat genginn,<br \/>or\u00f0 sem ekki sn\u00fdr aftur.<br \/>Fyrir m\u00e9r skal s\u00e9rhvert kn\u00e9 beygja sig<br \/>og s\u00e9rhver tunga sverja vi\u00f0 mig.<br \/> <\/span> <span class=\"ljodatexti\"> <a name=\"24\"><span class=\"versanumer_ljod\">24<\/span><\/a> Sagt var um mig: Hj\u00e1 Drottni einum er r\u00e9ttl\u00e6ti og styrkur.<br \/>Allir sem hamast af heift gegn honum<br \/>munu koma fyrir hann og blyg\u00f0ast s\u00edn.<br \/> <\/span> <span class=\"ljodatexti\"> <a name=\"25\"><span class=\"versanumer_ljod\">25<\/span><\/a> En hj\u00e1 Drottni hlj\u00f3ta allir ni\u00f0jar \u00cdsraels r\u00e9ttl\u00e6ti og fagna. <\/span> <\/p>\n","protected":false},"excerpt":{"rendered":"<p>K\u00fdrus, verkf\u00e6ri Gu\u00f0s 1Svo segir Drottinn vi\u00f0 sinn smur\u00f0a,K\u00fdrus, sem \u00e9g hef teki\u00f0 \u00ed h\u00e6gri h\u00f6ndina \u00e1til a\u00f0 leggja undir hann \u00fej\u00f3\u00f0ir,r\u00e6na konunga vopnumtil a\u00f0 opna hli\u00f0 fyrir honumsvo a\u00f0 borgarhli\u00f0 ver\u00f0i ekki loku\u00f0. 2\u00c9g geng sj\u00e1lfur \u00e1 undan \u00fe\u00e9rog jafna fj\u00f6llin.\u00c9g mun brj\u00f3ta eirhli\u00f0inog m\u00f6lva slagbranda \u00far j\u00e1rni, 3gefa \u00fe\u00e9r hulda fj\u00e1rsj\u00f3\u00f0iog falin au\u00f0\u00e6fisvo a\u00f0 \u00fe\u00fa skiljir a\u00f0 \u00e9g er Drottinnsem kalla \u00feig me\u00f0 nafni,\u00e9g, Gu\u00f0 \u00cdsraels. 4Vegna Jakobs, \u00fej\u00f3ns m\u00edns,og \u00cdsraels, m\u00edns \u00fatvalda,kalla\u00f0i \u00e9g \u00feig me\u00f0 nafni,gaf \u00fe\u00e9r s\u00e6mdarheiti\u00fe\u00f3tt \u00fe\u00fa \u00feekktir mig ekki. 5\u00c9g er Drottinn og enginn annar,enginn er Gu\u00f0 nema \u00e9g.\u00c9g bj\u00f3 \u00feig hertygjum\u00fe\u00f3tt \u00fe\u00fa \u00feekktir <a href=\"https:\/\/biblian.is\/biblian\/jesaja-45-kafli\/\"> [&#8230;]<\/a><\/p>\n","protected":false},"author":1,"featured_media":0,"parent":0,"menu_order":0,"comment_status":"open","ping_status":"open","template":"bibliukaflar_NT.php","meta":{"footnotes":""},"class_list":["post-2341","page","type-page","status-publish","hentry"],"_links":{"self":[{"href":"https:\/\/biblian.is\/biblian\/wp-json\/wp\/v2\/pages\/2341","targetHints":{"allow":["GET"]}}],"collection":[{"href":"https:\/\/biblian.is\/biblian\/wp-json\/wp\/v2\/pages"}],"about":[{"href":"https:\/\/biblian.is\/biblian\/wp-json\/wp\/v2\/types\/page"}],"author":[{"embeddable":true,"href":"https:\/\/biblian.is\/biblian\/wp-json\/wp\/v2\/users\/1"}],"replies":[{"embeddable":true,"href":"https:\/\/biblian.is\/biblian\/wp-json\/wp\/v2\/comments?post=2341"}],"version-history":[{"count":0,"href":"https:\/\/biblian.is\/biblian\/wp-json\/wp\/v2\/pages\/2341\/revisions"}],"wp:attachment":[{"href":"https:\/\/biblian.is\/biblian\/wp-json\/wp\/v2\/media?parent=2341"}],"curies":[{"name":"wp","href":"https:\/\/api.w.org\/{rel}","templated":true}]}}