{"id":2338,"date":"2017-12-30T21:02:47","date_gmt":"2017-12-30T21:02:47","guid":{"rendered":"http:\/\/biblian.is\/biblian\/jesaja-42-kafli\/"},"modified":"2024-05-06T22:28:30","modified_gmt":"2024-05-06T22:28:30","slug":"jesaja-42-kafli","status":"publish","type":"page","link":"https:\/\/biblian.is\/biblian\/jesaja-42-kafli\/","title":{"rendered":"Jesaja 42. kafli"},"content":{"rendered":"<h3 class=\"millifyrirsogn_2007\"> \u00dej\u00f3nn Drottins<\/h3>\n<p><span class=\"ljodatexti\"> <a name=\"1\"><span class=\"versanumer_ljod\">1<\/span><\/a>Sj\u00e1 \u00fej\u00f3n minn sem \u00e9g sty\u00f0,<br \/>minn \u00fatvalda sem \u00e9g hef vel\u00fe\u00f3knun \u00e1.<br \/>\u00c9g legg anda minn yfir hann,<br \/>hann mun f\u00e6ra \u00fej\u00f3\u00f0unum r\u00e9ttl\u00e6ti.<br \/> <\/span> <span class=\"ljodatexti\"> <a name=\"2\"><span class=\"versanumer_ljod\">2<\/span><\/a>Hann kallar ekki og hr\u00f3par ekki<br \/>og l\u00e6tur ekki heyra r\u00f6dd s\u00edna \u00e1 str\u00e6tunum.<br \/> <\/span> <span class=\"ljodatexti\"> <a name=\"3\"><span class=\"versanumer_ljod\">3<\/span><\/a>Br\u00e1ka\u00f0an reyrinn br\u00fdtur hann ekki sundur<br \/>og dapran h\u00f6rkveik slekkur hann ekki.<br \/>\u00cd tr\u00fafesti kemur hann r\u00e9tti \u00e1.<br \/> <\/span> <span class=\"ljodatexti\"> <a name=\"4\"><span class=\"versanumer_ljod\">4<\/span><\/a>Hann \u00fereytist ekki og gefst ekki upp<br \/>uns hann hefur grundvalla\u00f0 r\u00e9tt \u00e1 j\u00f6r\u00f0u<br \/>og fjarl\u00e6g eyl\u00f6nd b\u00ed\u00f0a bo\u00f0skapar hans.<br \/> <\/span> <span class=\"ljodatexti\"> <a name=\"5\"><span class=\"versanumer_ljod\">5<\/span><\/a>Svo segir Drottinn Gu\u00f0<br \/>sem skapa\u00f0i himininn og \u00feandi hann \u00fat,<br \/>sem breiddi \u00fat j\u00f6r\u00f0ina me\u00f0 \u00f6llu sem \u00e1 henni vex,<br \/>s\u00e1 er andardr\u00e1tt gaf jar\u00f0arb\u00faum<br \/>og l\u00edfsanda \u00feeim sem \u00e1 j\u00f6r\u00f0inni ganga:<br \/> <\/span> <span class=\"ljodatexti\"> <a name=\"6\"><span class=\"versanumer_ljod\">6<\/span><\/a>\u00c9g, Drottinn, kalla\u00f0i \u00feig \u00ed r\u00e9ttl\u00e6ti<br \/>og held \u00ed h\u00f6nd \u00fe\u00edna.<br \/>\u00c9g m\u00f3ta \u00feig,<br \/>geri \u00feig a\u00f0 s\u00e1ttm\u00e1la fyrir \u00fej\u00f3\u00f0irnar<br \/>og a\u00f0 lj\u00f3si fyrir l\u00fd\u00f0ina<br \/> <\/span> <span class=\"ljodatexti\"> <a name=\"7\"><span class=\"versanumer_ljod\">7<\/span><\/a>til a\u00f0 opna hin blindu augu,<br \/>lei\u00f0a fanga \u00far var\u00f0haldi<br \/>og \u00far d\u00fdflissu \u00fe\u00e1 sem \u00ed myrkri sitja.<br \/> <\/span> <span class=\"ljodatexti\"> <a name=\"8\"><span class=\"versanumer_ljod\">8<\/span><\/a>\u00c9g er Drottinn, \u00fea\u00f0 er nafn mitt,<br \/>og d\u00fdr\u00f0 m\u00edna gef \u00e9g ekki \u00f6\u00f0rum<br \/>n\u00e9 lof mitt \u00fath\u00f6ggnum l\u00edkneskjum.<br \/> <\/span> <span class=\"ljodatexti\"> <a name=\"9\"><span class=\"versanumer_ljod\">9<\/span><\/a>Sj\u00e1, hi\u00f0 fyrra er fram komi\u00f0<br \/>en n\u00fa bo\u00f0a \u00e9g n\u00fdtt<br \/>og \u00e1\u00f0ur en \u00fea\u00f0 vex upp<br \/>kunngj\u00f6ri \u00e9g \u00fea\u00f0. <\/span> <\/p>\n<h3 class=\"millifyrirsogn_2007\">N\u00fdr lofs\u00f6ngur<\/h3>\n<p><span class=\"ljodatexti\"> <a name=\"10\"><span class=\"versanumer_ljod\">10<\/span><\/a>Syngi\u00f0 Drottni n\u00fdjan s\u00f6ng,<br \/>syngi\u00f0 lof hans fr\u00e1 endim\u00f6rkum jar\u00f0ar,<br \/>hafi\u00f0 fagni og allt sem \u00ed \u00fev\u00ed er,<br \/>fjarl\u00e6gar eyjar og \u00edb\u00faar \u00feeirra.<br \/> <\/span> <span class=\"ljodatexti\"> <a name=\"11\"><span class=\"versanumer_ljod\">11<\/span><\/a>Ey\u00f0im\u00f6rkin og borgir hennar hr\u00f3pi<br \/>og \u00feorpin \u00fear sem Kedar b\u00fdr,<br \/>\u00edb\u00faar Sela syngi af gle\u00f0i<br \/>og hr\u00f3pi fr\u00e1 fjallatindunum.<br \/> <\/span> <span class=\"ljodatexti\"> <a name=\"12\"><span class=\"versanumer_ljod\">12<\/span><\/a>\u00deeir gefi Drottni d\u00fdr\u00f0ina<br \/>og kunngj\u00f6ri lof hans \u00e1 fjarl\u00e6gum eyjum.<br \/> <\/span> <span class=\"ljodatexti\"> <a name=\"13\"><span class=\"versanumer_ljod\">13<\/span><\/a>Drottinn heldur af sta\u00f0 sem hetja,<br \/>gl\u00e6\u00f0ir hugm\u00f3\u00f0 eins og bardagama\u00f0ur,<br \/>hann l\u00fdstur upp her\u00f3pi<br \/>og ber siguror\u00f0 af fjandm\u00f6nnum s\u00ednum.<br \/> <\/span> <span class=\"ljodatexti\"> <a name=\"14\"><span class=\"versanumer_ljod\">14<\/span><\/a>\u00c9g hef \u00feaga\u00f0 fr\u00e1 \u00f6ndver\u00f0u,<br \/>veri\u00f0 hlj\u00f3\u00f0ur og ekki hafst a\u00f0.<br \/>N\u00fa mun \u00e9g hlj\u00f3\u00f0a eins og kona \u00ed barnsnau\u00f0,<br \/>stynja og standa \u00e1 \u00f6ndinni.<br \/> <\/span> <span class=\"ljodatexti\"> <a name=\"15\"><span class=\"versanumer_ljod\">15<\/span><\/a>\u00c9g mun l\u00e1ta fj\u00f6ll og h\u00e1lsa skr\u00e6lna<br \/>og sv\u00ed\u00f0a allan gr\u00f3\u00f0ur \u00e1 \u00feeim,<br \/>gera \u00e1rnar a\u00f0 \u00feurrlendi<br \/>og tjarnirnar \u00feurrka \u00e9g upp.<br \/> <\/span> <span class=\"ljodatexti\"> <a name=\"16\"><span class=\"versanumer_ljod\">16<\/span><\/a>\u00c9g lei\u00f0i blinda um braut sem \u00feeir rata ekki,<br \/>l\u00e6t \u00fe\u00e1 ganga vegi sem \u00feeir \u00feekkja ekki,<br \/>\u00e9g geri myrkri\u00f0 fyrir augum \u00feeirra a\u00f0 birtu<br \/>og \u00f3j\u00f6fnur sl\u00e9ttar.<br \/>\u00deessi verk vinn \u00e9g<br \/>og l\u00e6t \u00fea\u00f0 ekki \u00f3gert.<br \/> <\/span> <span class=\"ljodatexti\"> <a name=\"17\"><span class=\"versanumer_ljod\">17<\/span><\/a>\u00deeir sem treysta skur\u00f0go\u00f0unum <br \/>skulu h\u00f6rfa og ver\u00f0a s\u00e9r til skammar, <br \/>\u00feeir sem segja vi\u00f0 steypt l\u00edkneski:<br \/>\u201e\u00de\u00e9r eru\u00f0 gu\u00f0ir vorir.\u201c <\/span> <\/p>\n<h3 class=\"millifyrirsogn_2007\">Blind og heyrnarlaus \u00fej\u00f3\u00f0<\/h3>\n<p><span class=\"ljodatexti\"> <a name=\"18\"><span class=\"versanumer_ljod\">18<\/span><\/a>Hlusti\u00f0, \u00fe\u00e9r heyrnarlausir,<br \/>l\u00edti\u00f0 upp, blindir, svo a\u00f0 \u00fe\u00e9r sj\u00e1i\u00f0.<br \/> <\/span> <span class=\"ljodatexti\"> <a name=\"19\"><span class=\"versanumer_ljod\">19<\/span><\/a>Hver er blindur ef ekki \u00fej\u00f3nn minn<br \/>og heyrnarlaus ef ekki sendibo\u00f0i minn?<br \/>Hver er svo blindur sem bo\u00f0beri minn<br \/>e\u00f0a svo blindur sem \u00fej\u00f3nn Drottins? <br \/> <\/span> <span class=\"ljodatexti\"> <a name=\"20\"><span class=\"versanumer_ljod\">20<\/span><\/a>Margt s\u00e9r hann en gefur \u00fev\u00ed engan gaum,<br \/>hefur eyrun opin en hlustar ekki.<br \/> <\/span> <span class=\"ljodatexti\"> <a name=\"21\"><span class=\"versanumer_ljod\">21<\/span><\/a>Vegna r\u00e9ttl\u00e6tis s\u00edns \u00fe\u00f3kna\u00f0ist Drottni <br \/>a\u00f0 gera l\u00f6gm\u00e1l sitt miki\u00f0 og vegsamlegt.<br \/> <\/span> <span class=\"ljodatexti\"> <a name=\"22\"><span class=\"versanumer_ljod\">22<\/span><\/a> En \u00feeir eru r\u00e6nd og ruplu\u00f0 \u00fej\u00f3\u00f0,<br \/>allir fj\u00f6tra\u00f0ir \u00ed d\u00fdflissum e\u00f0a fangelsum,<br \/>\u00feeir ur\u00f0u herfang og enginn bjarga\u00f0i,<br \/>r\u00e1nsfengur og enginn segir: \u201eL\u00e1ti\u00f0 \u00fe\u00e1 lausa.\u201c<br \/> <\/span> <span class=\"ljodatexti\"> <a name=\"23\"><span class=\"versanumer_ljod\">23<\/span><\/a> Hver af y\u00f0ur vill hl\u00fd\u00f0a \u00e1 \u00feetta,<br \/>gefa \u00fev\u00ed gaum og hlusta vegna framt\u00ed\u00f0arinnar?<br \/> <\/span> <span class=\"ljodatexti\"> <a name=\"24\"><span class=\"versanumer_ljod\">24<\/span><\/a> Hver ofurseldi Jakob r\u00e1nsm\u00f6nnum<br \/>og \u00cdsrael \u00fej\u00f3fum?<br \/>Var \u00fea\u00f0 ekki Drottinn sem v\u00e9r syndgu\u00f0um gegn?<br \/>\u00deeir vildu ekki ganga \u00e1 vegum hans<br \/>og ekki hl\u00fd\u00f0a l\u00f6gum hans.<br \/> <\/span> <span class=\"ljodatexti\"> <a name=\"25\"><span class=\"versanumer_ljod\">25<\/span><\/a> \u00deess vegna j\u00f3s hann gl\u00f3andi rei\u00f0i sinni <br \/>og str\u00ed\u00f0s\u00f3gnum yfir \u00fe\u00e1.<br \/>Rei\u00f0in brann umhverfis \u00fe\u00e1<br \/>en \u00feeir skildu \u00fea\u00f0 ekki<br \/>og h\u00fan svei\u00f0 \u00fe\u00e1<br \/>en \u00feeir g\u00e1fu \u00fev\u00ed ekki gaum. <\/span> <\/p>\n","protected":false},"excerpt":{"rendered":"<p>\u00dej\u00f3nn Drottins 1Sj\u00e1 \u00fej\u00f3n minn sem \u00e9g sty\u00f0,minn \u00fatvalda sem \u00e9g hef vel\u00fe\u00f3knun \u00e1.\u00c9g legg anda minn yfir hann,hann mun f\u00e6ra \u00fej\u00f3\u00f0unum r\u00e9ttl\u00e6ti. 2Hann kallar ekki og hr\u00f3par ekkiog l\u00e6tur ekki heyra r\u00f6dd s\u00edna \u00e1 str\u00e6tunum. 3Br\u00e1ka\u00f0an reyrinn br\u00fdtur hann ekki sundurog dapran h\u00f6rkveik slekkur hann ekki.\u00cd tr\u00fafesti kemur hann r\u00e9tti \u00e1. 4Hann \u00fereytist ekki og gefst ekki uppuns hann hefur grundvalla\u00f0 r\u00e9tt \u00e1 j\u00f6r\u00f0uog fjarl\u00e6g eyl\u00f6nd b\u00ed\u00f0a bo\u00f0skapar hans. 5Svo segir Drottinn Gu\u00f0sem skapa\u00f0i himininn og \u00feandi hann \u00fat,sem breiddi \u00fat j\u00f6r\u00f0ina me\u00f0 \u00f6llu sem \u00e1 henni vex,s\u00e1 er andardr\u00e1tt gaf jar\u00f0arb\u00faumog l\u00edfsanda \u00feeim sem \u00e1 j\u00f6r\u00f0inni ganga: 6\u00c9g, <a href=\"https:\/\/biblian.is\/biblian\/jesaja-42-kafli\/\"> [&#8230;]<\/a><\/p>\n","protected":false},"author":1,"featured_media":0,"parent":0,"menu_order":0,"comment_status":"open","ping_status":"open","template":"bibliukaflar_NT.php","meta":{"footnotes":""},"class_list":["post-2338","page","type-page","status-publish","hentry"],"_links":{"self":[{"href":"https:\/\/biblian.is\/biblian\/wp-json\/wp\/v2\/pages\/2338","targetHints":{"allow":["GET"]}}],"collection":[{"href":"https:\/\/biblian.is\/biblian\/wp-json\/wp\/v2\/pages"}],"about":[{"href":"https:\/\/biblian.is\/biblian\/wp-json\/wp\/v2\/types\/page"}],"author":[{"embeddable":true,"href":"https:\/\/biblian.is\/biblian\/wp-json\/wp\/v2\/users\/1"}],"replies":[{"embeddable":true,"href":"https:\/\/biblian.is\/biblian\/wp-json\/wp\/v2\/comments?post=2338"}],"version-history":[{"count":0,"href":"https:\/\/biblian.is\/biblian\/wp-json\/wp\/v2\/pages\/2338\/revisions"}],"wp:attachment":[{"href":"https:\/\/biblian.is\/biblian\/wp-json\/wp\/v2\/media?parent=2338"}],"curies":[{"name":"wp","href":"https:\/\/api.w.org\/{rel}","templated":true}]}}