{"id":2337,"date":"2017-12-30T21:02:42","date_gmt":"2017-12-30T21:02:42","guid":{"rendered":"http:\/\/biblian.is\/biblian\/jesaja-41-kafli\/"},"modified":"2024-05-06T22:28:30","modified_gmt":"2024-05-06T22:28:30","slug":"jesaja-41-kafli","status":"publish","type":"page","link":"https:\/\/biblian.is\/biblian\/jesaja-41-kafli\/","title":{"rendered":"Jesaja 41. kafli"},"content":{"rendered":"<h3 class=\"millifyrirsogn_2007\"> \u00cdsrael bo\u00f0u\u00f0 hj\u00e1lp<\/h3>\n<p><span class=\"ljodatexti\"> <a name=\"1\"><span class=\"versanumer_ljod\">1<\/span><\/a>Veri\u00f0 hlj\u00f3\u00f0 og hl\u00fd\u00f0i\u00f0 \u00e1 mig, eyl\u00f6nd,<br \/>\u00fej\u00f3\u00f0ir, b\u00ed\u00f0i\u00f0 kenningar minnar. <span class=\"nedan_mal\" title=\" \u00d6nnur hugsanleg \u00fe\u00fd\u00f0ing: \u00fej\u00f3\u00f0irnar safni n\u00fdjum kr\u00f6ftum. \">[<\/span> <br \/>Gangi \u00fe\u00e6r n\u00e6r og tali s\u00ed\u00f0an,<br \/>v\u00e9r skulum eigast l\u00f6g vi\u00f0. <br \/> <\/span> <span class=\"ljodatexti\"> <a name=\"2\"><span class=\"versanumer_ljod\">2<\/span><\/a>Hver vakti \u00feann \u00ed austri <span class=\"nedan_mal\" title=\" H\u00e9r er \u00e1tt vi\u00f0 K\u00fdrus Persakonung. \">[<\/span> <br \/>sem hl\u00fdtur sigur \u00ed hverju spori,<br \/>leggur undir sig \u00fej\u00f3\u00f0ir<br \/>og steypir konungum? <br \/>Sver\u00f0 hans gerir \u00fe\u00e6r a\u00f0 dufti<br \/>og bogi hans gerir \u00fe\u00e6r sem str\u00e1 \u00ed vindi.<br \/> <\/span> <span class=\"ljodatexti\"> <a name=\"3\"><span class=\"versanumer_ljod\">3<\/span><\/a>Hann rekur fl\u00f3tta \u00feeirra og ska\u00f0ast hvergi<br \/>og f\u00e6tur hans snerta vart veginn.<br \/> <\/span> <span class=\"ljodatexti\"> <a name=\"4\"><span class=\"versanumer_ljod\">4<\/span><\/a>Hver hefur gert \u00feetta og komi\u00f0 \u00fev\u00ed til lei\u00f0ar?<br \/>S\u00e1 sem \u00ed upphafi kalla\u00f0i kyn\u00fe\u00e6ttina fram,<br \/>\u00e9g, Drottinn, er hinn fyrsti<br \/>og me\u00f0 hinum s\u00ed\u00f0ustu er \u00e9g enn hinn sami.<br \/> <\/span> <span class=\"ljodatexti\"> <a name=\"5\"><span class=\"versanumer_ljod\">5<\/span><\/a>Eyjarnar s\u00e1u \u00feetta og skelfdust,<br \/>endim\u00f6rk jar\u00f0ar skulfu.<br \/>\u00deeir n\u00e1lgu\u00f0ust og komu.<br \/> <\/span> <span class=\"ljodatexti\"> <a name=\"6\"><span class=\"versanumer_ljod\">6<\/span><\/a>Einn hj\u00e1lpar \u00f6\u00f0rum <br \/>og segir vi\u00f0 f\u00e9laga sinn: \u201eVertu hughraustur.\u201c<br \/> <\/span> <span class=\"ljodatexti\"> <a name=\"7\"><span class=\"versanumer_ljod\">7<\/span><\/a>Handverksma\u00f0ur hvetur gullsmi\u00f0,<br \/>s\u00e1 sem sl\u00e9ttir m\u00e1lminn hvetur \u00feann sem ste\u00f0jann sl\u00e6r<br \/>og segir um l\u00f3\u00f0ninguna: \u201eH\u00fan er g\u00f3\u00f0!\u201c<br \/>S\u00ed\u00f0an festir hann skur\u00f0go\u00f0i\u00f0 me\u00f0 n\u00f6glum<br \/>svo a\u00f0 \u00fea\u00f0 haggist ekki. <\/span> <\/p>\n<h3 class=\"millifyrirsogn_2007\">\u00datlagarnir hughreystir<\/h3>\n<p><span class=\"ljodatexti\"> <a name=\"8\"><span class=\"versanumer_ljod\">8<\/span><\/a>En \u00fe\u00fa, \u00cdsrael, \u00fej\u00f3nn minn,<br \/>Jakob, sem \u00e9g hef \u00fatvali\u00f0,<br \/>ni\u00f0ji Abrahams, vinar m\u00edns.<br \/> <\/span> <span class=\"ljodatexti\"> <a name=\"9\"><span class=\"versanumer_ljod\">9<\/span><\/a>\u00c9g s\u00f3tti \u00feig til endimarka jar\u00f0ar,<br \/>kalla\u00f0i \u00feig fr\u00e1 ystu afkimum hennar.<br \/>\u00c9g sag\u00f0i vi\u00f0 \u00feig: \u201e\u00de\u00fa ert \u00fej\u00f3nn minn,<br \/>\u00e9g \u00fatvaldi \u00feig og hafna\u00f0i \u00fe\u00e9r ekki.\u201c<br \/> <\/span> <span class=\"ljodatexti\"> <a name=\"10\"><span class=\"versanumer_ljod\">10<\/span><\/a>\u00d3ttast eigi \u00fev\u00ed a\u00f0 \u00e9g er me\u00f0 \u00fe\u00e9r,<br \/>vertu ekki hr\u00e6ddur \u00fev\u00ed a\u00f0 \u00e9g er \u00feinn Gu\u00f0.<br \/>\u00c9g styrki \u00feig, \u00e9g hj\u00e1lpa \u00fe\u00e9r,<br \/>\u00e9g sty\u00f0 \u00feig me\u00f0 sigrandi hendi minni.<br \/> <\/span> <span class=\"ljodatexti\"> <a name=\"11\"><span class=\"versanumer_ljod\">11<\/span><\/a>Sm\u00e1n og sk\u00f6mm komi yfir alla<br \/>sem fylltust heift gegn \u00fe\u00e9r.<br \/>\u00deeir sem deildu vi\u00f0 \u00feig<br \/>ver\u00f0a a\u00f0 engu og farast.<br \/> <\/span> <span class=\"ljodatexti\"> <a name=\"12\"><span class=\"versanumer_ljod\">12<\/span><\/a>\u00de\u00fa munt leita \u00feeirra<br \/>sem st\u00f3\u00f0u gegn \u00fe\u00e9r<br \/>en ekki finna \u00fe\u00e1.<br \/>\u00deeir sem herju\u00f0u \u00e1 \u00feig<br \/>ver\u00f0a a\u00f0 engu og tort\u00edmast.<br \/> <\/span> <span class=\"ljodatexti\"> <a name=\"13\"><span class=\"versanumer_ljod\">13<\/span><\/a>\u00dev\u00ed a\u00f0 \u00e9g, Drottinn, er Gu\u00f0 \u00feinn,<br \/>\u00e9g held \u00ed h\u00e6gri h\u00f6nd \u00fe\u00edna<br \/>og segi vi\u00f0 \u00feig: \u201e\u00d3ttast eigi,<br \/>\u00e9g bjarga \u00fe\u00e9r.\u201c<br \/> <\/span> <span class=\"ljodatexti\"> <a name=\"14\"><span class=\"versanumer_ljod\">14<\/span><\/a>\u00d3ttast eigi, ormurinn Jakob,<br \/>ma\u00f0kurinn \u00feinn \u00cdsrael.<br \/>\u00c9g hj\u00e1lpa \u00fe\u00e9r,<br \/>segir Drottinn,<br \/>Hinn heilagi \u00cdsraels er lausnari \u00feinn.<br \/> <\/span> <span class=\"ljodatexti\"> <a name=\"15\"><span class=\"versanumer_ljod\">15<\/span><\/a>\u00c9g hef gert \u00feig a\u00f0 n\u00fdjum \u00fereskisle\u00f0a<br \/>alsettum g\u00f6ddum.<br \/>\u00de\u00fa \u00e1tt a\u00f0 \u00fereskja fj\u00f6ll og mylja \u00feau<br \/>og gera h\u00e6\u00f0irnar a\u00f0 h\u00e1lmi.<br \/> <\/span> <span class=\"ljodatexti\"> <a name=\"16\"><span class=\"versanumer_ljod\">16<\/span><\/a>\u00de\u00fa skalt s\u00e1ldra \u00feeim og vindurinn feykir \u00feeim burt,<br \/>stormurinn tv\u00edstrar \u00feeim<br \/>en \u00fe\u00fa skalt sj\u00e1lfur fagna yfir Drottni<br \/>og gle\u00f0jast vegna Hins heilaga \u00ed \u00cdsrael.<br \/> <\/span> <span class=\"ljodatexti\"> <a name=\"17\"><span class=\"versanumer_ljod\">17<\/span><\/a>\u00deegar umkomulausir og snau\u00f0ir leita vatns<br \/>er ekkert vatn a\u00f0 finna,<br \/>tunga \u00feeirra skr\u00e6lnar af \u00feorsta.<br \/>\u00c9g, Drottinn, mun b\u00e6nheyra \u00fe\u00e1,<br \/>Gu\u00f0 \u00cdsraels hefur ekki yfirgefi\u00f0 \u00fe\u00e1.<br \/> <\/span> <span class=\"ljodatexti\"> <a name=\"18\"><span class=\"versanumer_ljod\">18<\/span><\/a>\u00c9g l\u00e6t \u00e1r spretta fram \u00e1 gr\u00f3\u00f0urvana h\u00e6\u00f0um<br \/>og vatnslindir \u00ed d\u00f6lunum.<br \/>\u00c9g geri ey\u00f0im\u00f6rkina a\u00f0 tj\u00f6rnum<br \/>og \u00feurrlendi\u00f0 a\u00f0 uppsprettum.<br \/> <\/span> <span class=\"ljodatexti\"> <a name=\"19\"><span class=\"versanumer_ljod\">19<\/span><\/a>\u00c9g gr\u00f3\u00f0urset sedrustr\u00e9 \u00ed ey\u00f0im\u00f6rkinni,<br \/>akas\u00edur, myrtusvi\u00f0 og \u00f3l\u00edfutr\u00e9,<br \/>\u00ed au\u00f0nina set \u00e9g k\u00fdprusvi\u00f0<br \/>\u00e1samt barrtrj\u00e1m og platanvi\u00f0i<br \/> <\/span> <span class=\"ljodatexti\"> <a name=\"20\"><span class=\"versanumer_ljod\">20<\/span><\/a>svo a\u00f0 menn sj\u00e1i og j\u00e1ti,<br \/>skynji og skilji<br \/>a\u00f0 h\u00f6nd Drottins hefur gert \u00feetta<br \/>og Hinn heilagi \u00cdsraels hefur skapa\u00f0 \u00fea\u00f0. <\/span> <\/p>\n<h3 class=\"millifyrirsogn_2007\">Gu\u00f0 deilir \u00e1 hj\u00e1gu\u00f0ina<\/h3>\n<p><span class=\"ljodatexti\"> <a name=\"21\"><span class=\"versanumer_ljod\">21<\/span><\/a>Leggi\u00f0 m\u00e1l y\u00f0ar fyrir, segir Drottinn,<br \/>f\u00e6ri\u00f0 fram r\u00f6k y\u00f0ar, segir konungur Jakobs.<br \/> <\/span> <span class=\"ljodatexti\"> <a name=\"22\"><span class=\"versanumer_ljod\">22<\/span><\/a> \u00deeir gangi fram og kunngj\u00f6ri oss hva\u00f0 hefur gerst.<br \/>Hva\u00f0 merkir hi\u00f0 li\u00f0na? Sk\u00fdri\u00f0 fr\u00e1 \u00fev\u00ed<br \/>svo a\u00f0 v\u00e9r getum lagt oss \u00fea\u00f0 \u00e1 hjarta<br \/>og skili\u00f0 til hvers \u00fea\u00f0 lei\u00f0ir.<br \/>E\u00f0a kunngj\u00f6ri\u00f0 oss hi\u00f0 \u00f3komna<br \/> <\/span> <span class=\"ljodatexti\"> <a name=\"23\"><span class=\"versanumer_ljod\">23<\/span><\/a> og segi\u00f0 fr\u00e1 \u00fev\u00ed sem ver\u00f0ur<br \/>svo a\u00f0 oss ver\u00f0i lj\u00f3st a\u00f0 \u00fe\u00e9r s\u00e9u\u00f0 gu\u00f0ir.<br \/>Geri\u00f0 anna\u00f0hvort gott e\u00f0a illt<br \/>svo a\u00f0 v\u00e9r undrumst og skelfumst.<br \/> <\/span> <span class=\"ljodatexti\"> <a name=\"24\"><span class=\"versanumer_ljod\">24<\/span><\/a> Nei, \u00fe\u00e9r eru\u00f0 ekkert<br \/>og verk y\u00f0ar alls ekki neitt,<br \/>s\u00e1 sem y\u00f0ur k\u00fds, k\u00fds vi\u00f0urstygg\u00f0.<br \/> <\/span> <span class=\"ljodatexti\"> <a name=\"25\"><span class=\"versanumer_ljod\">25<\/span><\/a> \u00c9g vakti upp mann <span class=\"nedan_mal\" title=\" H\u00e9r er \u00e1tt vi\u00f0 K\u00fdrus Persakonung. \">[<\/span> \u00ed nor\u00f0ri og hann kom, <br \/>fr\u00e1 austri kalla\u00f0i \u00e9g hann me\u00f0 nafni. <br \/>Hann tra\u00f0kar \u00e1 \u00fej\u00f3\u00f0h\u00f6f\u00f0ingjum sem mold<br \/>eins og leirkerasmi\u00f0ur tre\u00f0ur leir.<br \/> <\/span> <span class=\"ljodatexti\"> <a name=\"26\"><span class=\"versanumer_ljod\">26<\/span><\/a> Hver bo\u00f0a\u00f0i \u00feetta fr\u00e1 upphafi<br \/>svo a\u00f0 v\u00e9r vissum \u00fea\u00f0,<br \/>fr\u00e1 \u00f6ndver\u00f0u svo a\u00f0 v\u00e9r g\u00e6tum sagt:<br \/>\u201e\u00deetta er r\u00e9tt\u201c?<br \/>Enginn bo\u00f0a\u00f0i \u00feetta, enginn sag\u00f0i \u00fea\u00f0 fyrir,<br \/>enginn heyr\u00f0i y\u00f0ur segja neitt. <br \/> <\/span> <span class=\"ljodatexti\"> <a name=\"27\"><span class=\"versanumer_ljod\">27<\/span><\/a> \u00c9g var s\u00e1 fyrsti sem bo\u00f0a\u00f0i S\u00edon: <br \/>Sj\u00e1, \u00fear koma \u00feeir,<br \/>\u00e9g sendi Jer\u00fasalem fagna\u00f0arbo\u00f0a.<br \/> <\/span> <span class=\"ljodatexti\"> <a name=\"28\"><span class=\"versanumer_ljod\">28<\/span><\/a> \u00c9g litast um en h\u00e9r er enginn,<br \/>enginn \u00feeirra getur veitt r\u00e1\u00f0<br \/>n\u00e9 svara\u00f0 ef \u00e9g spyr \u00fe\u00e1.<br \/> <\/span> <span class=\"ljodatexti\"> <a name=\"29\"><span class=\"versanumer_ljod\">29<\/span><\/a> \u00deeir eru allir blekking,<br \/>verk \u00feeirra ekki neitt,<br \/>skur\u00f0go\u00f0in vindur einn og hj\u00f3m. <\/span> <\/p>\n","protected":false},"excerpt":{"rendered":"<p>\u00cdsrael bo\u00f0u\u00f0 hj\u00e1lp 1Veri\u00f0 hlj\u00f3\u00f0 og hl\u00fd\u00f0i\u00f0 \u00e1 mig, eyl\u00f6nd,\u00fej\u00f3\u00f0ir, b\u00ed\u00f0i\u00f0 kenningar minnar. [ Gangi \u00fe\u00e6r n\u00e6r og tali s\u00ed\u00f0an,v\u00e9r skulum eigast l\u00f6g vi\u00f0. 2Hver vakti \u00feann \u00ed austri [ sem hl\u00fdtur sigur \u00ed hverju spori,leggur undir sig \u00fej\u00f3\u00f0irog steypir konungum? Sver\u00f0 hans gerir \u00fe\u00e6r a\u00f0 duftiog bogi hans gerir \u00fe\u00e6r sem str\u00e1 \u00ed vindi. 3Hann rekur fl\u00f3tta \u00feeirra og ska\u00f0ast hvergiog f\u00e6tur hans snerta vart veginn. 4Hver hefur gert \u00feetta og komi\u00f0 \u00fev\u00ed til lei\u00f0ar?S\u00e1 sem \u00ed upphafi kalla\u00f0i kyn\u00fe\u00e6ttina fram,\u00e9g, Drottinn, er hinn fyrstiog me\u00f0 hinum s\u00ed\u00f0ustu er \u00e9g enn hinn sami. 5Eyjarnar s\u00e1u \u00feetta og skelfdust,endim\u00f6rk jar\u00f0ar <a href=\"https:\/\/biblian.is\/biblian\/jesaja-41-kafli\/\"> [&#8230;]<\/a><\/p>\n","protected":false},"author":1,"featured_media":0,"parent":0,"menu_order":0,"comment_status":"open","ping_status":"open","template":"bibliukaflar_NT.php","meta":{"footnotes":""},"class_list":["post-2337","page","type-page","status-publish","hentry"],"_links":{"self":[{"href":"https:\/\/biblian.is\/biblian\/wp-json\/wp\/v2\/pages\/2337","targetHints":{"allow":["GET"]}}],"collection":[{"href":"https:\/\/biblian.is\/biblian\/wp-json\/wp\/v2\/pages"}],"about":[{"href":"https:\/\/biblian.is\/biblian\/wp-json\/wp\/v2\/types\/page"}],"author":[{"embeddable":true,"href":"https:\/\/biblian.is\/biblian\/wp-json\/wp\/v2\/users\/1"}],"replies":[{"embeddable":true,"href":"https:\/\/biblian.is\/biblian\/wp-json\/wp\/v2\/comments?post=2337"}],"version-history":[{"count":0,"href":"https:\/\/biblian.is\/biblian\/wp-json\/wp\/v2\/pages\/2337\/revisions"}],"wp:attachment":[{"href":"https:\/\/biblian.is\/biblian\/wp-json\/wp\/v2\/media?parent=2337"}],"curies":[{"name":"wp","href":"https:\/\/api.w.org\/{rel}","templated":true}]}}