{"id":2336,"date":"2017-12-30T21:02:42","date_gmt":"2017-12-30T21:02:42","guid":{"rendered":"http:\/\/biblian.is\/biblian\/jesaja-40-kafli\/"},"modified":"2024-05-06T22:28:30","modified_gmt":"2024-05-06T22:28:30","slug":"jesaja-40-kafli","status":"publish","type":"page","link":"https:\/\/biblian.is\/biblian\/jesaja-40-kafli\/","title":{"rendered":"Jesaja 40. kafli"},"content":{"rendered":"<h2 class=\"millifyrirsogn_2007\">Annar hluti <\/h2>\n<h3 class=\"millifyrirsogn_2007\">Jer\u00fasalem hughreyst<\/h3>\n<p><span class=\"ljodatexti\"> <a name=\"1\"><span class=\"versanumer_ljod\">1<\/span><\/a>Huggi\u00f0, huggi\u00f0 l\u00fd\u00f0 minn,<br \/>segir Gu\u00f0 y\u00f0ar.<br \/> <\/span> <span class=\"ljodatexti\"> <a name=\"2\"><span class=\"versanumer_ljod\">2<\/span><\/a>Hughreysti\u00f0 Jer\u00fasalem<br \/>og bo\u00f0i\u00f0 henni<br \/>a\u00f0 \u00e1\u00fej\u00e1n hennar s\u00e9 \u00e1 enda,<br \/>a\u00f0 sekt hennar s\u00e9 goldin,<br \/>a\u00f0 h\u00fan hafi fengi\u00f0 tv\u00f6falt af hendi Drottins<br \/>fyrir allar syndir s\u00ednar.<br \/> <\/span> <span class=\"ljodatexti\"> <a name=\"3\"><span class=\"versanumer_ljod\">3<\/span><\/a>Heyr, kalla\u00f0 er:<br \/>\u201eGrei\u00f0i\u00f0 Drottni veg um ey\u00f0im\u00f6rkina,<br \/>ry\u00f0ji\u00f0 Gu\u00f0i vorum beina braut \u00ed au\u00f0ninni,<br \/> <\/span> <span class=\"ljodatexti\"> <a name=\"4\"><span class=\"versanumer_ljod\">4<\/span><\/a>s\u00e9rhver dalur skal h\u00e6kka,<br \/>hvert fjall og h\u00e1ls l\u00e6kka.<br \/>H\u00f3lar ver\u00f0i a\u00f0 jafnsl\u00e9ttu<br \/>og hamrar a\u00f0 dalagrundum.<br \/> <\/span> <span class=\"ljodatexti\"> <a name=\"5\"><span class=\"versanumer_ljod\">5<\/span><\/a>\u00de\u00e1 mun d\u00fdr\u00f0 Drottins birtast <br \/>og allt hold sj\u00e1 \u00fea\u00f0 samt\u00edmis<br \/>\u00fev\u00ed a\u00f0 Drottinn hefur bo\u00f0a\u00f0 \u00fea\u00f0.\u201c<br \/> <\/span> <span class=\"ljodatexti\"> <a name=\"6\"><span class=\"versanumer_ljod\">6<\/span><\/a>Einhver segir: \u201eKalla \u00fe\u00fa,\u201c<br \/>og \u00e9g spyr: \u201eHva\u00f0 \u00e1 \u00e9g a\u00f0 kalla?\u201c<br \/>\u201eAllt hold er gras <br \/>og allur yndisleikur \u00feess sem bl\u00f3m vallarins.<br \/> <\/span> <span class=\"ljodatexti\"> <a name=\"7\"><span class=\"versanumer_ljod\">7<\/span><\/a>Grasi\u00f0 visnar, bl\u00f3min f\u00f6lna<br \/>\u00feegar Drottinn andar \u00e1 \u00feau.<br \/>Sannlega eru mennirnir gras.<br \/> <\/span> <span class=\"ljodatexti\"> <a name=\"8\"><span class=\"versanumer_ljod\">8<\/span><\/a>Grasi\u00f0 visnar, bl\u00f3min f\u00f6lna<br \/>en or\u00f0 Gu\u00f0s vors varir a\u00f0 eil\u00edfu.\u201c<br \/> <\/span> <span class=\"ljodatexti\"> <a name=\"9\"><span class=\"versanumer_ljod\">9<\/span><\/a>St\u00edg upp \u00e1 h\u00e1tt fjall, S\u00edon, fagna\u00f0arbo\u00f0i.<br \/>Hef upp raust \u00fe\u00edna kr\u00f6ftuglega, Jer\u00fasalem, fagna\u00f0arbo\u00f0i.<br \/>Hef upp raustina og \u00f3ttast eigi,<br \/>seg borgunum \u00ed J\u00fada:<br \/> <\/span> <span class=\"ljodatexti\"> <a name=\"10\"><span class=\"versanumer_ljod\">10<\/span><\/a>Sj\u00e1, Gu\u00f0 y\u00f0ar kemur \u00ed m\u00e6tti <br \/>og r\u00edkir me\u00f0 m\u00e1ttugum armi.<br \/>Sj\u00e1, sigurlaun hans eru me\u00f0 honum <br \/>og fengur hans fer fyrir honum.<br \/> <\/span> <span class=\"ljodatexti\"> <a name=\"11\"><span class=\"versanumer_ljod\">11<\/span><\/a>Eins og hir\u00f0ir mun hann halda hj\u00f6r\u00f0 sinni til haga,<br \/>taka ungl\u00f6mbin \u00ed fa\u00f0m s\u00e9r<br \/>og bera \u00feau \u00ed fangi s\u00ednu<br \/>en lei\u00f0a m\u00e6\u00f0urnar. <\/span> <\/p>\n<h3 class=\"millifyrirsogn_2007\">Enginn er Gu\u00f0i l\u00edkur<\/h3>\n<p><span class=\"ljodatexti\"> <a name=\"12\"><span class=\"versanumer_ljod\">12<\/span><\/a>Hver m\u00e6ldi v\u00f6tnin \u00ed l\u00f3fa s\u00ednum<br \/>og afmarka\u00f0i himininn me\u00f0 sp\u00f6nn sinni?<br \/>Hver m\u00e6ldi duft jar\u00f0ar \u00ed m\u00e6likeri,<br \/>v\u00f3 fj\u00f6llin \u00e1 reislu<br \/>og h\u00e6\u00f0irnar \u00e1 vogarsk\u00e1lum?<br \/> <\/span> <span class=\"ljodatexti\"> <a name=\"13\"><span class=\"versanumer_ljod\">13<\/span><\/a>Hver getur st\u00fdrt anda Drottins,<br \/>hver r\u00e1\u00f0lagt honum og kennt?<br \/> <\/span> <span class=\"ljodatexti\"> <a name=\"14\"><span class=\"versanumer_ljod\">14<\/span><\/a>Hvern spur\u00f0i hann r\u00e1\u00f0a s\u00e9r til skilningsauka,<br \/>hver fr\u00e6ddi hann um lei\u00f0 r\u00e9ttv\u00edsinnar,<br \/>veitti honum \u00feekkingu,<br \/>v\u00edsa\u00f0i honum veginn til skilnings?<br \/> <\/span> <span class=\"ljodatexti\"> <a name=\"15\"><span class=\"versanumer_ljod\">15<\/span><\/a>\u00dej\u00f3\u00f0irnar eru sem dropi \u00far f\u00f6tu<br \/>og eru metnar sem ryk \u00e1 vogarsk\u00e1lum,<br \/>hann vegur eyjarnar sem sandkorn v\u00e6ru.<br \/> <\/span> <span class=\"ljodatexti\"> <a name=\"16\"><span class=\"versanumer_ljod\">16<\/span><\/a>L\u00edbanonssk\u00f3gur n\u00e6gir ekki til eldivi\u00f0ar <br \/>og d\u00fdrin \u00ed honum ekki til brennif\u00f3rnar.<br \/> <\/span> <span class=\"ljodatexti\"> <a name=\"17\"><span class=\"versanumer_ljod\">17<\/span><\/a>Allar \u00fej\u00f3\u00f0ir eru sem ekkert fyrir honum,<br \/>hann metur \u00fe\u00e6r einskis, minna en ekkert.<br \/> <\/span> <span class=\"ljodatexti\"> <a name=\"18\"><span class=\"versanumer_ljod\">18<\/span><\/a>Vi\u00f0 hvern \u00e6tli\u00f0 \u00fe\u00e9r a\u00f0 l\u00edkja Gu\u00f0i<br \/>og hva\u00f0 vilji\u00f0 \u00fe\u00e9r taka til jafns vi\u00f0 hann?<br \/> <\/span> <span class=\"ljodatexti\"> <a name=\"19\"><span class=\"versanumer_ljod\">19<\/span><\/a>Hagleiksma\u00f0ur steypir skur\u00f0go\u00f0,<br \/>gullsmi\u00f0ur sl\u00e6r \u00fea\u00f0 gulli<br \/>og b\u00fdr \u00fea\u00f0 silfurfestum.<br \/> <\/span> <span class=\"ljodatexti\"> <a name=\"20\"><span class=\"versanumer_ljod\">20<\/span><\/a>Hinn f\u00e1t\u00e6ki velur \u00ed helgigj\u00f6f<br \/>vi\u00f0 sem f\u00fanar ekki.<br \/>Hann finnur hagan smi\u00f0<br \/>til a\u00f0 reisa l\u00edkneski sem haggast ekki.<br \/> <\/span> <span class=\"ljodatexti\"> <a name=\"21\"><span class=\"versanumer_ljod\">21<\/span><\/a>Viti\u00f0 \u00fe\u00e9r ekkert, hafi\u00f0 \u00fe\u00e9r ekki heyrt \u00fea\u00f0,<br \/>var y\u00f0ur ekki sagt \u00fea\u00f0 fr\u00e1 \u00f6ndver\u00f0u,<br \/>hefur y\u00f0ur ekki skilist \u00feetta fr\u00e1 grundv\u00f6llun jar\u00f0ar?<br \/> <\/span> <span class=\"ljodatexti\"> <a name=\"22\"><span class=\"versanumer_ljod\">22<\/span><\/a> \u00dea\u00f0 er hann sem situr h\u00e1tt yfir jar\u00f0arkringlunni<br \/>en \u00edb\u00faar hennar l\u00edkjast engisprettum,<br \/>hann \u00feenur himininn \u00fat eins og vo\u00f0<br \/>og sl\u00e6r honum sundur eins og tjaldi til a\u00f0 b\u00faa \u00ed.<br \/> <\/span> <span class=\"ljodatexti\"> <a name=\"23\"><span class=\"versanumer_ljod\">23<\/span><\/a> Hann gerir h\u00f6f\u00f0ingja a\u00f0 engu,<br \/>sviptir \u00fej\u00f3\u00f0h\u00f6f\u00f0ingja v\u00f6ldum.<br \/> <\/span> <span class=\"ljodatexti\"> <a name=\"24\"><span class=\"versanumer_ljod\">24<\/span><\/a> \u00deeir eru varla gr\u00f3\u00f0ursettir, varla s\u00e1nir,<br \/>stofn \u00feeirra hefur varla fest r\u00e6tur \u00ed j\u00f6r\u00f0,<br \/>fyrr en hann andar \u00e1 \u00fe\u00e1 og \u00feeir skr\u00e6lna <br \/>og stormurinn feykir \u00feeim burt eins og hismi.<br \/> <\/span> <span class=\"ljodatexti\"> <a name=\"25\"><span class=\"versanumer_ljod\">25<\/span><\/a> Vi\u00f0 hvern \u00e6tli\u00f0 \u00fe\u00e9r a\u00f0 l\u00edkja m\u00e9r,<br \/>hver er jafningi minn? spyr Hinn heilagi.<br \/> <\/span> <span class=\"ljodatexti\"> <a name=\"26\"><span class=\"versanumer_ljod\">26<\/span><\/a> Hefji\u00f0 upp augun og horfi\u00f0 til himins.<br \/>Hver hefur skapa\u00f0 allt \u00feetta?<br \/>\u00dea\u00f0 er hann sem kannar her stjarnanna, allan me\u00f0 t\u00f6lu,<br \/>nefnir \u00fe\u00e6r allar me\u00f0 nafni.<br \/>\u00dear sem hann er mikill a\u00f0 m\u00e6tti og voldugur a\u00f0 afli<br \/>ver\u00f0ur engrar vant.<br \/> <\/span> <span class=\"ljodatexti\"> <a name=\"27\"><span class=\"versanumer_ljod\">27<\/span><\/a> Hvers vegna segir \u00fe\u00fa, Jakob,<br \/>hvers vegna talar \u00fe\u00fa svona, \u00cdsrael:<br \/>\u201eVegur minn er hulinn Drottni,<br \/>Gu\u00f0 minn skeytir ekki um r\u00e9tt minn.\u201c<br \/> <\/span> <span class=\"ljodatexti\"> <a name=\"28\"><span class=\"versanumer_ljod\">28<\/span><\/a> Veistu ekki e\u00f0a hefur \u00fe\u00fa ekki heyrt<br \/>a\u00f0 Drottinn er eil\u00edfur Gu\u00f0<br \/>sem skapa\u00f0i endim\u00f6rk jar\u00f0ar?<br \/>Hann \u00fereytist ekki, hann l\u00fdist ekki,<br \/>viska hans er \u00f3rannsakanleg.<br \/> <\/span> <span class=\"ljodatexti\"> <a name=\"29\"><span class=\"versanumer_ljod\">29<\/span><\/a> Hann veitir kraft hinum \u00fereytta<br \/>og \u00fer\u00f3ttlausum eykur hann m\u00e1tt.<br \/> <\/span> <span class=\"ljodatexti\"> <a name=\"30\"><span class=\"versanumer_ljod\">30<\/span><\/a> Ungir menn \u00fereytast og l\u00fdjast,<br \/>\u00e6skumenn hnj\u00f3ta og falla<br \/> <\/span> <span class=\"ljodatexti\"> <a name=\"31\"><span class=\"versanumer_ljod\">31<\/span><\/a> en \u00feeir sem vona \u00e1 Drottin f\u00e1 n\u00fdjan kraft,<br \/>\u00feeir flj\u00faga upp \u00e1 v\u00e6ngjum sem ernir,<br \/>\u00feeir hlaupa og l\u00fdjast ekki,<br \/>\u00feeir ganga og \u00fereytast ekki. <\/span> <\/p>\n","protected":false},"excerpt":{"rendered":"<p>Annar hluti Jer\u00fasalem hughreyst 1Huggi\u00f0, huggi\u00f0 l\u00fd\u00f0 minn,segir Gu\u00f0 y\u00f0ar. 2Hughreysti\u00f0 Jer\u00fasalemog bo\u00f0i\u00f0 hennia\u00f0 \u00e1\u00fej\u00e1n hennar s\u00e9 \u00e1 enda,a\u00f0 sekt hennar s\u00e9 goldin,a\u00f0 h\u00fan hafi fengi\u00f0 tv\u00f6falt af hendi Drottinsfyrir allar syndir s\u00ednar. 3Heyr, kalla\u00f0 er:\u201eGrei\u00f0i\u00f0 Drottni veg um ey\u00f0im\u00f6rkina,ry\u00f0ji\u00f0 Gu\u00f0i vorum beina braut \u00ed au\u00f0ninni, 4s\u00e9rhver dalur skal h\u00e6kka,hvert fjall og h\u00e1ls l\u00e6kka.H\u00f3lar ver\u00f0i a\u00f0 jafnsl\u00e9ttuog hamrar a\u00f0 dalagrundum. 5\u00de\u00e1 mun d\u00fdr\u00f0 Drottins birtast og allt hold sj\u00e1 \u00fea\u00f0 samt\u00edmis\u00fev\u00ed a\u00f0 Drottinn hefur bo\u00f0a\u00f0 \u00fea\u00f0.\u201c 6Einhver segir: \u201eKalla \u00fe\u00fa,\u201cog \u00e9g spyr: \u201eHva\u00f0 \u00e1 \u00e9g a\u00f0 kalla?\u201c\u201eAllt hold er gras og allur yndisleikur \u00feess sem bl\u00f3m vallarins. 7Grasi\u00f0 visnar, bl\u00f3min <a href=\"https:\/\/biblian.is\/biblian\/jesaja-40-kafli\/\"> [&#8230;]<\/a><\/p>\n","protected":false},"author":1,"featured_media":0,"parent":0,"menu_order":0,"comment_status":"open","ping_status":"open","template":"bibliukaflar_NT.php","meta":{"footnotes":""},"class_list":["post-2336","page","type-page","status-publish","hentry"],"_links":{"self":[{"href":"https:\/\/biblian.is\/biblian\/wp-json\/wp\/v2\/pages\/2336","targetHints":{"allow":["GET"]}}],"collection":[{"href":"https:\/\/biblian.is\/biblian\/wp-json\/wp\/v2\/pages"}],"about":[{"href":"https:\/\/biblian.is\/biblian\/wp-json\/wp\/v2\/types\/page"}],"author":[{"embeddable":true,"href":"https:\/\/biblian.is\/biblian\/wp-json\/wp\/v2\/users\/1"}],"replies":[{"embeddable":true,"href":"https:\/\/biblian.is\/biblian\/wp-json\/wp\/v2\/comments?post=2336"}],"version-history":[{"count":0,"href":"https:\/\/biblian.is\/biblian\/wp-json\/wp\/v2\/pages\/2336\/revisions"}],"wp:attachment":[{"href":"https:\/\/biblian.is\/biblian\/wp-json\/wp\/v2\/media?parent=2336"}],"curies":[{"name":"wp","href":"https:\/\/api.w.org\/{rel}","templated":true}]}}