{"id":2335,"date":"2017-12-30T21:02:42","date_gmt":"2017-12-30T21:02:42","guid":{"rendered":"http:\/\/biblian.is\/biblian\/jesaja-39-kafli\/"},"modified":"2024-05-06T22:28:30","modified_gmt":"2024-05-06T22:28:30","slug":"jesaja-39-kafli","status":"publish","type":"page","link":"https:\/\/biblian.is\/biblian\/jesaja-39-kafli\/","title":{"rendered":"Jesaja 39. kafli"},"content":{"rendered":"<h3 class=\"millifyrirsogn_2007\"> Sendibo\u00f0ar fr\u00e1 Bab\u00fdlon<\/h3>\n<p><a name=\"1\"><span class=\"versanumer_2007\">1<\/span><\/a> Um \u00feetta leyti sendi Mer\u00f3dak Baladan Baladansson, konungur \u00ed Bab\u00fdlon, br\u00e9f og gj\u00f6f til Hisk\u00eda af \u00fev\u00ed a\u00f0 hann haf\u00f0i fr\u00e9tt af veikindum hans og l\u00e6kningu. <a name=\"2\"><span class=\"versanumer_2007\">2<\/span><\/a> Hisk\u00eda gladdist yfir \u00feessu og s\u00fdndi sendibo\u00f0unum fj\u00e1rhirslu s\u00edna, silfri\u00f0, gulli\u00f0, balsami\u00f0 og \u00farvalsol\u00eduna, vopnab\u00far sitt og allt anna\u00f0 sem var\u00f0veitt var \u00ed fj\u00e1rhirslu hans. \u00cd h\u00f6ll hans e\u00f0a r\u00edki var enginn s\u00e1 hlutur sem hann s\u00fdndi \u00feeim ekki.<br \/> <a name=\"3\"><span class=\"versanumer_2007\">3<\/span><\/a> Jesaja sp\u00e1ma\u00f0ur kom \u00fe\u00e1 til Hisk\u00eda konungs og spur\u00f0i: \u201eHva\u00f0 vildu \u00feessir menn og hva\u00f0an komu \u00feeir?\u201c Hisk\u00eda svara\u00f0i: \u201e\u00deeir komu fr\u00e1 fjarl\u00e6gu landi, alla lei\u00f0 fr\u00e1 Bab\u00fdlon.\u201c <a name=\"4\"><span class=\"versanumer_2007\">4<\/span><\/a> \u00de\u00e1 spur\u00f0i Jesaja: \u201eHva\u00f0 s\u00e1u \u00feeir \u00ed h\u00fasi \u00fe\u00ednu?\u201c Hisk\u00eda svara\u00f0i: \u201e\u00deeir s\u00e1u allt sem er \u00ed h\u00fasi m\u00ednu. \u00cd fj\u00e1rhirslum m\u00ednum er enginn s\u00e1 hlutur sem \u00e9g s\u00fdndi \u00feeim ekki.\u201c<br \/> <a name=\"5\"><span class=\"versanumer_2007\">5<\/span><\/a> \u00de\u00e1 sag\u00f0i Jesaja vi\u00f0 Hisk\u00eda: \u201eHl\u00fdddu \u00e1 or\u00f0 Drottins allsherjar: <a name=\"6\"><span class=\"versanumer_2007\">6<\/span><\/a> S\u00e1 t\u00edmi mun koma a\u00f0 allt sem er \u00ed h\u00fasi \u00fe\u00ednu og allt sem forfe\u00f0ur \u00fe\u00ednir hafa safna\u00f0 til \u00feessa dags ver\u00f0ur flutt til Bab\u00fdlonar. Ekkert ver\u00f0ur eftir, segir Drottinn. <a name=\"7\"><span class=\"versanumer_2007\">7<\/span><\/a> Nokkrir af sonum \u00fe\u00ednum, ni\u00f0jum \u00fe\u00ednum, sem \u00fe\u00fa \u00e1tt eftir a\u00f0 eignast, ver\u00f0a teknir og ger\u00f0ir a\u00f0 herbergis\u00fej\u00f3num Bab\u00fdlon\u00edukonungs.\u201c <a name=\"8\"><span class=\"versanumer_2007\">8<\/span><\/a> Hisk\u00eda svara\u00f0i Jesaja og sag\u00f0i: \u201eGott er \u00fea\u00f0 or\u00f0 sem \u00fe\u00fa hefur flutt m\u00e9r fr\u00e1 Drottni.\u201c En hann hugsa\u00f0i me\u00f0 s\u00e9r: \u201e\u00dea\u00f0 ver\u00f0ur \u00fe\u00f3 fri\u00f0ur og festa \u00e1 me\u00f0an \u00e9g lifi.\u201c<\/p>\n","protected":false},"excerpt":{"rendered":"<p>Sendibo\u00f0ar fr\u00e1 Bab\u00fdlon 1 Um \u00feetta leyti sendi Mer\u00f3dak Baladan Baladansson, konungur \u00ed Bab\u00fdlon, br\u00e9f og gj\u00f6f til Hisk\u00eda af \u00fev\u00ed a\u00f0 hann haf\u00f0i fr\u00e9tt af veikindum hans og l\u00e6kningu. 2 Hisk\u00eda gladdist yfir \u00feessu og s\u00fdndi sendibo\u00f0unum fj\u00e1rhirslu s\u00edna, silfri\u00f0, gulli\u00f0, balsami\u00f0 og \u00farvalsol\u00eduna, vopnab\u00far sitt og allt anna\u00f0 sem var\u00f0veitt var \u00ed fj\u00e1rhirslu hans. \u00cd h\u00f6ll hans e\u00f0a r\u00edki var enginn s\u00e1 hlutur sem hann s\u00fdndi \u00feeim ekki. 3 Jesaja sp\u00e1ma\u00f0ur kom \u00fe\u00e1 til Hisk\u00eda konungs og spur\u00f0i: \u201eHva\u00f0 vildu \u00feessir menn og hva\u00f0an komu \u00feeir?\u201c Hisk\u00eda svara\u00f0i: \u201e\u00deeir komu fr\u00e1 fjarl\u00e6gu landi, alla lei\u00f0 fr\u00e1 Bab\u00fdlon.\u201c 4 <a href=\"https:\/\/biblian.is\/biblian\/jesaja-39-kafli\/\"> [&#8230;]<\/a><\/p>\n","protected":false},"author":1,"featured_media":0,"parent":0,"menu_order":0,"comment_status":"open","ping_status":"open","template":"bibliukaflar_NT.php","meta":{"footnotes":""},"class_list":["post-2335","page","type-page","status-publish","hentry"],"_links":{"self":[{"href":"https:\/\/biblian.is\/biblian\/wp-json\/wp\/v2\/pages\/2335","targetHints":{"allow":["GET"]}}],"collection":[{"href":"https:\/\/biblian.is\/biblian\/wp-json\/wp\/v2\/pages"}],"about":[{"href":"https:\/\/biblian.is\/biblian\/wp-json\/wp\/v2\/types\/page"}],"author":[{"embeddable":true,"href":"https:\/\/biblian.is\/biblian\/wp-json\/wp\/v2\/users\/1"}],"replies":[{"embeddable":true,"href":"https:\/\/biblian.is\/biblian\/wp-json\/wp\/v2\/comments?post=2335"}],"version-history":[{"count":0,"href":"https:\/\/biblian.is\/biblian\/wp-json\/wp\/v2\/pages\/2335\/revisions"}],"wp:attachment":[{"href":"https:\/\/biblian.is\/biblian\/wp-json\/wp\/v2\/media?parent=2335"}],"curies":[{"name":"wp","href":"https:\/\/api.w.org\/{rel}","templated":true}]}}