{"id":2334,"date":"2017-12-30T21:02:42","date_gmt":"2017-12-30T21:02:42","guid":{"rendered":"http:\/\/biblian.is\/biblian\/jesaja-38-kafli\/"},"modified":"2024-05-06T22:28:29","modified_gmt":"2024-05-06T22:28:29","slug":"jesaja-38-kafli","status":"publish","type":"page","link":"https:\/\/biblian.is\/biblian\/jesaja-38-kafli\/","title":{"rendered":"Jesaja 38. kafli"},"content":{"rendered":"<h3 class=\"millifyrirsogn_2007\"> Veikindi Hisk\u00eda konungs<\/h3>\n<p><a name=\"1\"><span class=\"versanumer_2007\">1<\/span><\/a> Um \u00feessar mundir veiktist Hisk\u00eda og var a\u00f0 dau\u00f0a kominn. Sp\u00e1ma\u00f0urinn Jesaja Amotsson kom \u00fe\u00e1 til hans og sag\u00f0i: \u201eSvo segir Drottinn: R\u00e1\u00f0stafa eigum \u00fe\u00ednum \u00fev\u00ed a\u00f0 \u00fe\u00fa munt deyja en ekki lifa.\u201c <a name=\"2\"><span class=\"versanumer_2007\">2<\/span><\/a> Hann sneri s\u00e9r \u00fe\u00e1 til veggjar og ba\u00f0 til Drottins <a name=\"3\"><span class=\"versanumer_2007\">3<\/span><\/a> og sag\u00f0i: \u201eMinnstu \u00feess n\u00fa, Drottinn, a\u00f0 \u00e9g hef breytt \u00ed tr\u00fafesti og af einl\u00e6gni fyrir augliti \u00fe\u00ednu og gert \u00fea\u00f0 sem gott er \u00ed augum \u00fe\u00ednum.\u201c Og Hisk\u00eda gr\u00e9t s\u00e1ran. <a name=\"4\"><span class=\"versanumer_2007\">4<\/span><\/a> Or\u00f0 Drottins kom \u00fe\u00e1 til Jesaja: <a name=\"5\"><span class=\"versanumer_2007\">5<\/span><\/a> \u201eFar\u00f0u og seg\u00f0u vi\u00f0 Hisk\u00eda: Svo segir Drottinn, Gu\u00f0 Dav\u00ed\u00f0s, forf\u00f6\u00f0ur \u00fe\u00edns: \u00c9g hef heyrt b\u00e6n \u00fe\u00edna og \u00e9g hef s\u00e9\u00f0 t\u00e1r \u00fe\u00edn. \u00c9g \u00e6tla a\u00f0 lengja \u00e6vi \u00fe\u00edna um fimmt\u00e1n \u00e1r. <a name=\"6\"><span class=\"versanumer_2007\">6<\/span><\/a> \u00c9g mun bjarga \u00fe\u00e9r og \u00feessari borg \u00far h\u00f6ndum Ass\u00fdr\u00edukonungs og \u00e9g mun vernda \u00feessa borg.\u201c <a name=\"7\"><span class=\"versanumer_2007\">7<\/span><\/a> \u00deetta er t\u00e1kni\u00f0 fr\u00e1 Drottni um a\u00f0 hann muni gera \u00fea\u00f0 sem hann hefur heiti\u00f0: <a name=\"8\"><span class=\"versanumer_2007\">8<\/span><\/a> \u00c9g l\u00e6t skuggann, sem \u00feegar er kominn ni\u00f0ur \u00e1 s\u00f3lsk\u00edfu Akasar, f\u00e6ra sig upp um t\u00edu stig. \u00de\u00e1 f\u00e6r\u00f0i s\u00f3lin sig aftur um \u00feau t\u00edu stig sem h\u00fan haf\u00f0i f\u00e6rt sig fram.<\/p>\n<h3 class=\"millifyrirsogn_2007\">\u00deakkars\u00e1lmur Hisk\u00eda<\/h3>\n<p><a name=\"9\"><span class=\"versanumer_2007\">9<\/span><\/a> S\u00e1lmur sem Hisk\u00eda, konungur J\u00fada, orti \u00feegar hann haf\u00f0i n\u00e1\u00f0 s\u00e9r af veikindum s\u00ednum:<br \/> <span class=\"ljodatexti\"> <a name=\"10\"><span class=\"versanumer_ljod\">10<\/span><\/a>\u00c9g sag\u00f0i: \u00c1 mi\u00f0jum aldri ver\u00f0 \u00e9g a\u00f0 fara burt,<br \/>kvaddur a\u00f0 hli\u00f0i heljar<br \/>\u00feau \u00e1r sem \u00e9g \u00e1 eftir.<br \/> <\/span> <span class=\"ljodatexti\"> <a name=\"11\"><span class=\"versanumer_ljod\">11<\/span><\/a>\u00c9g sag\u00f0i: \u00c9g f\u00e6 ekki a\u00f0 l\u00edta Drottin<br \/>\u00e1 landi lifenda,<br \/>f\u00e6 ekki framar menn a\u00f0 sj\u00e1<br \/>me\u00f0al \u00feeirra sem byggja heiminn.<br \/> <\/span> <span class=\"ljodatexti\"> <a name=\"12\"><span class=\"versanumer_ljod\">12<\/span><\/a>B\u00fasta\u00f0ur minn var rifinn ni\u00f0ur,<br \/>vafinn saman eins og tjald hjar\u00f0manns.<br \/>\u00de\u00fa vaf\u00f0ir l\u00edf mitt upp eins og vefari,<br \/>skarst mig fr\u00e1 uppist\u00f6\u00f0unni.<br \/>Fr\u00e1 morgni til kv\u00f6lds \u00fejakar \u00fe\u00fa mig.<br \/> <\/span> <span class=\"ljodatexti\"> <a name=\"13\"><span class=\"versanumer_ljod\">13<\/span><\/a>Allt til morguns hr\u00f3pa\u00f0i \u00e9g \u00e1 hj\u00e1lp,<br \/>hann mola\u00f0i \u00f6ll m\u00edn bein eins og lj\u00f3n.<br \/> <\/span> <span class=\"ljodatexti\"> <a name=\"14\"><span class=\"versanumer_ljod\">14<\/span><\/a>\u00c9g t\u00edsti eins og svala,<br \/>kurra\u00f0i sem d\u00fafa,<br \/>augu m\u00edn m\u00e6na til h\u00e6\u00f0a.<br \/>Drottinn, \u00e9g er a\u00f0\u00ferengdur,<br \/>bjarga\u00f0u m\u00e9r.<br \/> <\/span> <span class=\"ljodatexti\"> <a name=\"15\"><span class=\"versanumer_ljod\">15<\/span><\/a>Hva\u00f0 get \u00e9g sagt? <br \/>Hann hefur b\u00e6\u00f0i sagt m\u00e9r \u00feetta<br \/>og gert \u00fea\u00f0 sj\u00e1lfur.<br \/>\u00c9g vil ganga \u00ed au\u00f0m\u00fdkt \u00f6ll \u00e6vi\u00e1r m\u00edn<br \/>\u00fer\u00e1tt fyrir beiskju l\u00edfs m\u00edns.<br \/> <\/span> <span class=\"ljodatexti\"> <a name=\"16\"><span class=\"versanumer_ljod\">16<\/span><\/a>Drottinn, vegna \u00feessa lifa menn<br \/>og \u00fev\u00ed mun l\u00edf mitt styrkjast<br \/>og \u00fe\u00fa munt veita m\u00e9r heilsu og l\u00edf.<br \/> <\/span> <span class=\"ljodatexti\"> <a name=\"17\"><span class=\"versanumer_ljod\">17<\/span><\/a>Beiskja m\u00edn var\u00f0 m\u00e9r til g\u00f3\u00f0s,<br \/>\u00fe\u00fa var\u00f0veittir l\u00edf mitt<br \/>fr\u00e1 gr\u00f6f ey\u00f0ingarinnar<br \/>\u00fev\u00ed a\u00f0 \u00fe\u00fa varpa\u00f0ir \u00f6llum syndum m\u00ednum<br \/>aftur fyrir \u00feig.<br \/> <\/span> <span class=\"ljodatexti\"> <a name=\"18\"><span class=\"versanumer_ljod\">18<\/span><\/a>Helja \u00feakkar \u00fe\u00e9r ekki, <br \/>dau\u00f0inn lofar \u00feig ekki, <br \/>\u00feeir sem hverfa \u00ed gr\u00f6fina<br \/>vona ekki \u00e1 tr\u00fafesti \u00fe\u00edna.<br \/> <\/span> <span class=\"ljodatexti\"> <a name=\"19\"><span class=\"versanumer_ljod\">19<\/span><\/a>S\u00e1 einn sem lifir \u00feakkar \u00fe\u00e9r<br \/>eins og \u00e9g n\u00fa \u00ed dag.<br \/>Fe\u00f0ur munu segja b\u00f6rnum s\u00ednum<br \/>fr\u00e1 tr\u00fafesti \u00feinni.<br \/> <\/span> <span class=\"ljodatexti\"> <a name=\"20\"><span class=\"versanumer_ljod\">20<\/span><\/a>Drottinn, \u00fe\u00e9r \u00fe\u00f3kna\u00f0ist a\u00f0 hj\u00e1lpa m\u00e9r,<br \/>\u00fev\u00ed skulum v\u00e9r leika \u00e1 strengi<br \/>vi\u00f0 h\u00fas Drottins<br \/>alla \u00e6vidaga vora. <\/span> <br \/> <a name=\"21\"><span class=\"versanumer_2007\">21<\/span><\/a> Og Jesaja bau\u00f0 a\u00f0 taka skyldi f\u00edkjudeig og leggja \u00e1 k\u00fdli\u00f0 og mundi honum \u00fe\u00e1 batna. <a name=\"22\"><span class=\"versanumer_2007\">22<\/span><\/a> En Hisk\u00eda sag\u00f0i: \u201eHva\u00f0 skal \u00e9g hafa til marks um \u00fea\u00f0 a\u00f0 \u00e9g megi aftur ganga upp \u00ed h\u00fas Drottins?\u201c<\/p>\n","protected":false},"excerpt":{"rendered":"<p>Veikindi Hisk\u00eda konungs 1 Um \u00feessar mundir veiktist Hisk\u00eda og var a\u00f0 dau\u00f0a kominn. Sp\u00e1ma\u00f0urinn Jesaja Amotsson kom \u00fe\u00e1 til hans og sag\u00f0i: \u201eSvo segir Drottinn: R\u00e1\u00f0stafa eigum \u00fe\u00ednum \u00fev\u00ed a\u00f0 \u00fe\u00fa munt deyja en ekki lifa.\u201c 2 Hann sneri s\u00e9r \u00fe\u00e1 til veggjar og ba\u00f0 til Drottins 3 og sag\u00f0i: \u201eMinnstu \u00feess n\u00fa, Drottinn, a\u00f0 \u00e9g hef breytt \u00ed tr\u00fafesti og af einl\u00e6gni fyrir augliti \u00fe\u00ednu og gert \u00fea\u00f0 sem gott er \u00ed augum \u00fe\u00ednum.\u201c Og Hisk\u00eda gr\u00e9t s\u00e1ran. 4 Or\u00f0 Drottins kom \u00fe\u00e1 til Jesaja: 5 \u201eFar\u00f0u og seg\u00f0u vi\u00f0 Hisk\u00eda: Svo segir Drottinn, Gu\u00f0 Dav\u00ed\u00f0s, forf\u00f6\u00f0ur \u00fe\u00edns: <a href=\"https:\/\/biblian.is\/biblian\/jesaja-38-kafli\/\"> [&#8230;]<\/a><\/p>\n","protected":false},"author":1,"featured_media":0,"parent":0,"menu_order":0,"comment_status":"open","ping_status":"open","template":"bibliukaflar_NT.php","meta":{"footnotes":""},"class_list":["post-2334","page","type-page","status-publish","hentry"],"_links":{"self":[{"href":"https:\/\/biblian.is\/biblian\/wp-json\/wp\/v2\/pages\/2334","targetHints":{"allow":["GET"]}}],"collection":[{"href":"https:\/\/biblian.is\/biblian\/wp-json\/wp\/v2\/pages"}],"about":[{"href":"https:\/\/biblian.is\/biblian\/wp-json\/wp\/v2\/types\/page"}],"author":[{"embeddable":true,"href":"https:\/\/biblian.is\/biblian\/wp-json\/wp\/v2\/users\/1"}],"replies":[{"embeddable":true,"href":"https:\/\/biblian.is\/biblian\/wp-json\/wp\/v2\/comments?post=2334"}],"version-history":[{"count":0,"href":"https:\/\/biblian.is\/biblian\/wp-json\/wp\/v2\/pages\/2334\/revisions"}],"wp:attachment":[{"href":"https:\/\/biblian.is\/biblian\/wp-json\/wp\/v2\/media?parent=2334"}],"curies":[{"name":"wp","href":"https:\/\/api.w.org\/{rel}","templated":true}]}}