{"id":2332,"date":"2017-12-30T21:02:42","date_gmt":"2017-12-30T21:02:42","guid":{"rendered":"http:\/\/biblian.is\/biblian\/jesaja-36-kafli\/"},"modified":"2024-05-06T22:28:29","modified_gmt":"2024-05-06T22:28:29","slug":"jesaja-36-kafli","status":"publish","type":"page","link":"https:\/\/biblian.is\/biblian\/jesaja-36-kafli\/","title":{"rendered":"Jesaja 36. kafli"},"content":{"rendered":"<h2 class=\"millifyrirsogn_2007\">S\u00f6gukaflar <\/h2>\n<h3 class=\"millifyrirsogn_2007\">Sanher\u00edb \u00f3gnar J\u00fada<\/h3>\n<p><a name=\"1\"><span class=\"versanumer_2007\">1<\/span><\/a> Svo bar vi\u00f0 \u00e1 fj\u00f3rt\u00e1nda stj\u00f3rnar\u00e1ri Hisk\u00eda konungs a\u00f0 Sanher\u00edb Ass\u00fdr\u00edukonungur r\u00e9\u00f0st gegn \u00f6llum v\u00edggirtum borgum \u00ed J\u00fada og t\u00f3k \u00fe\u00e6r. <a name=\"2\"><span class=\"versanumer_2007\">2<\/span><\/a> Ass\u00fdr\u00edukonungur sendi \u00fev\u00ed n\u00e6st yfirskenkjara sinn me\u00f0 miki\u00f0 herli\u00f0 fr\u00e1 Lak\u00eds til Jer\u00fasalem \u00e1 fund Hisk\u00eda konungs. Hann nam sta\u00f0ar hj\u00e1 vatnslei\u00f0slunni \u00far efri tj\u00f6rninni vi\u00f0 veginn \u00fat \u00e1 \u00fevottav\u00f6llinn. <a name=\"3\"><span class=\"versanumer_2007\">3<\/span><\/a> Eljak\u00edm Hilk\u00edason hir\u00f0stj\u00f3ri kom \u00fat til hans \u00e1samt Sebna r\u00edkisritara og J\u00f3ak Asafssyni kallara.<br \/> <a name=\"4\"><span class=\"versanumer_2007\">4<\/span><\/a> Yfirskenkjarinn sag\u00f0i vi\u00f0 \u00fe\u00e1: \u201eSegi\u00f0 Hisk\u00eda: Svo segir st\u00f3rkonungurinn, konungur Ass\u00fdr\u00edu: Hva\u00f0 er \u00fea\u00f0 sem \u00fe\u00fa sty\u00f0st vi\u00f0? <a name=\"5\"><span class=\"versanumer_2007\">5<\/span><\/a> Heldur \u00fe\u00fa a\u00f0 or\u00f0in ein dugi sem r\u00e1\u00f0 og styrkur \u00ed herna\u00f0i? \u00c1 hvern treystir\u00f0u \u00far \u00fev\u00ed a\u00f0 \u00fe\u00fa hefur gert uppreisn gegn m\u00e9r? <a name=\"6\"><span class=\"versanumer_2007\">6<\/span><\/a> \u00de\u00fa treystir sj\u00e1lfsagt \u00e1 \u00feennan brotna reyrstaf, Egyptaland, sem stingst inn \u00ed h\u00f6nd \u00feess sem sty\u00f0ur sig vi\u00f0 hann og fer \u00ed gegnum hana. \u00deannig reynist fara\u00f3, konungur Egyptalands, hverjum \u00feeim sem treystir \u00e1 hann. <a name=\"7\"><span class=\"versanumer_2007\">7<\/span><\/a> En ef \u00fe\u00fa segir vi\u00f0 mig: V\u00e9r treystum Drottni, Gu\u00f0i vorum, \u00fe\u00e1 spyr \u00e9g: Voru \u00fea\u00f0 ekki f\u00f3rnarh\u00e6\u00f0ir hans og \u00f6lturu sem Hisk\u00eda lag\u00f0i af er hann sag\u00f0i vi\u00f0 \u00edb\u00faa J\u00fada og Jer\u00fasalem: Fyrir altarinu \u00ed Jer\u00fasalem einu skulu\u00f0 \u00fe\u00e9r falla fram. <a name=\"8\"><span class=\"versanumer_2007\">8<\/span><\/a> N\u00fa skaltu ve\u00f0ja vi\u00f0 h\u00fasb\u00f3nda minn, Ass\u00fdr\u00edukonung: \u00c9g skal gefa \u00fe\u00e9r tv\u00f6 \u00fe\u00fasund hesta ef \u00fe\u00fa getur sett \u00e1 \u00fe\u00e1 riddara. <a name=\"9\"><span class=\"versanumer_2007\">9<\/span><\/a> Hvernig mun \u00fe\u00e9r takast a\u00f0 reka \u00e1 fl\u00f3tta nokkurn landstj\u00f3ra h\u00fasb\u00f3nda m\u00edns, jafnvel \u00feann aumasta \u00feeirra, \u00far \u00fev\u00ed a\u00f0 \u00fe\u00fa treystir \u00e1 Egyptaland um str\u00ed\u00f0svagna og vagnstj\u00f3ra? <a name=\"10\"><span class=\"versanumer_2007\">10<\/span><\/a> A\u00f0 s\u00ed\u00f0ustu: Heldur \u00fe\u00fa a\u00f0 \u00e9g hafi fari\u00f0 til \u00feessa lands gegn vilja Drottins? Nei, \u00fea\u00f0 var Drottinn sj\u00e1lfur sem sag\u00f0i vi\u00f0 mig: Far\u00f0u gegn \u00feessu landi og legg\u00f0u \u00fea\u00f0 \u00ed ey\u00f0i.\u201c<br \/> <a name=\"11\"><span class=\"versanumer_2007\">11<\/span><\/a> \u00de\u00e1 sv\u00f6ru\u00f0u Eljak\u00edm, Sebna og J\u00f3ak yfirskenkjaranum: \u201eTala\u00f0u arame\u00edsku vi\u00f0 \u00fej\u00f3na \u00fe\u00edna. V\u00e9r skiljum hana. En \u00fe\u00fa skalt ekki \u00e1varpa oss \u00e1 hebresku \u00ed \u00e1heyrn f\u00f3lksins sem stendur \u00e1 borgarm\u00farnum.\u201c<br \/> <a name=\"12\"><span class=\"versanumer_2007\">12<\/span><\/a> \u00de\u00e1 sag\u00f0i yfirskenkjarinn: \u201eHeldur \u00fe\u00fa a\u00f0 h\u00fasb\u00f3ndi minn hafi a\u00f0eins sent mig til h\u00fasb\u00f3nda \u00fe\u00edns og til \u00fe\u00edn me\u00f0 \u00feessi skilabo\u00f0? Eru \u00feau ekki einmitt til f\u00f3lksins sem situr \u00fearna \u00e1 borgarm\u00farnum og mun \u00e1samt y\u00f0ur ney\u00f0ast til a\u00f0 leggja s\u00e9r sinn eigin saur til munns og drekka sitt eigi\u00f0 \u00fevag?\u201c<br \/> <a name=\"13\"><span class=\"versanumer_2007\">13<\/span><\/a> \u00dev\u00ed n\u00e6st gekk yfirskenkjarinn fram og hr\u00f3pa\u00f0i h\u00e1tt og snjallt \u00e1 hebresku: \u201eHeyri\u00f0 or\u00f0 st\u00f3rkonungsins, konungs Ass\u00fdr\u00edu: <a name=\"14\"><span class=\"versanumer_2007\">14<\/span><\/a> Svo segir konungurinn: L\u00e1ti\u00f0 Hisk\u00eda ekki blekkja y\u00f0ur \u00fev\u00ed a\u00f0 hann er ekki f\u00e6r um a\u00f0 bjarga y\u00f0ur. <a name=\"15\"><span class=\"versanumer_2007\">15<\/span><\/a> Og l\u00e1ti\u00f0 Hisk\u00eda ekki koma y\u00f0ur til a\u00f0 treysta Drottni me\u00f0 \u00fev\u00ed a\u00f0 segja: Drottinn mun \u00e1rei\u00f0anlega bjarga oss. \u00deessi borg skal ekki afhent Ass\u00fdr\u00edukonungi. <a name=\"16\"><span class=\"versanumer_2007\">16<\/span><\/a> Hlusti\u00f0 ekki \u00e1 Hisk\u00eda \u00fev\u00ed a\u00f0 konungur Ass\u00fdr\u00edu segir: Semji\u00f0 vi\u00f0 mig og gangi\u00f0 m\u00e9r \u00e1 h\u00f6nd. \u00de\u00e1 mun s\u00e9rhver y\u00f0ar geta neytt af eigin v\u00ednvi\u00f0i og eigin f\u00edkjutr\u00e9 og drukki\u00f0 vatn \u00far eigin brunni <a name=\"17\"><span class=\"versanumer_2007\">17<\/span><\/a> uns \u00e9g kem og flyt y\u00f0ur til lands sem l\u00edkist y\u00f0ar eigin landi. \u00dea\u00f0 er land sem er au\u00f0ugt af korni og v\u00ednberjasafa, brau\u00f0i og v\u00edng\u00f6r\u00f0um. <a name=\"18\"><span class=\"versanumer_2007\">18<\/span><\/a> L\u00e1ti\u00f0 Hisk\u00eda ekki blekkja y\u00f0ur me\u00f0 \u00fev\u00ed a\u00f0 segja: Drottinn mun bjarga oss. Hefur nokkur gu\u00f0 annarra \u00fej\u00f3\u00f0a bjarga\u00f0 landi s\u00ednu \u00far greipum Ass\u00fdr\u00edukonungs? <a name=\"19\"><span class=\"versanumer_2007\">19<\/span><\/a> Hvar eru gu\u00f0ir borganna Hamat og Arpad? Hvar eru gu\u00f0ir Sefarva\u00edms? <a name=\"20\"><span class=\"versanumer_2007\">20<\/span><\/a> Hverjir af gu\u00f0um \u00feessara landa hafa bjarga\u00f0 landi s\u00ednu \u00far greipum m\u00ednum? Hvernig \u00e6tti Drottinn \u00fe\u00e1 a\u00f0 geta bjarga\u00f0 Jer\u00fasalem \u00far hendi minni?\u201c<br \/> <a name=\"21\"><span class=\"versanumer_2007\">21<\/span><\/a> En f\u00f3lki\u00f0 \u00feag\u00f0i og svara\u00f0i honum ekki einu or\u00f0i \u00fev\u00ed a\u00f0 konungurinn haf\u00f0i sagt: \u201eSvari\u00f0 honum ekki.\u201c<br \/> <a name=\"22\"><span class=\"versanumer_2007\">22<\/span><\/a> Eljak\u00edm hir\u00f0stj\u00f3ri gekk \u00fe\u00e1 \u00e1samt Sebna r\u00edkisritara og J\u00f3ak Asafssyni kallara \u00ed sundurrifnum kl\u00e6\u00f0um til Hisk\u00eda og \u00feeir s\u00f6g\u00f0u honum hva\u00f0 yfirskenkjarinn haf\u00f0i sagt.<\/p>\n","protected":false},"excerpt":{"rendered":"<p>S\u00f6gukaflar Sanher\u00edb \u00f3gnar J\u00fada 1 Svo bar vi\u00f0 \u00e1 fj\u00f3rt\u00e1nda stj\u00f3rnar\u00e1ri Hisk\u00eda konungs a\u00f0 Sanher\u00edb Ass\u00fdr\u00edukonungur r\u00e9\u00f0st gegn \u00f6llum v\u00edggirtum borgum \u00ed J\u00fada og t\u00f3k \u00fe\u00e6r. 2 Ass\u00fdr\u00edukonungur sendi \u00fev\u00ed n\u00e6st yfirskenkjara sinn me\u00f0 miki\u00f0 herli\u00f0 fr\u00e1 Lak\u00eds til Jer\u00fasalem \u00e1 fund Hisk\u00eda konungs. Hann nam sta\u00f0ar hj\u00e1 vatnslei\u00f0slunni \u00far efri tj\u00f6rninni vi\u00f0 veginn \u00fat \u00e1 \u00fevottav\u00f6llinn. 3 Eljak\u00edm Hilk\u00edason hir\u00f0stj\u00f3ri kom \u00fat til hans \u00e1samt Sebna r\u00edkisritara og J\u00f3ak Asafssyni kallara. 4 Yfirskenkjarinn sag\u00f0i vi\u00f0 \u00fe\u00e1: \u201eSegi\u00f0 Hisk\u00eda: Svo segir st\u00f3rkonungurinn, konungur Ass\u00fdr\u00edu: Hva\u00f0 er \u00fea\u00f0 sem \u00fe\u00fa sty\u00f0st vi\u00f0? 5 Heldur \u00fe\u00fa a\u00f0 or\u00f0in ein dugi sem r\u00e1\u00f0 <a href=\"https:\/\/biblian.is\/biblian\/jesaja-36-kafli\/\"> [&#8230;]<\/a><\/p>\n","protected":false},"author":1,"featured_media":0,"parent":0,"menu_order":0,"comment_status":"open","ping_status":"open","template":"bibliukaflar_NT.php","meta":{"footnotes":""},"class_list":["post-2332","page","type-page","status-publish","hentry"],"_links":{"self":[{"href":"https:\/\/biblian.is\/biblian\/wp-json\/wp\/v2\/pages\/2332","targetHints":{"allow":["GET"]}}],"collection":[{"href":"https:\/\/biblian.is\/biblian\/wp-json\/wp\/v2\/pages"}],"about":[{"href":"https:\/\/biblian.is\/biblian\/wp-json\/wp\/v2\/types\/page"}],"author":[{"embeddable":true,"href":"https:\/\/biblian.is\/biblian\/wp-json\/wp\/v2\/users\/1"}],"replies":[{"embeddable":true,"href":"https:\/\/biblian.is\/biblian\/wp-json\/wp\/v2\/comments?post=2332"}],"version-history":[{"count":0,"href":"https:\/\/biblian.is\/biblian\/wp-json\/wp\/v2\/pages\/2332\/revisions"}],"wp:attachment":[{"href":"https:\/\/biblian.is\/biblian\/wp-json\/wp\/v2\/media?parent=2332"}],"curies":[{"name":"wp","href":"https:\/\/api.w.org\/{rel}","templated":true}]}}