{"id":2331,"date":"2017-12-30T21:02:42","date_gmt":"2017-12-30T21:02:42","guid":{"rendered":"http:\/\/biblian.is\/biblian\/jesaja-35-kafli\/"},"modified":"2024-05-06T22:28:29","modified_gmt":"2024-05-06T22:28:29","slug":"jesaja-35-kafli","status":"publish","type":"page","link":"https:\/\/biblian.is\/biblian\/jesaja-35-kafli\/","title":{"rendered":"Jesaja 35. kafli"},"content":{"rendered":"<h3 class=\"millifyrirsogn_2007\"> Ey\u00f0im\u00f6rkin bl\u00f3mgast<\/h3>\n<p><span class=\"ljodatexti\"> <a name=\"1\"><span class=\"versanumer_ljod\">1<\/span><\/a>Ey\u00f0im\u00f6rkin og skr\u00e6lna\u00f0 landi\u00f0 gle\u00f0jist, <br \/>\u00f6r\u00e6fin fagni og bl\u00f3mstri.<br \/> <\/span> <span class=\"ljodatexti\"> <a name=\"2\"><span class=\"versanumer_ljod\">2<\/span><\/a>Eins og dverglilja skal h\u00fan bl\u00f3mgast,<br \/>gle\u00f0jast, gle\u00f0jast og fagna.<br \/>Vegsemd L\u00edbanons veitist henni,<br \/>skart Karmels og Sarons. <br \/>Menn munu sj\u00e1 d\u00fdr\u00f0 Drottins og vegsemd Gu\u00f0s vors.<br \/> <\/span> <span class=\"ljodatexti\"> <a name=\"3\"><span class=\"versanumer_ljod\">3<\/span><\/a>Styrki\u00f0 m\u00e1ttvana hendur,<br \/>sty\u00f0ji\u00f0 magn\u00ferota hn\u00e9,<br \/> <\/span> <span class=\"ljodatexti\"> <a name=\"4\"><span class=\"versanumer_ljod\">4<\/span><\/a>segi\u00f0 vi\u00f0 \u00fe\u00e1 sem brestur kjark:<br \/>\u201eVeri\u00f0 hughraustir, \u00f3ttist ekki,<br \/>sj\u00e1i\u00f0, h\u00e9r er Gu\u00f0 y\u00f0ar, hefndin kemur,<br \/>endurgjald fr\u00e1 Gu\u00f0i,<br \/>hann kemur sj\u00e1lfur og bjargar y\u00f0ur.\u201c<br \/> <\/span> <span class=\"ljodatexti\"> <a name=\"5\"><span class=\"versanumer_ljod\">5<\/span><\/a>\u00de\u00e1 munu augu blindra lj\u00fakast upp<br \/>og eyru daufra opnast.<br \/> <\/span> <span class=\"ljodatexti\"> <a name=\"6\"><span class=\"versanumer_ljod\">6<\/span><\/a>\u00de\u00e1 stekkur hinn halti sem hj\u00f6rtur<br \/>og tunga hins m\u00e1llausa fagnar.<br \/>J\u00e1, vatnslindir spretta upp \u00ed ey\u00f0im\u00f6rkinni<br \/>og l\u00e6kir \u00ed au\u00f0ninni.<br \/> <\/span> <span class=\"ljodatexti\"> <a name=\"7\"><span class=\"versanumer_ljod\">7<\/span><\/a>Gl\u00f3andi sandurinn ver\u00f0ur a\u00f0 tj\u00f6rn<br \/>og \u00feyrst j\u00f6r\u00f0in a\u00f0 uppsprettum.<br \/>\u00dear sem sjakalar h\u00f6f\u00f0ust vi\u00f0 \u00e1\u00f0ur<br \/>sprettur st\u00f6r, reyr og sef.<br \/> <\/span> <span class=\"ljodatexti\"> <a name=\"8\"><span class=\"versanumer_ljod\">8<\/span><\/a>\u00dear ver\u00f0ur brei\u00f0 braut<br \/>sem skal heita Brautin helga.<br \/>Enginn \u00f3hreinn m\u00e1 hana ganga<br \/>\u00fev\u00ed a\u00f0 h\u00fan er \u00e6tlu\u00f0 l\u00fd\u00f0 Gu\u00f0s a\u00f0 fara um<br \/>og heimskingjar munu ekki villast \u00fear.<br \/> <\/span> <span class=\"ljodatexti\"> <a name=\"9\"><span class=\"versanumer_ljod\">9<\/span><\/a>\u00dear ver\u00f0ur ekkert lj\u00f3n,<br \/>ekkert glefsandi r\u00e1nd\u00fdr fer \u00fear um,<br \/>\u00fear ver\u00f0ur \u00feau ekki a\u00f0 finna.<br \/>\u00dear munu a\u00f0eins endurleystir ganga.<br \/> <\/span> <span class=\"ljodatexti\"> <a name=\"10\"><span class=\"versanumer_ljod\">10<\/span><\/a>Hinir endurkeyptu Drottins hverfa aftur<br \/>og koma fagnandi til S\u00edonar,<br \/>eil\u00edf gle\u00f0i fer fyrir \u00feeim,<br \/>f\u00f6gnu\u00f0ur og gle\u00f0i fylgja \u00feeim<br \/>en sorg og m\u00e6\u00f0a fl\u00fdja. <\/span> <\/p>\n","protected":false},"excerpt":{"rendered":"<p>Ey\u00f0im\u00f6rkin bl\u00f3mgast 1Ey\u00f0im\u00f6rkin og skr\u00e6lna\u00f0 landi\u00f0 gle\u00f0jist, \u00f6r\u00e6fin fagni og bl\u00f3mstri. 2Eins og dverglilja skal h\u00fan bl\u00f3mgast,gle\u00f0jast, gle\u00f0jast og fagna.Vegsemd L\u00edbanons veitist henni,skart Karmels og Sarons. Menn munu sj\u00e1 d\u00fdr\u00f0 Drottins og vegsemd Gu\u00f0s vors. 3Styrki\u00f0 m\u00e1ttvana hendur,sty\u00f0ji\u00f0 magn\u00ferota hn\u00e9, 4segi\u00f0 vi\u00f0 \u00fe\u00e1 sem brestur kjark:\u201eVeri\u00f0 hughraustir, \u00f3ttist ekki,sj\u00e1i\u00f0, h\u00e9r er Gu\u00f0 y\u00f0ar, hefndin kemur,endurgjald fr\u00e1 Gu\u00f0i,hann kemur sj\u00e1lfur og bjargar y\u00f0ur.\u201c 5\u00de\u00e1 munu augu blindra lj\u00fakast uppog eyru daufra opnast. 6\u00de\u00e1 stekkur hinn halti sem hj\u00f6rturog tunga hins m\u00e1llausa fagnar.J\u00e1, vatnslindir spretta upp \u00ed ey\u00f0im\u00f6rkinniog l\u00e6kir \u00ed au\u00f0ninni. 7Gl\u00f3andi sandurinn ver\u00f0ur a\u00f0 tj\u00f6rnog \u00feyrst j\u00f6r\u00f0in a\u00f0 uppsprettum.\u00dear sem sjakalar <a href=\"https:\/\/biblian.is\/biblian\/jesaja-35-kafli\/\"> [&#8230;]<\/a><\/p>\n","protected":false},"author":1,"featured_media":0,"parent":0,"menu_order":0,"comment_status":"open","ping_status":"open","template":"bibliukaflar_NT.php","meta":{"footnotes":""},"class_list":["post-2331","page","type-page","status-publish","hentry"],"_links":{"self":[{"href":"https:\/\/biblian.is\/biblian\/wp-json\/wp\/v2\/pages\/2331","targetHints":{"allow":["GET"]}}],"collection":[{"href":"https:\/\/biblian.is\/biblian\/wp-json\/wp\/v2\/pages"}],"about":[{"href":"https:\/\/biblian.is\/biblian\/wp-json\/wp\/v2\/types\/page"}],"author":[{"embeddable":true,"href":"https:\/\/biblian.is\/biblian\/wp-json\/wp\/v2\/users\/1"}],"replies":[{"embeddable":true,"href":"https:\/\/biblian.is\/biblian\/wp-json\/wp\/v2\/comments?post=2331"}],"version-history":[{"count":0,"href":"https:\/\/biblian.is\/biblian\/wp-json\/wp\/v2\/pages\/2331\/revisions"}],"wp:attachment":[{"href":"https:\/\/biblian.is\/biblian\/wp-json\/wp\/v2\/media?parent=2331"}],"curies":[{"name":"wp","href":"https:\/\/api.w.org\/{rel}","templated":true}]}}