{"id":2330,"date":"2017-12-30T21:02:42","date_gmt":"2017-12-30T21:02:42","guid":{"rendered":"http:\/\/biblian.is\/biblian\/jesaja-34-kafli\/"},"modified":"2024-05-06T22:28:29","modified_gmt":"2024-05-06T22:28:29","slug":"jesaja-34-kafli","status":"publish","type":"page","link":"https:\/\/biblian.is\/biblian\/jesaja-34-kafli\/","title":{"rendered":"Jesaja 34. kafli"},"content":{"rendered":"<h3 class=\"millifyrirsogn_2007\"> Sver\u00f0 Drottins gegn Ed\u00f3m<\/h3>\n<p><span class=\"ljodatexti\"> <a name=\"1\"><span class=\"versanumer_ljod\">1<\/span><\/a>Gangi\u00f0 n\u00e6r, \u00fej\u00f3\u00f0ir, svo a\u00f0 \u00fe\u00e9r heyri\u00f0,<br \/>hl\u00fd\u00f0i\u00f0 \u00e1, l\u00fd\u00f0ir.<br \/>J\u00f6r\u00f0in heyri og allt sem \u00e1 henni er,<br \/>heimurinn og allt sem \u00ed honum b\u00fdr.<br \/> <\/span> <span class=\"ljodatexti\"> <a name=\"2\"><span class=\"versanumer_ljod\">2<\/span><\/a>Drottinn er rei\u00f0ur \u00f6llum \u00fej\u00f3\u00f0um,<br \/>ofsarei\u00f0ur \u00f6llum \u00feeirra her.<br \/>Hann hefur helga\u00f0 \u00fe\u00e6r banni,<br \/>framselt \u00fe\u00e6r til sl\u00e1trunar.<br \/> <\/span> <span class=\"ljodatexti\"> <a name=\"3\"><span class=\"versanumer_ljod\">3<\/span><\/a>Vegnum m\u00f6nnum \u00feeirra er burt kasta\u00f0,<br \/>daun leggur af n\u00e1um \u00feeirra,<br \/>fj\u00f6llin flj\u00f3ta \u00ed bl\u00f3\u00f0i \u00feeirra.<br \/> <\/span> <span class=\"ljodatexti\"> <a name=\"4\"><span class=\"versanumer_ljod\">4<\/span><\/a>Allur himinsins her leysist upp<br \/>og himinninn vefst saman eins og b\u00f3kfell<br \/>og allur her hans bliknar<br \/>eins og lauf \u00e1 v\u00ednvi\u00f0i visnar<br \/>og \u00e1v\u00f6xtur skr\u00e6lnar \u00e1 f\u00edkjutr\u00e9.<br \/> <\/span> <span class=\"ljodatexti\"> <a name=\"5\"><span class=\"versanumer_ljod\">5<\/span><\/a>Sver\u00f0 mitt birtist \u00e1 himni,<br \/>n\u00fa l\u00fdstur \u00fev\u00ed ni\u00f0ur \u00e1 Ed\u00f3m<br \/>til a\u00f0 fulln\u00e6gja d\u00f3minum <br \/>yfir \u00fej\u00f3\u00f0inni sem \u00e9g hef helga\u00f0 banni. <span class=\"nedan_mal\" title=\" Annar lesh\u00e1ttur: \u00deegar sver\u00f0 mitt hefur drukki\u00f0 n\u00e6gju s\u00edna \u00e1 himni l\u00fdstur \u00fev\u00ed ni\u00f0ur til d\u00f3ms gegn Ed\u00f3m, \u00fej\u00f3\u00f0inni sem \u00e9g hef helga\u00f0 banni. \">[<\/span> <br \/> <\/span> <span class=\"ljodatexti\"> <a name=\"6\"><span class=\"versanumer_ljod\">6<\/span><\/a>Sver\u00f0 Drottins er albl\u00f3\u00f0ugt,<br \/>l\u00f6\u00f0randi af feiti,<br \/>af bl\u00f3\u00f0i lamba og geithafra<br \/>og n\u00fdrnam\u00f6r hr\u00fata.<br \/>\u00dev\u00ed a\u00f0 Drottinn heldur f\u00f3rnarveislu \u00ed Bosra, <br \/>mikla sl\u00e1trun \u00ed Ed\u00f3m.<br \/> <\/span> <span class=\"ljodatexti\"> <a name=\"7\"><span class=\"versanumer_ljod\">7<\/span><\/a>\u00de\u00e1 falla villinaut \u00e1samt \u00feeim,<br \/>ungneyti og uxar.<br \/>Land \u00feeirra ver\u00f0ur metta\u00f0 bl\u00f3\u00f0i,<br \/>jar\u00f0vegurinn blanda\u00f0ur feiti.<br \/> <\/span> <span class=\"ljodatexti\"> <a name=\"8\"><span class=\"versanumer_ljod\">8<\/span><\/a>\u00dev\u00ed a\u00f0 \u00feetta er hefndardagur Drottins,<br \/>\u00e1r endurgjaldsins til a\u00f0 reka r\u00e9ttar S\u00edonar.<br \/> <\/span> <span class=\"ljodatexti\"> <a name=\"9\"><span class=\"versanumer_ljod\">9<\/span><\/a>L\u00e6kir Ed\u00f3ms ver\u00f0a a\u00f0 biki,<br \/>jar\u00f0vegurinn a\u00f0 brennisteini,<br \/>land hans breytist \u00ed brennandi bik<br \/> <\/span> <span class=\"ljodatexti\"> <a name=\"10\"><span class=\"versanumer_ljod\">10<\/span><\/a>sem slokknar hvorki dag n\u00e9 n\u00f3tt<br \/>og reyk leggur upp af um aldur og \u00e6vi.<br \/>Landi\u00f0 mun liggja \u00ed ey\u00f0i fr\u00e1 kyni til kyns,<br \/>fr\u00e1 eil\u00edf\u00f0 til eil\u00edf\u00f0ar mun enginn fara \u00fear um. <br \/> <\/span> <span class=\"ljodatexti\"> <a name=\"11\"><span class=\"versanumer_ljod\">11<\/span><\/a>Ugla og broddg\u00f6ltur munu sl\u00e1 eign sinni \u00e1 \u00fea\u00f0,<br \/>n\u00e1ttugla og hrafn munu setjast \u00fear a\u00f0.<br \/>Drottinn m\u00e6ldi \u00fea\u00f0 me\u00f0 m\u00e6liva\u00f0 upplausnar <br \/>og m\u00e6lil\u00f3\u00f0i au\u00f0nar.<br \/> <\/span> <span class=\"ljodatexti\"> <a name=\"12\"><span class=\"versanumer_ljod\">12<\/span><\/a>\u00dear ver\u00f0ur enginn konungur hylltur framar,<br \/>engir h\u00f6f\u00f0ingjar ver\u00f0a \u00fear til.<br \/> <\/span> <span class=\"ljodatexti\"> <a name=\"13\"><span class=\"versanumer_ljod\">13<\/span><\/a>\u00deyrnar munu spretta \u00ed h\u00f6llunum,<br \/>netlur og \u00feistlar \u00ed virkjunum.<br \/>Landi\u00f0 ver\u00f0ur b\u00e6li sjakala,<br \/>dvalarsta\u00f0ur str\u00fatfugla.<br \/> <\/span> <span class=\"ljodatexti\"> <a name=\"14\"><span class=\"versanumer_ljod\">14<\/span><\/a>Ur\u00f0arkettir og sjakalar munu koma \u00fear saman<br \/>og geitap\u00fakar munu m\u00e6tast \u00fear. <br \/>\u00dear staldrar Lil\u00edt <span class=\"nedan_mal\" title=\" Samkv\u00e6mt gy\u00f0inglegri hef\u00f0 er Lil\u00edt fyrri kona Adams. Lil\u00edt var stundum \u00fe\u00fdtt sem n\u00e6turgr\u00fdlan.\">[<\/span> einnig vi\u00f0 og finnur \u00fear hv\u00edldarsta\u00f0.<br \/> <\/span> <span class=\"ljodatexti\"> <a name=\"15\"><span class=\"versanumer_ljod\">15<\/span><\/a>Na\u00f0ran \u00e1 s\u00e9r \u00fear hrei\u00f0ur,<br \/>h\u00fan verpir \u00fear, liggur \u00e1 og klekur \u00ed skugganum.<br \/>\u00dear munu gammar safnast saman<br \/>hver hj\u00e1 \u00f6\u00f0rum.<br \/> <\/span> <span class=\"ljodatexti\"> <a name=\"16\"><span class=\"versanumer_ljod\">16<\/span><\/a>Leiti\u00f0 \u00ed b\u00f3k Drottins og lesi\u00f0:<br \/>Ekkert \u00feeirra mun vanta,<br \/>ekkert \u00feeirra saknar annars<br \/>\u00fev\u00ed a\u00f0 munnur Drottins hefur bo\u00f0i\u00f0 \u00feetta,<br \/>andi hans hefur sj\u00e1lfur stefnt \u00feeim saman.<br \/> <\/span> <span class=\"ljodatexti\"> <a name=\"17\"><span class=\"versanumer_ljod\">17<\/span><\/a>Hann hefur varpa\u00f0 hlutkesti fyrir \u00feau,<br \/>me\u00f0 eigin hendi hefur hann skipt landinu milli \u00feeirra me\u00f0 m\u00e6liva\u00f0:<br \/>\u00deau munu eiga \u00fea\u00f0 um aldur og \u00e6vi<br \/>og b\u00faa \u00fear fr\u00e1 einni kynsl\u00f3\u00f0 til annarrar. <\/span> <\/p>\n","protected":false},"excerpt":{"rendered":"<p>Sver\u00f0 Drottins gegn Ed\u00f3m 1Gangi\u00f0 n\u00e6r, \u00fej\u00f3\u00f0ir, svo a\u00f0 \u00fe\u00e9r heyri\u00f0,hl\u00fd\u00f0i\u00f0 \u00e1, l\u00fd\u00f0ir.J\u00f6r\u00f0in heyri og allt sem \u00e1 henni er,heimurinn og allt sem \u00ed honum b\u00fdr. 2Drottinn er rei\u00f0ur \u00f6llum \u00fej\u00f3\u00f0um,ofsarei\u00f0ur \u00f6llum \u00feeirra her.Hann hefur helga\u00f0 \u00fe\u00e6r banni,framselt \u00fe\u00e6r til sl\u00e1trunar. 3Vegnum m\u00f6nnum \u00feeirra er burt kasta\u00f0,daun leggur af n\u00e1um \u00feeirra,fj\u00f6llin flj\u00f3ta \u00ed bl\u00f3\u00f0i \u00feeirra. 4Allur himinsins her leysist uppog himinninn vefst saman eins og b\u00f3kfellog allur her hans bliknareins og lauf \u00e1 v\u00ednvi\u00f0i visnarog \u00e1v\u00f6xtur skr\u00e6lnar \u00e1 f\u00edkjutr\u00e9. 5Sver\u00f0 mitt birtist \u00e1 himni,n\u00fa l\u00fdstur \u00fev\u00ed ni\u00f0ur \u00e1 Ed\u00f3mtil a\u00f0 fulln\u00e6gja d\u00f3minum yfir \u00fej\u00f3\u00f0inni sem \u00e9g hef helga\u00f0 banni. [ <a href=\"https:\/\/biblian.is\/biblian\/jesaja-34-kafli\/\"> [&#8230;]<\/a><\/p>\n","protected":false},"author":1,"featured_media":0,"parent":0,"menu_order":0,"comment_status":"open","ping_status":"open","template":"bibliukaflar_NT.php","meta":{"footnotes":""},"class_list":["post-2330","page","type-page","status-publish","hentry"],"_links":{"self":[{"href":"https:\/\/biblian.is\/biblian\/wp-json\/wp\/v2\/pages\/2330","targetHints":{"allow":["GET"]}}],"collection":[{"href":"https:\/\/biblian.is\/biblian\/wp-json\/wp\/v2\/pages"}],"about":[{"href":"https:\/\/biblian.is\/biblian\/wp-json\/wp\/v2\/types\/page"}],"author":[{"embeddable":true,"href":"https:\/\/biblian.is\/biblian\/wp-json\/wp\/v2\/users\/1"}],"replies":[{"embeddable":true,"href":"https:\/\/biblian.is\/biblian\/wp-json\/wp\/v2\/comments?post=2330"}],"version-history":[{"count":0,"href":"https:\/\/biblian.is\/biblian\/wp-json\/wp\/v2\/pages\/2330\/revisions"}],"wp:attachment":[{"href":"https:\/\/biblian.is\/biblian\/wp-json\/wp\/v2\/media?parent=2330"}],"curies":[{"name":"wp","href":"https:\/\/api.w.org\/{rel}","templated":true}]}}