{"id":2329,"date":"2017-12-30T21:02:42","date_gmt":"2017-12-30T21:02:42","guid":{"rendered":"http:\/\/biblian.is\/biblian\/jesaja-33-kafli\/"},"modified":"2024-05-06T22:28:28","modified_gmt":"2024-05-06T22:28:28","slug":"jesaja-33-kafli","status":"publish","type":"page","link":"https:\/\/biblian.is\/biblian\/jesaja-33-kafli\/","title":{"rendered":"Jesaja 33. kafli"},"content":{"rendered":"<h3 class=\"millifyrirsogn_2007\"> Ey\u00f0andanum eytt<\/h3>\n<p><span class=\"ljodatexti\"> <a name=\"1\"><span class=\"versanumer_ljod\">1<\/span><\/a>Vei \u00fe\u00e9r, ey\u00f0andi, <br \/>sem sj\u00e1lfum hefur ekki veri\u00f0 eytt,<br \/>vei \u00fe\u00e9r, svikari, sem enginn hefur sviki\u00f0.<br \/>\u00deegar \u00fe\u00fa hefur loki\u00f0 vi\u00f0 a\u00f0 ey\u00f0a<br \/>ver\u00f0ur \u00fe\u00e9r eytt<br \/>og \u00feegar \u00fe\u00fa h\u00e6ttir a\u00f0 sv\u00edkja<br \/>ver\u00f0ur \u00fe\u00fa sj\u00e1lfur svikinn.<br \/> <\/span> <span class=\"ljodatexti\"> <a name=\"2\"><span class=\"versanumer_ljod\">2<\/span><\/a>Drottinn, ver oss n\u00e1\u00f0ugur, v\u00e9r vonum \u00e1 \u00feig.<br \/>Ver \u00fe\u00fa styrkur vor \u00e1 hverjum morgni <br \/>og hj\u00e1lpr\u00e6\u00f0i vort \u00e1 ney\u00f0arinnar t\u00edma.<br \/> <\/span> <span class=\"ljodatexti\"> <a name=\"3\"><span class=\"versanumer_ljod\">3<\/span><\/a>Fyrir hinum dynjandi gn\u00fd fl\u00fdja \u00fej\u00f3\u00f0irnar,<br \/>\u00feegar \u00fe\u00fa r\u00edst upp tv\u00edstrast l\u00fd\u00f0ir.<br \/> <\/span> <span class=\"ljodatexti\"> <a name=\"4\"><span class=\"versanumer_ljod\">4<\/span><\/a>\u00de\u00e1 ver\u00f0ur herfang teki\u00f0<br \/>eins og af jar\u00f0vargi,<br \/>menn munu steypast yfir \u00fea\u00f0 <br \/>eins og engisprettusveimur.<br \/> <\/span> <span class=\"ljodatexti\"> <a name=\"5\"><span class=\"versanumer_ljod\">5<\/span><\/a>H\u00e1r er Drottinn<br \/>\u00fev\u00ed a\u00f0 hann b\u00fdr \u00e1 h\u00e6\u00f0um,<br \/>hann fyllir S\u00edon r\u00e9tti og r\u00e9ttl\u00e6ti.<br \/> <\/span> <span class=\"ljodatexti\"> <a name=\"6\"><span class=\"versanumer_ljod\">6<\/span><\/a>\u00d6rugga t\u00edma skalt \u00fe\u00fa hlj\u00f3ta,<br \/>au\u00f0 hj\u00e1lpr\u00e6\u00f0is, v\u00edsd\u00f3ms og \u00feekkingar. <br \/>\u00d3tti Drottins er au\u00f0ur \u00feinn.<br \/> <\/span> <span class=\"ljodatexti\"> <a name=\"7\"><span class=\"versanumer_ljod\">7<\/span><\/a>Hermenn hr\u00f3pa \u00e1 str\u00e6tum,<br \/>fri\u00f0arbo\u00f0ar gr\u00e1ta beisklega.<br \/> <\/span> <span class=\"ljodatexti\"> <a name=\"8\"><span class=\"versanumer_ljod\">8<\/span><\/a>Str\u00e6tin eru au\u00f0,<br \/>enginn fer um g\u00f6turnar.<br \/>Hann rauf s\u00e1ttm\u00e1lann, <br \/>hafna\u00f0i vitnum hans, <br \/>vir\u00f0ir engan neins.<br \/> <\/span> <span class=\"ljodatexti\"> <a name=\"9\"><span class=\"versanumer_ljod\">9<\/span><\/a>J\u00f6r\u00f0in skr\u00e6lnar og visnar, <br \/>L\u00edbanon blyg\u00f0ast s\u00edn og s\u00fdkist,<br \/>Saron er eins og ey\u00f0im\u00f6rk, <br \/>Basan og Karmel fella laufi\u00f0, <br \/> <\/span> <span class=\"ljodatexti\"> <a name=\"10\"><span class=\"versanumer_ljod\">10<\/span><\/a>N\u00fa r\u00eds \u00e9g upp, segir Drottinn, <br \/>n\u00fa stend \u00e9g \u00e1 f\u00e6tur, <br \/>n\u00fa er \u00e9g h\u00e1tt upp hafinn.<br \/> <\/span> <span class=\"ljodatexti\"> <a name=\"11\"><span class=\"versanumer_ljod\">11<\/span><\/a>\u00de\u00e9r gangi\u00f0 me\u00f0 hey en f\u00e6\u00f0i\u00f0 h\u00e1lm,<br \/>andgustur y\u00f0ar er eldur sem gleypir y\u00f0ur sj\u00e1lfa.<br \/> <\/span> <span class=\"ljodatexti\"> <a name=\"12\"><span class=\"versanumer_ljod\">12<\/span><\/a>\u00de\u00e1 ver\u00f0a \u00fej\u00f3\u00f0irnar brenndar til \u00f6sku,<br \/>h\u00f6ggnar eins og \u00feyrnar <br \/>og brenndar \u00ed eldi.<br \/> <\/span> <span class=\"ljodatexti\"> <a name=\"13\"><span class=\"versanumer_ljod\">13<\/span><\/a>\u00de\u00e9r, sem fjarl\u00e6gir eru\u00f0, heyri\u00f0 um verk m\u00edn,<br \/>\u00fe\u00e9r, sem n\u00e1l\u00e6gir eru\u00f0, vi\u00f0urkenni\u00f0 m\u00e1tt minn.<br \/> <\/span> <span class=\"ljodatexti\"> <a name=\"14\"><span class=\"versanumer_ljod\">14<\/span><\/a>Syndararnir \u00e1 S\u00edon n\u00f6tra,<br \/>skj\u00e1lfti gr\u00edpur gu\u00f0lastara.<br \/>\u201eHver af oss getur leita\u00f0 skj\u00f3ls hj\u00e1 ey\u00f0andi eldi, <br \/>hver af oss leita\u00f0 skj\u00f3ls \u00ed eil\u00edfum bruna?\u201c<br \/> <\/span> <span class=\"ljodatexti\"> <a name=\"15\"><span class=\"versanumer_ljod\">15<\/span><\/a>S\u00e1 sem lifir \u00ed r\u00e9ttv\u00edsi og talar sannleika,<br \/>s\u00e1 sem hafnar gr\u00f3\u00f0a sem f\u00e9kkst me\u00f0 ofr\u00edki,<br \/>sem bandar hendi gegn m\u00fatum \u00ed sta\u00f0 \u00feess a\u00f0 \u00feiggja \u00fe\u00e6r,<br \/>sem heldur fyrir eyrun til a\u00f0 heyra ekki r\u00e1\u00f0ager\u00f0 um mor\u00f0<br \/>og lokar augunum til a\u00f0 sj\u00e1 ekkert illt,<br \/> <\/span> <span class=\"ljodatexti\"> <a name=\"16\"><span class=\"versanumer_ljod\">16<\/span><\/a>hann mun b\u00faa \u00e1 h\u00e6\u00f0um.<br \/>Hamraborgir ver\u00f0a v\u00edgi hans.<br \/>Honum ver\u00f0ur s\u00e9\u00f0 fyrir brau\u00f0i<br \/>og hann mun aldrei skorta vatn.<br \/> <\/span> <span class=\"ljodatexti\"> <a name=\"17\"><span class=\"versanumer_ljod\">17<\/span><\/a>Me\u00f0 eigin augum muntu sj\u00e1 konunginn \u00ed lj\u00f3ma s\u00ednum<br \/>og sj\u00e1 v\u00ed\u00f0\u00e1ttumiki\u00f0 land.<br \/> <\/span> <span class=\"ljodatexti\"> <a name=\"18\"><span class=\"versanumer_ljod\">18<\/span><\/a>Me\u00f0 sj\u00e1lfum \u00fe\u00e9r muntu huglei\u00f0a skelfinguna:<br \/>Hvar er s\u00e1 sem telur?<br \/>Hvar er s\u00e1 sem v\u00f3? <br \/>Hvar er s\u00e1 sem telur turnana?<br \/> <\/span> <span class=\"ljodatexti\"> <a name=\"19\"><span class=\"versanumer_ljod\">19<\/span><\/a>\u00de\u00fa munt ekki framar sj\u00e1 hina ofstopafullu \u00fej\u00f3\u00f0 <br \/>sem talar \u00f3lj\u00f3st m\u00e1l sem ekki skilst,<br \/>stamar \u00e1 tungu sem enginn skilur.<br \/> <\/span> <span class=\"ljodatexti\"> <a name=\"20\"><span class=\"versanumer_ljod\">20<\/span><\/a>L\u00edttu \u00e1 S\u00edon, borg h\u00e1t\u00ed\u00f0a vorra,<br \/>augu \u00fe\u00edn munu sj\u00e1 Jer\u00fasalem, fri\u00f0s\u00e6l heimkynni, <span class=\"nedan_mal\" title=\" \u00d6nnur \u00fe\u00fd\u00f0ing: fri\u00f0s\u00e6lt engi. \">[<\/span> <br \/>tjaldi\u00f0 sem ekki ver\u00f0ur hr\u00f3fla\u00f0 vi\u00f0,<br \/>h\u00e6lum \u00feess aldrei kippt upp <br \/>og ekkert af st\u00f6gum \u00feess sliti\u00f0.<br \/> <\/span> <span class=\"ljodatexti\"> <a name=\"21\"><span class=\"versanumer_ljod\">21<\/span><\/a>En \u00fear ver\u00f0ur hinn voldugi Drottinn me\u00f0 oss,<br \/>\u00fear sem flj\u00f3t og brei\u00f0 vatnsf\u00f6ll renna<br \/>en engin bor\u00f0r\u00f3in skip fara um<br \/>og engin skrautleg skip sigla.<br \/> <\/span> <span class=\"ljodatexti\"> <a name=\"22\"><span class=\"versanumer_ljod\">22<\/span><\/a> \u00dev\u00ed a\u00f0 Drottinn er d\u00f3mari vor,<br \/>Drottinn er l\u00f6ggjafi vor,<br \/>Drottinn er konungur vor,<br \/>hann frelsar oss.<br \/> <\/span> <span class=\"ljodatexti\"> <a name=\"23\"><span class=\"versanumer_ljod\">23<\/span><\/a> St\u00f6gin eru sl\u00f6k,<br \/>halda siglunni ekki \u00ed skor\u00f0um, <br \/>\u00feenja ekki segli\u00f0.<br \/>\u00de\u00e1 ver\u00f0ur miklu herfangi skipt<br \/>og jafnvel lama\u00f0ir taka r\u00e1nsfeng.<br \/> <\/span> <span class=\"ljodatexti\"> <a name=\"24\"><span class=\"versanumer_ljod\">24<\/span><\/a> Enginn borgarb\u00fai mun segja: \u201e\u00c9g er veikur.\u201c<br \/>Syndir f\u00f3lksins, sem \u00fear b\u00fdr,<br \/>hafa veri\u00f0 fyrirgefnar. <\/span> <\/p>\n","protected":false},"excerpt":{"rendered":"<p>Ey\u00f0andanum eytt 1Vei \u00fe\u00e9r, ey\u00f0andi, sem sj\u00e1lfum hefur ekki veri\u00f0 eytt,vei \u00fe\u00e9r, svikari, sem enginn hefur sviki\u00f0.\u00deegar \u00fe\u00fa hefur loki\u00f0 vi\u00f0 a\u00f0 ey\u00f0aver\u00f0ur \u00fe\u00e9r eyttog \u00feegar \u00fe\u00fa h\u00e6ttir a\u00f0 sv\u00edkjaver\u00f0ur \u00fe\u00fa sj\u00e1lfur svikinn. 2Drottinn, ver oss n\u00e1\u00f0ugur, v\u00e9r vonum \u00e1 \u00feig.Ver \u00fe\u00fa styrkur vor \u00e1 hverjum morgni og hj\u00e1lpr\u00e6\u00f0i vort \u00e1 ney\u00f0arinnar t\u00edma. 3Fyrir hinum dynjandi gn\u00fd fl\u00fdja \u00fej\u00f3\u00f0irnar,\u00feegar \u00fe\u00fa r\u00edst upp tv\u00edstrast l\u00fd\u00f0ir. 4\u00de\u00e1 ver\u00f0ur herfang teki\u00f0eins og af jar\u00f0vargi,menn munu steypast yfir \u00fea\u00f0 eins og engisprettusveimur. 5H\u00e1r er Drottinn\u00fev\u00ed a\u00f0 hann b\u00fdr \u00e1 h\u00e6\u00f0um,hann fyllir S\u00edon r\u00e9tti og r\u00e9ttl\u00e6ti. 6\u00d6rugga t\u00edma skalt \u00fe\u00fa hlj\u00f3ta,au\u00f0 hj\u00e1lpr\u00e6\u00f0is, v\u00edsd\u00f3ms og \u00feekkingar. <a href=\"https:\/\/biblian.is\/biblian\/jesaja-33-kafli\/\"> [&#8230;]<\/a><\/p>\n","protected":false},"author":1,"featured_media":0,"parent":0,"menu_order":0,"comment_status":"open","ping_status":"open","template":"bibliukaflar_NT.php","meta":{"footnotes":""},"class_list":["post-2329","page","type-page","status-publish","hentry"],"_links":{"self":[{"href":"https:\/\/biblian.is\/biblian\/wp-json\/wp\/v2\/pages\/2329","targetHints":{"allow":["GET"]}}],"collection":[{"href":"https:\/\/biblian.is\/biblian\/wp-json\/wp\/v2\/pages"}],"about":[{"href":"https:\/\/biblian.is\/biblian\/wp-json\/wp\/v2\/types\/page"}],"author":[{"embeddable":true,"href":"https:\/\/biblian.is\/biblian\/wp-json\/wp\/v2\/users\/1"}],"replies":[{"embeddable":true,"href":"https:\/\/biblian.is\/biblian\/wp-json\/wp\/v2\/comments?post=2329"}],"version-history":[{"count":0,"href":"https:\/\/biblian.is\/biblian\/wp-json\/wp\/v2\/pages\/2329\/revisions"}],"wp:attachment":[{"href":"https:\/\/biblian.is\/biblian\/wp-json\/wp\/v2\/media?parent=2329"}],"curies":[{"name":"wp","href":"https:\/\/api.w.org\/{rel}","templated":true}]}}