{"id":2328,"date":"2017-12-30T21:02:42","date_gmt":"2017-12-30T21:02:42","guid":{"rendered":"http:\/\/biblian.is\/biblian\/jesaja-32-kafli\/"},"modified":"2024-05-06T22:28:28","modified_gmt":"2024-05-06T22:28:28","slug":"jesaja-32-kafli","status":"publish","type":"page","link":"https:\/\/biblian.is\/biblian\/jesaja-32-kafli\/","title":{"rendered":"Jesaja 32. kafli"},"content":{"rendered":"<h3 class=\"millifyrirsogn_2007\"> R\u00e9ttl\u00e1tur konungur<\/h3>\n<p><span class=\"ljodatexti\"> <a name=\"1\"><span class=\"versanumer_ljod\">1<\/span><\/a>Sj\u00e1, konungur mun r\u00edkja me\u00f0 r\u00e9ttl\u00e6ti<br \/>og h\u00f6f\u00f0ingjar stj\u00f3rna samkv\u00e6mt l\u00f6gum.<br \/> <\/span> <span class=\"ljodatexti\"> <a name=\"2\"><span class=\"versanumer_ljod\">2<\/span><\/a>Hver \u00feeirra ver\u00f0ur sem hl\u00e9 fyrir vindi<br \/>og skj\u00f3l fyrir sk\u00farum<br \/>eins og vatnsl\u00e6kir \u00ed \u00feurrlendi,<br \/>skuggi af h\u00e1um hamri \u00ed skr\u00e6lnu\u00f0u landi.<br \/> <\/span> <span class=\"ljodatexti\"> <a name=\"3\"><span class=\"versanumer_ljod\">3<\/span><\/a>\u00de\u00e1 ver\u00f0a augu hinna sj\u00e1andi ekki lengur lukt<br \/>og eyru \u00feeirra sem heyra munu hlusta.<br \/> <\/span> <span class=\"ljodatexti\"> <a name=\"4\"><span class=\"versanumer_ljod\">4<\/span><\/a>Hugur g\u00e1lausra hl\u00fdtur d\u00f3mgreind og \u00feekkingu<br \/>og stamandi tunga talar sk\u00fdrt og greinilega.<br \/> <\/span> <span class=\"ljodatexti\"> <a name=\"5\"><span class=\"versanumer_ljod\">5<\/span><\/a>Heimskinginn ver\u00f0ur ekki framar kalla\u00f0ur g\u00f6fugmenni<br \/>og hinn fl\u00e1r\u00e1\u00f0i ekki talinn veglyndur.<br \/> <\/span> <span class=\"ljodatexti\"> <a name=\"6\"><span class=\"versanumer_ljod\">6<\/span><\/a>\u00dev\u00ed a\u00f0 heimskinginn talar heimsku<br \/>og hyggur \u00e1 illt \u00ed hjarta s\u00ednu<br \/>svo a\u00f0 hann breytir \u00f3gu\u00f0lega <br \/>og fer me\u00f0 f\u00e1sinnu um Drottin.<br \/>Hann l\u00e6tur svangan mann hungra<br \/>og neitar \u00feyrstum um drykk.<br \/> <\/span> <span class=\"ljodatexti\"> <a name=\"7\"><span class=\"versanumer_ljod\">7<\/span><\/a>Vopn hins fl\u00e1r\u00e1\u00f0a eru ill,<br \/>hann leggur \u00e1 sv\u00edvir\u00f0ileg r\u00e1\u00f0<br \/>til a\u00f0 ska\u00f0a hinn umkomulausa me\u00f0 lygi<br \/>\u00fe\u00f3tt hinn f\u00e1t\u00e6ki s\u00fdni fram \u00e1 a\u00f0 hann hafi r\u00e9tt fyrir s\u00e9r.<br \/> <\/span> <span class=\"ljodatexti\"> <a name=\"8\"><span class=\"versanumer_ljod\">8<\/span><\/a>En g\u00f6fugmenni\u00f0 hefur g\u00f6fug \u00e1form<br \/>og stendur fast \u00e1 \u00fev\u00ed sem g\u00f6fugt er. <\/span> <\/p>\n<h3 class=\"millifyrirsogn_2007\">\u00c1hyggjulausar konur<\/h3>\n<p><span class=\"ljodatexti\"> <a name=\"9\"><span class=\"versanumer_ljod\">9<\/span><\/a>\u00c1hyggjulausu konur, r\u00edsi\u00f0 \u00e1 f\u00e6tur,<br \/>hl\u00fd\u00f0i\u00f0 \u00e1 bo\u00f0skap minn.<br \/>Andvaralausu d\u00e6tur,<br \/>gefi\u00f0 gaum a\u00f0 r\u00e6\u00f0u minni.<br \/> <\/span> <span class=\"ljodatexti\"> <a name=\"10\"><span class=\"versanumer_ljod\">10<\/span><\/a>Eftir \u00e1r og dag munu\u00f0 \u00fe\u00e9r, hinar andvaralausu, skj\u00e1lfa<br \/>\u00fev\u00ed a\u00f0 v\u00ednberjatekjan bregst<br \/>og aldintekjan ver\u00f0ur engin.<br \/> <\/span> <span class=\"ljodatexti\"> <a name=\"11\"><span class=\"versanumer_ljod\">11<\/span><\/a>Skj\u00e1lfi\u00f0, hinar \u00e1hyggjulausu, skelfist, hinar andvaralausu,<br \/>svipti\u00f0 y\u00f0ur kl\u00e6\u00f0um, standi\u00f0 naktar, <br \/>gyr\u00f0ist h\u00e6rusekk um lendar,<br \/> <\/span> <span class=\"ljodatexti\"> <a name=\"12\"><span class=\"versanumer_ljod\">12<\/span><\/a>berji\u00f0 y\u00f0ur \u00e1 brj\u00f3st og syrgi\u00f0 vegna hinna una\u00f0slegu akra, <br \/>v\u00ednvi\u00f0arins frj\u00f3sama,<br \/> <\/span> <span class=\"ljodatexti\"> <a name=\"13\"><span class=\"versanumer_ljod\">13<\/span><\/a>akurlendis \u00fej\u00f3\u00f0ar minnar \u00fear sem \u00feyrnar og \u00feistlar vaxa<br \/>og allra gla\u00f0v\u00e6ru h\u00fasanna \u00ed hinni glaummiklu borg.<br \/> <\/span> <span class=\"ljodatexti\"> <a name=\"14\"><span class=\"versanumer_ljod\">14<\/span><\/a>\u00dev\u00ed a\u00f0 h\u00f6llin er yfirgefin,<br \/>ys og \u00feys borgarinnar hlj\u00f3\u00f0na\u00f0ur.<br \/>Virkish\u00e6\u00f0in og var\u00f0turninn<br \/>ver\u00f0a fylgsni um aldur og \u00e6vi,<br \/>villi\u00f6snum til skemmtunar<br \/>og hj\u00f6r\u00f0um haglendi. <\/span> <\/p>\n<h3 class=\"millifyrirsogn_2007\">Gjafir andans<\/h3>\n<p><span class=\"ljodatexti\"> <a name=\"15\"><span class=\"versanumer_ljod\">15<\/span><\/a>\u00deegar anda af h\u00e6\u00f0um ver\u00f0ur \u00fathellt yfir oss<br \/>og ey\u00f0im\u00f6rkin ver\u00f0ur a\u00f0 aldingar\u00f0i<br \/>og aldingar\u00f0urinn telst sk\u00f3gur<br \/> <\/span> <span class=\"ljodatexti\"> <a name=\"16\"><span class=\"versanumer_ljod\">16<\/span><\/a>mun r\u00e9ttv\u00edsin setjast a\u00f0 \u00ed ey\u00f0im\u00f6rkinni<br \/>og r\u00e9ttl\u00e6ti\u00f0 b\u00faa \u00ed aldingar\u00f0inum.<br \/> <\/span> <span class=\"ljodatexti\"> <a name=\"17\"><span class=\"versanumer_ljod\">17<\/span><\/a>\u00c1v\u00f6xtur r\u00e9ttl\u00e6tisins ver\u00f0ur fri\u00f0ur<br \/>og afrakstur r\u00e9ttl\u00e6tisins hv\u00edld og \u00f6ryggi um eil\u00edf\u00f0.<br \/> <\/span> <span class=\"ljodatexti\"> <a name=\"18\"><span class=\"versanumer_ljod\">18<\/span><\/a>\u00de\u00e1 mun \u00fej\u00f3\u00f0 m\u00edn b\u00faa \u00ed fri\u00f0s\u00e6lum heimkynnum, <br \/>\u00ed \u00f6ruggum h\u00edb\u00fdlum, \u00e1 n\u00e6\u00f0is\u00f6mum hv\u00edldarst\u00f6\u00f0um,<br \/> <\/span> <span class=\"ljodatexti\"> <a name=\"19\"><span class=\"versanumer_ljod\">19<\/span><\/a>en sk\u00f3gurinn felldur me\u00f0 \u00f6llu<br \/>og borgin hrynur til grunna.<br \/> <\/span> <span class=\"ljodatexti\"> <a name=\"20\"><span class=\"versanumer_ljod\">20<\/span><\/a>S\u00e6lir munu\u00f0 \u00fe\u00e9r sem s\u00e1i\u00f0 vi\u00f0 hvert vatn<br \/>og l\u00e1ti\u00f0 uxa og asna ganga sj\u00e1lfala. <\/span> <\/p>\n","protected":false},"excerpt":{"rendered":"<p>R\u00e9ttl\u00e1tur konungur 1Sj\u00e1, konungur mun r\u00edkja me\u00f0 r\u00e9ttl\u00e6tiog h\u00f6f\u00f0ingjar stj\u00f3rna samkv\u00e6mt l\u00f6gum. 2Hver \u00feeirra ver\u00f0ur sem hl\u00e9 fyrir vindiog skj\u00f3l fyrir sk\u00farumeins og vatnsl\u00e6kir \u00ed \u00feurrlendi,skuggi af h\u00e1um hamri \u00ed skr\u00e6lnu\u00f0u landi. 3\u00de\u00e1 ver\u00f0a augu hinna sj\u00e1andi ekki lengur luktog eyru \u00feeirra sem heyra munu hlusta. 4Hugur g\u00e1lausra hl\u00fdtur d\u00f3mgreind og \u00feekkinguog stamandi tunga talar sk\u00fdrt og greinilega. 5Heimskinginn ver\u00f0ur ekki framar kalla\u00f0ur g\u00f6fugmenniog hinn fl\u00e1r\u00e1\u00f0i ekki talinn veglyndur. 6\u00dev\u00ed a\u00f0 heimskinginn talar heimskuog hyggur \u00e1 illt \u00ed hjarta s\u00ednusvo a\u00f0 hann breytir \u00f3gu\u00f0lega og fer me\u00f0 f\u00e1sinnu um Drottin.Hann l\u00e6tur svangan mann hungraog neitar \u00feyrstum um drykk. 7Vopn hins <a href=\"https:\/\/biblian.is\/biblian\/jesaja-32-kafli\/\"> [&#8230;]<\/a><\/p>\n","protected":false},"author":1,"featured_media":0,"parent":0,"menu_order":0,"comment_status":"open","ping_status":"open","template":"bibliukaflar_NT.php","meta":{"footnotes":""},"class_list":["post-2328","page","type-page","status-publish","hentry"],"_links":{"self":[{"href":"https:\/\/biblian.is\/biblian\/wp-json\/wp\/v2\/pages\/2328","targetHints":{"allow":["GET"]}}],"collection":[{"href":"https:\/\/biblian.is\/biblian\/wp-json\/wp\/v2\/pages"}],"about":[{"href":"https:\/\/biblian.is\/biblian\/wp-json\/wp\/v2\/types\/page"}],"author":[{"embeddable":true,"href":"https:\/\/biblian.is\/biblian\/wp-json\/wp\/v2\/users\/1"}],"replies":[{"embeddable":true,"href":"https:\/\/biblian.is\/biblian\/wp-json\/wp\/v2\/comments?post=2328"}],"version-history":[{"count":0,"href":"https:\/\/biblian.is\/biblian\/wp-json\/wp\/v2\/pages\/2328\/revisions"}],"wp:attachment":[{"href":"https:\/\/biblian.is\/biblian\/wp-json\/wp\/v2\/media?parent=2328"}],"curies":[{"name":"wp","href":"https:\/\/api.w.org\/{rel}","templated":true}]}}