{"id":2327,"date":"2017-12-30T21:02:42","date_gmt":"2017-12-30T21:02:42","guid":{"rendered":"http:\/\/biblian.is\/biblian\/jesaja-31-kafli\/"},"modified":"2024-05-06T22:28:28","modified_gmt":"2024-05-06T22:28:28","slug":"jesaja-31-kafli","status":"publish","type":"page","link":"https:\/\/biblian.is\/biblian\/jesaja-31-kafli\/","title":{"rendered":"Jesaja 31. kafli"},"content":{"rendered":"<h3 class=\"millifyrirsogn_2007\"> Drottinn hj\u00e1lpar<\/h3>\n<p><span class=\"ljodatexti\"> <a name=\"1\"><span class=\"versanumer_ljod\">1<\/span><\/a>Vei \u00feeim sem fara til Egyptalands \u00ed li\u00f0sb\u00f3n,<br \/>sem rei\u00f0a sig \u00e1 hesta<br \/>og treysta \u00e1 hervagna af \u00fev\u00ed a\u00f0 \u00feeir eru margir<br \/>og \u00e1 riddara af \u00fev\u00ed a\u00f0 \u00feeir eru fj\u00f6lmargir<br \/>en l\u00edta ekki til Hins heilaga \u00ed \u00cdsrael<br \/>og leita ekki svara hj\u00e1 Drottni.<br \/> <\/span> <span class=\"ljodatexti\"> <a name=\"2\"><span class=\"versanumer_ljod\">2<\/span><\/a>En einnig hann er vitur, <br \/>l\u00e9t \u00f3g\u00e6fu henda<br \/>og t\u00f3k ekki or\u00f0 s\u00edn aftur.<br \/>Hann reis gegn \u00e6tt illmenna<br \/>og gegn hj\u00e1lp illvirkja.<br \/> <\/span> <span class=\"ljodatexti\"> <a name=\"3\"><span class=\"versanumer_ljod\">3<\/span><\/a>Egyptar eru menn en enginn Gu\u00f0,<br \/>hestar \u00feeirra eru hold en ekki andi.<br \/>\u00deegar Drottinn r\u00e9ttir \u00fat h\u00f6nd s\u00edna<br \/>hrasar s\u00e1 sem hj\u00e1lpar og fellur s\u00e1 sem hj\u00e1lpa skal<br \/>svo a\u00f0 \u00feeir farast b\u00e1\u00f0ir, hvor me\u00f0 \u00f6\u00f0rum.<br \/> <\/span> <span class=\"ljodatexti\"> <a name=\"4\"><span class=\"versanumer_ljod\">4<\/span><\/a>\u00dev\u00ed a\u00f0 svo segir Drottinn vi\u00f0 mig:<br \/>Eins og lj\u00f3n e\u00f0a lj\u00f3nshvolpur urrar yfir br\u00e1\u00f0 sinni<br \/>og \u00f3ttast ekki h\u00f3p fj\u00e1rhir\u00f0a sem stefnt er gegn honum, <br \/> skelfist hvorki hr\u00f3p \u00feeirra <br \/>n\u00e9 guggnar fyrir h\u00e1reysti \u00feeirra, <br \/>eins mun Drottinn allsherjar st\u00edga ni\u00f0ur <br \/>til a\u00f0 herja \u00e1 S\u00edonarfjall og S\u00edonarh\u00e6\u00f0.<br \/> <\/span> <span class=\"ljodatexti\"> <a name=\"5\"><span class=\"versanumer_ljod\">5<\/span><\/a>Eins og fuglar sem sveima yfir<br \/>mun Drottinn allsherjar vernda Jer\u00fasalem, <br \/>hann mun vernda hana og frelsa, <br \/>verja og bjarga.<br \/> <\/span> <span class=\"ljodatexti\"> <a name=\"6\"><span class=\"versanumer_ljod\">6<\/span><\/a>Hverfi\u00f0 aftur til hans<br \/>sem \u00cdsraelsmenn hafa falli\u00f0 svo dj\u00fapt fr\u00e1<br \/> <\/span> <span class=\"ljodatexti\"> <a name=\"7\"><span class=\"versanumer_ljod\">7<\/span><\/a>\u00fev\u00ed a\u00f0 \u00e1 \u00feeim degi mun hver og einn <br \/>hafna skur\u00f0go\u00f0um s\u00ednum \u00far silfri og gulli<br \/>sem \u00fe\u00e9r ger\u00f0u\u00f0 me\u00f0 syndugum h\u00f6ndum.<br \/> <\/span> <span class=\"ljodatexti\"> <a name=\"8\"><span class=\"versanumer_ljod\">8<\/span><\/a>Ass\u00far mun falla fyrir sver\u00f0i, \u00fe\u00f3 ekki sver\u00f0i manns,<br \/>sver\u00f0i\u00f0 mun ey\u00f0a honum, \u00fe\u00f3 ekki sver\u00f0 manns.<br \/>Ass\u00far mun fl\u00fdja undan sver\u00f0i<br \/>en \u00e6skumenn hans ver\u00f0a hnepptir \u00ed \u00e1nau\u00f0.<br \/> <\/span> <span class=\"ljodatexti\"> <a name=\"9\"><span class=\"versanumer_ljod\">9<\/span><\/a>Bjarg hans mun farast af \u00f3tta <br \/>og h\u00f6f\u00f0ingjar hans hlaupast undan merkjum,<br \/>segir Drottinn sem \u00e1 eld \u00e1 S\u00edon<br \/>og eldst\u00e6\u00f0i \u00ed Jer\u00fasalem. <\/span> <\/p>\n","protected":false},"excerpt":{"rendered":"<p>Drottinn hj\u00e1lpar 1Vei \u00feeim sem fara til Egyptalands \u00ed li\u00f0sb\u00f3n,sem rei\u00f0a sig \u00e1 hestaog treysta \u00e1 hervagna af \u00fev\u00ed a\u00f0 \u00feeir eru margirog \u00e1 riddara af \u00fev\u00ed a\u00f0 \u00feeir eru fj\u00f6lmargiren l\u00edta ekki til Hins heilaga \u00ed \u00cdsraelog leita ekki svara hj\u00e1 Drottni. 2En einnig hann er vitur, l\u00e9t \u00f3g\u00e6fu hendaog t\u00f3k ekki or\u00f0 s\u00edn aftur.Hann reis gegn \u00e6tt illmennaog gegn hj\u00e1lp illvirkja. 3Egyptar eru menn en enginn Gu\u00f0,hestar \u00feeirra eru hold en ekki andi.\u00deegar Drottinn r\u00e9ttir \u00fat h\u00f6nd s\u00ednahrasar s\u00e1 sem hj\u00e1lpar og fellur s\u00e1 sem hj\u00e1lpa skalsvo a\u00f0 \u00feeir farast b\u00e1\u00f0ir, hvor me\u00f0 \u00f6\u00f0rum. 4\u00dev\u00ed a\u00f0 svo segir <a href=\"https:\/\/biblian.is\/biblian\/jesaja-31-kafli\/\"> [&#8230;]<\/a><\/p>\n","protected":false},"author":1,"featured_media":0,"parent":0,"menu_order":0,"comment_status":"open","ping_status":"open","template":"bibliukaflar_NT.php","meta":{"footnotes":""},"class_list":["post-2327","page","type-page","status-publish","hentry"],"_links":{"self":[{"href":"https:\/\/biblian.is\/biblian\/wp-json\/wp\/v2\/pages\/2327","targetHints":{"allow":["GET"]}}],"collection":[{"href":"https:\/\/biblian.is\/biblian\/wp-json\/wp\/v2\/pages"}],"about":[{"href":"https:\/\/biblian.is\/biblian\/wp-json\/wp\/v2\/types\/page"}],"author":[{"embeddable":true,"href":"https:\/\/biblian.is\/biblian\/wp-json\/wp\/v2\/users\/1"}],"replies":[{"embeddable":true,"href":"https:\/\/biblian.is\/biblian\/wp-json\/wp\/v2\/comments?post=2327"}],"version-history":[{"count":0,"href":"https:\/\/biblian.is\/biblian\/wp-json\/wp\/v2\/pages\/2327\/revisions"}],"wp:attachment":[{"href":"https:\/\/biblian.is\/biblian\/wp-json\/wp\/v2\/media?parent=2327"}],"curies":[{"name":"wp","href":"https:\/\/api.w.org\/{rel}","templated":true}]}}