{"id":2326,"date":"2017-12-30T21:02:42","date_gmt":"2017-12-30T21:02:42","guid":{"rendered":"http:\/\/biblian.is\/biblian\/jesaja-30-kafli\/"},"modified":"2024-05-06T22:28:28","modified_gmt":"2024-05-06T22:28:28","slug":"jesaja-30-kafli","status":"publish","type":"page","link":"https:\/\/biblian.is\/biblian\/jesaja-30-kafli\/","title":{"rendered":"Jesaja 30. kafli"},"content":{"rendered":"<h3 class=\"millifyrirsogn_2007\"> Gegn bandalagi vi\u00f0 Egypta<\/h3>\n<p><span class=\"ljodatexti\"> <a name=\"1\"><span class=\"versanumer_ljod\">1<\/span><\/a>Vei hinum \u00ferj\u00f3sku b\u00f6rnum, segir Drottinn,<br \/>sem lei\u00f0a r\u00e1\u00f0 til lykta sem ekki eru fr\u00e1 m\u00e9r, <span class=\"nedan_mal\" title=\" \u00d6nnur hugsanleg \u00fe\u00fd\u00f0ing: dreypa dreypif\u00f3rnum sem ekki eru \u00ed m\u00ednum anda. \">[<\/span> <br \/>ganga \u00ed bandal\u00f6g sem ekki eru m\u00e9r a\u00f0 skapi<br \/>og hla\u00f0a me\u00f0 \u00fev\u00ed synd \u00e1 synd ofan.<br \/> <\/span> <span class=\"ljodatexti\"> <a name=\"2\"><span class=\"versanumer_ljod\">2<\/span><\/a>\u00deau fara ni\u00f0ur til Egyptalands<br \/>\u00e1n \u00feess a\u00f0 r\u00e1\u00f0gast vi\u00f0 mig<br \/>til \u00feess a\u00f0 leita h\u00e6lis undir vernd fara\u00f3s,<br \/>leita skj\u00f3ls \u00ed skugga Egyptalands.<br \/> <\/span> <span class=\"ljodatexti\"> <a name=\"3\"><span class=\"versanumer_ljod\">3<\/span><\/a>En vernd fara\u00f3s ver\u00f0ur y\u00f0ur a\u00f0eins til skammar<br \/>og skj\u00f3li\u00f0 \u00ed skugga Egyptalands til sm\u00e1nar. <br \/> <\/span> <span class=\"ljodatexti\"> <a name=\"4\"><span class=\"versanumer_ljod\">4<\/span><\/a>\u00de\u00f3 a\u00f0 h\u00f6f\u00f0ingjar s\u00e9u \u00ed S\u00f3an <br \/>og sendibo\u00f0ar komnir til Hanes <br \/> <\/span> <span class=\"ljodatexti\"> <a name=\"5\"><span class=\"versanumer_ljod\">5<\/span><\/a>ver\u00f0a \u00feeir allir til skammar<br \/>vegna \u00feeirrar \u00fej\u00f3\u00f0ar<br \/>sem hvorki veitir hj\u00e1lp n\u00e9 li\u00f0semd,<br \/>heldur einungis sk\u00f6mm og sm\u00e1n.<br \/> <\/span> <span class=\"ljodatexti\"> <a name=\"6\"><span class=\"versanumer_ljod\">6<\/span><\/a>Bo\u00f0skapur um d\u00fdrin \u00ed Su\u00f0urlandinu:<br \/>Um land ney\u00f0ar og \u00ferenginga, <br \/>\u00fear sem lj\u00f3nynjur og \u00f6skrandi lj\u00f3n hafast vi\u00f0, <br \/> eiturn\u00f6\u00f0rur og flj\u00fagandi drekar, <br \/>flytja \u00feeir au\u00f0\u00e6fi s\u00edn \u00e1 b\u00f6kum asna<br \/>og fj\u00e1rsj\u00f3\u00f0i s\u00edna \u00e1 kryppum \u00falfalda<br \/>til \u00fej\u00f3\u00f0ar sem engum ver\u00f0ur a\u00f0 li\u00f0i.<br \/> <\/span> <span class=\"ljodatexti\"> <a name=\"7\"><span class=\"versanumer_ljod\">7<\/span><\/a>Li\u00f0veisla Egyptalands er f\u00e1n\u00fdt og gagnslaus.<br \/>\u00dev\u00ed nefni \u00e9g \u00fea\u00f0 Rahab <br \/>sem ekkert a\u00f0hefst. <\/span> <\/p>\n<h3 class=\"millifyrirsogn_2007\">\u00derj\u00f3skri \u00fej\u00f3\u00f0 refsa\u00f0<\/h3>\n<p><span class=\"ljodatexti\"> <a name=\"8\"><span class=\"versanumer_ljod\">8<\/span><\/a>Komdu n\u00fa, skr\u00e1\u00f0u \u00feetta \u00e1 t\u00f6flu<br \/>og rita\u00f0u \u00fea\u00f0 \u00e1 b\u00f3k<br \/>svo a\u00f0 \u00fea\u00f0 ver\u00f0i vitnisbur\u00f0ur \u00e1 komandi t\u00edmum<br \/>og um alla framt\u00ed\u00f0:<br \/> <\/span> <span class=\"ljodatexti\"> <a name=\"9\"><span class=\"versanumer_ljod\">9<\/span><\/a>\u00deetta er \u00ferj\u00f3sk \u00fej\u00f3\u00f0, lygin b\u00f6rn,<br \/>b\u00f6rn sem ekki hlusta \u00e1 lei\u00f0s\u00f6gn Drottins.<br \/> <\/span> <span class=\"ljodatexti\"> <a name=\"10\"><span class=\"versanumer_ljod\">10<\/span><\/a>\u00deau segja vi\u00f0 sj\u00e1endurna: \u201eSj\u00e1i\u00f0 ekki s\u00fdnir,\u201c<br \/>og vi\u00f0 sp\u00e1mennina: \u201eSj\u00e1i\u00f0 ekki \u00fea\u00f0 sem satt er,<br \/>segi\u00f0 oss eitthva\u00f0 ge\u00f0fellt, <br \/>kunngj\u00f6ri\u00f0 t\u00e1ls\u00fdnir.<br \/> <\/span> <span class=\"ljodatexti\"> <a name=\"11\"><span class=\"versanumer_ljod\">11<\/span><\/a>V\u00edki\u00f0 af veginum, beygi\u00f0 af brautinni,<br \/>h\u00e6tti\u00f0 a\u00f0 setja oss Hinn heilaga \u00cdsraels fyrir sj\u00f3nir.\u201c<br \/> <\/span> <span class=\"ljodatexti\"> <a name=\"12\"><span class=\"versanumer_ljod\">12<\/span><\/a>\u00deess vegna segir Hinn heilagi \u00cdsraels svo:<br \/>\u201eS\u00f6kum \u00feess a\u00f0 \u00fe\u00e9r hafni\u00f0 \u00feessu or\u00f0i<br \/>en rei\u00f0i\u00f0 y\u00f0ur \u00e1 ofbeldi og kl\u00e6ki og treysti\u00f0 \u00e1 \u00fe\u00e1<br \/> <\/span> <span class=\"ljodatexti\"> <a name=\"13\"><span class=\"versanumer_ljod\">13<\/span><\/a>mun sekt y\u00f0ar <br \/>ver\u00f0a y\u00f0ur sem sprunga <br \/>\u00ed gn\u00e6fandi borgarm\u00far <br \/>sem bungar \u00fat. <br \/>Sprungan veldur falli,<br \/>m\u00farinn hrynur skyndilega og \u00e1 augabrag\u00f0i.<br \/> <\/span> <span class=\"ljodatexti\"> <a name=\"14\"><span class=\"versanumer_ljod\">14<\/span><\/a>Hann hrynur eins og leirker sem er m\u00f6lbroti\u00f0,<br \/>svo gersamlega m\u00f6lbroti\u00f0<br \/>a\u00f0 ekki finnst brot \u00ed mylsnunni <br \/>sem taka m\u00e6tti me\u00f0 eld af arni<br \/>e\u00f0a ausa me\u00f0 vatni \u00far brunni.\u201c<br \/> <\/span> <span class=\"ljodatexti\"> <a name=\"15\"><span class=\"versanumer_ljod\">15<\/span><\/a>\u00dev\u00ed a\u00f0 svo segir Drottinn Gu\u00f0, Hinn heilagi \u00cdsraels:<br \/>\u201eFyrir afturhvarf og r\u00f3semi munu\u00f0 \u00fe\u00e9r frelsast,<br \/>\u00ed \u00feolinm\u00e6\u00f0i og trausti skal styrkur y\u00f0ar vera.\u201c<br \/>En \u00fe\u00e9r vildu\u00f0 \u00feetta ekki<br \/> <\/span> <span class=\"ljodatexti\"> <a name=\"16\"><span class=\"versanumer_ljod\">16<\/span><\/a>heldur s\u00f6g\u00f0u\u00f0: \u201eNei,<br \/>v\u00e9r viljum \u00feeysa fram \u00e1 hestum.\u201c<br \/>\u00deess vegna munu\u00f0 \u00fe\u00e9r fl\u00fdja.<br \/>\u201eV\u00e9r viljum r\u00ed\u00f0a fr\u00e1um f\u00e1kum,\u201c<br \/>og \u00feess vegna munu \u00feeir fr\u00e1ir sem elta y\u00f0ur.<br \/> <\/span> <span class=\"ljodatexti\"> <a name=\"17\"><span class=\"versanumer_ljod\">17<\/span><\/a>Eitt \u00fe\u00fasund mun skj\u00e1lfa vegna h\u00f3tunar eins manns<br \/>og fyrir h\u00f3tunum fimm manna munu\u00f0 \u00fe\u00e9r fl\u00fdja<br \/>uns \u00feeir sem eftir ver\u00f0a l\u00edkjast merkist\u00f6ng \u00e1 fjallstindi<br \/>e\u00f0a gunnf\u00e1na \u00e1 h\u00f3l. <\/span> <\/p>\n<h3 class=\"millifyrirsogn_2007\">Drottinn miskunnar \u00fej\u00f3\u00f0 sinni<\/h3>\n<p><span class=\"ljodatexti\"> <a name=\"18\"><span class=\"versanumer_ljod\">18<\/span><\/a>\u00dev\u00ed b\u00ed\u00f0ur Drottinn \u00feess a\u00f0 s\u00fdna y\u00f0ur n\u00e1\u00f0,<br \/>\u00feess vegna r\u00eds hann upp til a\u00f0 miskunna y\u00f0ur,<br \/>\u00fev\u00ed a\u00f0 Drottinn er Gu\u00f0 r\u00e9ttl\u00e6tisins.<br \/>S\u00e6lir eru \u00feeir sem \u00e1 hann vona.<br \/> <\/span> <span class=\"ljodatexti\"> <a name=\"19\"><span class=\"versanumer_ljod\">19<\/span><\/a>J\u00e1, \u00fe\u00fa \u00fej\u00f3\u00f0 \u00e1 S\u00edon,<br \/>sem b\u00fdr\u00f0 \u00ed Jer\u00fasalem,<br \/>\u00fe\u00fa skalt ekki gr\u00e1ta lengur.<br \/>Hann ver\u00f0ur \u00fe\u00e9r n\u00e1\u00f0ugur.<br \/>\u00deegar \u00fe\u00fa hr\u00f3par \u00e1 hj\u00e1lp<br \/>mun hann b\u00e6nheyra \u00feig.<br \/> <\/span> <span class=\"ljodatexti\"> <a name=\"20\"><span class=\"versanumer_ljod\">20<\/span><\/a>Drottinn mun gefa y\u00f0ur ney\u00f0arbrau\u00f0 og \u00ferengingavatn,<br \/>\u00fe\u00e1 ver\u00f0ur l\u00e6rifa\u00f0ir \u00feinn ekki framar hulinn \u00fe\u00e9r,<br \/>heldur munt \u00fe\u00fa sj\u00e1 kennara \u00feinn me\u00f0 eigin augum,<br \/> <\/span> <span class=\"ljodatexti\"> <a name=\"21\"><span class=\"versanumer_ljod\">21<\/span><\/a>heyra or\u00f0 a\u00f0 baki \u00fe\u00e9r me\u00f0 eigin eyrum:<br \/>\u201e\u00deetta er vegurinn, fari\u00f0 hann,<br \/>hvort sem \u00fe\u00e9r fari\u00f0 til h\u00e6gri e\u00f0a vinstri.\u201c<br \/> <\/span> <span class=\"ljodatexti\"> <a name=\"22\"><span class=\"versanumer_ljod\">22<\/span><\/a> \u00de\u00e1 muntu afhelga silfurslegin skur\u00f0go\u00f0 \u00fe\u00edn<br \/>og gulli l\u00f6g\u00f0 gu\u00f0al\u00edkneski \u00fe\u00edn,<br \/>\u00fe\u00fa munt fleygja \u00feeim \u00ed burtu eins og \u00f3\u00feverra<br \/>og segja: \u201eBurt h\u00e9\u00f0an.\u201c <br \/> <\/span> <span class=\"ljodatexti\"> <a name=\"23\"><span class=\"versanumer_ljod\">23<\/span><\/a> \u00de\u00e1 mun hann gefa \u00fev\u00ed regn <br \/>sem \u00fe\u00fa s\u00e1\u00f0ir \u00ed akurinn<br \/>og korni\u00f0, sem hann gefur af s\u00e9r,<br \/>ver\u00f0ur kjarnmiki\u00f0 og gott.<br \/>\u00c1 \u00feeim degi mun f\u00e9na\u00f0ur \u00feinn ganga \u00ed v\u00ed\u00f0lendum grashaga<br \/> <\/span> <span class=\"ljodatexti\"> <a name=\"24\"><span class=\"versanumer_ljod\">24<\/span><\/a> og uxarnir og asnarnir, sem akurinn erja,<br \/>f\u00e1 salta\u00f0a f\u00f3\u00f0urbl\u00f6ndu a\u00f0 eta<br \/>sem dreift er me\u00f0 sk\u00f3flu og kv\u00edsl.<br \/> <\/span> <span class=\"ljodatexti\"> <a name=\"25\"><span class=\"versanumer_ljod\">25<\/span><\/a> \u00c1 hverju gn\u00e6fandi fjalli og hverri h\u00e1rri h\u00e6\u00f0<br \/>munu l\u00e6kirnir streyma bakkafullir<br \/>\u00e1 hinum mikla mannfallsdegi<br \/>\u00feegar turnarnir hrynja.<br \/> <\/span> <span class=\"ljodatexti\"> <a name=\"26\"><span class=\"versanumer_ljod\">26<\/span><\/a> \u00de\u00e1 ver\u00f0ur tunglslj\u00f3si\u00f0 eins og s\u00f3larlj\u00f3s<br \/>og s\u00f3larlj\u00f3si\u00f0 sj\u00f6faldast,<br \/>daginn sem Drottinn bindur um s\u00e1r \u00fej\u00f3\u00f0ar sinnar<br \/>og gr\u00e6\u00f0ir benjarnar sem hann veitti henni. <\/span> <\/p>\n<h3 class=\"millifyrirsogn_2007\">Gegn Ass\u00fdr\u00edu<\/h3>\n<p><span class=\"ljodatexti\"> <a name=\"27\"><span class=\"versanumer_ljod\">27<\/span><\/a> Nafn Drottins kemur \u00far fjarl\u00e6g\u00f0,<br \/>\u00feungb\u00e6r rei\u00f0i hans brennur.<br \/>Heiftin frey\u00f0ir um varir hans <br \/>og tunga hans er sem ey\u00f0andi eldur.<br \/> <\/span> <span class=\"ljodatexti\"> <a name=\"28\"><span class=\"versanumer_ljod\">28<\/span><\/a> Andgustur hans er sem \u00f3lgandi vatnsfall<br \/>sem tekur manni \u00ed h\u00e1ls.<br \/>Hann s\u00e1ldar l\u00fd\u00f0i \u00ed s\u00edu ey\u00f0ingarinnar, <br \/>beislar \u00fej\u00f3\u00f0ir og lei\u00f0ir \u00fe\u00e6r afvega.<br \/> <\/span> <span class=\"ljodatexti\"> <a name=\"29\"><span class=\"versanumer_ljod\">29<\/span><\/a> \u00de\u00e9r munu\u00f0 syngja lj\u00f3\u00f0<br \/>eins og \u00feegar menn helga sig \u00e1 a\u00f0faran\u00f3tt h\u00e1t\u00ed\u00f0ar<br \/>og gle\u00f0jast af hjarta,<br \/>eins og \u00feeir sem ganga vi\u00f0 flautuleik<br \/>til fjalls Drottins, til bjargs \u00cdsraels.<br \/> <\/span> <span class=\"ljodatexti\"> <a name=\"30\"><span class=\"versanumer_ljod\">30<\/span><\/a> \u00de\u00e1 l\u00e6tur Drottinn h\u00e1tignarraust s\u00edna hlj\u00f3ma<br \/>og s\u00fdnir a\u00f0 hann sl\u00e6r ni\u00f0ur armi s\u00ednum<br \/>\u00ed brennandi rei\u00f0i me\u00f0 ey\u00f0andi eldstungum,<br \/>sk\u00fdfalli, ofvi\u00f0ri og hagli.<br \/> <\/span> <span class=\"ljodatexti\"> <a name=\"31\"><span class=\"versanumer_ljod\">31<\/span><\/a> Ass\u00far mun skelfast raust Drottins<br \/>\u00feegar hann l\u00fdstur me\u00f0 kylfu sinni.<br \/> <\/span> <span class=\"ljodatexti\"> <a name=\"32\"><span class=\"versanumer_ljod\">32<\/span><\/a> Hvert kylfuh\u00f6gg ver\u00f0ur refsing<br \/>sem Drottinn l\u00e6tur r\u00ed\u00f0a \u00e1 honum<br \/>vi\u00f0 bumbusl\u00e1tt, g\u00edgjuhlj\u00f3m og helgan dans<br \/>er hann rei\u00f0ir til h\u00f6ggs og herjar \u00e1 hann.<br \/> <\/span> <span class=\"ljodatexti\"> <a name=\"33\"><span class=\"versanumer_ljod\">33<\/span><\/a> Eldf\u00f3rnargryfjan er fyrir l\u00f6ngu undirb\u00fain,<br \/>h\u00fan er \u00e6tlu\u00f0 konungi,<br \/>h\u00fan er dj\u00fap og brei\u00f0,<br \/>\u00ed henni er mikill vi\u00f0ur og eldur<br \/>sem andgustur Drottins kveikir<br \/>eins og brennisteinsfl\u00f3\u00f0. <\/span> <\/p>\n","protected":false},"excerpt":{"rendered":"<p>Gegn bandalagi vi\u00f0 Egypta 1Vei hinum \u00ferj\u00f3sku b\u00f6rnum, segir Drottinn,sem lei\u00f0a r\u00e1\u00f0 til lykta sem ekki eru fr\u00e1 m\u00e9r, [ ganga \u00ed bandal\u00f6g sem ekki eru m\u00e9r a\u00f0 skapiog hla\u00f0a me\u00f0 \u00fev\u00ed synd \u00e1 synd ofan. 2\u00deau fara ni\u00f0ur til Egyptalands\u00e1n \u00feess a\u00f0 r\u00e1\u00f0gast vi\u00f0 migtil \u00feess a\u00f0 leita h\u00e6lis undir vernd fara\u00f3s,leita skj\u00f3ls \u00ed skugga Egyptalands. 3En vernd fara\u00f3s ver\u00f0ur y\u00f0ur a\u00f0eins til skammarog skj\u00f3li\u00f0 \u00ed skugga Egyptalands til sm\u00e1nar. 4\u00de\u00f3 a\u00f0 h\u00f6f\u00f0ingjar s\u00e9u \u00ed S\u00f3an og sendibo\u00f0ar komnir til Hanes 5ver\u00f0a \u00feeir allir til skammarvegna \u00feeirrar \u00fej\u00f3\u00f0arsem hvorki veitir hj\u00e1lp n\u00e9 li\u00f0semd,heldur einungis sk\u00f6mm og sm\u00e1n. 6Bo\u00f0skapur um <a href=\"https:\/\/biblian.is\/biblian\/jesaja-30-kafli\/\"> [&#8230;]<\/a><\/p>\n","protected":false},"author":1,"featured_media":0,"parent":0,"menu_order":0,"comment_status":"open","ping_status":"open","template":"bibliukaflar_NT.php","meta":{"footnotes":""},"class_list":["post-2326","page","type-page","status-publish","hentry"],"_links":{"self":[{"href":"https:\/\/biblian.is\/biblian\/wp-json\/wp\/v2\/pages\/2326","targetHints":{"allow":["GET"]}}],"collection":[{"href":"https:\/\/biblian.is\/biblian\/wp-json\/wp\/v2\/pages"}],"about":[{"href":"https:\/\/biblian.is\/biblian\/wp-json\/wp\/v2\/types\/page"}],"author":[{"embeddable":true,"href":"https:\/\/biblian.is\/biblian\/wp-json\/wp\/v2\/users\/1"}],"replies":[{"embeddable":true,"href":"https:\/\/biblian.is\/biblian\/wp-json\/wp\/v2\/comments?post=2326"}],"version-history":[{"count":0,"href":"https:\/\/biblian.is\/biblian\/wp-json\/wp\/v2\/pages\/2326\/revisions"}],"wp:attachment":[{"href":"https:\/\/biblian.is\/biblian\/wp-json\/wp\/v2\/media?parent=2326"}],"curies":[{"name":"wp","href":"https:\/\/api.w.org\/{rel}","templated":true}]}}