{"id":2325,"date":"2017-12-30T21:02:42","date_gmt":"2017-12-30T21:02:42","guid":{"rendered":"http:\/\/biblian.is\/biblian\/jesaja-29-kafli\/"},"modified":"2024-05-06T22:28:27","modified_gmt":"2024-05-06T22:28:27","slug":"jesaja-29-kafli","status":"publish","type":"page","link":"https:\/\/biblian.is\/biblian\/jesaja-29-kafli\/","title":{"rendered":"Jesaja 29. kafli"},"content":{"rendered":"<h3 class=\"millifyrirsogn_2007\"> \u00derengingar Jer\u00fasalem og bj\u00f6rgun<\/h3>\n<p><span class=\"ljodatexti\"> <a name=\"1\"><span class=\"versanumer_ljod\">1<\/span><\/a>Vei \u00fe\u00e9r, Ar\u00edel, Ar\u00edel, <span class=\"nedan_mal\" title=\" Ar\u00edel merkir sennilega altariseldst\u00f3 Gu\u00f0s, \u00fe.e. Jer\u00fasalem.\">[<\/span> <br \/>borgin \u00fear sem Dav\u00ed\u00f0 sl\u00f3 upp herb\u00fa\u00f0um. <br \/>B\u00e6ti\u00f0 \u00e1ri vi\u00f0 \u00e1r, <br \/>l\u00e1ti\u00f0 h\u00e1t\u00ed\u00f0irnar fara sinn hring<br \/> <\/span> <span class=\"ljodatexti\"> <a name=\"2\"><span class=\"versanumer_ljod\">2<\/span><\/a>en \u00e9g mun \u00ferengja a\u00f0 Ar\u00edel<br \/>og \u00fear ver\u00f0ur hrygg\u00f0 og harmakvein.<br \/>H\u00fan ver\u00f0ur m\u00e9r eins og brennif\u00f3rnaraltari.<br \/> <\/span> <span class=\"ljodatexti\"> <a name=\"3\"><span class=\"versanumer_ljod\">3<\/span><\/a>\u00c9g mun setja herb\u00fa\u00f0ir gegn \u00fe\u00e9r, <br \/>\u00ferengja a\u00f0 \u00fe\u00e9r me\u00f0 \u00e1r\u00e1sarvirkjum<br \/>og reisa turna gegn \u00fe\u00e9r.<br \/> <\/span> <span class=\"ljodatexti\"> <a name=\"4\"><span class=\"versanumer_ljod\">4<\/span><\/a>Fallin muntu tala fr\u00e1 j\u00f6r\u00f0inni,<br \/>or\u00f0 \u00fe\u00edn berast h\u00e1lfk\u00e6f\u00f0 upp \u00far moldinni,<br \/>r\u00f6dd \u00fe\u00edn sem draugsr\u00f6dd upp \u00far j\u00f6r\u00f0inni<br \/>og raust \u00fe\u00edn sem hv\u00edskur \u00far moldinni.<br \/> <\/span> <span class=\"ljodatexti\"> <a name=\"5\"><span class=\"versanumer_ljod\">5<\/span><\/a>\u00de\u00e1 ver\u00f0ur merg\u00f0 \u00feinna drambs\u00f6mu eins og ryk<br \/>og merg\u00f0 ofbeldismanna \u00feinna eins og fj\u00fakandi hismi.<br \/>Skyndilega, \u00e1 augabrag\u00f0i,<br \/> <\/span> <span class=\"ljodatexti\"> <a name=\"6\"><span class=\"versanumer_ljod\">6<\/span><\/a>kemur refsing fr\u00e1 Drottni allsherjar<br \/>me\u00f0 \u00ferumum, jar\u00f0skj\u00e1lfta og miklum gn\u00fd,<br \/>fellibyl, stormi og ey\u00f0andi eldstungum.<br \/> <\/span> <span class=\"ljodatexti\"> <a name=\"7\"><span class=\"versanumer_ljod\">7<\/span><\/a>Eins og \u00ed draums\u00fdn um n\u00f3tt,<br \/>\u00feannig mun fara fyrir allri \u00fej\u00f3\u00f0amerg\u00f0inni sem herjar \u00e1 Ar\u00edel,<br \/>sem r\u00e6\u00f0st \u00e1 hana, reisir virki gegn henni og \u00ferengir a\u00f0 henni.<br \/> <\/span> <span class=\"ljodatexti\"> <a name=\"8\"><span class=\"versanumer_ljod\">8<\/span><\/a>Eins og \u00feegar hungra\u00f0an mann dreymir a\u00f0 hann eti<br \/>en vaknar svangur sem fyrr, <br \/>eins og \u00feegar \u00feyrstan mann dreymir a\u00f0 hann drekki <br \/>en vaknar \u00f6rmagna, \u00feyrstur sem fyrr, <br \/>\u00feannig fer fyrir allri \u00fej\u00f3\u00f0amerg\u00f0inni sem herjar \u00e1 S\u00edonarfjall. <\/span> <\/p>\n<h3 class=\"millifyrirsogn_2007\">Blinda og afneitun<\/h3>\n<p><span class=\"ljodatexti\"> <a name=\"9\"><span class=\"versanumer_ljod\">9<\/span><\/a>Falli\u00f0 \u00ed stafi og undrist,<br \/>stari\u00f0 y\u00f0ur blinda.<br \/>Gerist drukknir, \u00fe\u00f3 ekki af v\u00edni.<br \/>Reiki\u00f0, \u00fe\u00f3 ekki af \u00f6li. <br \/> <\/span> <span class=\"ljodatexti\"> <a name=\"10\"><span class=\"versanumer_ljod\">10<\/span><\/a>\u00dev\u00ed a\u00f0 Drottinn hefur hellt yfir y\u00f0ur <br \/>anda svefnh\u00f6fgi,<br \/>loki\u00f0 augum y\u00f0ar, sp\u00e1menn,<br \/>hylji\u00f0 h\u00f6fu\u00f0 y\u00f0ar, sj\u00e1endur. <\/span> <br \/> <a name=\"11\"><span class=\"versanumer_2007\">11<\/span><\/a> Y\u00f0ur var s\u00e9rhver opinberun eins og or\u00f0 \u00ed innsigla\u00f0ri b\u00f3k: S\u00e9 h\u00fan fengin \u00feeim sem kann a\u00f0 lesa og sagt vi\u00f0 hann: \u201eLestu \u00feetta,\u201c \u00fe\u00e1 svarar hann: \u201e\u00c9g get \u00fea\u00f0 ekki \u00fev\u00ed a\u00f0 b\u00f3kin er innsiglu\u00f0.\u201c <a name=\"12\"><span class=\"versanumer_2007\">12<\/span><\/a> En s\u00e9 b\u00f3kin fengin \u00feeim sem kann ekki a\u00f0 lesa og sagt vi\u00f0 hann: \u201eLestu \u00feetta,\u201c svarar hann: \u201e\u00c9g er \u00f3l\u00e6s.\u201c <br \/> <a name=\"13\"><span class=\"versanumer_2007\">13<\/span><\/a> Drottinn segir:<br \/> <span class=\"ljodatexti\"> \u00deetta f\u00f3lk n\u00e1lgast mig me\u00f0 munni s\u00ednum<br \/>og hei\u00f0rar mig me\u00f0 v\u00f6rum s\u00ednum<br \/>en hjarta \u00feess er m\u00e9r fjarri<br \/>og gu\u00f0s\u00f3tti \u00feess er utana\u00f0l\u00e6r\u00f0ar mannasetningar.<br \/> <\/span> <span class=\"ljodatexti\"> <a name=\"14\"><span class=\"versanumer_ljod\">14<\/span><\/a>\u00deess vegna mun \u00e9g enn fara undarlega me\u00f0 \u00feetta f\u00f3lk,<br \/>undarlega og undursamlega.<br \/>Speki spekinga \u00feess hverfi<br \/>og hyggindi hyggindamannanna fari \u00ed felur.<br \/> <\/span> <span class=\"ljodatexti\"> <a name=\"15\"><span class=\"versanumer_ljod\">15<\/span><\/a>Vei \u00feeim sem grafa dj\u00fapt<br \/>til a\u00f0 hylja \u00e1form s\u00edn fyrir Drottni<br \/>og vinna verk s\u00edn \u00ed myrkri <br \/>og hugsa: \u201eHver s\u00e9r oss, hver veit um oss?\u201c<br \/> <\/span> <span class=\"ljodatexti\"> <a name=\"16\"><span class=\"versanumer_ljod\">16<\/span><\/a>Hv\u00edl\u00edk f\u00e1sinna.<br \/>Skal leggja a\u00f0 j\u00f6fnu leirinn og leirkerasmi\u00f0inn?<br \/>Getur verki\u00f0 sagt um \u00feann sem vann \u00fea\u00f0:<br \/>\u201eHann hefur ekki b\u00fai\u00f0 mig til?\u201c<br \/>Getur \u00fea\u00f0 sem var m\u00f3ta\u00f0 sagt um \u00feann sem m\u00f3ta\u00f0i:<br \/>\u201eHann kann ekki til verka\u201c? <\/span> <\/p>\n<h3 class=\"millifyrirsogn_2007\">Endurn\u00fdjun<\/h3>\n<p><span class=\"ljodatexti\"> <a name=\"17\"><span class=\"versanumer_ljod\">17<\/span><\/a>Er ekki skammt \u00fear til<br \/>L\u00edbanon ver\u00f0ur a\u00f0 aldingar\u00f0i<br \/>og Karmel tali\u00f0 sk\u00f3glendi?<br \/> <\/span> <span class=\"ljodatexti\"> <a name=\"18\"><span class=\"versanumer_ljod\">18<\/span><\/a>\u00c1 \u00feeim degi munu daufir heyra or\u00f0 lesin af b\u00f3k<br \/>og augu blindra sj\u00e1 \u00fer\u00e1tt fyrir skugga og myrkur.<br \/> <\/span> <span class=\"ljodatexti\"> <a name=\"19\"><span class=\"versanumer_ljod\">19<\/span><\/a>\u00de\u00e1 mun gle\u00f0i au\u00f0mj\u00fakra aukast yfir Drottni<br \/>og hinir f\u00e1t\u00e6kustu me\u00f0al manna<br \/>munu fagna yfir Hinum heilaga \u00cdsraels.<br \/> <\/span> <span class=\"ljodatexti\"> <a name=\"20\"><span class=\"versanumer_ljod\">20<\/span><\/a>K\u00fagarinn ver\u00f0ur ekki lengur til,<br \/>skrumarinn l\u00ed\u00f0ur undir lok,<br \/>\u00f6llum, sem hyggja \u00e1 illt, ver\u00f0ur tort\u00edmt<br \/> <\/span> <span class=\"ljodatexti\"> <a name=\"21\"><span class=\"versanumer_ljod\">21<\/span><\/a>og \u00feeim sem sakfella menn fyrir r\u00e9tti,<br \/>\u00feeim sem leggja sn\u00f6rur fyrir \u00feann sem \u00e1minnir \u00ed hli\u00f0inu <br \/>og v\u00edsa hinum saklausa fr\u00e1 me\u00f0 innant\u00f3mu hjali.<br \/> <\/span> <span class=\"ljodatexti\"> <a name=\"22\"><span class=\"versanumer_ljod\">22<\/span><\/a> \u00deess vegna segir Drottinn, <br \/>sem endurleysti Abraham, vi\u00f0 \u00e6ttb\u00e1lk Jakobs:<br \/>N\u00fa \u00fearf Jakob ekki a\u00f0 blyg\u00f0ast s\u00edn lengur<br \/>og andlit hans ekki framar a\u00f0 f\u00f6lna<br \/> <\/span> <span class=\"ljodatexti\"> <a name=\"23\"><span class=\"versanumer_ljod\">23<\/span><\/a> \u00fev\u00ed a\u00f0 \u00feegar \u00fej\u00f3\u00f0in s\u00e9r b\u00f6rn s\u00edn, <br \/>verk handa minna, s\u00edn \u00e1 me\u00f0al<br \/>mun h\u00fan helga nafn mitt,<br \/>helga Hinn heilaga Jakobs<br \/>og \u00f3ttast Gu\u00f0 \u00cdsraels<br \/> <\/span> <span class=\"ljodatexti\"> <a name=\"24\"><span class=\"versanumer_ljod\">24<\/span><\/a> og \u00feeir sem eru villur\u00e1fandi \u00ed anda<br \/>munu \u00f6\u00f0last skilning<br \/>og \u00feeir sem m\u00f6gla l\u00e1ta s\u00e9r segjast. <\/span> <\/p>\n","protected":false},"excerpt":{"rendered":"<p>\u00derengingar Jer\u00fasalem og bj\u00f6rgun 1Vei \u00fe\u00e9r, Ar\u00edel, Ar\u00edel, [ borgin \u00fear sem Dav\u00ed\u00f0 sl\u00f3 upp herb\u00fa\u00f0um. B\u00e6ti\u00f0 \u00e1ri vi\u00f0 \u00e1r, l\u00e1ti\u00f0 h\u00e1t\u00ed\u00f0irnar fara sinn hring 2en \u00e9g mun \u00ferengja a\u00f0 Ar\u00edelog \u00fear ver\u00f0ur hrygg\u00f0 og harmakvein.H\u00fan ver\u00f0ur m\u00e9r eins og brennif\u00f3rnaraltari. 3\u00c9g mun setja herb\u00fa\u00f0ir gegn \u00fe\u00e9r, \u00ferengja a\u00f0 \u00fe\u00e9r me\u00f0 \u00e1r\u00e1sarvirkjumog reisa turna gegn \u00fe\u00e9r. 4Fallin muntu tala fr\u00e1 j\u00f6r\u00f0inni,or\u00f0 \u00fe\u00edn berast h\u00e1lfk\u00e6f\u00f0 upp \u00far moldinni,r\u00f6dd \u00fe\u00edn sem draugsr\u00f6dd upp \u00far j\u00f6r\u00f0inniog raust \u00fe\u00edn sem hv\u00edskur \u00far moldinni. 5\u00de\u00e1 ver\u00f0ur merg\u00f0 \u00feinna drambs\u00f6mu eins og rykog merg\u00f0 ofbeldismanna \u00feinna eins og fj\u00fakandi hismi.Skyndilega, \u00e1 augabrag\u00f0i, 6kemur refsing fr\u00e1 Drottni <a href=\"https:\/\/biblian.is\/biblian\/jesaja-29-kafli\/\"> [&#8230;]<\/a><\/p>\n","protected":false},"author":1,"featured_media":0,"parent":0,"menu_order":0,"comment_status":"open","ping_status":"open","template":"bibliukaflar_NT.php","meta":{"footnotes":""},"class_list":["post-2325","page","type-page","status-publish","hentry"],"_links":{"self":[{"href":"https:\/\/biblian.is\/biblian\/wp-json\/wp\/v2\/pages\/2325","targetHints":{"allow":["GET"]}}],"collection":[{"href":"https:\/\/biblian.is\/biblian\/wp-json\/wp\/v2\/pages"}],"about":[{"href":"https:\/\/biblian.is\/biblian\/wp-json\/wp\/v2\/types\/page"}],"author":[{"embeddable":true,"href":"https:\/\/biblian.is\/biblian\/wp-json\/wp\/v2\/users\/1"}],"replies":[{"embeddable":true,"href":"https:\/\/biblian.is\/biblian\/wp-json\/wp\/v2\/comments?post=2325"}],"version-history":[{"count":0,"href":"https:\/\/biblian.is\/biblian\/wp-json\/wp\/v2\/pages\/2325\/revisions"}],"wp:attachment":[{"href":"https:\/\/biblian.is\/biblian\/wp-json\/wp\/v2\/media?parent=2325"}],"curies":[{"name":"wp","href":"https:\/\/api.w.org\/{rel}","templated":true}]}}