{"id":2324,"date":"2017-12-30T21:02:42","date_gmt":"2017-12-30T21:02:42","guid":{"rendered":"http:\/\/biblian.is\/biblian\/jesaja-28-kafli\/"},"modified":"2024-05-06T22:28:27","modified_gmt":"2024-05-06T22:28:27","slug":"jesaja-28-kafli","status":"publish","type":"page","link":"https:\/\/biblian.is\/biblian\/jesaja-28-kafli\/","title":{"rendered":"Jesaja 28. kafli"},"content":{"rendered":"<h2 class=\"millifyrirsogn_2007\">Um \u00cdsrael og J\u00fada <\/h2>\n<h3 class=\"millifyrirsogn_2007\">Gegn Samar\u00edu<\/h3>\n<p><span class=\"ljodatexti\"> <a name=\"1\"><span class=\"versanumer_ljod\">1<\/span><\/a>Vei hinum drembilega bl\u00f3msveig drykkjur\u00fatanna \u00ed Efra\u00edm,<br \/>hinu blikna\u00f0a bl\u00f3mi, hinni d\u00fdrlegu pr\u00fd\u00f0i hans<br \/>\u00e1 h\u00e6\u00f0arkollinum \u00ed hinum frj\u00f3sama dal<br \/>\u00fear sem v\u00edni\u00f0 lag\u00f0i \u00fe\u00e1 a\u00f0 velli.<br \/> <\/span> <span class=\"ljodatexti\"> <a name=\"2\"><span class=\"versanumer_ljod\">2<\/span><\/a>Hetja Drottins, sterk og voldug, <br \/>kemur sem haglsk\u00far, mannska\u00f0ave\u00f0ur, <br \/>beljandi sk\u00fdfall <br \/>og varpar honum til jar\u00f0ar af afli. <br \/> <\/span> <span class=\"ljodatexti\"> <a name=\"3\"><span class=\"versanumer_ljod\">3<\/span><\/a>Hinn drembilegi bl\u00f3msveigur drykkjur\u00fatanna \u00ed Efra\u00edm<br \/>ver\u00f0ur f\u00f3tum tro\u00f0inn.<br \/> <\/span> <span class=\"ljodatexti\"> <a name=\"4\"><span class=\"versanumer_ljod\">4<\/span><\/a>Fara mun fyrir hinu blikna\u00f0a bl\u00f3mi, <br \/>hinni d\u00fdrlegu pr\u00fd\u00f0i hans<br \/>\u00e1 h\u00e6\u00f0arkollinum \u00ed frj\u00f3sama dalnum,<br \/>eins og f\u00edkju sem \u00feroska\u00f0ist fyrir uppskerut\u00edmann.<br \/>S\u00e1 sem kemur auga \u00e1 hana<br \/>gleypir hana um lei\u00f0 og h\u00fan kemur \u00ed l\u00f3fa hans.<br \/> <\/span> <span class=\"ljodatexti\"> <a name=\"5\"><span class=\"versanumer_ljod\">5<\/span><\/a>\u00c1 \u00feeim degi ver\u00f0ur Drottinn allsherjar d\u00fdrlegur bl\u00f3msveigur <br \/>og fagurt h\u00f6fu\u00f0dj\u00e1sn \u00feeirra sem eftir ver\u00f0a af \u00fej\u00f3\u00f0 hans. <br \/> <\/span> <span class=\"ljodatexti\"> <a name=\"6\"><span class=\"versanumer_ljod\">6<\/span><\/a>Hann ver\u00f0ur \u00feeim r\u00e9ttl\u00e6tisandi sem situr \u00ed d\u00f3maras\u00e6ti, <br \/>og hetjum\u00f3\u00f0ur \u00feeim sem hrekja \u00e1r\u00e1sarli\u00f0 \u00fat um borgarhli\u00f0i\u00f0.<br \/> <\/span> <span class=\"ljodatexti\"> <a name=\"7\"><span class=\"versanumer_ljod\">7<\/span><\/a>\u00deessir menn slaga einnig af v\u00edndrykkju,<br \/>skj\u00f6gra af \u00e1fengum drykkjum,<br \/>prestar og sp\u00e1menn slaga af sterkum drykkjum,<br \/>rugla\u00f0ir af v\u00edni,<br \/>skj\u00f6grandi af drykkju,<br \/>slaga er \u00feeir sj\u00e1 s\u00fdnir,<br \/>ri\u00f0a er \u00feeir kve\u00f0a upp d\u00f3ma.<br \/> <\/span> <span class=\"ljodatexti\"> <a name=\"8\"><span class=\"versanumer_ljod\">8<\/span><\/a>\u00d6ll bor\u00f0 eru \u00feakin sp\u00fdju,<br \/>enginn blettur laus vi\u00f0 saur.<br \/> <\/span> <span class=\"ljodatexti\"> <a name=\"9\"><span class=\"versanumer_ljod\">9<\/span><\/a>\u201eHverjum \u00e6tlar hann a\u00f0 veita \u00feekkingu,<br \/>fyrir hverjum \u00fatsk\u00fdra opinberanir?<br \/>Fyrir b\u00f6rnum, sem eru n\u00fdvanin af mj\u00f3lk,<br \/>\u00feeim sem eru n\u00fdtekin af brj\u00f3sti?\u201c<br \/> <\/span> <span class=\"ljodatexti\"> <a name=\"10\"><span class=\"versanumer_ljod\">10<\/span><\/a>\u00dev\u00ed a\u00f0 hann segir:<br \/>Bo\u00f0 \u00e1 bo\u00f0 ofan, skipun \u00e1 skipun ofan, n\u00fa \u00feetta, \u00fe\u00e1 hitt.<br \/> <\/span> <span class=\"ljodatexti\"> <a name=\"11\"><span class=\"versanumer_ljod\">11<\/span><\/a>Me\u00f0 stamandi v\u00f6rum \u00e1 annarlegri tungu <br \/>mun hann tala til \u00feessa f\u00f3lks,<br \/> <\/span> <span class=\"ljodatexti\"> <a name=\"12\"><span class=\"versanumer_ljod\">12<\/span><\/a>hann sem sag\u00f0i vi\u00f0 \u00fe\u00e1:<br \/>\u201e\u00deetta er hv\u00edldarsta\u00f0urinn,<br \/>lj\u00e1i\u00f0 \u00fereyttum hv\u00edld,<br \/>h\u00e9r er endurn\u00e6ring,\u201c<br \/>en \u00feeir vildu ekki hlusta.<br \/> <\/span> <span class=\"ljodatexti\"> <a name=\"13\"><span class=\"versanumer_ljod\">13<\/span><\/a>\u00dev\u00ed mun or\u00f0 Drottins koma til \u00feeirra:<br \/>Bo\u00f0 \u00e1 bo\u00f0 ofan, skipun \u00e1 skipun ofan, n\u00fa \u00feetta, \u00fe\u00e1 hitt<br \/>svo a\u00f0 \u00feeir fari og falli aftur \u00e1 bak,<br \/>beinbrotni, fl\u00e6kist \u00ed sn\u00f6runni og ver\u00f0i teknir til fanga. <\/span> <\/p>\n<h3 class=\"millifyrirsogn_2007\">Hornsteinn \u00e1 S\u00edon<\/h3>\n<p><span class=\"ljodatexti\"> <a name=\"14\"><span class=\"versanumer_ljod\">14<\/span><\/a>Heyri\u00f0 \u00fev\u00ed or\u00f0 Drottins, skrumarar,<br \/>sem drottni\u00f0 yfir f\u00f3lkinu sem b\u00fdr \u00ed Jer\u00fasalem.<br \/> <\/span> <span class=\"ljodatexti\"> <a name=\"15\"><span class=\"versanumer_ljod\">15<\/span><\/a>\u00de\u00e9r segi\u00f0 a\u00f0 s\u00f6nnu:<br \/>\u201eV\u00e9r h\u00f6fum gert s\u00e1ttm\u00e1la vi\u00f0 Dau\u00f0ann<br \/>og samning vi\u00f0 Hel.<br \/>\u00deegar fl\u00f3\u00f0bylgjan dynur yfir<br \/>n\u00e6r h\u00fan ekki til vor<br \/>\u00fev\u00ed a\u00f0 v\u00e9r h\u00f6fum gert lygi a\u00f0 h\u00e6li voru<br \/>og fali\u00f0 oss \u00ed skj\u00f3li svika.\u201c<br \/> <\/span> <span class=\"ljodatexti\"> <a name=\"16\"><span class=\"versanumer_ljod\">16<\/span><\/a>\u00deess vegna segir Drottinn Gu\u00f0:<br \/>Sj\u00e1, \u00e9g legg undirst\u00f6\u00f0ustein \u00e1 S\u00edon,<br \/>traustan stein, valinn hornstein.<br \/>S\u00e1 sem tr\u00fair fl\u00fdr ekki. <br \/> <\/span> <span class=\"ljodatexti\"> <a name=\"17\"><span class=\"versanumer_ljod\">17<\/span><\/a>\u00c9g geri r\u00e9ttinn a\u00f0 m\u00e6liva\u00f0<br \/>og r\u00e9ttl\u00e6ti\u00f0 a\u00f0 m\u00e6lil\u00f3\u00f0i.<br \/>\u00de\u00e1 mun hagl s\u00f3pa burt h\u00e6li lyginnar<br \/>og vatnsfl\u00f3\u00f0 skola burt skj\u00f3linu.<br \/> <\/span> <span class=\"ljodatexti\"> <a name=\"18\"><span class=\"versanumer_ljod\">18<\/span><\/a>S\u00e1ttm\u00e1li y\u00f0ar vi\u00f0 dau\u00f0ann ver\u00f0ur rofinn<br \/>og samningur y\u00f0ar vi\u00f0 helju f\u00e6r ekki sta\u00f0ist.<br \/>\u00deegar fl\u00f3\u00f0bylgjan dynur yfir eins og svipa<br \/>molar h\u00fan y\u00f0ur sundur.<br \/> <\/span> <span class=\"ljodatexti\"> <a name=\"19\"><span class=\"versanumer_ljod\">19<\/span><\/a>\u00cd hvert sinn sem h\u00fan hvolfist yfir<br \/>\u00fer\u00edfur h\u00fan y\u00f0ur me\u00f0 s\u00e9r,<br \/>hvern morgun r\u00ed\u00f0ur h\u00fan yfir, n\u00f3tt sem dag<br \/>og skelfilegt ver\u00f0ur a\u00f0 sk\u00fdra bo\u00f0skapinn.<br \/> <\/span> <span class=\"ljodatexti\"> <a name=\"20\"><span class=\"versanumer_ljod\">20<\/span><\/a>R\u00fami\u00f0 er of stutt til a\u00f0 r\u00e9tta megi \u00far s\u00e9r,<br \/>\u00e1brei\u00f0an of mj\u00f3 til a\u00f0 vefja henni um sig.<br \/> <\/span> <span class=\"ljodatexti\"> <a name=\"21\"><span class=\"versanumer_ljod\">21<\/span><\/a>\u00dev\u00ed a\u00f0 Drottinn mun r\u00edsa upp eins og \u00e1 Peras\u00edmfjalli, <br \/>hann mun fyllast heift eins og \u00ed dalnum vi\u00f0 G\u00edbeon.<br \/>Hann mun vinna verk sitt, hi\u00f0 undarlega verk sitt,<br \/>og inna af hendi starf sitt, hi\u00f0 annarlega starf sitt. <br \/> <\/span> <span class=\"ljodatexti\"> <a name=\"22\"><span class=\"versanumer_ljod\">22<\/span><\/a> L\u00e1ti\u00f0 n\u00fa af skruminu svo a\u00f0 fj\u00f6trar y\u00f0ar her\u00f0ist ekki<br \/>\u00fev\u00ed a\u00f0 \u00e9g hef heyrt um ey\u00f0inguna<br \/>sem Drottinn, Gu\u00f0 allsherjar, hefur \u00e1kve\u00f0i\u00f0 um allt landi\u00f0. <\/span> <\/p>\n<h3 class=\"millifyrirsogn_2007\">L\u00edking um visku Gu\u00f0s<\/h3>\n<p><span class=\"ljodatexti\"> <a name=\"23\"><span class=\"versanumer_ljod\">23<\/span><\/a> Hlusti\u00f0 og hl\u00fd\u00f0i\u00f0 \u00e1 m\u00e1l mitt,<br \/>taki\u00f0 eftir og heyri\u00f0 r\u00e6\u00f0u m\u00edna.<br \/> <\/span> <span class=\"ljodatexti\"> <a name=\"24\"><span class=\"versanumer_ljod\">24<\/span><\/a> Pl\u00e6gir b\u00f3ndinn allan daginn til a\u00f0 s\u00e1,<br \/>ristir hann \u00ed s\u00edfellu akur sinn og herfar?<br \/> <\/span> <span class=\"ljodatexti\"> <a name=\"25\"><span class=\"versanumer_ljod\">25<\/span><\/a> Nei, \u00feegar hann hefur sl\u00e9tta\u00f0 akurinn<br \/>s\u00e1ir hann s\u00f3lselju og dreifir k\u00fameni,<br \/>hann s\u00e1ir hveiti og byggi <br \/>og setur speldi \u00ed ja\u00f0ar akursins.<br \/> <\/span> <span class=\"ljodatexti\"> <a name=\"26\"><span class=\"versanumer_ljod\">26<\/span><\/a> Gu\u00f0 hans segir honum vel til verka<br \/>og lei\u00f0beinir honum.<br \/> <\/span> <span class=\"ljodatexti\"> <a name=\"27\"><span class=\"versanumer_ljod\">27<\/span><\/a> S\u00f3lselja er ekki \u00fereskt me\u00f0 \u00fereskisle\u00f0a<br \/>n\u00e9 vagnhj\u00f3li velt yfir k\u00famen<br \/>heldur er s\u00f3lseljufr\u00e6 slegi\u00f0 \u00far me\u00f0 staf<br \/>og k\u00famen me\u00f0 st\u00f6ng.<br \/> <\/span> <span class=\"ljodatexti\"> <a name=\"28\"><span class=\"versanumer_ljod\">28<\/span><\/a> Er brau\u00f0korn muli\u00f0 \u00ed duft?<br \/>Nei, ekki er \u00fea\u00f0 \u00fereskt \u00e1n afl\u00e1ts,<br \/>vagnhj\u00f3l og hestar fara ekki yfir \u00fea\u00f0,<br \/>\u00fea\u00f0 er ekki muli\u00f0 \u00ed duft.<br \/> <\/span> <span class=\"ljodatexti\"> <a name=\"29\"><span class=\"versanumer_ljod\">29<\/span><\/a> Einnig \u00feetta kemur fr\u00e1 Drottni allsherjar,<br \/>hann er undursamlegur \u00ed r\u00e1\u00f0um<br \/>og mikill a\u00f0 visku. <\/span> <\/p>\n","protected":false},"excerpt":{"rendered":"<p>Um \u00cdsrael og J\u00fada Gegn Samar\u00edu 1Vei hinum drembilega bl\u00f3msveig drykkjur\u00fatanna \u00ed Efra\u00edm,hinu blikna\u00f0a bl\u00f3mi, hinni d\u00fdrlegu pr\u00fd\u00f0i hans\u00e1 h\u00e6\u00f0arkollinum \u00ed hinum frj\u00f3sama dal\u00fear sem v\u00edni\u00f0 lag\u00f0i \u00fe\u00e1 a\u00f0 velli. 2Hetja Drottins, sterk og voldug, kemur sem haglsk\u00far, mannska\u00f0ave\u00f0ur, beljandi sk\u00fdfall og varpar honum til jar\u00f0ar af afli. 3Hinn drembilegi bl\u00f3msveigur drykkjur\u00fatanna \u00ed Efra\u00edmver\u00f0ur f\u00f3tum tro\u00f0inn. 4Fara mun fyrir hinu blikna\u00f0a bl\u00f3mi, hinni d\u00fdrlegu pr\u00fd\u00f0i hans\u00e1 h\u00e6\u00f0arkollinum \u00ed frj\u00f3sama dalnum,eins og f\u00edkju sem \u00feroska\u00f0ist fyrir uppskerut\u00edmann.S\u00e1 sem kemur auga \u00e1 hanagleypir hana um lei\u00f0 og h\u00fan kemur \u00ed l\u00f3fa hans. 5\u00c1 \u00feeim degi ver\u00f0ur Drottinn allsherjar d\u00fdrlegur bl\u00f3msveigur og fagurt <a href=\"https:\/\/biblian.is\/biblian\/jesaja-28-kafli\/\"> [&#8230;]<\/a><\/p>\n","protected":false},"author":1,"featured_media":0,"parent":0,"menu_order":0,"comment_status":"open","ping_status":"open","template":"bibliukaflar_NT.php","meta":{"footnotes":""},"class_list":["post-2324","page","type-page","status-publish","hentry"],"_links":{"self":[{"href":"https:\/\/biblian.is\/biblian\/wp-json\/wp\/v2\/pages\/2324","targetHints":{"allow":["GET"]}}],"collection":[{"href":"https:\/\/biblian.is\/biblian\/wp-json\/wp\/v2\/pages"}],"about":[{"href":"https:\/\/biblian.is\/biblian\/wp-json\/wp\/v2\/types\/page"}],"author":[{"embeddable":true,"href":"https:\/\/biblian.is\/biblian\/wp-json\/wp\/v2\/users\/1"}],"replies":[{"embeddable":true,"href":"https:\/\/biblian.is\/biblian\/wp-json\/wp\/v2\/comments?post=2324"}],"version-history":[{"count":0,"href":"https:\/\/biblian.is\/biblian\/wp-json\/wp\/v2\/pages\/2324\/revisions"}],"wp:attachment":[{"href":"https:\/\/biblian.is\/biblian\/wp-json\/wp\/v2\/media?parent=2324"}],"curies":[{"name":"wp","href":"https:\/\/api.w.org\/{rel}","templated":true}]}}