{"id":2323,"date":"2017-12-30T21:02:42","date_gmt":"2017-12-30T21:02:42","guid":{"rendered":"http:\/\/biblian.is\/biblian\/jesaja-27-kafli\/"},"modified":"2024-05-06T22:28:27","modified_gmt":"2024-05-06T22:28:27","slug":"jesaja-27-kafli","status":"publish","type":"page","link":"https:\/\/biblian.is\/biblian\/jesaja-27-kafli\/","title":{"rendered":"Jesaja 27. kafli"},"content":{"rendered":"<p><a name=\"1\"><span class=\"versanumer_2007\">1<\/span><\/a> \u00c1 \u00feeim degi mun Drottinn me\u00f0 hinu hvessta, st\u00f3ra og sterka sver\u00f0i s\u00ednu refsa Levjatan, hinum flughra\u00f0a dreka, Levjatan, hinum hringa\u00f0a dreka. Hann mun bana s\u00e6skr\u00edmslinu. <\/p>\n<h3 class=\"millifyrirsogn_2007\">S\u00f6ngur um v\u00edngar\u00f0 Drottins<\/h3>\n<p><a name=\"2\"><span class=\"versanumer_2007\">2<\/span><\/a> \u00c1 \u00feeim degi skulu\u00f0 \u00fe\u00e9r syngja um hinn bl\u00f3mlega v\u00edngar\u00f0:<br \/> <span class=\"ljodatexti\"> <a name=\"3\"><span class=\"versanumer_ljod\">3<\/span><\/a>\u00c9g, Drottinn, er v\u00f6r\u00f0ur hans,<br \/>\u00e9g v\u00f6kva hann s\u00edfellt<br \/>og g\u00e6ti hans dag og n\u00f3tt<br \/>svo a\u00f0 honum ver\u00f0i ekki spillt.<br \/> <\/span> <span class=\"ljodatexti\"> <a name=\"4\"><span class=\"versanumer_ljod\">4<\/span><\/a>Rei\u00f0ur er \u00e9g ekki<br \/>en finni \u00e9g \u00feyrna og \u00feistla<br \/>r\u00e6\u00f0st \u00e9g \u00e1 \u00fe\u00e1<br \/>og kveiki \u00ed \u00feeim \u00f6llum<br \/> <\/span> <span class=\"ljodatexti\"> <a name=\"5\"><span class=\"versanumer_ljod\">5<\/span><\/a>nema menn leiti h\u00e6lis hj\u00e1 m\u00e9r,<br \/>semji vi\u00f0 mig fri\u00f0,<br \/>semji fri\u00f0 vi\u00f0 mig.<br \/> <\/span> <span class=\"ljodatexti\"> <a name=\"6\"><span class=\"versanumer_ljod\">6<\/span><\/a>\u00c1 komandi d\u00f6gum festir Jakob r\u00e6tur,<br \/>\u00cdsrael bl\u00f3mgast og ber fr\u00e6<br \/>og fyllir heiminn \u00e1v\u00f6xtum. <\/span> <\/p>\n<h3 class=\"millifyrirsogn_2007\">Fyrirgefning synda \u00cdsraels<\/h3>\n<p><span class=\"ljodatexti\"> <a name=\"7\"><span class=\"versanumer_ljod\">7<\/span><\/a>Hefur Drottinn losti\u00f0 \u00cdsrael<br \/>eins og hann laust \u00fe\u00e1 sem lustu hann?<br \/>Var \u00cdsrael myrtur eins og mor\u00f0ingjar hans voru myrtir?<br \/> <\/span> <span class=\"ljodatexti\"> <a name=\"8\"><span class=\"versanumer_ljod\">8<\/span><\/a>Nei, me\u00f0 brottrekstri og \u00fatleg\u00f0 <br \/>h\u00f6f\u00f0a\u00f0ir \u00fe\u00fa, Drottinn, m\u00e1l \u00e1 hendur honum, <br \/>hr\u00e6ddir hann og hraktir brott me\u00f0 ve\u00f0urofsa<br \/>daginn sem austanstormurinn geisa\u00f0i.<br \/> <\/span> <span class=\"ljodatexti\"> <a name=\"9\"><span class=\"versanumer_ljod\">9<\/span><\/a>\u00deess vegna ver\u00f0ur sekt Jakobs afpl\u00e1nu\u00f0<br \/>og \u00feetta er \u00e1v\u00f6xtur \u00feess a\u00f0 synd hans er fjarl\u00e6g\u00f0:<br \/>Hann gerir alla altarissteina a\u00f0 muldum kalksteini,<br \/>hvorki As\u00e9rust\u00f3lpar n\u00e9 reykelsis\u00f6lturu munu uppi standa.<br \/> <\/span> <span class=\"ljodatexti\"> <a name=\"10\"><span class=\"versanumer_ljod\">10<\/span><\/a>Hin v\u00edggirta borg er einangru\u00f0, <br \/>au\u00f0ur og yfirgefinn b\u00fasta\u00f0ur eins og \u00f3bygg\u00f0in.<br \/>\u00dear eru k\u00e1lfar \u00e1 beit,<br \/>\u00fear leggjast \u00feeir og b\u00edta trj\u00e1kvistina. <br \/> <\/span> <span class=\"ljodatexti\"> <a name=\"11\"><span class=\"versanumer_ljod\">11<\/span><\/a>\u00deegar greinarnar \u00feorna eru \u00fe\u00e6r brotnar af,<br \/>konur koma og kveikja eld vi\u00f0 \u00fe\u00e6r.<br \/>\u00dear sem \u00feetta er skilningslaus \u00fej\u00f3\u00f0<br \/>s\u00fdnir s\u00e1 sem skapa\u00f0i hana enga miskunn<br \/>og s\u00e1 sem m\u00f3ta\u00f0i hana au\u00f0s\u00fdnir henni enga n\u00e1\u00f0. <\/span> <\/p>\n<h3 class=\"millifyrirsogn_2007\">\u00cdsraelsmenn sn\u00faa aftur<\/h3>\n<p><span class=\"ljodatexti\"> <a name=\"12\"><span class=\"versanumer_ljod\">12<\/span><\/a>\u00c1 \u00feeim degi mun Drottinn \u00fereskja korn<br \/>fr\u00e1 Efratsb\u00f6kkum a\u00f0 Egyptalands\u00e1 <br \/>og \u00fe\u00e1 munu\u00f0 \u00fe\u00e9r, \u00cdsraelsni\u00f0jar, <br \/>t\u00edndir upp, einn og einn.<br \/> <\/span> <span class=\"ljodatexti\"> <a name=\"13\"><span class=\"versanumer_ljod\">13<\/span><\/a>\u00c1 \u00feeim degi ver\u00f0ur miki\u00f0 hafurshorn \u00feeytt<br \/>og \u00feeir koma heim sem h\u00f6f\u00f0u villst \u00ed Ass\u00fdr\u00edu<br \/>og \u00feeir sem h\u00f6f\u00f0u dreifst um Egyptaland.<br \/>\u00deeir munu d\u00fdrka Drottin \u00e1 fjallinu helga \u00ed Jer\u00fasalem. <\/span> <\/p>\n","protected":false},"excerpt":{"rendered":"<p>1 \u00c1 \u00feeim degi mun Drottinn me\u00f0 hinu hvessta, st\u00f3ra og sterka sver\u00f0i s\u00ednu refsa Levjatan, hinum flughra\u00f0a dreka, Levjatan, hinum hringa\u00f0a dreka. Hann mun bana s\u00e6skr\u00edmslinu. S\u00f6ngur um v\u00edngar\u00f0 Drottins 2 \u00c1 \u00feeim degi skulu\u00f0 \u00fe\u00e9r syngja um hinn bl\u00f3mlega v\u00edngar\u00f0: 3\u00c9g, Drottinn, er v\u00f6r\u00f0ur hans,\u00e9g v\u00f6kva hann s\u00edfelltog g\u00e6ti hans dag og n\u00f3ttsvo a\u00f0 honum ver\u00f0i ekki spillt. 4Rei\u00f0ur er \u00e9g ekkien finni \u00e9g \u00feyrna og \u00feistlar\u00e6\u00f0st \u00e9g \u00e1 \u00fe\u00e1og kveiki \u00ed \u00feeim \u00f6llum 5nema menn leiti h\u00e6lis hj\u00e1 m\u00e9r,semji vi\u00f0 mig fri\u00f0,semji fri\u00f0 vi\u00f0 mig. 6\u00c1 komandi d\u00f6gum festir Jakob r\u00e6tur,\u00cdsrael bl\u00f3mgast og ber fr\u00e6og fyllir heiminn <a href=\"https:\/\/biblian.is\/biblian\/jesaja-27-kafli\/\"> [&#8230;]<\/a><\/p>\n","protected":false},"author":1,"featured_media":0,"parent":0,"menu_order":0,"comment_status":"open","ping_status":"open","template":"bibliukaflar_NT.php","meta":{"footnotes":""},"class_list":["post-2323","page","type-page","status-publish","hentry"],"_links":{"self":[{"href":"https:\/\/biblian.is\/biblian\/wp-json\/wp\/v2\/pages\/2323","targetHints":{"allow":["GET"]}}],"collection":[{"href":"https:\/\/biblian.is\/biblian\/wp-json\/wp\/v2\/pages"}],"about":[{"href":"https:\/\/biblian.is\/biblian\/wp-json\/wp\/v2\/types\/page"}],"author":[{"embeddable":true,"href":"https:\/\/biblian.is\/biblian\/wp-json\/wp\/v2\/users\/1"}],"replies":[{"embeddable":true,"href":"https:\/\/biblian.is\/biblian\/wp-json\/wp\/v2\/comments?post=2323"}],"version-history":[{"count":0,"href":"https:\/\/biblian.is\/biblian\/wp-json\/wp\/v2\/pages\/2323\/revisions"}],"wp:attachment":[{"href":"https:\/\/biblian.is\/biblian\/wp-json\/wp\/v2\/media?parent=2323"}],"curies":[{"name":"wp","href":"https:\/\/api.w.org\/{rel}","templated":true}]}}