{"id":2321,"date":"2017-12-30T21:02:42","date_gmt":"2017-12-30T21:02:42","guid":{"rendered":"http:\/\/biblian.is\/biblian\/jesaja-25-kafli\/"},"modified":"2024-05-06T22:28:27","modified_gmt":"2024-05-06T22:28:27","slug":"jesaja-25-kafli","status":"publish","type":"page","link":"https:\/\/biblian.is\/biblian\/jesaja-25-kafli\/","title":{"rendered":"Jesaja 25. kafli"},"content":{"rendered":"<h3 class=\"millifyrirsogn_2007\"> \u00deakkars\u00e1lmur<\/h3>\n<p><span class=\"ljodatexti\"> <a name=\"1\"><span class=\"versanumer_ljod\">1<\/span><\/a>Drottinn, \u00fe\u00fa ert minn Gu\u00f0.<br \/>\u00c9g vegsama \u00feig, \u00e9g lofa nafn \u00feitt<br \/>\u00fev\u00ed a\u00f0 \u00fe\u00fa hefur unni\u00f0 fur\u00f0uverk,<br \/>framkv\u00e6mt l\u00f6ngu r\u00e1\u00f0in r\u00e1\u00f0 <span class=\"nedan_mal\" title=\" \u00d6nnur hugsanleg \u00fe\u00fd\u00f0ing: r\u00e1\u00f0i\u00f0 r\u00e1\u00f0um \u00far fjarska.\">[<\/span> <br \/>sem \u00ed engu brug\u00f0ust.<br \/> <\/span> <span class=\"ljodatexti\"> <a name=\"2\"><span class=\"versanumer_ljod\">2<\/span><\/a>\u00dev\u00ed a\u00f0 \u00fe\u00fa ger\u00f0ir borgina a\u00f0 grj\u00f3thr\u00fagu,<br \/>hi\u00f0 rammgera virki a\u00f0 r\u00fast,<br \/>hallir hrokafullra eru ekki framar virki,<br \/>\u00fea\u00f0 ver\u00f0ur aldrei endurreist.<br \/> <\/span> <span class=\"ljodatexti\"> <a name=\"3\"><span class=\"versanumer_ljod\">3<\/span><\/a>\u00deess vegna mun voldug \u00fej\u00f3\u00f0 hei\u00f0ra \u00feig,<br \/>borg ofstopafullra \u00fej\u00f3\u00f0a s\u00fdna \u00fe\u00e9r lotningu,<br \/> <\/span> <span class=\"ljodatexti\"> <a name=\"4\"><span class=\"versanumer_ljod\">4<\/span><\/a>\u00fev\u00ed a\u00f0 \u00fe\u00fa varst v\u00f6rn l\u00edtilmagnans,<br \/>v\u00f6rn hins \u00feurfandi \u00ed \u00ferengingum hans,<br \/>skj\u00f3l \u00ed sk\u00farum, hl\u00edf \u00ed hita.<br \/>Andi ofr\u00edkismanna er eins og kuldask\u00farir a\u00f0 vetri,<br \/> <\/span> <span class=\"ljodatexti\"> <a name=\"5\"><span class=\"versanumer_ljod\">5<\/span><\/a>breyskja \u00ed skr\u00e6lnu\u00f0u landi.<br \/>\u00de\u00fa l\u00e6gir h\u00e1reysti hrokafullra.<br \/>Eins og breyskja hverfur fyrir skugga af sk\u00fdi<br \/>hlj\u00f3\u00f0nar s\u00f6ngur ofr\u00edkismannanna. <\/span> <\/p>\n<h3 class=\"millifyrirsogn_2007\">Veisla \u00e1 S\u00edonarfjalli<\/h3>\n<p><span class=\"ljodatexti\"> <a name=\"6\"><span class=\"versanumer_ljod\">6<\/span><\/a>Drottinn allsherjar mun \u00e1 \u00feessu fjalli<br \/>b\u00faa \u00f6llum \u00fej\u00f3\u00f0um veislu,<br \/>veislu me\u00f0 r\u00e9ttum flj\u00f3tandi \u00ed ol\u00edu<br \/>og me\u00f0 dreggjav\u00edni, me\u00f0 r\u00e9ttum \u00far ol\u00edu og merg<br \/>og sk\u00edr\u00f0u dreggjav\u00edni.<br \/> <\/span> <span class=\"ljodatexti\"> <a name=\"7\"><span class=\"versanumer_ljod\">7<\/span><\/a>\u00c1 \u00feessu fjalli, fyrir framan fortjaldi\u00f0,<br \/>sem er hula \u00f6llum \u00fej\u00f3\u00f0um<br \/>og forhengi \u00f6llum l\u00fd\u00f0um, <br \/> <\/span> <span class=\"ljodatexti\"> <a name=\"8\"><span class=\"versanumer_ljod\">8<\/span><\/a>mun hann afm\u00e1 dau\u00f0ann a\u00f0 eil\u00edfu.<br \/>Drottinn Gu\u00f0 mun \u00feerra t\u00e1rin af hverri \u00e1sj\u00f3nu<br \/>og afm\u00e1 sm\u00e1n l\u00fd\u00f0s s\u00edns af allri j\u00f6r\u00f0inni<br \/>\u00fev\u00ed a\u00f0 Drottinn hefur tala\u00f0.<br \/> <\/span> <span class=\"ljodatexti\"> <a name=\"9\"><span class=\"versanumer_ljod\">9<\/span><\/a>\u00c1 \u00feeim degi ver\u00f0ur sagt:<br \/>\u00deessi er Gu\u00f0 vor sem v\u00e9r h\u00f6fum vona\u00f0 \u00e1<br \/>og hann mun frelsa oss.<br \/>\u00deessi er Drottinn sem v\u00e9r h\u00f6fum vona\u00f0 \u00e1,<br \/>f\u00f6gnum og gle\u00f0jumst yfir hj\u00e1lp hans<br \/> <\/span> <span class=\"ljodatexti\"> <a name=\"10\"><span class=\"versanumer_ljod\">10<\/span><\/a>\u00fev\u00ed a\u00f0 h\u00f6nd Drottins mun hv\u00edla \u00e1 \u00feessu fjalli. <\/span> <\/p>\n<h3 class=\"millifyrirsogn_2007\">Gegn M\u00f3ab<\/h3>\n<p><span class=\"ljodatexti\"> M\u00f3ab ver\u00f0ur f\u00f3tum tro\u00f0inn \u00fear sem hann er,<br \/>l\u00edkt og h\u00e1lmur sem er tro\u00f0inn ni\u00f0ur \u00ed forarvilpu.<br \/> <\/span> <span class=\"ljodatexti\"> <a name=\"11\"><span class=\"versanumer_ljod\">11<\/span><\/a>\u00de\u00f3tt hann teygi \u00fat hendurnar \u00ed forinni<br \/>eins og sundma\u00f0ur gerir \u00e1 sundi<br \/>mun Drottinn l\u00e6gja hroka hans<br \/>\u00fer\u00e1tt fyrir f\u00e1lm handa hans.<br \/> <a name=\"12\"><span class=\"versanumer_ljod\">12<\/span><\/a>H\u00e1a virkism\u00fara \u00fe\u00edna mun hann brj\u00f3ta ni\u00f0ur,<br \/>hann mun jafna \u00fe\u00e1 vi\u00f0 j\u00f6r\u00f0u,<br \/>gera \u00fe\u00e1 a\u00f0 dufti.<br \/><\/span><\/p>\n","protected":false},"excerpt":{"rendered":"<p>\u00deakkars\u00e1lmur 1Drottinn, \u00fe\u00fa ert minn Gu\u00f0.\u00c9g vegsama \u00feig, \u00e9g lofa nafn \u00feitt\u00fev\u00ed a\u00f0 \u00fe\u00fa hefur unni\u00f0 fur\u00f0uverk,framkv\u00e6mt l\u00f6ngu r\u00e1\u00f0in r\u00e1\u00f0 [ sem \u00ed engu brug\u00f0ust. 2\u00dev\u00ed a\u00f0 \u00fe\u00fa ger\u00f0ir borgina a\u00f0 grj\u00f3thr\u00fagu,hi\u00f0 rammgera virki a\u00f0 r\u00fast,hallir hrokafullra eru ekki framar virki,\u00fea\u00f0 ver\u00f0ur aldrei endurreist. 3\u00deess vegna mun voldug \u00fej\u00f3\u00f0 hei\u00f0ra \u00feig,borg ofstopafullra \u00fej\u00f3\u00f0a s\u00fdna \u00fe\u00e9r lotningu, 4\u00fev\u00ed a\u00f0 \u00fe\u00fa varst v\u00f6rn l\u00edtilmagnans,v\u00f6rn hins \u00feurfandi \u00ed \u00ferengingum hans,skj\u00f3l \u00ed sk\u00farum, hl\u00edf \u00ed hita.Andi ofr\u00edkismanna er eins og kuldask\u00farir a\u00f0 vetri, 5breyskja \u00ed skr\u00e6lnu\u00f0u landi.\u00de\u00fa l\u00e6gir h\u00e1reysti hrokafullra.Eins og breyskja hverfur fyrir skugga af sk\u00fdihlj\u00f3\u00f0nar s\u00f6ngur ofr\u00edkismannanna. Veisla \u00e1 S\u00edonarfjalli 6Drottinn allsherjar <a href=\"https:\/\/biblian.is\/biblian\/jesaja-25-kafli\/\"> [&#8230;]<\/a><\/p>\n","protected":false},"author":1,"featured_media":0,"parent":0,"menu_order":0,"comment_status":"open","ping_status":"open","template":"bibliukaflar_NT.php","meta":{"footnotes":""},"class_list":["post-2321","page","type-page","status-publish","hentry"],"_links":{"self":[{"href":"https:\/\/biblian.is\/biblian\/wp-json\/wp\/v2\/pages\/2321","targetHints":{"allow":["GET"]}}],"collection":[{"href":"https:\/\/biblian.is\/biblian\/wp-json\/wp\/v2\/pages"}],"about":[{"href":"https:\/\/biblian.is\/biblian\/wp-json\/wp\/v2\/types\/page"}],"author":[{"embeddable":true,"href":"https:\/\/biblian.is\/biblian\/wp-json\/wp\/v2\/users\/1"}],"replies":[{"embeddable":true,"href":"https:\/\/biblian.is\/biblian\/wp-json\/wp\/v2\/comments?post=2321"}],"version-history":[{"count":0,"href":"https:\/\/biblian.is\/biblian\/wp-json\/wp\/v2\/pages\/2321\/revisions"}],"wp:attachment":[{"href":"https:\/\/biblian.is\/biblian\/wp-json\/wp\/v2\/media?parent=2321"}],"curies":[{"name":"wp","href":"https:\/\/api.w.org\/{rel}","templated":true}]}}