{"id":2320,"date":"2017-12-30T21:02:42","date_gmt":"2017-12-30T21:02:42","guid":{"rendered":"http:\/\/biblian.is\/biblian\/jesaja-24-kafli\/"},"modified":"2024-05-06T22:28:26","modified_gmt":"2024-05-06T22:28:26","slug":"jesaja-24-kafli","status":"publish","type":"page","link":"https:\/\/biblian.is\/biblian\/jesaja-24-kafli\/","title":{"rendered":"Jesaja 24. kafli"},"content":{"rendered":"<h2 class=\"millifyrirsogn_2007\"> Um efsta dag <\/h2>\n<h3 class=\"millifyrirsogn_2007\">D\u00f3mur Gu\u00f0s yfir heiminum<\/h3>\n<p><span class=\"ljodatexti\"> <a name=\"1\"><span class=\"versanumer_ljod\">1<\/span><\/a>Sj\u00e1, Drottinn t\u00e6mir j\u00f6r\u00f0ina og ey\u00f0ir hana.<br \/>Hann umhverfir \u00e1sj\u00f3nu hennar<br \/>og tv\u00edstrar \u00edb\u00faunum.<br \/> <\/span> <span class=\"ljodatexti\"> <a name=\"2\"><span class=\"versanumer_ljod\">2<\/span><\/a>Eitt gengur yfir prest og al\u00fe\u00fd\u00f0u,<br \/>h\u00fasb\u00f3nda og \u00fer\u00e6l,<br \/>h\u00fasfreyju og amb\u00e1tt, <br \/>seljanda og kaupanda,<br \/>l\u00e1nardrottin og l\u00e1n\u00feega,<br \/>okrara og skuldunaut hans.<br \/> <\/span> <span class=\"ljodatexti\"> <a name=\"3\"><span class=\"versanumer_ljod\">3<\/span><\/a>J\u00f6r\u00f0in ver\u00f0ur gereydd,<br \/>r\u00e6nd og r\u00fain \u00f6llu,<br \/>\u00fev\u00ed a\u00f0 Drottinn hefur sagt \u00fea\u00f0. <br \/> <\/span> <span class=\"ljodatexti\"> <a name=\"4\"><span class=\"versanumer_ljod\">4<\/span><\/a>J\u00f6r\u00f0in f\u00f6lnar og s\u00f6lnar,<br \/>j\u00f6r\u00f0in skr\u00e6lnar og s\u00f6lnar,<br \/>hinir \u00e6\u00f0stu \u00e1 j\u00f6r\u00f0inni blikna. <br \/> <\/span> <span class=\"ljodatexti\"> <a name=\"5\"><span class=\"versanumer_ljod\">5<\/span><\/a>J\u00f6r\u00f0in vanhelgast undir f\u00f3tum \u00edb\u00faa sinna<br \/>\u00fear sem \u00feeir hafa \u00f3hl\u00fd\u00f0nast l\u00f6gunum,<br \/>sni\u00f0gengi\u00f0 bo\u00f0in,<br \/>rofi\u00f0 s\u00e1ttm\u00e1lann \u00e6varandi.<br \/> <\/span> <span class=\"ljodatexti\"> <a name=\"6\"><span class=\"versanumer_ljod\">6<\/span><\/a>\u00deess vegna gleypir b\u00f6lvun j\u00f6r\u00f0ina<br \/>og \u00edb\u00faar hennar ver\u00f0a sekir,<br \/>\u00fev\u00ed brenna jar\u00f0arb\u00faar upp,<br \/>a\u00f0eins \u00f6rf\u00e1ir ver\u00f0a eftir.<br \/> <\/span> <span class=\"ljodatexti\"> <a name=\"7\"><span class=\"versanumer_ljod\">7<\/span><\/a>V\u00ednvi\u00f0urinn f\u00f6lnar,<br \/>laufi\u00f0 s\u00f6lnar,<br \/>allir sem gl\u00f6ddust stynja.<br \/> <\/span> <span class=\"ljodatexti\"> <a name=\"8\"><span class=\"versanumer_ljod\">8<\/span><\/a>Gle\u00f0ihlj\u00f3mur trumbunnar hlj\u00f3\u00f0nar,<br \/>glaumur gla\u00f0v\u00e6rra \u00feagnar,<br \/>gle\u00f0i g\u00edgjunnar linnir.<br \/> <\/span> <span class=\"ljodatexti\"> <a name=\"9\"><span class=\"versanumer_ljod\">9<\/span><\/a>Menn sitja ekki syngjandi a\u00f0 v\u00edndrykkju,<br \/>\u00f6li\u00f0 ver\u00f0ur \u00feeim beiskt sem drekka \u00fea\u00f0.<br \/> <\/span> <span class=\"ljodatexti\"> <a name=\"10\"><span class=\"versanumer_ljod\">10<\/span><\/a>Borg glundro\u00f0ans er brotin,<br \/>\u00f6ll h\u00fas l\u00e6st, enginn kemst \u00fear inn.<br \/> <\/span> <span class=\"ljodatexti\"> <a name=\"11\"><span class=\"versanumer_ljod\">11<\/span><\/a>\u00c1 str\u00e6tum er kveina\u00f0 eftir v\u00edni,<br \/>\u00f6ll gle\u00f0i er horfin,<br \/>f\u00f6gnu\u00f0ur jar\u00f0ar fl\u00fainn.<br \/> <\/span> <span class=\"ljodatexti\"> <a name=\"12\"><span class=\"versanumer_ljod\">12<\/span><\/a>Au\u00f0nin ein er eftir \u00ed borginni,<br \/>borgarhli\u00f0i\u00f0 er m\u00f6lbroti\u00f0.<br \/> <\/span> <span class=\"ljodatexti\"> <a name=\"13\"><span class=\"versanumer_ljod\">13<\/span><\/a>\u00deannig ver\u00f0ur \u00e1 j\u00f6r\u00f0inni,<br \/>mitt \u00e1 me\u00f0al \u00fej\u00f3\u00f0anna,<br \/>eins og \u00feegar \u00f3l\u00edfutr\u00e9 hefur veri\u00f0 hrist<br \/>e\u00f0a vi\u00f0 eftirt\u00ednslu<br \/>a\u00f0 loknum v\u00ednberjalestri. <br \/> <\/span> <span class=\"ljodatexti\"> <a name=\"14\"><span class=\"versanumer_ljod\">14<\/span><\/a>\u00deeir hefja upp raust s\u00edna<br \/>og fagna yfir h\u00e1tign Drottins,<br \/>\u00far vestri <span class=\"nedan_mal\" title=\" Or\u00f0r\u00e9tt: fr\u00e1 hafinu. \">[<\/span> hr\u00f3pa \u00feeir h\u00e1st\u00f6fum:<br \/> <\/span> <span class=\"ljodatexti\"> <a name=\"15\"><span class=\"versanumer_ljod\">15<\/span><\/a>\u201eHei\u00f0ri\u00f0 Drottin \u00ed austri, <span class=\"nedan_mal\" title=\" Or\u00f0r\u00e9tt: \u00ed landi d\u00f6gunarinnar.\">[<\/span> <br \/>nafn Drottins, Gu\u00f0s \u00cdsraels, \u00e1 fjarl\u00e6gum eyjum \u00e1 hafinu.\u201c<br \/> <\/span> <span class=\"ljodatexti\"> <a name=\"16\"><span class=\"versanumer_ljod\">16<\/span><\/a>Fr\u00e1 ystu m\u00f6rkum landsins heyrum v\u00e9r s\u00f6ngva:<br \/>\u201eD\u00fdr\u00f0 hinum r\u00e9ttl\u00e1ta.\u201c<br \/>\u00c9g hugsa\u00f0i: \u00dea\u00f0 er \u00fati um mig, \u00fati um mig, <span class=\"nedan_mal\" title=\" \u00d6nnur hugsanleg \u00fe\u00fd\u00f0ing: \u00deetta er geymt hj\u00e1 m\u00e9r. \">[<\/span> vei m\u00e9r.<br \/>Svikarar pretta, svikarar pretta st\u00f3rlega. <br \/> <\/span> <span class=\"ljodatexti\"> <a name=\"17\"><span class=\"versanumer_ljod\">17<\/span><\/a>Geigur, gryfja og gildra<br \/>\u00f3gna \u00fe\u00e9r, jar\u00f0arb\u00fai.<br \/> <\/span> <span class=\"ljodatexti\"> <a name=\"18\"><span class=\"versanumer_ljod\">18<\/span><\/a>S\u00e1 sem fl\u00fdr h\u00e1skann<br \/>fellur \u00ed gryfjuna<br \/>og s\u00e1 sem kemst upp \u00far gryfjunni<br \/>festist \u00ed gildrunni.<br \/>Fl\u00f3\u00f0g\u00e1ttir himins opnast<br \/>og grunnur jar\u00f0ar mun skj\u00e1lfa.<br \/> <\/span> <span class=\"ljodatexti\"> <a name=\"19\"><span class=\"versanumer_ljod\">19<\/span><\/a>J\u00f6r\u00f0in brestur og gnestur,<br \/>j\u00f6r\u00f0in rofnar og klofnar,<br \/>j\u00f6r\u00f0in ri\u00f0ar og i\u00f0ar.<br \/> <\/span> <span class=\"ljodatexti\"> <a name=\"20\"><span class=\"versanumer_ljod\">20<\/span><\/a>J\u00f6r\u00f0in skj\u00f6grar<br \/>eins og drukkinn ma\u00f0ur.<br \/>H\u00fan skekst til og fr\u00e1 eins og sk\u00fdli v\u00f6kumanns.<br \/>\u00dear sem afbrot hennar hv\u00edla \u00feungt \u00e1 henni<br \/>fellur h\u00fan og r\u00eds aldrei upp framar.<br \/> <\/span> <span class=\"ljodatexti\"> <a name=\"21\"><span class=\"versanumer_ljod\">21<\/span><\/a>\u00c1 \u00feeim degi mun Drottinn refsa <br \/>her himins \u00e1 himni<br \/>og konungum jar\u00f0ar \u00e1 j\u00f6r\u00f0u.<br \/> <\/span> <span class=\"ljodatexti\"> <a name=\"22\"><span class=\"versanumer_ljod\">22<\/span><\/a> \u00deeim ver\u00f0ur safna\u00f0 \u00ed gryfju,<br \/>\u00feeir settir bak vi\u00f0 l\u00e1s og sl\u00e1<br \/>og \u00feeim hegnt eftir langa hr\u00ed\u00f0. <span class=\"nedan_mal\" title=\" Or\u00f0r\u00e9tt: marga daga.\">[<\/span> <br \/> <\/span> <span class=\"ljodatexti\"> <a name=\"23\"><span class=\"versanumer_ljod\">23<\/span><\/a> F\u00f6lur m\u00e1ninn ro\u00f0nar af sk\u00f6mm<br \/>og gl\u00f3andi s\u00f3lin f\u00f6lnar af sm\u00e1n<br \/>\u00fev\u00ed a\u00f0 Drottinn allsherjar <br \/>ver\u00f0ur konungur \u00e1 S\u00edonarfjalli og \u00ed Jer\u00fasalem<br \/>og d\u00fdr\u00f0 hans mun lj\u00f3ma frammi fyrir \u00f6ldungum hans. <\/span> <\/p>\n","protected":false},"excerpt":{"rendered":"<p>Um efsta dag D\u00f3mur Gu\u00f0s yfir heiminum 1Sj\u00e1, Drottinn t\u00e6mir j\u00f6r\u00f0ina og ey\u00f0ir hana.Hann umhverfir \u00e1sj\u00f3nu hennarog tv\u00edstrar \u00edb\u00faunum. 2Eitt gengur yfir prest og al\u00fe\u00fd\u00f0u,h\u00fasb\u00f3nda og \u00fer\u00e6l,h\u00fasfreyju og amb\u00e1tt, seljanda og kaupanda,l\u00e1nardrottin og l\u00e1n\u00feega,okrara og skuldunaut hans. 3J\u00f6r\u00f0in ver\u00f0ur gereydd,r\u00e6nd og r\u00fain \u00f6llu,\u00fev\u00ed a\u00f0 Drottinn hefur sagt \u00fea\u00f0. 4J\u00f6r\u00f0in f\u00f6lnar og s\u00f6lnar,j\u00f6r\u00f0in skr\u00e6lnar og s\u00f6lnar,hinir \u00e6\u00f0stu \u00e1 j\u00f6r\u00f0inni blikna. 5J\u00f6r\u00f0in vanhelgast undir f\u00f3tum \u00edb\u00faa sinna\u00fear sem \u00feeir hafa \u00f3hl\u00fd\u00f0nast l\u00f6gunum,sni\u00f0gengi\u00f0 bo\u00f0in,rofi\u00f0 s\u00e1ttm\u00e1lann \u00e6varandi. 6\u00deess vegna gleypir b\u00f6lvun j\u00f6r\u00f0inaog \u00edb\u00faar hennar ver\u00f0a sekir,\u00fev\u00ed brenna jar\u00f0arb\u00faar upp,a\u00f0eins \u00f6rf\u00e1ir ver\u00f0a eftir. 7V\u00ednvi\u00f0urinn f\u00f6lnar,laufi\u00f0 s\u00f6lnar,allir sem gl\u00f6ddust stynja. 8Gle\u00f0ihlj\u00f3mur trumbunnar hlj\u00f3\u00f0nar,glaumur gla\u00f0v\u00e6rra \u00feagnar,gle\u00f0i g\u00edgjunnar <a href=\"https:\/\/biblian.is\/biblian\/jesaja-24-kafli\/\"> [&#8230;]<\/a><\/p>\n","protected":false},"author":1,"featured_media":0,"parent":0,"menu_order":0,"comment_status":"open","ping_status":"open","template":"bibliukaflar_NT.php","meta":{"footnotes":""},"class_list":["post-2320","page","type-page","status-publish","hentry"],"_links":{"self":[{"href":"https:\/\/biblian.is\/biblian\/wp-json\/wp\/v2\/pages\/2320","targetHints":{"allow":["GET"]}}],"collection":[{"href":"https:\/\/biblian.is\/biblian\/wp-json\/wp\/v2\/pages"}],"about":[{"href":"https:\/\/biblian.is\/biblian\/wp-json\/wp\/v2\/types\/page"}],"author":[{"embeddable":true,"href":"https:\/\/biblian.is\/biblian\/wp-json\/wp\/v2\/users\/1"}],"replies":[{"embeddable":true,"href":"https:\/\/biblian.is\/biblian\/wp-json\/wp\/v2\/comments?post=2320"}],"version-history":[{"count":0,"href":"https:\/\/biblian.is\/biblian\/wp-json\/wp\/v2\/pages\/2320\/revisions"}],"wp:attachment":[{"href":"https:\/\/biblian.is\/biblian\/wp-json\/wp\/v2\/media?parent=2320"}],"curies":[{"name":"wp","href":"https:\/\/api.w.org\/{rel}","templated":true}]}}