{"id":2318,"date":"2017-12-30T21:02:42","date_gmt":"2017-12-30T21:02:42","guid":{"rendered":"http:\/\/biblian.is\/biblian\/jesaja-22-kafli\/"},"modified":"2024-05-06T22:28:26","modified_gmt":"2024-05-06T22:28:26","slug":"jesaja-22-kafli","status":"publish","type":"page","link":"https:\/\/biblian.is\/biblian\/jesaja-22-kafli\/","title":{"rendered":"Jesaja 22. kafli"},"content":{"rendered":"<h3 class=\"millifyrirsogn_2007\"> Gegn Jer\u00fasalem<\/h3>\n<p><a name=\"1\"><span class=\"versanumer_2007\">1<\/span><\/a> Bo\u00f0skapur um S\u00fdnadal:<br \/> <span class=\"ljodatexti\"> Hva\u00f0 hefur komi\u00f0 fyrir \u00feig<br \/>fyrst allir \u00edb\u00faarnir eru farnir upp \u00e1 \u00fe\u00f6kin,<br \/> <\/span> <span class=\"ljodatexti\"> <a name=\"2\"><span class=\"versanumer_ljod\">2<\/span><\/a>\u00fe\u00fa h\u00e1va\u00f0asama borg, full af skarkala, <br \/>fagnandi virki?<br \/>\u00cdb\u00faar \u00fe\u00ednir, sem f\u00e9llu, <br \/>f\u00e9llu ekki fyrir sver\u00f0i,<br \/>\u00feeir l\u00e9tu ekki l\u00edfi\u00f0 \u00ed orrustu.<br \/> <\/span> <span class=\"ljodatexti\"> <a name=\"3\"><span class=\"versanumer_ljod\">3<\/span><\/a>Allir lei\u00f0togar \u00fe\u00ednir fl\u00fd\u00f0u \u00ed einu<br \/>og n\u00e1\u00f0ust \u00e1n \u00feess a\u00f0 skoti\u00f0 v\u00e6ri af boga.<br \/>Allir, sem til n\u00e1\u00f0ist, voru gripnir<br \/>\u00fe\u00f3 a\u00f0 \u00feeir hef\u00f0u fl\u00fai\u00f0 langt.<br \/> <\/span> <span class=\"ljodatexti\"> <a name=\"4\"><span class=\"versanumer_ljod\">4<\/span><\/a>\u00deess vegna segi \u00e9g:<br \/>\u201eHorfi\u00f0 ekki \u00e1 mig,<br \/>\u00e9g ver\u00f0 a\u00f0 gr\u00e1ta beisklega.<br \/>Reyni\u00f0 ekki a\u00f0 hugga mig<br \/>\u00fev\u00ed a\u00f0 d\u00f3ttir \u00fej\u00f3\u00f0ar minnar er eydd.\u201c<br \/> <\/span> <span class=\"ljodatexti\"> <a name=\"5\"><span class=\"versanumer_ljod\">5<\/span><\/a>Dagur skelfingar, ey\u00f0ingar og upplausnar<br \/>kom fr\u00e1 Gu\u00f0i, Drottni allsherjar, \u00ed S\u00fdnadal.<br \/>M\u00fararnir voru brotnir ni\u00f0ur,<br \/>ney\u00f0ar\u00f3p glumdu \u00ed fj\u00f6llunum. <br \/> <\/span> <span class=\"ljodatexti\"> <a name=\"6\"><span class=\"versanumer_ljod\">6<\/span><\/a>Elam t\u00f3k \u00f6rvam\u00e6li,<br \/>manna\u00f0i hervagna dregna af hestum<br \/>og K\u00edr t\u00f3k fram skj\u00f6ldinn. <br \/> <\/span> <span class=\"ljodatexti\"> <a name=\"7\"><span class=\"versanumer_ljod\">7<\/span><\/a>Fegurstu dalir \u00fe\u00ednir fylltust herv\u00f6gnum,<br \/>riddarar fylktu li\u00f0i gegn borgarhli\u00f0inu.<br \/> <\/span> <span class=\"ljodatexti\"> <a name=\"8\"><span class=\"versanumer_ljod\">8<\/span><\/a>Hann svipti <span class=\"nedan_mal\" title=\" Annar lesh\u00e1ttur: \u00deeir sviptu \u2026 (\u00fe.e. riddararnir).\">[<\/span> burt v\u00f6rn J\u00fada. <\/span> <br \/>\u00c1 \u00feeim degi leist \u00fe\u00fa eftir herb\u00fana\u00f0inum \u00ed Sk\u00f3garh\u00fasinu. <a name=\"9\"><span class=\"versanumer_2007\">9<\/span><\/a> \u00de\u00e9r s\u00e1u\u00f0 a\u00f0 margar sprungur voru \u00ed m\u00farum Dav\u00ed\u00f0sborgar og s\u00f6fnu\u00f0u\u00f0 vatni \u00ed ne\u00f0ri tj\u00f6rnina, <a name=\"10\"><span class=\"versanumer_2007\">10<\/span><\/a> t\u00f6ldu\u00f0 h\u00fasin \u00ed Jer\u00fasalem og rifu\u00f0 nokkur \u00feeirra til a\u00f0 treysta me\u00f0 borgarm\u00farinn. <a name=\"11\"><span class=\"versanumer_2007\">11<\/span><\/a> \u00de\u00e9r ger\u00f0u\u00f0 \u00fer\u00f3 milli beggja borgarm\u00faranna fyrir vatni\u00f0 \u00far g\u00f6mlu tj\u00f6rninni. En \u00fe\u00e9r litu\u00f0 ekki til \u00feess sem haf\u00f0i gert \u00feetta, s\u00e1u\u00f0 ekki a\u00f0 hann haf\u00f0i m\u00f3ta\u00f0 \u00fea\u00f0 fyrir l\u00f6ngu.<br \/> <span class=\"ljodatexti\"> <a name=\"12\"><span class=\"versanumer_ljod\">12<\/span><\/a>Gu\u00f0, Drottinn allsherjar,<br \/>hvatti menn \u00e1 \u00feeim degi til a\u00f0 gr\u00e1ta og kveina,<br \/>til a\u00f0 raka \u00e1 sig skalla og gyr\u00f0a sig h\u00e6rusekk.<br \/> <\/span> <span class=\"ljodatexti\"> <a name=\"13\"><span class=\"versanumer_ljod\">13<\/span><\/a>En \u00feess \u00ed sta\u00f0 r\u00edkti glaumur og gle\u00f0i,<br \/>naut voru felld, sau\u00f0um sl\u00e1tra\u00f0,<br \/>kj\u00f6t sn\u00e6tt og v\u00edn drukki\u00f0:<br \/>\u201eEtum og drekkum<br \/>\u00fev\u00ed a\u00f0 \u00e1 morgun deyjum v\u00e9r.\u201c<br \/> <\/span> <span class=\"ljodatexti\"> <a name=\"14\"><span class=\"versanumer_ljod\">14<\/span><\/a>En Drottinn allsherjar l\u00e9t hlj\u00f3ma \u00ed eyrum m\u00ednum:<br \/>\u201e\u00deessi sekt ver\u00f0ur y\u00f0ur ekki fyrirgefin<br \/>fyrr en \u00fe\u00e9r deyi\u00f0,\u201c<br \/>segir Gu\u00f0, Drottinn allsherjar. <\/span> <\/p>\n<h3 class=\"millifyrirsogn_2007\">Um tvo hir\u00f0menn<\/h3>\n<p><a name=\"15\"><span class=\"versanumer_2007\">15<\/span><\/a> Svo segir Gu\u00f0, Drottinn allsherjar:<br \/> <span class=\"ljodatexti\"> Far\u00f0u til b\u00fastj\u00f3rans h\u00e9rna, Sebna hallarr\u00e1\u00f0smanns, og seg\u00f0u: <br \/> <\/span> <span class=\"ljodatexti\"> <a name=\"16\"><span class=\"versanumer_ljod\">16<\/span><\/a>Hva\u00f0 leyfir\u00f0u \u00fe\u00e9r a\u00f0 gera <br \/>og hvern \u00e1ttu h\u00e9r a\u00f0<br \/>fyrst \u00fe\u00fa l\u00e6tur h\u00f6ggva \u00fe\u00e9r gr\u00f6f h\u00e9r? <br \/>\u00de\u00fa heggur \u00fe\u00e9r gr\u00f6f h\u00e1tt uppi<br \/>og meitlar \u00fe\u00e9r b\u00fasta\u00f0 \u00ed klettinum. <br \/> <\/span> <span class=\"ljodatexti\"> <a name=\"17\"><span class=\"versanumer_ljod\">17<\/span><\/a>En Drottinn mun fleygja \u00fe\u00e9r burt, mikilmenni, <br \/>hann \u00fer\u00edfur \u00feig, <\/span> <span class=\"ljodatexti\"> <a name=\"18\"><span class=\"versanumer_ljod\">18<\/span><\/a>v\u00f6\u00f0lar \u00fe\u00e9r \u00fe\u00e9tt saman <br \/>og \u00feeytir \u00fe\u00e9r eins og bolta \u00fat \u00e1 v\u00ed\u00f0an vang. <br \/>\u00dear muntu deyja og \u00fear ver\u00f0a gl\u00e6sivagnar \u00fe\u00ednir, <br \/>\u00fe\u00fa sem ert fj\u00f6lskyldu h\u00fasb\u00f3nda \u00fe\u00edns til skammar.<br \/> <\/span> <span class=\"ljodatexti\"> <a name=\"19\"><span class=\"versanumer_ljod\">19<\/span><\/a>\u00c9g steypi \u00fe\u00e9r \u00far st\u00f6\u00f0u \u00feinni, rek \u00feig \u00far emb\u00e6tti \u00fe\u00ednu. <\/span> <br \/> <a name=\"20\"><span class=\"versanumer_2007\">20<\/span><\/a> \u00c1 \u00feeim degi mun \u00e9g kalla \u00fej\u00f3n minn, Eljak\u00edm Hilk\u00edason. <a name=\"21\"><span class=\"versanumer_2007\">21<\/span><\/a> \u00c9g f\u00e6ri hann \u00ed kyrtil \u00feinn, gyr\u00f0i hann belti \u00fe\u00ednu og f\u00e6 honum v\u00f6ld \u00fe\u00edn \u00ed hendur. Hann skal ver\u00f0a fa\u00f0ir Jer\u00fasalemb\u00faa og \u00e6ttb\u00e1lks J\u00fada. <a name=\"22\"><span class=\"versanumer_2007\">22<\/span><\/a> \u00c9g legg lykilinn a\u00f0 h\u00fasi Dav\u00ed\u00f0s \u00e1 her\u00f0ar honum. \u00deegar hann l\u00e6sir f\u00e6r enginn loki\u00f0 upp og lj\u00faki hann upp f\u00e6r enginn l\u00e6st. <a name=\"23\"><span class=\"versanumer_2007\">23<\/span><\/a> \u00c9g rek hann ni\u00f0ur sem tjaldh\u00e6l \u00e1 haldg\u00f3\u00f0an sta\u00f0 og hann hl\u00fdtur hei\u00f0urss\u00e6ti\u00f0 \u00ed \u00e6tt f\u00f6\u00f0ur s\u00edns. <a name=\"24\"><span class=\"versanumer_2007\">24<\/span><\/a> Allur \u00feungi f\u00f6\u00f0ur\u00e6ttar hans mun hv\u00edla \u00e1 honum, b\u00e6\u00f0i brum og bl\u00f6\u00f0, sm\u00e1kerin, b\u00e6\u00f0i sk\u00e1lar og kr\u00fasir. <a name=\"25\"><span class=\"versanumer_2007\">25<\/span><\/a> \u00c1 \u00feeim degi, segir Drottinn allsherjar, mun naglinn, sem negldur var fastur \u00e1 haldg\u00f3\u00f0an sta\u00f0, l\u00e1ta undan. Hann losnar og fellur ni\u00f0ur og allt, sem \u00e1 honum h\u00e9kk, mun brotna \u00fev\u00ed a\u00f0 \u00fea\u00f0 hefur Drottinn sagt.<\/p>\n","protected":false},"excerpt":{"rendered":"<p>Gegn Jer\u00fasalem 1 Bo\u00f0skapur um S\u00fdnadal: Hva\u00f0 hefur komi\u00f0 fyrir \u00feigfyrst allir \u00edb\u00faarnir eru farnir upp \u00e1 \u00fe\u00f6kin, 2\u00fe\u00fa h\u00e1va\u00f0asama borg, full af skarkala, fagnandi virki?\u00cdb\u00faar \u00fe\u00ednir, sem f\u00e9llu, f\u00e9llu ekki fyrir sver\u00f0i,\u00feeir l\u00e9tu ekki l\u00edfi\u00f0 \u00ed orrustu. 3Allir lei\u00f0togar \u00fe\u00ednir fl\u00fd\u00f0u \u00ed einuog n\u00e1\u00f0ust \u00e1n \u00feess a\u00f0 skoti\u00f0 v\u00e6ri af boga.Allir, sem til n\u00e1\u00f0ist, voru gripnir\u00fe\u00f3 a\u00f0 \u00feeir hef\u00f0u fl\u00fai\u00f0 langt. 4\u00deess vegna segi \u00e9g:\u201eHorfi\u00f0 ekki \u00e1 mig,\u00e9g ver\u00f0 a\u00f0 gr\u00e1ta beisklega.Reyni\u00f0 ekki a\u00f0 hugga mig\u00fev\u00ed a\u00f0 d\u00f3ttir \u00fej\u00f3\u00f0ar minnar er eydd.\u201c 5Dagur skelfingar, ey\u00f0ingar og upplausnarkom fr\u00e1 Gu\u00f0i, Drottni allsherjar, \u00ed S\u00fdnadal.M\u00fararnir voru brotnir ni\u00f0ur,ney\u00f0ar\u00f3p glumdu \u00ed fj\u00f6llunum. <a href=\"https:\/\/biblian.is\/biblian\/jesaja-22-kafli\/\"> [&#8230;]<\/a><\/p>\n","protected":false},"author":1,"featured_media":0,"parent":0,"menu_order":0,"comment_status":"open","ping_status":"open","template":"bibliukaflar_NT.php","meta":{"footnotes":""},"class_list":["post-2318","page","type-page","status-publish","hentry"],"_links":{"self":[{"href":"https:\/\/biblian.is\/biblian\/wp-json\/wp\/v2\/pages\/2318","targetHints":{"allow":["GET"]}}],"collection":[{"href":"https:\/\/biblian.is\/biblian\/wp-json\/wp\/v2\/pages"}],"about":[{"href":"https:\/\/biblian.is\/biblian\/wp-json\/wp\/v2\/types\/page"}],"author":[{"embeddable":true,"href":"https:\/\/biblian.is\/biblian\/wp-json\/wp\/v2\/users\/1"}],"replies":[{"embeddable":true,"href":"https:\/\/biblian.is\/biblian\/wp-json\/wp\/v2\/comments?post=2318"}],"version-history":[{"count":0,"href":"https:\/\/biblian.is\/biblian\/wp-json\/wp\/v2\/pages\/2318\/revisions"}],"wp:attachment":[{"href":"https:\/\/biblian.is\/biblian\/wp-json\/wp\/v2\/media?parent=2318"}],"curies":[{"name":"wp","href":"https:\/\/api.w.org\/{rel}","templated":true}]}}