{"id":2316,"date":"2017-12-30T21:02:36","date_gmt":"2017-12-30T21:02:36","guid":{"rendered":"http:\/\/biblian.is\/biblian\/jesaja-20-kafli\/"},"modified":"2024-05-06T22:28:26","modified_gmt":"2024-05-06T22:28:26","slug":"jesaja-20-kafli","status":"publish","type":"page","link":"https:\/\/biblian.is\/biblian\/jesaja-20-kafli\/","title":{"rendered":"Jesaja 20. kafli"},"content":{"rendered":"<h3 class=\"millifyrirsogn_2007\"> Fyrirbo\u00f0i um fall Egyptalands og K\u00fass<\/h3>\n<p><a name=\"1\"><span class=\"versanumer_2007\">1<\/span><\/a> \u00c1ri\u00f0 sem yfirhersh\u00f6f\u00f0inginn kom til Asd\u00f3d, sendur af Sargon Ass\u00fdr\u00edukonungi, r\u00e9\u00f0st hann \u00e1 borgina og vann hana. <a name=\"2\"><span class=\"versanumer_2007\">2<\/span><\/a> \u00c1 \u00feeim t\u00edma tala\u00f0i Drottinn fyrir munn Jesaja Amotssonar og sag\u00f0i: \u201eFar\u00f0u og leystu h\u00e6rusekkinn af lendum \u00fe\u00e9r og drag\u00f0u ilsk\u00f3na af f\u00f3tum \u00fe\u00e9r.\u201c Hann ger\u00f0i \u00fea\u00f0 og gekk um nakinn og berf\u00e6ttur.<br \/> <a name=\"3\"><span class=\"versanumer_2007\">3<\/span><\/a> \u00de\u00e1 sag\u00f0i Drottinn: \u201eEins og Jesaja, \u00fej\u00f3nn minn, hefur \u00ed \u00ferj\u00fa \u00e1r gengi\u00f0 um nakinn og berf\u00e6ttur sem t\u00e1kn um Egyptaland og K\u00fas, <a name=\"4\"><span class=\"versanumer_2007\">4<\/span><\/a> eins mun Ass\u00fdr\u00edukonungur lei\u00f0a \u00e1 brott bandingja fr\u00e1 Egyptalandi og \u00fatlaga fr\u00e1 K\u00fas, b\u00e6\u00f0i unga og gamla, nakta og berf\u00e6tta me\u00f0 bakhlutana bera, Egyptum til sm\u00e1nar. <a name=\"5\"><span class=\"versanumer_2007\">5<\/span><\/a> \u00de\u00e1 munu \u00feeir skelfast og ver\u00f0a fyrir vonbrig\u00f0um vegna K\u00fass sem \u00feeir reiddu sig \u00e1 og vegna Egyptalands sem \u00feeir st\u00e6r\u00f0u sig af.<br \/> <a name=\"6\"><span class=\"versanumer_2007\">6<\/span><\/a> \u00c1 \u00feeim degi munu \u00feeir sem b\u00faa h\u00e9r \u00e1 str\u00f6ndinni segja: \u00deannig f\u00f3r von vor. V\u00e9r fl\u00fd\u00f0um til \u00feeirra \u00ed von um hj\u00e1lp og bj\u00f6rgun undan Ass\u00fdr\u00edukonungi. Hvernig getum v\u00e9r n\u00fa bjargast?\u201c<\/p>\n","protected":false},"excerpt":{"rendered":"<p>Fyrirbo\u00f0i um fall Egyptalands og K\u00fass 1 \u00c1ri\u00f0 sem yfirhersh\u00f6f\u00f0inginn kom til Asd\u00f3d, sendur af Sargon Ass\u00fdr\u00edukonungi, r\u00e9\u00f0st hann \u00e1 borgina og vann hana. 2 \u00c1 \u00feeim t\u00edma tala\u00f0i Drottinn fyrir munn Jesaja Amotssonar og sag\u00f0i: \u201eFar\u00f0u og leystu h\u00e6rusekkinn af lendum \u00fe\u00e9r og drag\u00f0u ilsk\u00f3na af f\u00f3tum \u00fe\u00e9r.\u201c Hann ger\u00f0i \u00fea\u00f0 og gekk um nakinn og berf\u00e6ttur. 3 \u00de\u00e1 sag\u00f0i Drottinn: \u201eEins og Jesaja, \u00fej\u00f3nn minn, hefur \u00ed \u00ferj\u00fa \u00e1r gengi\u00f0 um nakinn og berf\u00e6ttur sem t\u00e1kn um Egyptaland og K\u00fas, 4 eins mun Ass\u00fdr\u00edukonungur lei\u00f0a \u00e1 brott bandingja fr\u00e1 Egyptalandi og \u00fatlaga fr\u00e1 K\u00fas, b\u00e6\u00f0i unga og gamla, <a href=\"https:\/\/biblian.is\/biblian\/jesaja-20-kafli\/\"> [&#8230;]<\/a><\/p>\n","protected":false},"author":1,"featured_media":0,"parent":0,"menu_order":0,"comment_status":"open","ping_status":"open","template":"bibliukaflar_NT.php","meta":{"footnotes":""},"class_list":["post-2316","page","type-page","status-publish","hentry"],"_links":{"self":[{"href":"https:\/\/biblian.is\/biblian\/wp-json\/wp\/v2\/pages\/2316","targetHints":{"allow":["GET"]}}],"collection":[{"href":"https:\/\/biblian.is\/biblian\/wp-json\/wp\/v2\/pages"}],"about":[{"href":"https:\/\/biblian.is\/biblian\/wp-json\/wp\/v2\/types\/page"}],"author":[{"embeddable":true,"href":"https:\/\/biblian.is\/biblian\/wp-json\/wp\/v2\/users\/1"}],"replies":[{"embeddable":true,"href":"https:\/\/biblian.is\/biblian\/wp-json\/wp\/v2\/comments?post=2316"}],"version-history":[{"count":0,"href":"https:\/\/biblian.is\/biblian\/wp-json\/wp\/v2\/pages\/2316\/revisions"}],"wp:attachment":[{"href":"https:\/\/biblian.is\/biblian\/wp-json\/wp\/v2\/media?parent=2316"}],"curies":[{"name":"wp","href":"https:\/\/api.w.org\/{rel}","templated":true}]}}