{"id":2315,"date":"2017-12-30T21:02:36","date_gmt":"2017-12-30T21:02:36","guid":{"rendered":"http:\/\/biblian.is\/biblian\/jesaja-19-kafli\/"},"modified":"2024-05-06T22:28:25","modified_gmt":"2024-05-06T22:28:25","slug":"jesaja-19-kafli","status":"publish","type":"page","link":"https:\/\/biblian.is\/biblian\/jesaja-19-kafli\/","title":{"rendered":"Jesaja 19. kafli"},"content":{"rendered":"<h3 class=\"millifyrirsogn_2007\"> Gegn Egyptalandi<\/h3>\n<p><a name=\"1\"><span class=\"versanumer_2007\">1<\/span><\/a> Bo\u00f0skapur um Egyptaland:<br \/> <span class=\"ljodatexti\"> Sj\u00e1, Drottinn r\u00ed\u00f0ur \u00e1 hra\u00f0fara sk\u00fdi<br \/>og kemur til Egyptalands.<br \/>Go\u00f0 Egyptalands skj\u00e1lfa frammi fyrir honum<br \/>og hj\u00f6rtu Egypta br\u00e1\u00f0na \u00ed brj\u00f3stum \u00feeirra.<br \/> <\/span> <span class=\"ljodatexti\"> <a name=\"2\"><span class=\"versanumer_ljod\">2<\/span><\/a>\u201e\u00c9g \u00e6tla a\u00f0 egna Egypta gegn Egypta<br \/>og \u00feeir munu berjast hver vi\u00f0 annan, <br \/>br\u00f3\u00f0ir vi\u00f0 br\u00f3\u00f0ur, vinur vi\u00f0 vin,<br \/>borg vi\u00f0 borg og r\u00edki vi\u00f0 r\u00edki.<br \/> <\/span> <span class=\"ljodatexti\"> <a name=\"3\"><span class=\"versanumer_ljod\">3<\/span><\/a>Egyptar munu ekki vita sitt rj\u00fakandi r\u00e1\u00f0<br \/>\u00fev\u00ed a\u00f0 \u00e9g spilli \u00e1formum \u00feeirra<br \/>svo a\u00f0 \u00feeir leita r\u00e1\u00f0a hj\u00e1 go\u00f0um og vofum, <br \/>mi\u00f0lum og sp\u00e1sagnam\u00f6nnum.<br \/> <\/span> <span class=\"ljodatexti\"> <a name=\"4\"><span class=\"versanumer_ljod\">4<\/span><\/a>\u00c9g mun selja Egypta h\u00f6r\u00f0um h\u00fasb\u00f3nda \u00ed hendur,<br \/>voldugur konungur mun r\u00edkja yfir \u00feeim,\u201c<br \/>segir Gu\u00f0, Drottinn allsherjar.<br \/> <\/span> <span class=\"ljodatexti\"> <a name=\"5\"><span class=\"versanumer_ljod\">5<\/span><\/a>\u00de\u00e1 mun vatni\u00f0 \u00ed N\u00edl \u00feorna,<br \/>flj\u00f3ti\u00f0 mikla ver\u00f0a vatnslaust og \u00feurrt,<br \/> <\/span> <span class=\"ljodatexti\"> <a name=\"6\"><span class=\"versanumer_ljod\">6<\/span><\/a>\u00e1veituskur\u00f0irnir f\u00falna,<br \/>kv\u00edslarnar \u00ed \u00f3sh\u00f3lmunum \u00feverra og \u00feorna,<br \/>reyr og sef rotna.<br \/> <\/span> <span class=\"ljodatexti\"> <a name=\"7\"><span class=\"versanumer_ljod\">7<\/span><\/a>Gr\u00f3\u00f0urinn vi\u00f0 mynni flj\u00f3tsins<br \/>og s\u00e1\u00f0land \u00e1 N\u00edlarb\u00f6kkum skr\u00e6lnar, <br \/>feykist burt og hverfur.<br \/> <\/span> <span class=\"ljodatexti\"> <a name=\"8\"><span class=\"versanumer_ljod\">8<\/span><\/a>\u00de\u00e1 munu fiskimennirnir kvarta<br \/>og allir sem renna \u00f6ngli \u00ed flj\u00f3ti\u00f0 kveina<br \/>og \u00feeir sem leggja net \u00ed vatni\u00f0 \u00f6rv\u00e6nta.<br \/> <\/span> <span class=\"ljodatexti\"> <a name=\"9\"><span class=\"versanumer_ljod\">9<\/span><\/a>\u00deeir sem vinna h\u00f6r ver\u00f0a r\u00e1\u00f0\u00ferota,<br \/>\u00feeir sem kemba og vefa blikna.<br \/> <\/span> <span class=\"ljodatexti\"> <a name=\"10\"><span class=\"versanumer_ljod\">10<\/span><\/a>L\u00ednvefararnir ver\u00f0a mi\u00f0ur s\u00edn,<br \/>allir launamenn \u00f6rvilnast.<br \/> <\/span> <span class=\"ljodatexti\"> <a name=\"11\"><span class=\"versanumer_ljod\">11<\/span><\/a>H\u00f6f\u00f0ingjarnir \u00ed S\u00f3an eru fl\u00f3n,<br \/>sp\u00f6kustu r\u00e1\u00f0gjafar fara\u00f3s gefa heimskuleg r\u00e1\u00f0.<br \/>Hvernig geti\u00f0 \u00fe\u00e9r sagt vi\u00f0 fara\u00f3:<br \/>\u201e\u00c9g er sonur vitringa,<br \/>kominn af fornkonungum\u201c?<br \/> <\/span> <span class=\"ljodatexti\"> <a name=\"12\"><span class=\"versanumer_ljod\">12<\/span><\/a>Hvar eru n\u00fa spekingar \u00fe\u00ednir?<br \/>\u00deeir \u00e6ttu a\u00f0 segja \u00fe\u00e9r <br \/>og sk\u00fdra \u00fe\u00e9r fr\u00e1<br \/>hva\u00f0 Drottinn allsherjar hefur \u00e1kve\u00f0i\u00f0 gegn Egyptalandi.<br \/> <\/span> <span class=\"ljodatexti\"> <a name=\"13\"><span class=\"versanumer_ljod\">13<\/span><\/a>H\u00f6f\u00f0ingjarnir \u00ed S\u00f3an eru fl\u00f3n,<br \/>h\u00f6f\u00f0ingjarnir \u00ed N\u00f3f blekktir,<br \/>h\u00e9ra\u00f0sstj\u00f3rarnir lei\u00f0a Egyptaland afvega. <br \/> <\/span> <span class=\"ljodatexti\"> <a name=\"14\"><span class=\"versanumer_ljod\">14<\/span><\/a>Drottinn hefur fyllt \u00fe\u00e1 anda sem ruglar \u00fe\u00e1<br \/>svo a\u00f0 \u00feeir gera Egypta reikula<br \/>\u00ed \u00f6llu sem \u00feeir f\u00e1st vi\u00f0,<br \/>eins og drukkinn mann sem skj\u00f6grar \u00ed sp\u00fdju sinni.<br \/> <\/span> <span class=\"ljodatexti\"> <a name=\"15\"><span class=\"versanumer_ljod\">15<\/span><\/a>Hvorki haus n\u00e9 hali,<br \/>p\u00e1lmakvistur n\u00e9 h\u00e1lmstr\u00e1<br \/>vinna Egyptalandi neitt. <\/span> <\/p>\n<h3 class=\"millifyrirsogn_2007\">Sinnaskipti Egypta<\/h3>\n<p><a name=\"16\"><span class=\"versanumer_2007\">16<\/span><\/a> \u00c1 \u00feeim degi ver\u00f0a Egyptar sem konur og skj\u00e1lfa af \u00f3tta frammi fyrir hendi Drottins allsherjar \u00feegar hann rei\u00f0ir hana gegn \u00feeim. <a name=\"17\"><span class=\"versanumer_2007\">17<\/span><\/a> J\u00fadaland mun skj\u00f3ta Egyptum skelk \u00ed bringu. \u00cd hvert sinn, sem \u00fea\u00f0 er nefnt vi\u00f0 \u00fe\u00e1, munu \u00feeir skelfast vegna fyrir\u00e6tlana Drottins allsherjar gegn \u00feeim.<br \/> <a name=\"18\"><span class=\"versanumer_2007\">18<\/span><\/a> \u00c1 \u00feeim degi ver\u00f0ur kanversk tunga t\u00f6lu\u00f0 \u00ed fimm borgum \u00ed Egyptalandi og \u00fe\u00e6r munu sverja Drottni allsherjar hollustu. Ein \u00feeirra mun nefnd S\u00f3larborg. <a name=\"19\"><span class=\"versanumer_2007\">19<\/span><\/a> \u00c1 \u00feeim degi ver\u00f0ur altari handa Drottni \u00ed Egyptalandi mi\u00f0ju og minningarsteinn Drottins vi\u00f0 landam\u00e6ri \u00feess. <a name=\"20\"><span class=\"versanumer_2007\">20<\/span><\/a> Hann skal vera t\u00e1kn og vitni Drottins allsherjar \u00ed Egyptalandi: \u00deegar \u00feeir hr\u00f3pa til Drottins undan k\u00fagurum s\u00ednum mun hann senda \u00feeim bjargv\u00e6tt sem mun berjast og bjarga \u00feeim. <a name=\"21\"><span class=\"versanumer_2007\">21<\/span><\/a> Drottinn mun birtast Egyptum og \u00feeir munu vi\u00f0urkenna hann \u00e1 \u00feeim degi. \u00deeir munu \u00fej\u00f3na honum me\u00f0 sl\u00e1turf\u00f3rnum og kornf\u00f3rnum og vinna Drottni heit og halda \u00feau. <a name=\"22\"><span class=\"versanumer_2007\">22<\/span><\/a> Drottinn mun lj\u00f3sta Egypta og s\u00ed\u00f0an l\u00e6kna. \u00deeir munu \u00fev\u00ed sn\u00faa s\u00e9r til Drottins og hann mun b\u00e6nheyra og l\u00e6kna \u00fe\u00e1.<br \/> <a name=\"23\"><span class=\"versanumer_2007\">23<\/span><\/a> \u00c1 \u00feeim degi liggur brei\u00f0 braut fr\u00e1 Egyptalandi til Ass\u00fdr\u00edu. Ass\u00fdringar munu koma til Egyptalands og Egyptar til Ass\u00fdr\u00edu og Egyptar og Ass\u00fdringar munu \u00fej\u00f3na Drottni saman.<br \/> <a name=\"24\"><span class=\"versanumer_2007\">24<\/span><\/a> \u00c1 \u00feeim degi ver\u00f0a \u00cdsraelsmenn \u00feri\u00f0ja \u00fej\u00f3\u00f0in sem \u00e1samt Egyptum og Ass\u00fdringum ver\u00f0a blessun \u00e1 j\u00f6r\u00f0inni mi\u00f0ri.<br \/> <span class=\"ljodatexti\"> <a name=\"25\"><span class=\"versanumer_ljod\">25<\/span><\/a> Drottinn allsherjar mun blessa \u00fe\u00e6r og segja:<br \/>\u201eBlessu\u00f0 s\u00e9 \u00fej\u00f3\u00f0 m\u00edn, Egyptar,<br \/>og verk handa minna, Ass\u00fdringar,<br \/>og arfleif\u00f0 m\u00edn, \u00cdsrael.\u201c <\/span> <\/p>\n","protected":false},"excerpt":{"rendered":"<p>Gegn Egyptalandi 1 Bo\u00f0skapur um Egyptaland: Sj\u00e1, Drottinn r\u00ed\u00f0ur \u00e1 hra\u00f0fara sk\u00fdiog kemur til Egyptalands.Go\u00f0 Egyptalands skj\u00e1lfa frammi fyrir honumog hj\u00f6rtu Egypta br\u00e1\u00f0na \u00ed brj\u00f3stum \u00feeirra. 2\u201e\u00c9g \u00e6tla a\u00f0 egna Egypta gegn Egyptaog \u00feeir munu berjast hver vi\u00f0 annan, br\u00f3\u00f0ir vi\u00f0 br\u00f3\u00f0ur, vinur vi\u00f0 vin,borg vi\u00f0 borg og r\u00edki vi\u00f0 r\u00edki. 3Egyptar munu ekki vita sitt rj\u00fakandi r\u00e1\u00f0\u00fev\u00ed a\u00f0 \u00e9g spilli \u00e1formum \u00feeirrasvo a\u00f0 \u00feeir leita r\u00e1\u00f0a hj\u00e1 go\u00f0um og vofum, mi\u00f0lum og sp\u00e1sagnam\u00f6nnum. 4\u00c9g mun selja Egypta h\u00f6r\u00f0um h\u00fasb\u00f3nda \u00ed hendur,voldugur konungur mun r\u00edkja yfir \u00feeim,\u201csegir Gu\u00f0, Drottinn allsherjar. 5\u00de\u00e1 mun vatni\u00f0 \u00ed N\u00edl \u00feorna,flj\u00f3ti\u00f0 mikla ver\u00f0a vatnslaust og <a href=\"https:\/\/biblian.is\/biblian\/jesaja-19-kafli\/\"> [&#8230;]<\/a><\/p>\n","protected":false},"author":1,"featured_media":0,"parent":0,"menu_order":0,"comment_status":"open","ping_status":"open","template":"bibliukaflar_NT.php","meta":{"footnotes":""},"class_list":["post-2315","page","type-page","status-publish","hentry"],"_links":{"self":[{"href":"https:\/\/biblian.is\/biblian\/wp-json\/wp\/v2\/pages\/2315","targetHints":{"allow":["GET"]}}],"collection":[{"href":"https:\/\/biblian.is\/biblian\/wp-json\/wp\/v2\/pages"}],"about":[{"href":"https:\/\/biblian.is\/biblian\/wp-json\/wp\/v2\/types\/page"}],"author":[{"embeddable":true,"href":"https:\/\/biblian.is\/biblian\/wp-json\/wp\/v2\/users\/1"}],"replies":[{"embeddable":true,"href":"https:\/\/biblian.is\/biblian\/wp-json\/wp\/v2\/comments?post=2315"}],"version-history":[{"count":0,"href":"https:\/\/biblian.is\/biblian\/wp-json\/wp\/v2\/pages\/2315\/revisions"}],"wp:attachment":[{"href":"https:\/\/biblian.is\/biblian\/wp-json\/wp\/v2\/media?parent=2315"}],"curies":[{"name":"wp","href":"https:\/\/api.w.org\/{rel}","templated":true}]}}