{"id":2314,"date":"2017-12-30T21:02:36","date_gmt":"2017-12-30T21:02:36","guid":{"rendered":"http:\/\/biblian.is\/biblian\/jesaja-18-kafli\/"},"modified":"2024-05-06T22:28:25","modified_gmt":"2024-05-06T22:28:25","slug":"jesaja-18-kafli","status":"publish","type":"page","link":"https:\/\/biblian.is\/biblian\/jesaja-18-kafli\/","title":{"rendered":"Jesaja 18. kafli"},"content":{"rendered":"<h3 class=\"millifyrirsogn_2007\"> Gegn K\u00fas<\/h3>\n<p><span class=\"ljodatexti\"> <a name=\"1\"><span class=\"versanumer_ljod\">1<\/span><\/a>Vei \u00fe\u00e9r, land engisprettusveimsins<br \/>handan flj\u00f3tanna \u00ed K\u00fas, <span class=\"nedan_mal\" title=\" K\u00fas er hi\u00f0 forna nafn E\u00fe\u00ed\u00f3p\u00edu.\">[<\/span> <br \/> <\/span> <span class=\"ljodatexti\"> <a name=\"2\"><span class=\"versanumer_ljod\">2<\/span><\/a>sem sendir bo\u00f0 yfir flj\u00f3ti\u00f0,<br \/>sendimenn \u00ed reyrb\u00e1tum yfir v\u00f6tnin.<br \/>Af sta\u00f0, hra\u00f0fara bo\u00f0berar,<br \/>til hinnar h\u00e1v\u00f6xnu og glj\u00e1andi \u00fej\u00f3\u00f0ar,<br \/> <\/span> <span class=\"ljodatexti\"> f\u00f3lks sem allir \u00f3ttast hvarvetna,<br \/>\u00fej\u00f3\u00f0arinnar sem tre\u00f0ur allt ni\u00f0ur me\u00f0 \u00f3gnarafli<br \/>og b\u00fdr \u00ed landi sem flj\u00f3t falla um.<br \/> <\/span> <span class=\"ljodatexti\"> <a name=\"3\"><span class=\"versanumer_ljod\">3<\/span><\/a>Allir, sem heiminn byggi\u00f0,<br \/>\u00fe\u00e9r, sem \u00e1 j\u00f6r\u00f0inni b\u00fai\u00f0,<br \/>l\u00edti\u00f0 upp \u00feegar gunnf\u00e1ni er reistur \u00e1 fj\u00f6llunum,<br \/>hlusti\u00f0 \u00feegar hafurshorn er \u00feeytt.<br \/> <\/span> <span class=\"ljodatexti\"> <a name=\"4\"><span class=\"versanumer_ljod\">4<\/span><\/a>\u00dev\u00ed a\u00f0 svo hefur Drottinn sagt vi\u00f0 mig:<br \/>\u201e\u00c9g fylgist me\u00f0 fr\u00e1 b\u00fasta\u00f0 m\u00ednum a\u00f0ger\u00f0alaus<br \/>\u00ed hitabreyskju og s\u00f3lskini,<br \/>l\u00edkt og daggarsk\u00fd \u00ed gl\u00f3hita uppskerut\u00edmans.\u201c<br \/> <\/span> <span class=\"ljodatexti\"> <a name=\"5\"><span class=\"versanumer_ljod\">5<\/span><\/a>En fyrir uppskeruna, eftir bl\u00f3mgunina,<br \/>\u00feegar bl\u00f3mi\u00f0 er or\u00f0i\u00f0 \u00ferosku\u00f0 \u00fer\u00faga,<br \/>sn\u00ed\u00f0ur hann renglurnar af me\u00f0 hn\u00edf,<br \/>st\u00fdfir af greinar og fjarl\u00e6gir \u00fe\u00e6r.<br \/> <\/span> <span class=\"ljodatexti\"> <a name=\"6\"><span class=\"versanumer_ljod\">6<\/span><\/a>\u00de\u00e6r eru allar skildar eftir handa r\u00e1nfuglum fjallanna<br \/>og d\u00fdrum merkurinnar.<br \/>\u00c1 sumrin sitja r\u00e1nfuglarnir \u00ed \u00feeim,<br \/>og villid\u00fdr hafast \u00fear vi\u00f0 \u00e1 vetrum. <\/span> <br \/> <a name=\"7\"><span class=\"versanumer_2007\">7<\/span><\/a> \u00c1 \u00feeim t\u00edma ver\u00f0a Drottni allsherjar f\u00e6r\u00f0ar gjafir fr\u00e1 hinni h\u00e1v\u00f6xnu og glj\u00e1andi \u00fej\u00f3\u00f0, \u00fej\u00f3\u00f0inni sem allir \u00f3ttast hvarvetna, \u00fej\u00f3\u00f0inni sem tre\u00f0ur allt ni\u00f0ur me\u00f0 \u00f3gnarafli og b\u00fdr \u00ed landi sem flj\u00f3t falla um. Gjafirnar ver\u00f0a f\u00e6r\u00f0ar til S\u00edonarfjalls \u00fear sem nafn Drottins allsherjar b\u00fdr. <\/p>\n","protected":false},"excerpt":{"rendered":"<p>Gegn K\u00fas 1Vei \u00fe\u00e9r, land engisprettusveimsinshandan flj\u00f3tanna \u00ed K\u00fas, [ 2sem sendir bo\u00f0 yfir flj\u00f3ti\u00f0,sendimenn \u00ed reyrb\u00e1tum yfir v\u00f6tnin.Af sta\u00f0, hra\u00f0fara bo\u00f0berar,til hinnar h\u00e1v\u00f6xnu og glj\u00e1andi \u00fej\u00f3\u00f0ar, f\u00f3lks sem allir \u00f3ttast hvarvetna,\u00fej\u00f3\u00f0arinnar sem tre\u00f0ur allt ni\u00f0ur me\u00f0 \u00f3gnarafliog b\u00fdr \u00ed landi sem flj\u00f3t falla um. 3Allir, sem heiminn byggi\u00f0,\u00fe\u00e9r, sem \u00e1 j\u00f6r\u00f0inni b\u00fai\u00f0,l\u00edti\u00f0 upp \u00feegar gunnf\u00e1ni er reistur \u00e1 fj\u00f6llunum,hlusti\u00f0 \u00feegar hafurshorn er \u00feeytt. 4\u00dev\u00ed a\u00f0 svo hefur Drottinn sagt vi\u00f0 mig:\u201e\u00c9g fylgist me\u00f0 fr\u00e1 b\u00fasta\u00f0 m\u00ednum a\u00f0ger\u00f0alaus\u00ed hitabreyskju og s\u00f3lskini,l\u00edkt og daggarsk\u00fd \u00ed gl\u00f3hita uppskerut\u00edmans.\u201c 5En fyrir uppskeruna, eftir bl\u00f3mgunina,\u00feegar bl\u00f3mi\u00f0 er or\u00f0i\u00f0 \u00ferosku\u00f0 \u00fer\u00faga,sn\u00ed\u00f0ur hann renglurnar af me\u00f0 <a href=\"https:\/\/biblian.is\/biblian\/jesaja-18-kafli\/\"> [&#8230;]<\/a><\/p>\n","protected":false},"author":1,"featured_media":0,"parent":0,"menu_order":0,"comment_status":"open","ping_status":"open","template":"bibliukaflar_NT.php","meta":{"footnotes":""},"class_list":["post-2314","page","type-page","status-publish","hentry"],"_links":{"self":[{"href":"https:\/\/biblian.is\/biblian\/wp-json\/wp\/v2\/pages\/2314","targetHints":{"allow":["GET"]}}],"collection":[{"href":"https:\/\/biblian.is\/biblian\/wp-json\/wp\/v2\/pages"}],"about":[{"href":"https:\/\/biblian.is\/biblian\/wp-json\/wp\/v2\/types\/page"}],"author":[{"embeddable":true,"href":"https:\/\/biblian.is\/biblian\/wp-json\/wp\/v2\/users\/1"}],"replies":[{"embeddable":true,"href":"https:\/\/biblian.is\/biblian\/wp-json\/wp\/v2\/comments?post=2314"}],"version-history":[{"count":0,"href":"https:\/\/biblian.is\/biblian\/wp-json\/wp\/v2\/pages\/2314\/revisions"}],"wp:attachment":[{"href":"https:\/\/biblian.is\/biblian\/wp-json\/wp\/v2\/media?parent=2314"}],"curies":[{"name":"wp","href":"https:\/\/api.w.org\/{rel}","templated":true}]}}