{"id":2313,"date":"2017-12-30T21:02:36","date_gmt":"2017-12-30T21:02:36","guid":{"rendered":"http:\/\/biblian.is\/biblian\/jesaja-17-kafli\/"},"modified":"2024-05-06T22:28:25","modified_gmt":"2024-05-06T22:28:25","slug":"jesaja-17-kafli","status":"publish","type":"page","link":"https:\/\/biblian.is\/biblian\/jesaja-17-kafli\/","title":{"rendered":"Jesaja 17. kafli"},"content":{"rendered":"<h3 class=\"millifyrirsogn_2007\"> Gegn Damaskus<\/h3>\n<p><a name=\"1\"><span class=\"versanumer_2007\">1<\/span><\/a> Bo\u00f0skapur um Damaskus:<br \/> <span class=\"ljodatexti\"> Damaskus ver\u00f0ur eytt sem borg<br \/>og h\u00fan l\u00f6g\u00f0 \u00ed r\u00fast.<br \/> <\/span> <span class=\"ljodatexti\"> <a name=\"2\"><span class=\"versanumer_ljod\">2<\/span><\/a>Borgirnar \u00ed Ar\u00f3er ver\u00f0a yfirgefnar,<br \/>\u00fe\u00e6r ver\u00f0a a\u00f0 bith\u00f6gum<br \/>\u00fear sem hjar\u00f0ir leggjast og enginn styggir \u00fe\u00e6r.<br \/> <\/span> <span class=\"ljodatexti\"> <a name=\"3\"><span class=\"versanumer_ljod\">3<\/span><\/a>Varnarvirki\u00f0 \u00ed Efra\u00edm mun hverfa<br \/>og konungd\u00f3murinn fr\u00e1 Damaskus<br \/>og fyrir leifum Arams mun fara<br \/>eins og vegsemd \u00cdsraelsmanna,<br \/>segir Drottinn allsherjar.<br \/> <\/span> <span class=\"ljodatexti\"> <a name=\"4\"><span class=\"versanumer_ljod\">4<\/span><\/a>\u00c1 \u00feeim degi mun gl\u00e6sileiki Jakobs dv\u00edna<br \/>og fitan \u00e1 l\u00edkama hans r\u00fdrna.<br \/> <\/span> <span class=\"ljodatexti\"> <a name=\"5\"><span class=\"versanumer_ljod\">5<\/span><\/a>\u00de\u00e1 mun fara l\u00edkt og \u00feegar kornskur\u00f0arma\u00f0ur <br \/>safnar kornst\u00f6nglum \u00ed fangi\u00f0<br \/>og sn\u00ed\u00f0ur af \u00f6xin me\u00f0 hendinni,<br \/>l\u00edkt og \u00feegar \u00f6x eru t\u00ednd \u00ed Refa\u00edmdal.<br \/> <\/span> <span class=\"ljodatexti\"> <a name=\"6\"><span class=\"versanumer_ljod\">6<\/span><\/a>En \u00fear ver\u00f0ur eftirtekja<br \/>eins og \u00feegar \u00f3l\u00edfutr\u00e9 er skeki\u00f0,<br \/>tv\u00e6r e\u00f0a \u00ferj\u00e1r \u00f3l\u00edfur \u00e1 efstu greinum,<br \/>fj\u00f3rar e\u00f0a fimm \u00ed limi \u00e1vaxtatr\u00e9sins,<br \/>segir Drottinn, Gu\u00f0 \u00cdsraels. <\/span> <br \/> <a name=\"7\"><span class=\"versanumer_2007\">7<\/span><\/a> \u00c1 \u00feeim degi mun ma\u00f0urinn horfa til skapara s\u00edns og beina sj\u00f3num til Hins heilaga \u00cdsraels. <a name=\"8\"><span class=\"versanumer_2007\">8<\/span><\/a> Hann mun ekki horfa \u00e1 \u00f6lturun, verk handa sinna sem fingur hans sj\u00e1lfs ger\u00f0u, og ekki heldur \u00e1 As\u00e9rust\u00f3lpana n\u00e9 reykelsis\u00f6lturun.<br \/> <a name=\"9\"><span class=\"versanumer_2007\">9<\/span><\/a> \u00c1 \u00feeim degi munu v\u00edggirtar borgir hans ver\u00f0a eins og mannau\u00f0ar borgir sem Hev\u00edtar og Amor\u00edtar yfirg\u00e1fu vegna frams\u00f3knar \u00cdsraelsmanna, og landi\u00f0 ver\u00f0a a\u00f0 ey\u00f0im\u00f6rk.<br \/> <span class=\"ljodatexti\"> <a name=\"10\"><span class=\"versanumer_ljod\">10<\/span><\/a>\u00de\u00fa hefur gleymt Gu\u00f0i hj\u00e1lpr\u00e6\u00f0is \u00fe\u00edns<br \/>og minnist ekki klettsins sem er h\u00e6li \u00feitt<br \/>\u00fev\u00ed a\u00f0 \u00fe\u00fa gr\u00f3\u00f0ursetur gar\u00f0a handa Hinum yndislega<br \/>og plantar \u00fear framandi teinungum, <br \/> <\/span> <span class=\"ljodatexti\"> <a name=\"11\"><span class=\"versanumer_ljod\">11<\/span><\/a>kemur \u00feeim til sama dag og \u00fe\u00fa setur \u00fe\u00e1 ni\u00f0ur<br \/>og l\u00e6tur \u00fe\u00e1 bl\u00f3mstra morguninn sem \u00fe\u00fa plantar \u00feeim.<br \/>Uppskeran er horfin \u00e1 degi sj\u00fakd\u00f3ms og \u00f3b\u00e6rilegra kvala. <\/span> <\/p>\n<h3 class=\"millifyrirsogn_2007\">\u00c1r\u00e1sarmenn reknir \u00e1 fl\u00f3tta<\/h3>\n<p><span class=\"ljodatexti\"> <a name=\"12\"><span class=\"versanumer_ljod\">12<\/span><\/a>Vei! Gn\u00fdr fj\u00f6lda \u00fej\u00f3\u00f0a<br \/>eins og brimgn\u00fdr,<br \/>ni\u00f0ur fr\u00e1 \u00fej\u00f3\u00f0flokkum <br \/>eins og ni\u00f0ur mikilla fossa.<br \/> <\/span> <span class=\"ljodatexti\"> <a name=\"13\"><span class=\"versanumer_ljod\">13<\/span><\/a>Drottinn hastar \u00e1 \u00fe\u00e1 og \u00feeir fl\u00fdja langt \u00ed burt,<br \/>\u00feeir feykjast burt \u00e1 fj\u00f6llum eins og hismi, <br \/>eins og rykm\u00f6kkur fyrir stormi.<br \/> <\/span> <span class=\"ljodatexti\"> <a name=\"14\"><span class=\"versanumer_ljod\">14<\/span><\/a>A\u00f0 kv\u00f6ldi hvolfist \u00f3ttinn yfir<br \/>en fyrir d\u00f6gun eru \u00feeir \u00e1 burt.<br \/>\u00deetta er hlutskipti \u00feeirra sem r\u00e6na oss,<br \/>hlutur \u00feeirra sem stela fr\u00e1 oss. <\/span> <\/p>\n","protected":false},"excerpt":{"rendered":"<p>Gegn Damaskus 1 Bo\u00f0skapur um Damaskus: Damaskus ver\u00f0ur eytt sem borgog h\u00fan l\u00f6g\u00f0 \u00ed r\u00fast. 2Borgirnar \u00ed Ar\u00f3er ver\u00f0a yfirgefnar,\u00fe\u00e6r ver\u00f0a a\u00f0 bith\u00f6gum\u00fear sem hjar\u00f0ir leggjast og enginn styggir \u00fe\u00e6r. 3Varnarvirki\u00f0 \u00ed Efra\u00edm mun hverfaog konungd\u00f3murinn fr\u00e1 Damaskusog fyrir leifum Arams mun faraeins og vegsemd \u00cdsraelsmanna,segir Drottinn allsherjar. 4\u00c1 \u00feeim degi mun gl\u00e6sileiki Jakobs dv\u00ednaog fitan \u00e1 l\u00edkama hans r\u00fdrna. 5\u00de\u00e1 mun fara l\u00edkt og \u00feegar kornskur\u00f0arma\u00f0ur safnar kornst\u00f6nglum \u00ed fangi\u00f0og sn\u00ed\u00f0ur af \u00f6xin me\u00f0 hendinni,l\u00edkt og \u00feegar \u00f6x eru t\u00ednd \u00ed Refa\u00edmdal. 6En \u00fear ver\u00f0ur eftirtekjaeins og \u00feegar \u00f3l\u00edfutr\u00e9 er skeki\u00f0,tv\u00e6r e\u00f0a \u00ferj\u00e1r \u00f3l\u00edfur \u00e1 efstu greinum,fj\u00f3rar e\u00f0a fimm <a href=\"https:\/\/biblian.is\/biblian\/jesaja-17-kafli\/\"> [&#8230;]<\/a><\/p>\n","protected":false},"author":1,"featured_media":0,"parent":0,"menu_order":0,"comment_status":"open","ping_status":"open","template":"bibliukaflar_NT.php","meta":{"footnotes":""},"class_list":["post-2313","page","type-page","status-publish","hentry"],"_links":{"self":[{"href":"https:\/\/biblian.is\/biblian\/wp-json\/wp\/v2\/pages\/2313","targetHints":{"allow":["GET"]}}],"collection":[{"href":"https:\/\/biblian.is\/biblian\/wp-json\/wp\/v2\/pages"}],"about":[{"href":"https:\/\/biblian.is\/biblian\/wp-json\/wp\/v2\/types\/page"}],"author":[{"embeddable":true,"href":"https:\/\/biblian.is\/biblian\/wp-json\/wp\/v2\/users\/1"}],"replies":[{"embeddable":true,"href":"https:\/\/biblian.is\/biblian\/wp-json\/wp\/v2\/comments?post=2313"}],"version-history":[{"count":0,"href":"https:\/\/biblian.is\/biblian\/wp-json\/wp\/v2\/pages\/2313\/revisions"}],"wp:attachment":[{"href":"https:\/\/biblian.is\/biblian\/wp-json\/wp\/v2\/media?parent=2313"}],"curies":[{"name":"wp","href":"https:\/\/api.w.org\/{rel}","templated":true}]}}