{"id":2312,"date":"2017-12-30T21:02:36","date_gmt":"2017-12-30T21:02:36","guid":{"rendered":"http:\/\/biblian.is\/biblian\/jesaja-16-kafli\/"},"modified":"2024-05-06T22:28:25","modified_gmt":"2024-05-06T22:28:25","slug":"jesaja-16-kafli","status":"publish","type":"page","link":"https:\/\/biblian.is\/biblian\/jesaja-16-kafli\/","title":{"rendered":"Jesaja 16. kafli"},"content":{"rendered":"<p><span class=\"ljodatexti\"> <a name=\"1\"><span class=\"versanumer_ljod\">1<\/span><\/a>Sendi\u00f0 hr\u00fatlamb til landstj\u00f3rans,<br \/>fr\u00e1 Sela <span class=\"nedan_mal\" title=\" \u00d6nnur \u00fe\u00fd\u00f0ing: fr\u00e1 kletti.\">[<\/span> \u00ed ey\u00f0im\u00f6rkinni<br \/>til fjalls d\u00f3tturinnar S\u00edonar.<br \/> <\/span> <span class=\"ljodatexti\"> <a name=\"2\"><span class=\"versanumer_ljod\">2<\/span><\/a>Eins og fl\u00f6ktandi fuglar,<br \/>eins og ungar f\u00e6ldir \u00far hrei\u00f0ri<br \/>ver\u00f0a M\u00f3absd\u00e6tur<br \/>vi\u00f0 v\u00f6\u00f0in \u00e1 Arnon.<br \/> <\/span> <span class=\"ljodatexti\"> <a name=\"3\"><span class=\"versanumer_ljod\">3<\/span><\/a>\u201eGef\u00f0u r\u00e1\u00f0, taktu \u00e1kv\u00f6r\u00f0un,<br \/>varpa\u00f0u n\u00e1ttsv\u00f6rtum skugga <br \/>um h\u00e1bjartan dag.<br \/> <\/span> <span class=\"ljodatexti\"> <a name=\"4\"><span class=\"versanumer_ljod\">4<\/span><\/a>L\u00e1t \u00fe\u00e1 sem hr\u00f6ktust fr\u00e1 M\u00f3ab hlj\u00f3ta vernd hj\u00e1 \u00fe\u00e9r,<br \/>vertu \u00feeim skj\u00f3l gegn ey\u00f0andanum.\u201c<br \/>\u00deegar \u00e1\u00fej\u00e1ninni l\u00fdkur,<br \/>ey\u00f0ingunni linnir<br \/>og k\u00fagararnir eru horfnir \u00far landinu<br \/> <\/span> <span class=\"ljodatexti\"> <a name=\"5\"><span class=\"versanumer_ljod\">5<\/span><\/a>ver\u00f0ur h\u00e1s\u00e6ti reist \u00ed tr\u00fafesti \u00ed tjaldi Dav\u00ed\u00f0s<br \/>og \u00ed \u00fev\u00ed mun jafnan sitja stj\u00f3rnandi<br \/>sem leitar r\u00e9ttar og \u00e1stundar r\u00e9ttl\u00e6ti.<br \/> <\/span> <span class=\"ljodatexti\"> <a name=\"6\"><span class=\"versanumer_ljod\">6<\/span><\/a>V\u00e9r h\u00f6fum heyrt um hroka M\u00f3abs<br \/>sem er mikill,<br \/>stolt hans, yfirl\u00e6ti og ofmetna\u00f0<br \/>og marklaus g\u00edfuryr\u00f0i. <br \/> <\/span> <span class=\"ljodatexti\"> <a name=\"7\"><span class=\"versanumer_ljod\">7<\/span><\/a>\u00deess vegna kveina M\u00f3ab\u00edtar,<br \/>\u00feeir kveina allir yfir M\u00f3ab.<br \/>\u00deeir stynja ni\u00f0urbrotnir af hrygg\u00f0<br \/>yfir r\u00fas\u00ednuk\u00f6kunum fr\u00e1 K\u00edr Hareset<br \/> <\/span> <span class=\"ljodatexti\"> <a name=\"8\"><span class=\"versanumer_ljod\">8<\/span><\/a>\u00fev\u00ed a\u00f0 v\u00edngar\u00f0arnir \u00ed Hesbon <br \/>og v\u00ednvi\u00f0urinn \u00ed S\u00edbma hafa skr\u00e6lna\u00f0.<br \/>H\u00f6f\u00f0ingjar \u00fej\u00f3\u00f0anna tr\u00f3\u00f0u g\u00e6\u00f0av\u00ednber \u00feeirra ni\u00f0ur, <span class=\"nedan_mal\" title=\" \u00d6nnur hugsanleg \u00fe\u00fd\u00f0ing: G\u00e6\u00f0av\u00ednber \u00feeirra felldu h\u00f6f\u00f0ingja \u00fej\u00f3\u00f0anna.\">[<\/span> <br \/>v\u00ednvi\u00f0arteinungarnir teyg\u00f0ust til Jaser,<br \/>skri\u00f0u inn \u00ed ey\u00f0im\u00f6rkina,<br \/>greinarnar breiddu \u00far s\u00e9r<br \/>og h\u00e9ngu \u00fat yfir hafi\u00f0.<br \/> <\/span> <span class=\"ljodatexti\"> <a name=\"9\"><span class=\"versanumer_ljod\">9<\/span><\/a>\u00deess vegna gr\u00e6t \u00e9g me\u00f0 Jaser<br \/>sem gr\u00e6tur yfir v\u00ednvi\u00f0num \u00ed S\u00edbma.<br \/>\u00c9g vil v\u00f6kva \u00feig t\u00e1rum m\u00ednum,<br \/>Hesbon og Eleale,<br \/>\u00fev\u00ed a\u00f0 fagna\u00f0ar\u00f3pin yfir uppskeru \u00feinni <br \/>og aldintekju hafa \u00feagna\u00f0.<br \/> <\/span> <span class=\"ljodatexti\"> <a name=\"10\"><span class=\"versanumer_ljod\">10<\/span><\/a>\u00dar alding\u00f6r\u00f0unum heyrast hvorki fagna\u00f0ar\u00f3p n\u00e9 hl\u00e1trask\u00f6ll.<br \/>Enginn tre\u00f0ur v\u00edn \u00ed v\u00ednpressunni,<br \/>gle\u00f0ihr\u00f3pin eru \u00fe\u00f6gnu\u00f0.<br \/> <\/span> <span class=\"ljodatexti\"> <a name=\"11\"><span class=\"versanumer_ljod\">11<\/span><\/a>\u00deess vegna titrar hjarta mitt sem h\u00f6rpustrengur vegna M\u00f3abs<br \/>og hugur minn \u00f6rv\u00e6ntir s\u00f6kum K\u00edr Hares.<br \/> <\/span> <span class=\"ljodatexti\"> <a name=\"12\"><span class=\"versanumer_ljod\">12<\/span><\/a>\u00deegar M\u00f3ab birtist og l\u00fdist \u00e1 f\u00f3rnarh\u00e6\u00f0inni,<br \/>heldur til helgid\u00f3ma sinna til b\u00e6na,<br \/>kemur hann engu til lei\u00f0ar. <\/span> <br \/> <a name=\"13\"><span class=\"versanumer_2007\">13<\/span><\/a> \u00deetta er bo\u00f0skapurinn sem Drottinn flutti M\u00f3ab fyrir l\u00f6ngu. <a name=\"14\"><span class=\"versanumer_2007\">14<\/span><\/a> En n\u00fa segir Drottinn: Eftir \u00ferj\u00fa \u00e1r, talin sem \u00e1r vistr\u00e1\u00f0inna, ver\u00f0ur \u00f6ll vegsemd M\u00f3abs og \u00f6ll mannmerg\u00f0 hans fyrirlitin. A\u00f0eins \u00f6rf\u00e1ir og umkomulausir ver\u00f0a eftir.<\/p>\n","protected":false},"excerpt":{"rendered":"<p>1Sendi\u00f0 hr\u00fatlamb til landstj\u00f3rans,fr\u00e1 Sela [ \u00ed ey\u00f0im\u00f6rkinnitil fjalls d\u00f3tturinnar S\u00edonar. 2Eins og fl\u00f6ktandi fuglar,eins og ungar f\u00e6ldir \u00far hrei\u00f0river\u00f0a M\u00f3absd\u00e6turvi\u00f0 v\u00f6\u00f0in \u00e1 Arnon. 3\u201eGef\u00f0u r\u00e1\u00f0, taktu \u00e1kv\u00f6r\u00f0un,varpa\u00f0u n\u00e1ttsv\u00f6rtum skugga um h\u00e1bjartan dag. 4L\u00e1t \u00fe\u00e1 sem hr\u00f6ktust fr\u00e1 M\u00f3ab hlj\u00f3ta vernd hj\u00e1 \u00fe\u00e9r,vertu \u00feeim skj\u00f3l gegn ey\u00f0andanum.\u201c\u00deegar \u00e1\u00fej\u00e1ninni l\u00fdkur,ey\u00f0ingunni linnirog k\u00fagararnir eru horfnir \u00far landinu 5ver\u00f0ur h\u00e1s\u00e6ti reist \u00ed tr\u00fafesti \u00ed tjaldi Dav\u00ed\u00f0sog \u00ed \u00fev\u00ed mun jafnan sitja stj\u00f3rnandisem leitar r\u00e9ttar og \u00e1stundar r\u00e9ttl\u00e6ti. 6V\u00e9r h\u00f6fum heyrt um hroka M\u00f3abssem er mikill,stolt hans, yfirl\u00e6ti og ofmetna\u00f0og marklaus g\u00edfuryr\u00f0i. 7\u00deess vegna kveina M\u00f3ab\u00edtar,\u00feeir kveina allir yfir M\u00f3ab.\u00deeir stynja ni\u00f0urbrotnir af hrygg\u00f0yfir <a href=\"https:\/\/biblian.is\/biblian\/jesaja-16-kafli\/\"> [&#8230;]<\/a><\/p>\n","protected":false},"author":1,"featured_media":0,"parent":0,"menu_order":0,"comment_status":"open","ping_status":"open","template":"bibliukaflar_NT.php","meta":{"footnotes":""},"class_list":["post-2312","page","type-page","status-publish","hentry"],"_links":{"self":[{"href":"https:\/\/biblian.is\/biblian\/wp-json\/wp\/v2\/pages\/2312","targetHints":{"allow":["GET"]}}],"collection":[{"href":"https:\/\/biblian.is\/biblian\/wp-json\/wp\/v2\/pages"}],"about":[{"href":"https:\/\/biblian.is\/biblian\/wp-json\/wp\/v2\/types\/page"}],"author":[{"embeddable":true,"href":"https:\/\/biblian.is\/biblian\/wp-json\/wp\/v2\/users\/1"}],"replies":[{"embeddable":true,"href":"https:\/\/biblian.is\/biblian\/wp-json\/wp\/v2\/comments?post=2312"}],"version-history":[{"count":0,"href":"https:\/\/biblian.is\/biblian\/wp-json\/wp\/v2\/pages\/2312\/revisions"}],"wp:attachment":[{"href":"https:\/\/biblian.is\/biblian\/wp-json\/wp\/v2\/media?parent=2312"}],"curies":[{"name":"wp","href":"https:\/\/api.w.org\/{rel}","templated":true}]}}