{"id":2311,"date":"2017-12-30T21:02:36","date_gmt":"2017-12-30T21:02:36","guid":{"rendered":"http:\/\/biblian.is\/biblian\/jesaja-15-kafli\/"},"modified":"2024-05-06T22:28:25","modified_gmt":"2024-05-06T22:28:25","slug":"jesaja-15-kafli","status":"publish","type":"page","link":"https:\/\/biblian.is\/biblian\/jesaja-15-kafli\/","title":{"rendered":"Jesaja 15. kafli"},"content":{"rendered":"<h3 class=\"millifyrirsogn_2007\"> Gegn M\u00f3ab<\/h3>\n<p><a name=\"1\"><span class=\"versanumer_2007\">1<\/span><\/a> Bo\u00f0skapur um M\u00f3ab:<br \/> <span class=\"ljodatexti\"> Um n\u00f3tt var r\u00e1\u00f0ist \u00e1 Ar \u00ed M\u00f3ab,<br \/>henni var eytt.<br \/>Um n\u00f3tt var r\u00e1\u00f0ist \u00e1 K\u00edr \u00ed M\u00f3ab, <br \/>henni var eytt.<br \/> <\/span> <span class=\"ljodatexti\"> <a name=\"2\"><span class=\"versanumer_ljod\">2<\/span><\/a>D\u00f3ttirin D\u00edbon f\u00f3r upp \u00e1 f\u00f3rnarh\u00e6\u00f0irnar<br \/>til a\u00f0 syrgja,<br \/>M\u00f3ab kveinar \u00e1 Neb\u00f3 og Medeba,<br \/>hver hvirfill er raka\u00f0ur,<br \/>hvert skegg skori\u00f0 af.<br \/> <\/span> <span class=\"ljodatexti\"> <a name=\"3\"><span class=\"versanumer_ljod\">3<\/span><\/a>\u00c1 str\u00e6tunum gyr\u00f0ast menn h\u00e6rusekk,<br \/>\u00e1 h\u00fas\u00fe\u00f6kum og torgum kveina \u00feeir allir,<br \/>flj\u00f3tandi \u00ed t\u00e1rum.<br \/> <\/span> <span class=\"ljodatexti\"> <a name=\"4\"><span class=\"versanumer_ljod\">4<\/span><\/a>\u00cdb\u00faar Hesbon og Eleale hlj\u00f3\u00f0a<br \/>svo a\u00f0 \u00f3p \u00feeirra heyrist allt til Jahas. <br \/>\u00deess vegna kveina v\u00edgb\u00fanir menn \u00ed M\u00f3ab,<br \/>kjarkur \u00feeirra er brostinn.<br \/> <\/span> <span class=\"ljodatexti\"> <a name=\"5\"><span class=\"versanumer_ljod\">5<\/span><\/a>Hjarta mitt kveinar yfir M\u00f3ab,<br \/>fl\u00f3ttamenn \u00fea\u00f0an eru komnir til S\u00f3ar og Eglat Selis\u00eda.<br \/>Gr\u00e1tandi ganga \u00feeir upp st\u00edginn vi\u00f0 L\u00fak\u00edt,<br \/>\u00e1 lei\u00f0inni til H\u00f3r\u00f3na\u00edm<br \/>kveina \u00feeir af harmi yfir ey\u00f0ingunni. <br \/> <\/span> <span class=\"ljodatexti\"> <a name=\"6\"><span class=\"versanumer_ljod\">6<\/span><\/a>V\u00f6tnin vi\u00f0 Nimr\u00edm ver\u00f0a ey\u00f0im\u00f6rk,<br \/>grasi\u00f0 skr\u00e6lnar, jurtirnar s\u00f6lna,<br \/>\u00f6ll gr\u00f3ska hverfur. <br \/> <\/span> <span class=\"ljodatexti\"> <a name=\"7\"><span class=\"versanumer_ljod\">7<\/span><\/a>\u00dev\u00ed b\u00e1ru \u00feeir yfir P\u00edlvi\u00f0ar\u00e1<br \/>\u00fea\u00f0 sem \u00feeir \u00f6flu\u00f0u s\u00e9r<br \/>og for\u00f0ann sem \u00feeir h\u00f6f\u00f0u geymt.<br \/> <\/span> <span class=\"ljodatexti\"> <a name=\"8\"><span class=\"versanumer_ljod\">8<\/span><\/a>\u00d3pi\u00f0 barst um allt M\u00f3absland<br \/>og kvein \u00feeirra allt til Egla\u00edm<br \/>og harmakveinin til Beer El\u00edm<br \/> <\/span> <span class=\"ljodatexti\"> <a name=\"9\"><span class=\"versanumer_ljod\">9<\/span><\/a>\u00fev\u00ed a\u00f0 vatnsf\u00f6llin vi\u00f0 D\u00edmon eru full af bl\u00f3\u00f0i.<br \/>En \u00fe\u00f3 legg \u00e9g enn meira \u00e1 D\u00edmon.<br \/>\u00c9g sendi lj\u00f3n gegn \u00feeim sem sluppu fr\u00e1 M\u00f3ab<br \/>og \u00feeim sem eftir ur\u00f0u \u00ed landinu. <\/span> <\/p>\n","protected":false},"excerpt":{"rendered":"<p>Gegn M\u00f3ab 1 Bo\u00f0skapur um M\u00f3ab: Um n\u00f3tt var r\u00e1\u00f0ist \u00e1 Ar \u00ed M\u00f3ab,henni var eytt.Um n\u00f3tt var r\u00e1\u00f0ist \u00e1 K\u00edr \u00ed M\u00f3ab, henni var eytt. 2D\u00f3ttirin D\u00edbon f\u00f3r upp \u00e1 f\u00f3rnarh\u00e6\u00f0irnartil a\u00f0 syrgja,M\u00f3ab kveinar \u00e1 Neb\u00f3 og Medeba,hver hvirfill er raka\u00f0ur,hvert skegg skori\u00f0 af. 3\u00c1 str\u00e6tunum gyr\u00f0ast menn h\u00e6rusekk,\u00e1 h\u00fas\u00fe\u00f6kum og torgum kveina \u00feeir allir,flj\u00f3tandi \u00ed t\u00e1rum. 4\u00cdb\u00faar Hesbon og Eleale hlj\u00f3\u00f0asvo a\u00f0 \u00f3p \u00feeirra heyrist allt til Jahas. \u00deess vegna kveina v\u00edgb\u00fanir menn \u00ed M\u00f3ab,kjarkur \u00feeirra er brostinn. 5Hjarta mitt kveinar yfir M\u00f3ab,fl\u00f3ttamenn \u00fea\u00f0an eru komnir til S\u00f3ar og Eglat Selis\u00eda.Gr\u00e1tandi ganga \u00feeir upp st\u00edginn vi\u00f0 L\u00fak\u00edt,\u00e1 lei\u00f0inni <a href=\"https:\/\/biblian.is\/biblian\/jesaja-15-kafli\/\"> [&#8230;]<\/a><\/p>\n","protected":false},"author":1,"featured_media":0,"parent":0,"menu_order":0,"comment_status":"open","ping_status":"open","template":"bibliukaflar_NT.php","meta":{"footnotes":""},"class_list":["post-2311","page","type-page","status-publish","hentry"],"_links":{"self":[{"href":"https:\/\/biblian.is\/biblian\/wp-json\/wp\/v2\/pages\/2311","targetHints":{"allow":["GET"]}}],"collection":[{"href":"https:\/\/biblian.is\/biblian\/wp-json\/wp\/v2\/pages"}],"about":[{"href":"https:\/\/biblian.is\/biblian\/wp-json\/wp\/v2\/types\/page"}],"author":[{"embeddable":true,"href":"https:\/\/biblian.is\/biblian\/wp-json\/wp\/v2\/users\/1"}],"replies":[{"embeddable":true,"href":"https:\/\/biblian.is\/biblian\/wp-json\/wp\/v2\/comments?post=2311"}],"version-history":[{"count":0,"href":"https:\/\/biblian.is\/biblian\/wp-json\/wp\/v2\/pages\/2311\/revisions"}],"wp:attachment":[{"href":"https:\/\/biblian.is\/biblian\/wp-json\/wp\/v2\/media?parent=2311"}],"curies":[{"name":"wp","href":"https:\/\/api.w.org\/{rel}","templated":true}]}}