{"id":2310,"date":"2017-12-30T21:02:36","date_gmt":"2017-12-30T21:02:36","guid":{"rendered":"http:\/\/biblian.is\/biblian\/jesaja-14-kafli\/"},"modified":"2024-05-06T22:28:25","modified_gmt":"2024-05-06T22:28:25","slug":"jesaja-14-kafli","status":"publish","type":"page","link":"https:\/\/biblian.is\/biblian\/jesaja-14-kafli\/","title":{"rendered":"Jesaja 14. kafli"},"content":{"rendered":"<h3 class=\"millifyrirsogn_2007\"> \u00datleg\u00f0inni l\u00fdkur<\/h3>\n<p><a name=\"1\"><span class=\"versanumer_2007\">1<\/span><\/a> En Drottinn mun miskunna Jakobi og velja \u00cdsraelsmenn a\u00f0 n\u00fdju og l\u00e1ta \u00fe\u00e1 setjast a\u00f0 \u00ed s\u00ednu eigin landi. A\u00f0komumenn munu tengjast \u00feeim og sameinast Jakobs \u00e6tt.<br \/> <a name=\"2\"><span class=\"versanumer_2007\">2<\/span><\/a> Framandi \u00fej\u00f3\u00f0ir munu taka \u00fe\u00e1 a\u00f0 s\u00e9r og flytja \u00fe\u00e1 heim til s\u00edn. En \u00cdsraels \u00e6tt mun sl\u00e1 eign sinni \u00e1 \u00fe\u00e1 og gera \u00fe\u00e1 a\u00f0 \u00fer\u00e6lum og amb\u00e1ttum \u00ed landi Drottins. \u00deeir sem ger\u00f0u \u00cdsraelsmenn \u00fatl\u00e6ga ver\u00f0a sj\u00e1lfir \u00fatl\u00e6gir. \u00cdsraelsmenn munu r\u00edkja yfir \u00feeim sem k\u00fagu\u00f0u \u00fe\u00e1. <\/p>\n<h3 class=\"millifyrirsogn_2007\">H\u00e1\u00f0kv\u00e6\u00f0i um Bab\u00fdlon\u00edukonung<\/h3>\n<p><a name=\"3\"><span class=\"versanumer_2007\">3<\/span><\/a> \u00deegar Drottinn hefur veitt \u00fe\u00e9r hv\u00edld fr\u00e1 \u00fej\u00e1ningu \u00feinni og skelfingu og hinni h\u00f6r\u00f0u \u00e1\u00fej\u00e1n sem \u00fe\u00fa m\u00e1ttir \u00feola, <a name=\"4\"><span class=\"versanumer_2007\">4<\/span><\/a> \u00fe\u00e1 muntu h\u00e6\u00f0a konunginn \u00ed Bab\u00fdlon me\u00f0 \u00feessu kv\u00e6\u00f0i:<br \/> <span class=\"ljodatexti\"> Hv\u00edl\u00edkan endi hlaut k\u00fagarinn,<br \/>endi er bundinn \u00e1 \u00e1r\u00e1sir hans.<br \/> <\/span> <span class=\"ljodatexti\"> <a name=\"5\"><span class=\"versanumer_ljod\">5<\/span><\/a>Drottinn braut barefli \u00f3gu\u00f0legra, <br \/>veldissprota valdsmannanna.<br \/> <\/span> <span class=\"ljodatexti\"> <a name=\"6\"><span class=\"versanumer_ljod\">6<\/span><\/a>Hann bar\u00f0i \u00fej\u00f3\u00f0irnar \u00ed heiftar\u00e6\u00f0i<br \/>me\u00f0 h\u00f6ggum \u00e1 h\u00f6gg ofan<br \/>og tra\u00f0ka\u00f0i \u00fej\u00f3\u00f0irnar ni\u00f0ur \u00ed heift<br \/>me\u00f0 v\u00e6g\u00f0arlausum ofs\u00f3knum.<br \/> <\/span> <span class=\"ljodatexti\"> <a name=\"7\"><span class=\"versanumer_ljod\">7<\/span><\/a>\u00d6ll j\u00f6r\u00f0in n\u00fdtur hv\u00edldar og fri\u00f0ar,<br \/>fagna\u00f0ar\u00f3p kve\u00f0a vi\u00f0.<br \/> <\/span> <span class=\"ljodatexti\"> <a name=\"8\"><span class=\"versanumer_ljod\">8<\/span><\/a>Jafnvel k\u00fdprustr\u00e9n fagna yfir \u00fe\u00e9r<br \/>\u00e1samt sedrustrj\u00e1num \u00e1 L\u00edbanon: <br \/>\u201eFyrst \u00fe\u00fa ert a\u00f0 velli lag\u00f0ur <br \/>kemur enginn hinga\u00f0 til a\u00f0 fella oss.\u201c<br \/> <\/span> <span class=\"ljodatexti\"> <a name=\"9\"><span class=\"versanumer_ljod\">9<\/span><\/a>Ni\u00f0ri \u00ed helju var allt \u00ed uppn\u00e1mi vegna \u00fe\u00edn<br \/>til a\u00f0 taka \u00e1 m\u00f3ti \u00fe\u00e9r \u00feegar \u00fe\u00fa k\u00e6mir.<br \/>Vofurnar voru reknar \u00e1 f\u00e6tur \u00fe\u00edn vegna,<br \/>allir sem voru lei\u00f0togar jar\u00f0ar.<br \/>Allir konungar \u00fej\u00f3\u00f0anna<br \/>voru upp reknir \u00far h\u00e1s\u00e6tum s\u00ednum.<br \/> <\/span> <span class=\"ljodatexti\"> <a name=\"10\"><span class=\"versanumer_ljod\">10<\/span><\/a>Allir munu \u00feeir taka til m\u00e1ls<br \/>og segja vi\u00f0 \u00feig:<br \/>\u201eJafnvel \u00fe\u00fa ert or\u00f0inn m\u00e1ttvana,<br \/>jafningi vor.\u201c<br \/> <\/span> <span class=\"ljodatexti\"> <a name=\"11\"><span class=\"versanumer_ljod\">11<\/span><\/a>H\u00e1tign \u00fe\u00edn steyptist ni\u00f0ur \u00ed helju<br \/>\u00e1samt h\u00f6rpuhlj\u00f3mi \u00fe\u00ednum.<br \/>Ormar eru breiddir undir \u00feig<br \/>og ma\u00f0kar eru \u00e1brei\u00f0a \u00fe\u00edn.<br \/> <\/span> <span class=\"ljodatexti\"> <a name=\"12\"><span class=\"versanumer_ljod\">12<\/span><\/a>N\u00fa ertu fallinn af himni,<br \/>lj\u00f3sberi, sonur morgunro\u00f0ans.<br \/>N\u00fa ert \u00fe\u00fa a\u00f0 velli lag\u00f0ur,<br \/>sigurvegari \u00fej\u00f3\u00f0r\u00edkja.<br \/> <\/span> <span class=\"ljodatexti\"> <a name=\"13\"><span class=\"versanumer_ljod\">13<\/span><\/a>\u00de\u00fa sag\u00f0ir vi\u00f0 sj\u00e1lfan \u00feig:<br \/>\u201e\u00c9g skal st\u00edga upp til himins,<br \/>ofar stj\u00f6rnum Gu\u00f0s,<br \/>\u00fear skal \u00e9g reisa h\u00e1s\u00e6ti mitt.<br \/>\u00c1 \u00feingfjalli gu\u00f0anna tek \u00e9g m\u00e9r s\u00e6ti,<br \/>yst \u00ed nor\u00f0ri.<br \/> <\/span> <span class=\"ljodatexti\"> <a name=\"14\"><span class=\"versanumer_ljod\">14<\/span><\/a>\u00c9g skal st\u00edga ofar h\u00e6stu sk\u00fdjum,<br \/>l\u00edkjast Hinum h\u00e6sta.\u201c<br \/> <\/span> <span class=\"ljodatexti\"> <a name=\"15\"><span class=\"versanumer_ljod\">15<\/span><\/a>En \u00fe\u00e9r var varpa\u00f0 ni\u00f0ur til heljar,<br \/>\u00ed hina d\u00fdpstu gryfju.<br \/> <\/span> <span class=\"ljodatexti\"> <a name=\"16\"><span class=\"versanumer_ljod\">16<\/span><\/a>\u00deeim sem l\u00edta \u00feig ver\u00f0ur stars\u00fdnt \u00e1 \u00feig,<br \/>\u00feeir vir\u00f0a \u00feig vandlega fyrir s\u00e9r:<br \/>\u201eEr \u00feetta ma\u00f0urinn sem sk\u00f3k alla j\u00f6r\u00f0ina,<br \/>l\u00e9t konungsr\u00edki ri\u00f0a?<br \/> <\/span> <span class=\"ljodatexti\"> <a name=\"17\"><span class=\"versanumer_ljod\">17<\/span><\/a>Hann ger\u00f0i j\u00f6r\u00f0ina a\u00f0 ey\u00f0im\u00f6rk,<br \/>reif ni\u00f0ur borgir<br \/>og sleppti f\u00f6ngum s\u00ednum ekki heim.\u201c<br \/> <\/span> <span class=\"ljodatexti\"> <a name=\"18\"><span class=\"versanumer_ljod\">18<\/span><\/a>Allir konungar \u00fej\u00f3\u00f0anna hv\u00edla \u00ed vi\u00f0h\u00f6fn,<br \/>hver \u00ed s\u00ednu grafh\u00fdsi,<br \/> <\/span> <span class=\"ljodatexti\"> <a name=\"19\"><span class=\"versanumer_ljod\">19<\/span><\/a>en \u00fe\u00e9r var fleygt \u00fat \u00e1n greftrunar<br \/>eins og \u00f3merkilegri hr\u00edslu. <br \/>L\u00edk veginna \u00feekja \u00feig, <br \/>\u00feeirra sem lag\u00f0ir voru sver\u00f0i<br \/>og steypt var ni\u00f0ur \u00ed grj\u00f3ti\u00f0 \u00ed gryfjunni<br \/>eins og f\u00f3tum tro\u00f0nu hr\u00e6i.<br \/> <\/span> <span class=\"ljodatexti\"> <a name=\"20\"><span class=\"versanumer_ljod\">20<\/span><\/a>\u00de\u00fa munt ekkert samneyti hafa<br \/>vi\u00f0 \u00fe\u00e1 sem lag\u00f0ir voru \u00ed steingrafir<br \/>\u00fev\u00ed a\u00f0 \u00fe\u00fa hefur eytt eigi\u00f0 land<br \/>og drepi\u00f0 eigin \u00fej\u00f3\u00f0.<br \/>Afsprengi illvirkja mun aldrei framar nefnt \u00e1 nafn.<br \/> <\/span> <span class=\"ljodatexti\"> <a name=\"21\"><span class=\"versanumer_ljod\">21<\/span><\/a>B\u00fai\u00f0 bl\u00f3\u00f0v\u00f6llinn fyrir syni hans<br \/>vegna sektar fe\u00f0ra \u00feeirra.<br \/>Aldrei skulu \u00feeir r\u00edsa upp til a\u00f0 leggja undir sig j\u00f6r\u00f0ina<br \/>og fylla hana borgum. <br \/> <\/span> <span class=\"ljodatexti\"> <a name=\"22\"><span class=\"versanumer_ljod\">22<\/span><\/a> \u00c9g mun r\u00edsa gegn \u00feeim,<br \/>segir Drottinn allsherjar. <br \/>\u00c9g mun afm\u00e1 nafn Bab\u00fdlonar, <br \/>leifar hennar, \u00e6tt hennar og afkv\u00e6mi, segir Drottinn. <br \/> <\/span> <span class=\"ljodatexti\"> <a name=\"23\"><span class=\"versanumer_ljod\">23<\/span><\/a> \u00c9g mun f\u00e1 hana broddg\u00f6ltum til eignar <br \/>og gera hana a\u00f0 f\u00faam\u00fdri. <br \/>\u00c9g mun s\u00f3pa henni burt me\u00f0 s\u00f3pi ey\u00f0ingarinnar, <br \/>segir Drottinn allsherjar. <\/span> <\/p>\n<h3 class=\"millifyrirsogn_2007\">Gegn Ass\u00fdr\u00edu<\/h3>\n<p> <span class=\"ljodatexti\"><a name=\"24\"><span class=\"versanumer_ljod\">24<\/span><\/a> Drottinn allsherjar hefur svari\u00f0: <br \/> \u00dea\u00f0 sem \u00e9g hef fyrirhuga\u00f0 ver\u00f0ur,<br \/>\u00fea\u00f0 sem \u00e9g hef \u00e1forma\u00f0 kemur fram.<br \/> <\/span> <span class=\"ljodatexti\"> <a name=\"25\"><span class=\"versanumer_ljod\">25<\/span><\/a> \u00c9g myl Ass\u00fdr\u00edu \u00ed landi m\u00ednu<br \/>og tre\u00f0 hana ni\u00f0ur \u00e1 fj\u00f6llum m\u00ednum.<br \/>\u00de\u00e1 ver\u00f0ur oki hennar l\u00e9tt af \u00feeim <br \/>og byr\u00f0i hennar tekin af her\u00f0um \u00feeirra.<br \/> <\/span> <span class=\"ljodatexti\"> <a name=\"26\"><span class=\"versanumer_ljod\">26<\/span><\/a> \u00deetta er \u00e1kvar\u00f0a\u00f0 fyrir allan heiminn<br \/>og \u00feetta er h\u00f6ndin sem reidd er gegn \u00f6llum \u00fej\u00f3\u00f0um.<br \/> <\/span> <span class=\"ljodatexti\"> <a name=\"27\"><span class=\"versanumer_ljod\">27<\/span><\/a> Hafi Drottinn allsherjar \u00e1forma\u00f0 eitthva\u00f0,<br \/>hver getur \u00f3n\u00fdtt \u00fea\u00f0?<br \/>S\u00e9 h\u00f6nd hans upp reidd,<br \/>hver getur sn\u00fai\u00f0 henni? <\/span> <\/p>\n<h3 class=\"millifyrirsogn_2007\">Gegn Filisteum<\/h3>\n<p> <a name=\"28\"><span class=\"versanumer_2007\">28<\/span><\/a> \u00c1ri\u00f0 sem Akas konungur anda\u00f0ist var \u00feessi bo\u00f0skapur kunngj\u00f6r\u00f0ur:<br \/> <span class=\"ljodatexti\"> <a name=\"29\"><span class=\"versanumer_ljod\">29<\/span><\/a> Fagni\u00f0 ekki, Filistear,<br \/>\u00fe\u00f3 a\u00f0 stafurinn sem laust y\u00f0ur s\u00e9 brotinn,<br \/>\u00fev\u00ed a\u00f0 af r\u00f3t sn\u00e1ksins kemur na\u00f0ra<br \/>og \u00e1v\u00f6xtur hennar ver\u00f0ur flj\u00fagandi dreki. <br \/> <\/span> <span class=\"ljodatexti\"> <a name=\"30\"><span class=\"versanumer_ljod\">30<\/span><\/a> Hinum aumustu aumra ver\u00f0a fundin engi<br \/>og hinir f\u00e1t\u00e6ku munu hv\u00edlast \u00f3hultir.<br \/>En r\u00f3t \u00fe\u00edna l\u00e6t \u00e9g deyja \u00far hungri<br \/>og tek leifar \u00fe\u00ednar af l\u00edfi.<br \/> <\/span> <span class=\"ljodatexti\"> <a name=\"31\"><span class=\"versanumer_ljod\">31<\/span><\/a> Kveina \u00fe\u00fa, hli\u00f0, gr\u00e1t \u00fe\u00fa, borg,<br \/>n\u00f6tri\u00f0 af \u00f3tta, Filistear,<br \/>\u00fev\u00ed a\u00f0 reykjarm\u00f6kkur kemur \u00far nor\u00f0ri<br \/>og enginn hleypur undan merkjum.<br \/> <\/span> <span class=\"ljodatexti\"> <a name=\"32\"><span class=\"versanumer_ljod\">32<\/span><\/a> Hverju \u00e1 a\u00f0 svara konungum \u00fej\u00f3\u00f0arinnar?<br \/>A\u00f0 Drottinn hafi lagt grunninn a\u00f0 S\u00edon<br \/>og a\u00f0 \u00fear leiti hinir \u00fej\u00e1\u00f0u me\u00f0al l\u00fd\u00f0s hans h\u00e6lis. <\/span> <\/p>\n","protected":false},"excerpt":{"rendered":"<p>\u00datleg\u00f0inni l\u00fdkur 1 En Drottinn mun miskunna Jakobi og velja \u00cdsraelsmenn a\u00f0 n\u00fdju og l\u00e1ta \u00fe\u00e1 setjast a\u00f0 \u00ed s\u00ednu eigin landi. A\u00f0komumenn munu tengjast \u00feeim og sameinast Jakobs \u00e6tt. 2 Framandi \u00fej\u00f3\u00f0ir munu taka \u00fe\u00e1 a\u00f0 s\u00e9r og flytja \u00fe\u00e1 heim til s\u00edn. En \u00cdsraels \u00e6tt mun sl\u00e1 eign sinni \u00e1 \u00fe\u00e1 og gera \u00fe\u00e1 a\u00f0 \u00fer\u00e6lum og amb\u00e1ttum \u00ed landi Drottins. \u00deeir sem ger\u00f0u \u00cdsraelsmenn \u00fatl\u00e6ga ver\u00f0a sj\u00e1lfir \u00fatl\u00e6gir. \u00cdsraelsmenn munu r\u00edkja yfir \u00feeim sem k\u00fagu\u00f0u \u00fe\u00e1. H\u00e1\u00f0kv\u00e6\u00f0i um Bab\u00fdlon\u00edukonung 3 \u00deegar Drottinn hefur veitt \u00fe\u00e9r hv\u00edld fr\u00e1 \u00fej\u00e1ningu \u00feinni og skelfingu og hinni h\u00f6r\u00f0u \u00e1\u00fej\u00e1n sem \u00fe\u00fa <a href=\"https:\/\/biblian.is\/biblian\/jesaja-14-kafli\/\"> [&#8230;]<\/a><\/p>\n","protected":false},"author":1,"featured_media":0,"parent":0,"menu_order":0,"comment_status":"open","ping_status":"open","template":"bibliukaflar_NT.php","meta":{"footnotes":""},"class_list":["post-2310","page","type-page","status-publish","hentry"],"_links":{"self":[{"href":"https:\/\/biblian.is\/biblian\/wp-json\/wp\/v2\/pages\/2310","targetHints":{"allow":["GET"]}}],"collection":[{"href":"https:\/\/biblian.is\/biblian\/wp-json\/wp\/v2\/pages"}],"about":[{"href":"https:\/\/biblian.is\/biblian\/wp-json\/wp\/v2\/types\/page"}],"author":[{"embeddable":true,"href":"https:\/\/biblian.is\/biblian\/wp-json\/wp\/v2\/users\/1"}],"replies":[{"embeddable":true,"href":"https:\/\/biblian.is\/biblian\/wp-json\/wp\/v2\/comments?post=2310"}],"version-history":[{"count":0,"href":"https:\/\/biblian.is\/biblian\/wp-json\/wp\/v2\/pages\/2310\/revisions"}],"wp:attachment":[{"href":"https:\/\/biblian.is\/biblian\/wp-json\/wp\/v2\/media?parent=2310"}],"curies":[{"name":"wp","href":"https:\/\/api.w.org\/{rel}","templated":true}]}}