{"id":2309,"date":"2017-12-30T21:02:36","date_gmt":"2017-12-30T21:02:36","guid":{"rendered":"http:\/\/biblian.is\/biblian\/jesaja-13-kafli\/"},"modified":"2024-05-06T22:28:24","modified_gmt":"2024-05-06T22:28:24","slug":"jesaja-13-kafli","status":"publish","type":"page","link":"https:\/\/biblian.is\/biblian\/jesaja-13-kafli\/","title":{"rendered":"Jesaja 13. kafli"},"content":{"rendered":"<h2 class=\"millifyrirsogn_2007\">M\u00e6lt gegn framandi \u00fej\u00f3\u00f0um <\/h2>\n<h3 class=\"millifyrirsogn_2007\">Gegn Bab\u00fdlon<\/h3>\n<p><a name=\"1\"><span class=\"versanumer_2007\">1<\/span><\/a> Bo\u00f0skapur um Bab\u00fdlon sem Jesaja Amotssyni birtist:<br \/> <span class=\"ljodatexti\"> <a name=\"2\"><span class=\"versanumer_ljod\">2<\/span><\/a>Reisi\u00f0 gunnf\u00e1na \u00e1 gr\u00f3\u00f0urvana fjallstindi.<br \/>Hr\u00f3pi\u00f0 til \u00feeirra h\u00e1rri r\u00f6ddu.<br \/>Bendi\u00f0 \u00feeim a\u00f0 koma gegnum hli\u00f0 h\u00f6f\u00f0ingjanna.<br \/> <\/span> <span class=\"ljodatexti\"> <a name=\"3\"><span class=\"versanumer_ljod\">3<\/span><\/a>\u00c9g kvaddi sj\u00e1lfur \u00fat minn v\u00edg\u00f0a her,<br \/>kalla\u00f0i hetjur m\u00ednar til a\u00f0 vinna verk rei\u00f0i minnar,<br \/>\u00fe\u00e1 sem fagna frammi fyrir h\u00e1tign minni.<br \/> <\/span> <span class=\"ljodatexti\"> <a name=\"4\"><span class=\"versanumer_ljod\">4<\/span><\/a>Heyri\u00f0, gn\u00fdr er \u00e1 fj\u00f6llunum<br \/>eins og fr\u00e1 mannmerg\u00f0,<br \/>hark fr\u00e1 konungsr\u00edkjum,<br \/>\u00fej\u00f3\u00f0um sem safnast saman.<br \/>Drottinn allsherjar kannar li\u00f0i\u00f0,<br \/>v\u00edgb\u00fainn herinn.<br \/> <\/span> <span class=\"ljodatexti\"> <a name=\"5\"><span class=\"versanumer_ljod\">5<\/span><\/a>\u00deeir koma fr\u00e1 fjarl\u00e6gu landi,<br \/>fr\u00e1 ystu m\u00f6rkum himins,<br \/>Drottinn og vopn rei\u00f0i hans,<br \/>til a\u00f0 ey\u00f0a landi\u00f0 allt.<br \/> <\/span> <span class=\"ljodatexti\"> <a name=\"6\"><span class=\"versanumer_ljod\">6<\/span><\/a>Kveini\u00f0 \u00fev\u00ed a\u00f0 dagur Drottins er \u00ed n\u00e1nd.<br \/>Hann kemur sem ey\u00f0ing fr\u00e1 Hinum alm\u00e1ttka. <br \/> <\/span> <span class=\"ljodatexti\"> <a name=\"7\"><span class=\"versanumer_ljod\">7<\/span><\/a>\u00deess vegna ver\u00f0a allar hendur l\u00e9magna<br \/>og \u00f6llum fellst hugur. <br \/> <\/span> <span class=\"ljodatexti\"> <a name=\"8\"><span class=\"versanumer_ljod\">8<\/span><\/a>\u00deeir ver\u00f0a skelfingu lostnir,<br \/>helteknir krampa og kv\u00f6lum<br \/>og engjast eins og j\u00f3\u00f0sj\u00fak kona.<br \/>\u00deeir stara skelfdir hver \u00e1 annan,<br \/>rau\u00f0gl\u00f3andi \u00ed framan.<br \/> <\/span> <span class=\"ljodatexti\"> <a name=\"9\"><span class=\"versanumer_ljod\">9<\/span><\/a>Hinn hr\u00e6\u00f0ilegi dagur Drottins kemur<br \/>me\u00f0 rei\u00f0i og logandi heift<br \/>til a\u00f0 gera j\u00f6r\u00f0ina a\u00f0 au\u00f0n<br \/>og afm\u00e1 syndara af henni.<br \/> <\/span> <span class=\"ljodatexti\"> <a name=\"10\"><span class=\"versanumer_ljod\">10<\/span><\/a>Stj\u00f6rnur himins og stj\u00f6rnumerki<br \/>munu ekki l\u00e1ta lj\u00f3s sitt sk\u00edna,<br \/>s\u00f3lin myrkvast \u00ed dagrenningu<br \/>og tungli\u00f0 ber enga birtu.<br \/> <\/span> <span class=\"ljodatexti\"> <a name=\"11\"><span class=\"versanumer_ljod\">11<\/span><\/a>\u00c9g mun refsa heiminum fyrir illskuna<br \/>og \u00f3gu\u00f0legum fyrir synd \u00feeirra.<br \/>\u00c9g mun binda enda \u00e1 hroka st\u00e6ril\u00e1tra<br \/>og yfirl\u00e6ti har\u00f0stj\u00f3ranna mun \u00e9g l\u00e6gja.<br \/> <\/span> <span class=\"ljodatexti\"> <a name=\"12\"><span class=\"versanumer_ljod\">12<\/span><\/a>\u00c9g mun gera menn f\u00e1g\u00e6tari en sk\u00edragull<br \/>og mannf\u00f3lk sjalds\u00e9\u00f0ara en \u00d3f\u00edrgull.<br \/> <\/span> <span class=\"ljodatexti\"> <a name=\"13\"><span class=\"versanumer_ljod\">13<\/span><\/a>Himinninn mun skj\u00e1lfa <br \/>og j\u00f6r\u00f0in hnikast \u00far sta\u00f0<br \/>vegna rei\u00f0i Drottins allsherjar<br \/>\u00e1 degi brennandi heiftar hans.<br \/> <\/span> <span class=\"ljodatexti\"> <a name=\"14\"><span class=\"versanumer_ljod\">14<\/span><\/a>Eins og f\u00e6ld gasella,<br \/>eins og fj\u00e1rh\u00f3pur \u00e1n smala,<br \/>mun s\u00e9rhver sn\u00faa til sinnar \u00fej\u00f3\u00f0ar,<br \/>heim \u00ed sitt eigi\u00f0 land.<br \/> <\/span> <span class=\"ljodatexti\"> <a name=\"15\"><span class=\"versanumer_ljod\">15<\/span><\/a>Hver sem fyrir ver\u00f0ur mun lag\u00f0ur \u00ed gegn,<br \/>hver sem n\u00e6st mun falla fyrir sver\u00f0i. <br \/> <\/span> <span class=\"ljodatexti\"> <a name=\"16\"><span class=\"versanumer_ljod\">16<\/span><\/a>Ungb\u00f6rn \u00feeirra ver\u00f0a barin til bana <br \/>fyrir augum \u00feeirra,<br \/>h\u00fas \u00feeirra r\u00e6nd,<br \/>eiginkonum \u00feeirra nau\u00f0ga\u00f0.<br \/> <\/span> <span class=\"ljodatexti\"> <a name=\"17\"><span class=\"versanumer_ljod\">17<\/span><\/a>J\u00e1, \u00e9g \u00e6si Meda gegn \u00feeim.<br \/>\u00deeir meta silfur einskis<br \/>og girnast ekki gull.<br \/> <\/span> <span class=\"ljodatexti\"> <a name=\"18\"><span class=\"versanumer_ljod\">18<\/span><\/a>Bogar \u00feeirra munu fella \u00e6skumenn til jar\u00f0ar, <span class=\"nedan_mal\" title=\" \u00d6nnur hugsanleg \u00fe\u00fd\u00f0ing: Bogar ungmennanna ver\u00f0a brotnir.\">[<\/span> <br \/>\u00feeir \u00feyrma ekki \u00e1vexti m\u00f3\u00f0url\u00edfsins<br \/>og l\u00edta ekki b\u00f6rn miskunnaraugum.<br \/> <\/span> <span class=\"ljodatexti\"> <a name=\"19\"><span class=\"versanumer_ljod\">19<\/span><\/a>Fyrir Bab\u00fdlon, pr\u00fd\u00f0i konungsr\u00edkja,<br \/>skartinu sem Kaldear hreykja s\u00e9r af,<br \/>mun fara eins og S\u00f3d\u00f3mu og G\u00f3morru<br \/>\u00feegar Gu\u00f0 umturna\u00f0i \u00feeim. <br \/> <\/span> <span class=\"ljodatexti\"> <a name=\"20\"><span class=\"versanumer_ljod\">20<\/span><\/a>H\u00fan ver\u00f0ur aldrei framar m\u00f6nnum bygg\u00f0,<br \/>enginn sest \u00fear a\u00f0, kynsl\u00f3\u00f0 eftir kynsl\u00f3\u00f0.<br \/>Enginn hir\u00f0ingi mun tjalda \u00fear<br \/>n\u00e9 hjar\u00f0ma\u00f0ur hv\u00edla \u00fear hj\u00f6r\u00f0 s\u00edna.<br \/> <\/span> <span class=\"ljodatexti\"> <a name=\"21\"><span class=\"versanumer_ljod\">21<\/span><\/a>En ey\u00f0imerkurd\u00fdr munu hafast \u00fear vi\u00f0<br \/>og uglur fylla h\u00fasin.<br \/>Str\u00fatar munu setjast \u00fear a\u00f0<br \/>og p\u00fakar st\u00f6kkva um.<br \/> <\/span> <span class=\"ljodatexti\"> <a name=\"22\"><span class=\"versanumer_ljod\">22<\/span><\/a> H\u00fdenur munu v\u00e6la \u00ed virkjunum<br \/>og sjakalar \u00ed gle\u00f0is\u00f6lunum.<br \/>T\u00edmi hennar <span class=\"nedan_mal\" title=\" \u00c1tt er vi\u00f0 Bab\u00fdlon.\">[<\/span> f\u00e6rist n\u00e6r,<br \/>d\u00f6gum hennar mun ekki fj\u00f6lga. <\/span> <\/p>\n","protected":false},"excerpt":{"rendered":"<p>M\u00e6lt gegn framandi \u00fej\u00f3\u00f0um Gegn Bab\u00fdlon 1 Bo\u00f0skapur um Bab\u00fdlon sem Jesaja Amotssyni birtist: 2Reisi\u00f0 gunnf\u00e1na \u00e1 gr\u00f3\u00f0urvana fjallstindi.Hr\u00f3pi\u00f0 til \u00feeirra h\u00e1rri r\u00f6ddu.Bendi\u00f0 \u00feeim a\u00f0 koma gegnum hli\u00f0 h\u00f6f\u00f0ingjanna. 3\u00c9g kvaddi sj\u00e1lfur \u00fat minn v\u00edg\u00f0a her,kalla\u00f0i hetjur m\u00ednar til a\u00f0 vinna verk rei\u00f0i minnar,\u00fe\u00e1 sem fagna frammi fyrir h\u00e1tign minni. 4Heyri\u00f0, gn\u00fdr er \u00e1 fj\u00f6llunumeins og fr\u00e1 mannmerg\u00f0,hark fr\u00e1 konungsr\u00edkjum,\u00fej\u00f3\u00f0um sem safnast saman.Drottinn allsherjar kannar li\u00f0i\u00f0,v\u00edgb\u00fainn herinn. 5\u00deeir koma fr\u00e1 fjarl\u00e6gu landi,fr\u00e1 ystu m\u00f6rkum himins,Drottinn og vopn rei\u00f0i hans,til a\u00f0 ey\u00f0a landi\u00f0 allt. 6Kveini\u00f0 \u00fev\u00ed a\u00f0 dagur Drottins er \u00ed n\u00e1nd.Hann kemur sem ey\u00f0ing fr\u00e1 Hinum alm\u00e1ttka. 7\u00deess vegna ver\u00f0a <a href=\"https:\/\/biblian.is\/biblian\/jesaja-13-kafli\/\"> [&#8230;]<\/a><\/p>\n","protected":false},"author":1,"featured_media":0,"parent":0,"menu_order":0,"comment_status":"open","ping_status":"open","template":"bibliukaflar_NT.php","meta":{"footnotes":""},"class_list":["post-2309","page","type-page","status-publish","hentry"],"_links":{"self":[{"href":"https:\/\/biblian.is\/biblian\/wp-json\/wp\/v2\/pages\/2309","targetHints":{"allow":["GET"]}}],"collection":[{"href":"https:\/\/biblian.is\/biblian\/wp-json\/wp\/v2\/pages"}],"about":[{"href":"https:\/\/biblian.is\/biblian\/wp-json\/wp\/v2\/types\/page"}],"author":[{"embeddable":true,"href":"https:\/\/biblian.is\/biblian\/wp-json\/wp\/v2\/users\/1"}],"replies":[{"embeddable":true,"href":"https:\/\/biblian.is\/biblian\/wp-json\/wp\/v2\/comments?post=2309"}],"version-history":[{"count":0,"href":"https:\/\/biblian.is\/biblian\/wp-json\/wp\/v2\/pages\/2309\/revisions"}],"wp:attachment":[{"href":"https:\/\/biblian.is\/biblian\/wp-json\/wp\/v2\/media?parent=2309"}],"curies":[{"name":"wp","href":"https:\/\/api.w.org\/{rel}","templated":true}]}}