{"id":2308,"date":"2017-12-30T21:02:36","date_gmt":"2017-12-30T21:02:36","guid":{"rendered":"http:\/\/biblian.is\/biblian\/jesaja-12-kafli\/"},"modified":"2024-05-06T22:28:24","modified_gmt":"2024-05-06T22:28:24","slug":"jesaja-12-kafli","status":"publish","type":"page","link":"https:\/\/biblian.is\/biblian\/jesaja-12-kafli\/","title":{"rendered":"Jesaja 12. kafli"},"content":{"rendered":"<h3 class=\"millifyrirsogn_2007\"> \u00deakkargj\u00f6r\u00f0 hinna endurleystu<\/h3>\n<p><a name=\"1\"><span class=\"versanumer_2007\">1<\/span><\/a> \u00c1 \u00feeim degi skaltu segja:<br \/> <span class=\"ljodatexti\"> \u00c9g vegsama \u00feig, Drottinn. \u00de\u00fa varst m\u00e9r rei\u00f0ur<br \/>en \u00fe\u00e9r hvarf rei\u00f0in og \u00fe\u00fa hugga\u00f0ir mig.<br \/> <\/span> <span class=\"ljodatexti\"> <a name=\"2\"><span class=\"versanumer_ljod\">2<\/span><\/a>Sj\u00e1, Gu\u00f0 er hj\u00e1lp m\u00edn,<br \/>\u00e9g er \u00f6ruggur og \u00f3ttast ekki.<br \/>\u00dev\u00ed a\u00f0 Drottinn er v\u00f6rn m\u00edn og lofs\u00f6ngur, <span class=\"nedan_mal\" title=\" \u00d6nnur hugsanleg \u00fe\u00fd\u00f0ing: v\u00f6rn m\u00edn og styrkur.\">[<\/span> <br \/>hann kom m\u00e9r til hj\u00e1lpar.<br \/>\u00de\u00e9r munu\u00f0 me\u00f0 f\u00f6gnu\u00f0i vatni ausa <span class=\"nedan_mal\" title=\" L\u00edkingin \u00e1 vi\u00f0 \u00feann si\u00f0 \u00e1 laufsk\u00e1lah\u00e1t\u00ed\u00f0 a\u00f0 ausa vatni og v\u00edgja \u00fea\u00f0. Vatn var l\u00edfgjafi. \">[<\/span> <br \/>\u00far lindum hj\u00e1lpr\u00e6\u00f0isins.<br \/> <\/span> <span class=\"ljodatexti\"> <a name=\"3\"><span class=\"versanumer_ljod\">3<\/span><\/a>\u00c1 \u00feeim degi munu\u00f0 \u00fe\u00e9r segja:<br \/>Lofi\u00f0 Drottin, \u00e1kalli\u00f0 nafn hans.<br \/>Geri\u00f0 m\u00e1ttarverk hans kunn me\u00f0al \u00fej\u00f3\u00f0anna.<br \/>Hafi\u00f0 \u00ed minnum a\u00f0 h\u00e1leitt er nafn hans. <br \/> <\/span> <span class=\"ljodatexti\"> <a name=\"4\"><span class=\"versanumer_ljod\">4<\/span><\/a>Lofsyngi\u00f0 Drottni \u00fev\u00ed a\u00f0 d\u00e1semdarverk hefur hann gert,<br \/>\u00feau ver\u00f0a \u00feekkt um alla j\u00f6r\u00f0.<br \/> <\/span> <span class=\"ljodatexti\"> <a name=\"5\"><span class=\"versanumer_ljod\">5<\/span><\/a>Fagni\u00f0 og gle\u00f0jist, \u00fe\u00e9r sem b\u00fai\u00f0 \u00e1 S\u00edon,<br \/>\u00fev\u00ed a\u00f0 Hinn heilagi \u00cdsraels er mikill \u00e1 me\u00f0al y\u00f0ar. <\/span> <\/p>\n","protected":false},"excerpt":{"rendered":"<p>\u00deakkargj\u00f6r\u00f0 hinna endurleystu 1 \u00c1 \u00feeim degi skaltu segja: \u00c9g vegsama \u00feig, Drottinn. \u00de\u00fa varst m\u00e9r rei\u00f0uren \u00fe\u00e9r hvarf rei\u00f0in og \u00fe\u00fa hugga\u00f0ir mig. 2Sj\u00e1, Gu\u00f0 er hj\u00e1lp m\u00edn,\u00e9g er \u00f6ruggur og \u00f3ttast ekki.\u00dev\u00ed a\u00f0 Drottinn er v\u00f6rn m\u00edn og lofs\u00f6ngur, [ hann kom m\u00e9r til hj\u00e1lpar.\u00de\u00e9r munu\u00f0 me\u00f0 f\u00f6gnu\u00f0i vatni ausa [ \u00far lindum hj\u00e1lpr\u00e6\u00f0isins. 3\u00c1 \u00feeim degi munu\u00f0 \u00fe\u00e9r segja:Lofi\u00f0 Drottin, \u00e1kalli\u00f0 nafn hans.Geri\u00f0 m\u00e1ttarverk hans kunn me\u00f0al \u00fej\u00f3\u00f0anna.Hafi\u00f0 \u00ed minnum a\u00f0 h\u00e1leitt er nafn hans. 4Lofsyngi\u00f0 Drottni \u00fev\u00ed a\u00f0 d\u00e1semdarverk hefur hann gert,\u00feau ver\u00f0a \u00feekkt um alla j\u00f6r\u00f0. 5Fagni\u00f0 og gle\u00f0jist, \u00fe\u00e9r sem b\u00fai\u00f0 \u00e1 S\u00edon,\u00fev\u00ed a\u00f0 <a href=\"https:\/\/biblian.is\/biblian\/jesaja-12-kafli\/\"> [&#8230;]<\/a><\/p>\n","protected":false},"author":1,"featured_media":0,"parent":0,"menu_order":0,"comment_status":"open","ping_status":"open","template":"bibliukaflar_NT.php","meta":{"footnotes":""},"class_list":["post-2308","page","type-page","status-publish","hentry"],"_links":{"self":[{"href":"https:\/\/biblian.is\/biblian\/wp-json\/wp\/v2\/pages\/2308","targetHints":{"allow":["GET"]}}],"collection":[{"href":"https:\/\/biblian.is\/biblian\/wp-json\/wp\/v2\/pages"}],"about":[{"href":"https:\/\/biblian.is\/biblian\/wp-json\/wp\/v2\/types\/page"}],"author":[{"embeddable":true,"href":"https:\/\/biblian.is\/biblian\/wp-json\/wp\/v2\/users\/1"}],"replies":[{"embeddable":true,"href":"https:\/\/biblian.is\/biblian\/wp-json\/wp\/v2\/comments?post=2308"}],"version-history":[{"count":0,"href":"https:\/\/biblian.is\/biblian\/wp-json\/wp\/v2\/pages\/2308\/revisions"}],"wp:attachment":[{"href":"https:\/\/biblian.is\/biblian\/wp-json\/wp\/v2\/media?parent=2308"}],"curies":[{"name":"wp","href":"https:\/\/api.w.org\/{rel}","templated":true}]}}