{"id":2307,"date":"2017-12-30T21:02:36","date_gmt":"2017-12-30T21:02:36","guid":{"rendered":"http:\/\/biblian.is\/biblian\/jesaja-11-kafli\/"},"modified":"2024-05-06T22:28:24","modified_gmt":"2024-05-06T22:28:24","slug":"jesaja-11-kafli","status":"publish","type":"page","link":"https:\/\/biblian.is\/biblian\/jesaja-11-kafli\/","title":{"rendered":"Jesaja 11. kafli"},"content":{"rendered":"<h3 class=\"millifyrirsogn_2007\"> Konungur fri\u00f0arr\u00edkisins<\/h3>\n<p><span class=\"ljodatexti\"> <a name=\"1\"><span class=\"versanumer_ljod\">1<\/span><\/a>Af stofni \u00cdsa\u00ed mun kvistur fram spretta<br \/>og sproti vaxa af r\u00f3tum hans.<br \/> <\/span> <span class=\"ljodatexti\"> <a name=\"2\"><span class=\"versanumer_ljod\">2<\/span><\/a>Andi Drottins mun hv\u00edla yfir honum:<br \/>andi speki og skilnings,<br \/>andi visku og m\u00e1ttar,<br \/>andi \u00feekkingar og gu\u00f0s\u00f3tta.<br \/> <\/span> <span class=\"ljodatexti\"> <a name=\"3\"><span class=\"versanumer_ljod\">3<\/span><\/a>Gu\u00f0s\u00f3ttinn ver\u00f0ur styrkur hans.<br \/>Hann mun ekki d\u00e6ma eftir \u00fev\u00ed sem augu hans sj\u00e1<br \/>og ekki skera \u00far m\u00e1lum eftir \u00fev\u00ed sem eyru hans heyra.<br \/> <\/span> <span class=\"ljodatexti\"> <a name=\"4\"><span class=\"versanumer_ljod\">4<\/span><\/a>Me\u00f0 r\u00e9ttv\u00edsi mun hann d\u00e6ma hina vanm\u00e1ttugu<br \/>og skera me\u00f0 r\u00e9ttl\u00e6ti \u00far m\u00e1lum hinna f\u00e1t\u00e6ku \u00ed landinu.<br \/>Hann mun lj\u00f3sta ofbeldismanninn me\u00f0 sprota munns s\u00edns,<br \/>dey\u00f0a hinn gu\u00f0lausa me\u00f0 anda vara sinna.<br \/> <\/span> <span class=\"ljodatexti\"> <a name=\"5\"><span class=\"versanumer_ljod\">5<\/span><\/a>R\u00e9ttl\u00e6ti ver\u00f0ur belti um lendar hans,<br \/>tr\u00fafesti lindinn um mja\u00f0mir hans.<br \/> <\/span> <span class=\"ljodatexti\"> <a name=\"6\"><span class=\"versanumer_ljod\">6<\/span><\/a>\u00de\u00e1 mun \u00falfurinn b\u00faa hj\u00e1 lambinu<br \/>og pardusd\u00fdri\u00f0 liggja hj\u00e1 ki\u00f0lingnum.<br \/>K\u00e1lfur, lj\u00f3n og alif\u00e9 munu ganga saman<br \/>og sm\u00e1sveinn g\u00e6ta \u00feeirra. <br \/> <\/span> <span class=\"ljodatexti\"> <a name=\"7\"><span class=\"versanumer_ljod\">7<\/span><\/a>K\u00fdr og birna ver\u00f0a saman \u00e1 beit, <br \/>ungvi\u00f0i \u00feeirra hv\u00edlir hvort hj\u00e1 \u00f6\u00f0ru,<br \/>og lj\u00f3ni\u00f0 mun b\u00edta gras eins og nauti\u00f0.<br \/> <\/span> <span class=\"ljodatexti\"> <a name=\"8\"><span class=\"versanumer_ljod\">8<\/span><\/a>Brj\u00f3stmylkingurinn mun leika s\u00e9r <br \/>vi\u00f0 holu n\u00f6\u00f0runnar<br \/>og barn, n\u00fdvani\u00f0 af brj\u00f3sti, <br \/>stinga hendi inn \u00ed b\u00e6li h\u00f6ggormsins.<br \/> <\/span> <span class=\"ljodatexti\"> <a name=\"9\"><span class=\"versanumer_ljod\">9<\/span><\/a>Enginn mun gera illt,<br \/>enginn valda ska\u00f0a <br \/>\u00e1 m\u00ednu heilaga fjalli<br \/>\u00fev\u00ed a\u00f0 allt landi\u00f0 ver\u00f0ur fullt af \u00feekkingu \u00e1 Drottni<br \/>eins og vatn hylur sj\u00e1vardj\u00fapi\u00f0. <\/span> <\/p>\n<h3 class=\"millifyrirsogn_2007\">Heim \u00far \u00fatleg\u00f0<\/h3>\n<p><span class=\"ljodatexti\"> <a name=\"10\"><span class=\"versanumer_ljod\">10<\/span><\/a>\u00c1 \u00feeim degi mun r\u00f3tarkvistur \u00cdsa\u00ed<br \/>standa sem gunnf\u00e1ni fyrir \u00fej\u00f3\u00f0irnar<br \/>og l\u00fd\u00f0ir munu safnast a\u00f0 honum<br \/>og b\u00fasta\u00f0ur <span class=\"nedan_mal\" title=\" Or\u00f0r\u00e9tt: hv\u00edldarsta\u00f0ur, \u00fe.e. musteri\u00f0.\">[<\/span> Drottins ver\u00f0ur d\u00fdrlegur.<br \/> <\/span> <span class=\"ljodatexti\"> <a name=\"11\"><span class=\"versanumer_ljod\">11<\/span><\/a>\u00c1 \u00feeim degi mun Drottinn hefja aftur upp h\u00f6nd s\u00edna <br \/>til \u00feess a\u00f0 grei\u00f0a lausnargjald <br \/>fyrir leifar \u00fej\u00f3\u00f0ar sinnar sem eftir ur\u00f0u <br \/>\u00ed Ass\u00fdr\u00edu, Egyptalandi, Patros og K\u00fas, <br \/>\u00ed Elam, S\u00ednat og Hamat <br \/>og \u00e1 eyjunum langt \u00fati \u00ed hafi. <br \/> <\/span> <span class=\"ljodatexti\"> <a name=\"12\"><span class=\"versanumer_ljod\">12<\/span><\/a>Hann mun reisa gunnf\u00e1na fyrir \u00fej\u00f3\u00f0irnar<br \/>til a\u00f0 safna saman hinum \u00fatl\u00e6gu \u00cdsraelsm\u00f6nnum<br \/>og stefna saman dreif\u00f0um \u00edb\u00faum J\u00fada<br \/>fr\u00e1 heimshornunum fj\u00f3rum.<br \/> <\/span> <span class=\"ljodatexti\"> <a name=\"13\"><span class=\"versanumer_ljod\">13<\/span><\/a>\u00de\u00e1 mun \u00f6fund Efra\u00edms hverfa<br \/>og fjandskapur J\u00fada dv\u00edna.<br \/>Efra\u00edm mun ekki \u00f6funda J\u00fada<br \/>og J\u00fada ekki fjandskapast vi\u00f0 Efra\u00edm.<br \/> <\/span> <span class=\"ljodatexti\"> <a name=\"14\"><span class=\"versanumer_ljod\">14<\/span><\/a>\u00de\u00e1 munu \u00feeir steypa s\u00e9r ni\u00f0ur yfir Filistea \u00ed vestri<br \/>og saman munu \u00feeir r\u00e6na \u00fej\u00f3\u00f0irnar \u00ed austri.<br \/>\u00deeir munu hremma Ed\u00f3m og M\u00f3ab<br \/>og Amm\u00f3n\u00edtar ver\u00f0a a\u00f0 hl\u00fd\u00f0a \u00feeim.<br \/> <\/span> <span class=\"ljodatexti\"> <a name=\"15\"><span class=\"versanumer_ljod\">15<\/span><\/a>Drottinn mun \u00feurrka vog Egyptahafs<br \/>me\u00f0 gl\u00f3heitum stormi s\u00ednum,<br \/>veifa hendi yfir Efratflj\u00f3t<br \/>og klj\u00fafa \u00fea\u00f0 \u00ed sj\u00f6 kv\u00edslir<br \/>svo a\u00f0 ganga m\u00e1 yfir \u00e1 ilsk\u00f3m.<br \/> <\/span> <span class=\"ljodatexti\"> <a name=\"16\"><span class=\"versanumer_ljod\">16<\/span><\/a>\u00de\u00e1 ver\u00f0ur braut fr\u00e1 Ass\u00fdr\u00edu fyrir leifar \u00fej\u00f3\u00f0ar hans<br \/>sem eftir ur\u00f0u<br \/>eins og var fyrir \u00cdsraelsmenn<br \/>\u00feegar \u00feeir komu fr\u00e1 Egyptalandi. <\/span> <\/p>\n","protected":false},"excerpt":{"rendered":"<p>Konungur fri\u00f0arr\u00edkisins 1Af stofni \u00cdsa\u00ed mun kvistur fram sprettaog sproti vaxa af r\u00f3tum hans. 2Andi Drottins mun hv\u00edla yfir honum:andi speki og skilnings,andi visku og m\u00e1ttar,andi \u00feekkingar og gu\u00f0s\u00f3tta. 3Gu\u00f0s\u00f3ttinn ver\u00f0ur styrkur hans.Hann mun ekki d\u00e6ma eftir \u00fev\u00ed sem augu hans sj\u00e1og ekki skera \u00far m\u00e1lum eftir \u00fev\u00ed sem eyru hans heyra. 4Me\u00f0 r\u00e9ttv\u00edsi mun hann d\u00e6ma hina vanm\u00e1ttuguog skera me\u00f0 r\u00e9ttl\u00e6ti \u00far m\u00e1lum hinna f\u00e1t\u00e6ku \u00ed landinu.Hann mun lj\u00f3sta ofbeldismanninn me\u00f0 sprota munns s\u00edns,dey\u00f0a hinn gu\u00f0lausa me\u00f0 anda vara sinna. 5R\u00e9ttl\u00e6ti ver\u00f0ur belti um lendar hans,tr\u00fafesti lindinn um mja\u00f0mir hans. 6\u00de\u00e1 mun \u00falfurinn b\u00faa hj\u00e1 lambinuog pardusd\u00fdri\u00f0 liggja hj\u00e1 <a href=\"https:\/\/biblian.is\/biblian\/jesaja-11-kafli\/\"> [&#8230;]<\/a><\/p>\n","protected":false},"author":1,"featured_media":0,"parent":0,"menu_order":0,"comment_status":"open","ping_status":"open","template":"bibliukaflar_NT.php","meta":{"footnotes":""},"class_list":["post-2307","page","type-page","status-publish","hentry"],"_links":{"self":[{"href":"https:\/\/biblian.is\/biblian\/wp-json\/wp\/v2\/pages\/2307","targetHints":{"allow":["GET"]}}],"collection":[{"href":"https:\/\/biblian.is\/biblian\/wp-json\/wp\/v2\/pages"}],"about":[{"href":"https:\/\/biblian.is\/biblian\/wp-json\/wp\/v2\/types\/page"}],"author":[{"embeddable":true,"href":"https:\/\/biblian.is\/biblian\/wp-json\/wp\/v2\/users\/1"}],"replies":[{"embeddable":true,"href":"https:\/\/biblian.is\/biblian\/wp-json\/wp\/v2\/comments?post=2307"}],"version-history":[{"count":0,"href":"https:\/\/biblian.is\/biblian\/wp-json\/wp\/v2\/pages\/2307\/revisions"}],"wp:attachment":[{"href":"https:\/\/biblian.is\/biblian\/wp-json\/wp\/v2\/media?parent=2307"}],"curies":[{"name":"wp","href":"https:\/\/api.w.org\/{rel}","templated":true}]}}