{"id":2306,"date":"2017-12-30T21:02:36","date_gmt":"2017-12-30T21:02:36","guid":{"rendered":"http:\/\/biblian.is\/biblian\/jesaja-10-kafli\/"},"modified":"2024-05-06T22:28:24","modified_gmt":"2024-05-06T22:28:24","slug":"jesaja-10-kafli","status":"publish","type":"page","link":"https:\/\/biblian.is\/biblian\/jesaja-10-kafli\/","title":{"rendered":"Jesaja 10. kafli"},"content":{"rendered":"<h3 class=\"millifyrirsogn_2007\"> Rangl\u00e1tir d\u00f3marar<\/h3>\n<p><span class=\"ljodatexti\"> <a name=\"1\"><span class=\"versanumer_ljod\">1<\/span><\/a>Vei \u00feeim sem setja rangl\u00e1t l\u00f6g<br \/>og skjalfesta ska\u00f0leg \u00e1kv\u00e6\u00f0i<br \/> <\/span> <span class=\"ljodatexti\"> <a name=\"2\"><span class=\"versanumer_ljod\">2<\/span><\/a>til a\u00f0 halda umkomulausum fr\u00e1 d\u00f3mst\u00f3lum<br \/>og r\u00e6na \u00fe\u00e1 snau\u00f0u me\u00f0al \u00fej\u00f3\u00f0ar minnar r\u00e9tti s\u00ednum,<br \/>til a\u00f0 f\u00e9fletta ekkjur <br \/>og r\u00e6na muna\u00f0arlausa.<br \/> <\/span> <span class=\"ljodatexti\"> <a name=\"3\"><span class=\"versanumer_ljod\">3<\/span><\/a>Hva\u00f0 \u00e6tli\u00f0 \u00fe\u00e9r a\u00f0 gera \u00e1 degi uppgj\u00f6rsins<br \/>\u00feegar illvi\u00f0ri\u00f0 kemur \u00far fjarska?<br \/>Hj\u00e1 hverjum \u00e6tli\u00f0 \u00fe\u00e9r a\u00f0 leita \u00e1sj\u00e1r,<br \/>hvar \u00e6tli\u00f0 \u00fe\u00e9r a\u00f0 geyma au\u00f0\u00e6fi y\u00f0ar?<br \/> <\/span> <span class=\"ljodatexti\"> <a name=\"4\"><span class=\"versanumer_ljod\">4<\/span><\/a>\u00deeir munu hnipra sig saman innan um fanga,<br \/>liggja me\u00f0al hinna vegnu.<br \/>Samt sefa\u00f0ist rei\u00f0i Drottins ekki,<br \/>h\u00f6nd hans er enn upp reidd. <\/span> <\/p>\n<h3 class=\"millifyrirsogn_2007\">Gegn Ass\u00fdr\u00edukonungi<\/h3>\n<p><span class=\"ljodatexti\"> <a name=\"5\"><span class=\"versanumer_ljod\">5<\/span><\/a>Vei Ass\u00far, vendi rei\u00f0i minnar.<br \/>Kylfa heiftar minnar er \u00ed hendi hans.<br \/> <\/span> <span class=\"ljodatexti\"> <a name=\"6\"><span class=\"versanumer_ljod\">6<\/span><\/a>\u00c9g sendi hann gegn gu\u00f0lausri \u00fej\u00f3\u00f0,<br \/>skipa honum gegn f\u00f3lki sem \u00e9g rei\u00f0ist,<br \/>til a\u00f0 taka herfang og r\u00e6na<br \/>og tra\u00f0ka f\u00f3lki\u00f0 ni\u00f0ur eins og for \u00e1 str\u00e6ti.<br \/> <\/span> <span class=\"ljodatexti\"> <a name=\"7\"><span class=\"versanumer_ljod\">7<\/span><\/a>En \u00feetta er ekki \u00fea\u00f0 sem hann \u00e6tlar s\u00e9r,<br \/>hann hyggur ekki \u00e1 \u00feetta. <br \/>Hann hefur a\u00f0eins ey\u00f0ingu \u00ed huga,<br \/>a\u00f0 afm\u00e1 fj\u00f6lmargar \u00fej\u00f3\u00f0ir.<br \/> <\/span> <span class=\"ljodatexti\"> <a name=\"8\"><span class=\"versanumer_ljod\">8<\/span><\/a>\u00dev\u00ed a\u00f0 hann hefur sagt:<br \/>\u201eEru ekki allir h\u00f6f\u00f0ingjar m\u00ednir konungar?<br \/> <\/span> <span class=\"ljodatexti\"> <a name=\"9\"><span class=\"versanumer_ljod\">9<\/span><\/a>F\u00f3r ekki fyrir Kalne eins og Karkemis,<br \/>Hamat eins og Arpad,<br \/>fyrir Samar\u00edu eins og Damaskus?<br \/> <\/span> <span class=\"ljodatexti\"> <a name=\"10\"><span class=\"versanumer_ljod\">10<\/span><\/a>H\u00f6nd m\u00edn n\u00e1\u00f0i til r\u00edkja \u00feessara skur\u00f0go\u00f0a<br \/>\u00fe\u00f3tt l\u00edkneski \u00feeirra v\u00e6ru fleiri <br \/>en \u00ed Jer\u00fasalem og Samar\u00edu.<br \/> <\/span> <span class=\"ljodatexti\"> <a name=\"11\"><span class=\"versanumer_ljod\">11<\/span><\/a>Get \u00e9g ekki fari\u00f0 me\u00f0 Jer\u00fasalem og skur\u00f0go\u00f0in \u00fear <br \/>eins og \u00e9g f\u00f3r me\u00f0 Samar\u00edu og hj\u00e1gu\u00f0ina \u00fear?\u201c<br \/> <\/span> <span class=\"ljodatexti\"> <a name=\"12\"><span class=\"versanumer_ljod\">12<\/span><\/a>En \u00feegar Drottinn hefur loki\u00f0 \u00f6llu starfi s\u00ednu <br \/>\u00e1 S\u00edonarfjalli og \u00ed Jer\u00fasalem segir hann: <br \/>\u201e\u00c9g mun refsa Ass\u00fdr\u00edukonungi <br \/>fyrir \u00e1v\u00f6xtinn af hroka hans <br \/>og drembilegt ofl\u00e6ti augna hans.<br \/> <\/span> <span class=\"ljodatexti\"> <a name=\"13\"><span class=\"versanumer_ljod\">13<\/span><\/a>\u00dev\u00ed a\u00f0 hann segir:<br \/>Me\u00f0 afli eigin handar ger\u00f0i \u00e9g \u00feetta<br \/>og me\u00f0 eigin skynsemi \u00fev\u00ed a\u00f0 \u00e9g er vitur.<br \/>\u00c9g f\u00e6r\u00f0i landam\u00e6ri \u00fej\u00f3\u00f0a \u00far sta\u00f0 <br \/>og r\u00e6ndi fj\u00e1rsj\u00f3\u00f0um \u00feeirra<br \/>og sem hetja hratt \u00e9g konungum \u00feeirra af st\u00f3li.<br \/> <\/span> <span class=\"ljodatexti\"> <a name=\"14\"><span class=\"versanumer_ljod\">14<\/span><\/a>L\u00edkt og \u00feegar seilst er \u00ed hrei\u00f0ur<br \/>greip h\u00f6nd m\u00edn \u00ed au\u00f0\u00e6fi \u00fej\u00f3\u00f0anna.<br \/>Eins og yfirgefnum eggjum er safna\u00f0 <br \/>safna\u00f0i \u00e9g \u00f6llum heimsins l\u00f6ndum,<br \/>enginn blaka\u00f0i v\u00e6ng,<br \/>lauk upp nefi e\u00f0a t\u00edsti.\u201c<br \/> <\/span> <span class=\"ljodatexti\"> <a name=\"15\"><span class=\"versanumer_ljod\">15<\/span><\/a>Hefur \u00f6xin sig yfir \u00feann <br \/>sem heggur me\u00f0 henni,<br \/>hreykir s\u00f6gin s\u00e9r yfir \u00feann <br \/>sem sagar me\u00f0 henni?<br \/>\u00dea\u00f0 v\u00e6ri eins og stafur veifa\u00f0i \u00feeim <br \/>sem lyftir honum<br \/>e\u00f0a kylfa sveifla\u00f0i \u00feeim sem ekki er \u00far tr\u00e9.<br \/> <\/span> <span class=\"ljodatexti\"> <a name=\"16\"><span class=\"versanumer_ljod\">16<\/span><\/a>\u00deess vegna mun Drottinn, Drottinn allsherjar,<br \/>senda uppdr\u00e1ttars\u00fdki \u00ed \u00fer\u00f3ttmikla hermenn hans.<br \/>Undir d\u00fdr\u00f0 hans mun eldur loga<br \/>eins og brennandi b\u00e1l.<br \/> <\/span> <span class=\"ljodatexti\"> <a name=\"17\"><span class=\"versanumer_ljod\">17<\/span><\/a>Lj\u00f3s \u00cdsraels ver\u00f0ur a\u00f0 eldi<br \/>og Hinn heilagi \u00cdsraels a\u00f0 loga<br \/>sem kveikir \u00ed og gleypir \u00feyrna hans og \u00feistla<br \/>\u00e1 einum og sama degi.<br \/> <\/span> <span class=\"ljodatexti\"> <a name=\"18\"><span class=\"versanumer_ljod\">18<\/span><\/a>Gr\u00f3skumiklir sk\u00f3gar hans og aldingar\u00f0ar<br \/>ver\u00f0a uppr\u00e6ttir me\u00f0 \u00f6llu<br \/>eins og sj\u00faklingur sem veslast upp.<br \/> <\/span> <span class=\"ljodatexti\"> <a name=\"19\"><span class=\"versanumer_ljod\">19<\/span><\/a>Sk\u00f3gartr\u00e9n, sem ver\u00f0a eftir, reynast svo au\u00f0talin<br \/>a\u00f0 drenghnokki getur skr\u00e1\u00f0 \u00feau. <\/span> <\/p>\n<h3 class=\"millifyrirsogn_2007\">\u00deeir sem bjargast sn\u00faa aftur<\/h3>\n<p><span class=\"ljodatexti\"> <a name=\"20\"><span class=\"versanumer_ljod\">20<\/span><\/a>\u00c1 \u00feeim degi munu \u00feeir<br \/>sem eftir ver\u00f0a af \u00cdsrael <br \/>og \u00feeir af \u00e6tt Jakobs sem komust af<br \/>ekki lengur rei\u00f0a sig \u00e1 \u00feann sem sl\u00f3 \u00fe\u00e1.<br \/>\u00deeir munu rei\u00f0a sig \u00e1 Drottin, <br \/>Hinn heilaga \u00cdsraels, \u00ed tr\u00fafesti.<br \/> <\/span> <span class=\"ljodatexti\"> <a name=\"21\"><span class=\"versanumer_ljod\">21<\/span><\/a>Leifar munu sn\u00faa aftur,<br \/>leifar Jakobs, til hins m\u00e1ttuga Gu\u00f0s.<br \/> <\/span> <span class=\"ljodatexti\"> <a name=\"22\"><span class=\"versanumer_ljod\">22<\/span><\/a> Enda \u00fe\u00f3tt f\u00f3lksfj\u00f6ldi \u00feinn, \u00cdsrael, <br \/>yr\u00f0i sem sj\u00e1varsandur<br \/>munu a\u00f0eins leifar sn\u00faa aftur:<br \/>Ey\u00f0ing er fastr\u00e1\u00f0in, <br \/>r\u00e9ttl\u00e6ti\u00f0 mun streyma fram.<br \/> <\/span> <span class=\"ljodatexti\"> <a name=\"23\"><span class=\"versanumer_ljod\">23<\/span><\/a> \u00dev\u00ed a\u00f0 Drottinn, Drottinn allsherjar, mun framkv\u00e6ma<br \/>\u00fe\u00e1 ey\u00f0ingu sem er fastr\u00e1\u00f0in um alla j\u00f6r\u00f0.<br \/> <\/span> <span class=\"ljodatexti\"> <a name=\"24\"><span class=\"versanumer_ljod\">24<\/span><\/a> \u00deess vegna segir Drottinn, Drottinn allsherjar:<br \/>\u00dej\u00f3\u00f0 m\u00edn, sem b\u00fdr\u00f0 \u00e1 S\u00edon, <br \/>\u00f3ttastu ekki Ass\u00far<br \/>sem sl\u00e6r \u00feig me\u00f0 barefli<br \/>og rei\u00f0ir a\u00f0 \u00fe\u00e9r staf sinn eins og Egyptar for\u00f0um.<br \/> <\/span> <span class=\"ljodatexti\"> <a name=\"25\"><span class=\"versanumer_ljod\">25<\/span><\/a> \u00dev\u00ed a\u00f0 eftir skamma hr\u00ed\u00f0 er rei\u00f0i m\u00edn \u00e1 enda<br \/>og heift m\u00edn mun beinast a\u00f0 ey\u00f0ingu \u00feeirra. <br \/> <\/span> <span class=\"ljodatexti\"> <a name=\"26\"><span class=\"versanumer_ljod\">26<\/span><\/a> \u00de\u00e1 mun Drottinn allsherjar l\u00e1ta svipuna r\u00ed\u00f0a \u00e1 \u00feeim<br \/>eins og \u00feegar hann sigra\u00f0i Mid\u00edan hj\u00e1 \u00d3rebkletti. <br \/>Hann r\u00e9ttir staf sinn \u00fat yfir hafi\u00f0<br \/>eins og \u00ed Egyptalandi for\u00f0um.<br \/> <\/span> <span class=\"ljodatexti\"> <a name=\"27\"><span class=\"versanumer_ljod\">27<\/span><\/a> \u00c1 \u00feeim degi ver\u00f0ur byr\u00f0i hans <span class=\"nedan_mal\" title=\" \u00de.e. Ass\u00fars.\">[<\/span> l\u00e9tt af her\u00f0um \u00fe\u00ednum<br \/>og oki hans af h\u00e1lsi \u00fe\u00ednum<br \/>\u00fev\u00ed a\u00f0 oki\u00f0 brestur undan ofurfitu. <\/span> <\/p>\n<h3 class=\"millifyrirsogn_2007\">Herf\u00f6r gegn Jer\u00fasalem<\/h3>\n<p><span class=\"ljodatexti\"> <a name=\"28\"><span class=\"versanumer_ljod\">28<\/span><\/a> Ass\u00far heldur gegn Ajat, <br \/>fer um M\u00edgron,<br \/>skilur eftir farangurinn \u00ed Mikmas.<br \/> <\/span> <span class=\"ljodatexti\"> <a name=\"29\"><span class=\"versanumer_ljod\">29<\/span><\/a> \u00deeir fara um skar\u00f0i\u00f0 og segja:<br \/>\u201eGeba er gistista\u00f0ur vor.\u201c<br \/>Rama skelfist, G\u00edbea S\u00e1ls leggur \u00e1 fl\u00f3tta.<br \/> <\/span> <span class=\"ljodatexti\"> <a name=\"30\"><span class=\"versanumer_ljod\">30<\/span><\/a> Hlj\u00f3\u00f0a \u00fe\u00fa h\u00e1st\u00f6fum, d\u00f3ttirin Gall\u00edm.<br \/>Hlusta\u00f0u Lejsa, <br \/>svara\u00f0u Anat\u00f3t,<br \/> <\/span> <span class=\"ljodatexti\"> <a name=\"31\"><span class=\"versanumer_ljod\">31<\/span><\/a> Madmena leggur \u00e1 fl\u00f3tta,<br \/>\u00edb\u00faar Geb\u00edm sluppu.<br \/> <\/span> <span class=\"ljodatexti\"> <a name=\"32\"><span class=\"versanumer_ljod\">32<\/span><\/a> \u00cd dag er hann \u00ed N\u00f3b,<br \/>hann bendir \u00e1 fjall d\u00f3tturinnar S\u00edonar, Jer\u00fasalemh\u00e6\u00f0.<br \/> <\/span> <span class=\"ljodatexti\"> <a name=\"33\"><span class=\"versanumer_ljod\">33<\/span><\/a> Drottinn, Drottinn allsherjar, <br \/>mun h\u00f6ggva laufkr\u00f3nuna af me\u00f0 \u00f3gnarafli,<br \/>h\u00e6stu tr\u00e9 ver\u00f0a h\u00f6ggvin<br \/>og \u00feau sem gn\u00e6fa h\u00e1tt munu l\u00e6g\u00f0.<br \/> <\/span> <span class=\"ljodatexti\"> <a name=\"34\"><span class=\"versanumer_ljod\">34<\/span><\/a> Sk\u00f3gar\u00feykkni\u00f0 ver\u00f0ur rutt me\u00f0 \u00f6xi<br \/>og L\u00edbanon fellur fyrir Hinum volduga. <\/span> <\/p>\n","protected":false},"excerpt":{"rendered":"<p>Rangl\u00e1tir d\u00f3marar 1Vei \u00feeim sem setja rangl\u00e1t l\u00f6gog skjalfesta ska\u00f0leg \u00e1kv\u00e6\u00f0i 2til a\u00f0 halda umkomulausum fr\u00e1 d\u00f3mst\u00f3lumog r\u00e6na \u00fe\u00e1 snau\u00f0u me\u00f0al \u00fej\u00f3\u00f0ar minnar r\u00e9tti s\u00ednum,til a\u00f0 f\u00e9fletta ekkjur og r\u00e6na muna\u00f0arlausa. 3Hva\u00f0 \u00e6tli\u00f0 \u00fe\u00e9r a\u00f0 gera \u00e1 degi uppgj\u00f6rsins\u00feegar illvi\u00f0ri\u00f0 kemur \u00far fjarska?Hj\u00e1 hverjum \u00e6tli\u00f0 \u00fe\u00e9r a\u00f0 leita \u00e1sj\u00e1r,hvar \u00e6tli\u00f0 \u00fe\u00e9r a\u00f0 geyma au\u00f0\u00e6fi y\u00f0ar? 4\u00deeir munu hnipra sig saman innan um fanga,liggja me\u00f0al hinna vegnu.Samt sefa\u00f0ist rei\u00f0i Drottins ekki,h\u00f6nd hans er enn upp reidd. Gegn Ass\u00fdr\u00edukonungi 5Vei Ass\u00far, vendi rei\u00f0i minnar.Kylfa heiftar minnar er \u00ed hendi hans. 6\u00c9g sendi hann gegn gu\u00f0lausri \u00fej\u00f3\u00f0,skipa honum gegn f\u00f3lki sem \u00e9g rei\u00f0ist,til <a href=\"https:\/\/biblian.is\/biblian\/jesaja-10-kafli\/\"> [&#8230;]<\/a><\/p>\n","protected":false},"author":1,"featured_media":0,"parent":0,"menu_order":0,"comment_status":"open","ping_status":"open","template":"bibliukaflar_NT.php","meta":{"footnotes":""},"class_list":["post-2306","page","type-page","status-publish","hentry"],"_links":{"self":[{"href":"https:\/\/biblian.is\/biblian\/wp-json\/wp\/v2\/pages\/2306","targetHints":{"allow":["GET"]}}],"collection":[{"href":"https:\/\/biblian.is\/biblian\/wp-json\/wp\/v2\/pages"}],"about":[{"href":"https:\/\/biblian.is\/biblian\/wp-json\/wp\/v2\/types\/page"}],"author":[{"embeddable":true,"href":"https:\/\/biblian.is\/biblian\/wp-json\/wp\/v2\/users\/1"}],"replies":[{"embeddable":true,"href":"https:\/\/biblian.is\/biblian\/wp-json\/wp\/v2\/comments?post=2306"}],"version-history":[{"count":0,"href":"https:\/\/biblian.is\/biblian\/wp-json\/wp\/v2\/pages\/2306\/revisions"}],"wp:attachment":[{"href":"https:\/\/biblian.is\/biblian\/wp-json\/wp\/v2\/media?parent=2306"}],"curies":[{"name":"wp","href":"https:\/\/api.w.org\/{rel}","templated":true}]}}