{"id":2305,"date":"2017-12-30T21:02:36","date_gmt":"2017-12-30T21:02:36","guid":{"rendered":"http:\/\/biblian.is\/biblian\/jesaja-9-kafli\/"},"modified":"2024-05-06T22:28:36","modified_gmt":"2024-05-06T22:28:36","slug":"jesaja-9-kafli","status":"publish","type":"page","link":"https:\/\/biblian.is\/biblian\/jesaja-9-kafli\/","title":{"rendered":"Jesaja 9. kafli"},"content":{"rendered":"<h3 class=\"millifyrirsogn_2007\"> Fri\u00f0arh\u00f6f\u00f0inginn<\/h3>\n<p><span class=\"ljodatexti\"> <a name=\"1\"><span class=\"versanumer_ljod\">1<\/span><\/a>S\u00fa \u00fej\u00f3\u00f0, sem \u00ed myrkri gengur,<br \/>s\u00e9r miki\u00f0 lj\u00f3s.<br \/>Yfir \u00fe\u00e1 sem b\u00faa \u00ed landi n\u00e1ttmyrkranna<br \/>sk\u00edn lj\u00f3s.<br \/> <\/span> <span class=\"ljodatexti\"> <a name=\"2\"><span class=\"versanumer_ljod\">2<\/span><\/a>\u00de\u00fa eykur st\u00f3rum f\u00f6gnu\u00f0inn,<br \/>gerir gle\u00f0ina mikla.<br \/>Menn gle\u00f0jast fyrir augliti \u00fe\u00ednu<br \/>eins og \u00feegar uppskeru er fagna\u00f0,<br \/>eins og menn fagna \u00feegar herfangi er skipt.<br \/> <\/span> <span class=\"ljodatexti\"> <a name=\"3\"><span class=\"versanumer_ljod\">3<\/span><\/a>\u00dev\u00ed a\u00f0 ok \u00feeirra,<br \/>klafann \u00e1 her\u00f0um \u00feeirra,<br \/>barefli \u00feess sem k\u00fagar \u00fe\u00e1<br \/>hefur \u00fe\u00fa broti\u00f0 \u00ed sundur eins og \u00e1 degi Mid\u00edans.<br \/> <\/span> <span class=\"ljodatexti\"> <a name=\"4\"><span class=\"versanumer_ljod\">4<\/span><\/a>\u00d6ll harkmikil hermannast\u00edgv\u00e9l<br \/>og allar bl\u00f3\u00f0stokknar skikkjur<br \/>skulu brenndar<br \/>og ver\u00f0a eldsmatur.<br \/> <\/span> <span class=\"ljodatexti\"> <a name=\"5\"><span class=\"versanumer_ljod\">5<\/span><\/a>\u00dev\u00ed a\u00f0 barn er oss f\u00e6tt,<br \/>sonur er oss gefinn. <br \/>\u00c1 hans her\u00f0um skal h\u00f6f\u00f0ingjad\u00f3murinn hv\u00edla,<br \/>hann skal nefndur:<br \/>Undrar\u00e1\u00f0gjafi, Gu\u00f0hetja, <br \/>Eil\u00edf\u00f0arfa\u00f0ir, Fri\u00f0arh\u00f6f\u00f0ingi.<br \/> <\/span> <span class=\"ljodatexti\"> <a name=\"6\"><span class=\"versanumer_ljod\">6<\/span><\/a>Mikill skal h\u00f6f\u00f0ingjad\u00f3murinn ver\u00f0a<br \/>og fri\u00f0urinn engan enda taka<br \/>\u00e1 h\u00e1s\u00e6ti Dav\u00ed\u00f0s<br \/>og \u00ed r\u00edki hans.<br \/>Hann mun reisa \u00fea\u00f0 og efla me\u00f0 r\u00e9ttv\u00edsi og r\u00e9ttl\u00e6ti,<br \/>h\u00e9\u00f0an \u00ed fr\u00e1 og a\u00f0 eil\u00edfu.<br \/>Vandl\u00e6ting Drottins allsherjar <br \/>mun \u00feessu til vegar koma. <\/span> <\/p>\n<h3 class=\"millifyrirsogn_2007\">D\u00f3msr\u00e6\u00f0ur yfir Nor\u00f0urr\u00edkinu<\/h3>\n<p><span class=\"ljodatexti\"> <a name=\"7\"><span class=\"versanumer_ljod\">7<\/span><\/a>Drottinn sendi or\u00f0 gegn Jakobi,<br \/>\u00fev\u00ed laust ni\u00f0ur \u00ed \u00cdsrael<br \/> <\/span> <span class=\"ljodatexti\"> <a name=\"8\"><span class=\"versanumer_ljod\">8<\/span><\/a>og allt f\u00f3lki\u00f0 var\u00f0 \u00feess \u00e1skynja,<br \/>\u00edb\u00faar Efra\u00edms og Samar\u00edu<br \/>sem s\u00f6g\u00f0u me\u00f0 hroka og st\u00e6ril\u00e6ti \u00ed hjarta:<br \/> <\/span> <span class=\"ljodatexti\"> <a name=\"9\"><span class=\"versanumer_ljod\">9<\/span><\/a>\u201eT\u00edgulsteinarnir hrundu<br \/>en v\u00e9r byggjum aftur \u00far h\u00f6ggnu grj\u00f3ti.<br \/>M\u00f3rberjatr\u00e9n voru felld<br \/>en v\u00e9r setjum sedrustr\u00e9 \u00ed \u00feeirra sta\u00f0.\u201c<br \/> <\/span> <span class=\"ljodatexti\"> <a name=\"10\"><span class=\"versanumer_ljod\">10<\/span><\/a>\u00de\u00e1 efldi Drottinn fjandmann \u00feeirra gegn \u00feeim<br \/>og \u00e6sti upp \u00f3vini \u00feeirra:<br \/> <\/span> <span class=\"ljodatexti\"> <a name=\"11\"><span class=\"versanumer_ljod\">11<\/span><\/a>Aramea a\u00f0 austan og Filistea a\u00f0 vestan<br \/>og \u00feeir gleyptu \u00cdsrael me\u00f0 gapandi gini.<br \/>En samt sefa\u00f0ist rei\u00f0i Drottins ekki,<br \/>h\u00f6nd hans var enn upp reidd.<br \/> <\/span> <span class=\"ljodatexti\"> <a name=\"12\"><span class=\"versanumer_ljod\">12<\/span><\/a>\u00dej\u00f3\u00f0in sneri ekki aftur til hans sem laust hana,<br \/>\u00feeir leitu\u00f0u ekki til Drottins allsherjar.<br \/> <\/span> <span class=\"ljodatexti\"> <a name=\"13\"><span class=\"versanumer_ljod\">13<\/span><\/a>\u00de\u00e1 hj\u00f3 Drottinn h\u00f6fu\u00f0 og hala af \u00cdsrael,<br \/>p\u00e1lmagrein og str\u00e1 \u00e1 sama degi.<br \/> <\/span> <span class=\"ljodatexti\"> <a name=\"14\"><span class=\"versanumer_ljod\">14<\/span><\/a>\u00d6ldungar og vir\u00f0ingarmenn voru h\u00f6fu\u00f0i\u00f0<br \/>en falssp\u00e1mennirnir halinn.<br \/> <\/span> <span class=\"ljodatexti\"> <a name=\"15\"><span class=\"versanumer_ljod\">15<\/span><\/a>\u00dev\u00ed a\u00f0 lei\u00f0togar f\u00f3lksins leiddu \u00fea\u00f0 afvega,<br \/>\u00feeir sem leiddir voru villtust.<br \/> <\/span> <span class=\"ljodatexti\"> <a name=\"16\"><span class=\"versanumer_ljod\">16<\/span><\/a>\u00deess vegna \u00feyrmdi Drottinn ekki \u00e6skum\u00f6nnum s\u00ednum<br \/>og s\u00fdndi ekkjum s\u00ednum og muna\u00f0arleysingjum enga miskunn<br \/>\u00fev\u00ed a\u00f0 \u00feeir voru allir \u00f3gu\u00f0legir og illmenni<br \/>og s\u00e9rhver munnur \u00feva\u00f0ra\u00f0i. <br \/>En samt sefa\u00f0ist rei\u00f0i Drottins ekki,<br \/>h\u00f6nd hans var enn upp reidd.<br \/> <\/span> <span class=\"ljodatexti\"> <a name=\"17\"><span class=\"versanumer_ljod\">17<\/span><\/a>\u00dev\u00ed a\u00f0 illska \u00feeirra brann eins og eldur<br \/>sem gleypti \u00feyrna og \u00feistla.<br \/>Hann kveikti \u00ed sk\u00f3gar\u00feykkninu<br \/>svo a\u00f0 \u00fea\u00f0 \u00feyrla\u00f0ist upp \u00ed reykjarmekki.<br \/> <\/span> <span class=\"ljodatexti\"> <a name=\"18\"><span class=\"versanumer_ljod\">18<\/span><\/a>Landi\u00f0 svi\u00f0na\u00f0i af heift Drottins,<br \/>f\u00f3lki\u00f0 var\u00f0 eins og eldsmatur.<br \/>Enginn \u00feyrmdi \u00f6\u00f0rum:<br \/> <\/span> <span class=\"ljodatexti\"> <a name=\"19\"><span class=\"versanumer_ljod\">19<\/span><\/a>\u00deeir rifu \u00ed sig til h\u00e6gri og voru jafnsvangir,<br \/>\u00e1tu til vinstri og ur\u00f0u ekki saddir, <br \/>\u00feeir \u00e1tu hold \u00e6ttmenna sinna: <span class=\"nedan_mal\" title=\" Or\u00f0r\u00e9tt: \u00e1tu sinn eigin armlegg.\">[<\/span> <br \/> <\/span> <span class=\"ljodatexti\"> <a name=\"20\"><span class=\"versanumer_ljod\">20<\/span><\/a>Manasse \u00e1t Efra\u00edm og Efra\u00edm Manasse<br \/>og saman r\u00e9\u00f0ust \u00feeir \u00e1 J\u00fada.<br \/>Samt sefa\u00f0ist rei\u00f0i Drottins ekki,<br \/>h\u00f6nd hans var enn upp reidd. <\/span> <\/p>\n","protected":false},"excerpt":{"rendered":"<p>Fri\u00f0arh\u00f6f\u00f0inginn 1S\u00fa \u00fej\u00f3\u00f0, sem \u00ed myrkri gengur,s\u00e9r miki\u00f0 lj\u00f3s.Yfir \u00fe\u00e1 sem b\u00faa \u00ed landi n\u00e1ttmyrkrannask\u00edn lj\u00f3s. 2\u00de\u00fa eykur st\u00f3rum f\u00f6gnu\u00f0inn,gerir gle\u00f0ina mikla.Menn gle\u00f0jast fyrir augliti \u00fe\u00ednueins og \u00feegar uppskeru er fagna\u00f0,eins og menn fagna \u00feegar herfangi er skipt. 3\u00dev\u00ed a\u00f0 ok \u00feeirra,klafann \u00e1 her\u00f0um \u00feeirra,barefli \u00feess sem k\u00fagar \u00fe\u00e1hefur \u00fe\u00fa broti\u00f0 \u00ed sundur eins og \u00e1 degi Mid\u00edans. 4\u00d6ll harkmikil hermannast\u00edgv\u00e9log allar bl\u00f3\u00f0stokknar skikkjurskulu brenndarog ver\u00f0a eldsmatur. 5\u00dev\u00ed a\u00f0 barn er oss f\u00e6tt,sonur er oss gefinn. \u00c1 hans her\u00f0um skal h\u00f6f\u00f0ingjad\u00f3murinn hv\u00edla,hann skal nefndur:Undrar\u00e1\u00f0gjafi, Gu\u00f0hetja, Eil\u00edf\u00f0arfa\u00f0ir, Fri\u00f0arh\u00f6f\u00f0ingi. 6Mikill skal h\u00f6f\u00f0ingjad\u00f3murinn ver\u00f0aog fri\u00f0urinn engan enda taka\u00e1 h\u00e1s\u00e6ti Dav\u00ed\u00f0sog \u00ed r\u00edki hans.Hann <a href=\"https:\/\/biblian.is\/biblian\/jesaja-9-kafli\/\"> [&#8230;]<\/a><\/p>\n","protected":false},"author":1,"featured_media":0,"parent":0,"menu_order":0,"comment_status":"open","ping_status":"open","template":"bibliukaflar_NT.php","meta":{"footnotes":""},"class_list":["post-2305","page","type-page","status-publish","hentry"],"_links":{"self":[{"href":"https:\/\/biblian.is\/biblian\/wp-json\/wp\/v2\/pages\/2305","targetHints":{"allow":["GET"]}}],"collection":[{"href":"https:\/\/biblian.is\/biblian\/wp-json\/wp\/v2\/pages"}],"about":[{"href":"https:\/\/biblian.is\/biblian\/wp-json\/wp\/v2\/types\/page"}],"author":[{"embeddable":true,"href":"https:\/\/biblian.is\/biblian\/wp-json\/wp\/v2\/users\/1"}],"replies":[{"embeddable":true,"href":"https:\/\/biblian.is\/biblian\/wp-json\/wp\/v2\/comments?post=2305"}],"version-history":[{"count":0,"href":"https:\/\/biblian.is\/biblian\/wp-json\/wp\/v2\/pages\/2305\/revisions"}],"wp:attachment":[{"href":"https:\/\/biblian.is\/biblian\/wp-json\/wp\/v2\/media?parent=2305"}],"curies":[{"name":"wp","href":"https:\/\/api.w.org\/{rel}","templated":true}]}}