{"id":2304,"date":"2017-12-30T21:02:36","date_gmt":"2017-12-30T21:02:36","guid":{"rendered":"http:\/\/biblian.is\/biblian\/jesaja-8-kafli\/"},"modified":"2024-05-06T22:28:35","modified_gmt":"2024-05-06T22:28:35","slug":"jesaja-8-kafli","status":"publish","type":"page","link":"https:\/\/biblian.is\/biblian\/jesaja-8-kafli\/","title":{"rendered":"Jesaja 8. kafli"},"content":{"rendered":"<h3 class=\"millifyrirsogn_2007\"> T\u00e1knr\u00e6nt nafn<\/h3>\n<p><a name=\"1\"><span class=\"versanumer_2007\">1<\/span><\/a> Drottinn sag\u00f0i vi\u00f0 mig: \u201eF\u00e1\u00f0u \u00fe\u00e9r st\u00f3rt spjald og skrifa\u00f0u \u00e1 \u00fea\u00f0 me\u00f0 venjulegum griffli: Hra\u00f0fengi Skyndir\u00e1n.<span class=\"nedan_mal\" title=\" \u00c1 hebresku: Maher-sjalal Kas-bas.\">[<\/span> <a name=\"2\"><span class=\"versanumer_2007\">2<\/span><\/a> Taktu m\u00e9r traust vitni, \u00dar\u00eda prest og Sakar\u00eda Jeberek\u00edason.\u201c<br \/> <a name=\"3\"><span class=\"versanumer_2007\">3<\/span><\/a> S\u00ed\u00f0an n\u00e1lga\u00f0ist \u00e9g sp\u00e1konu<span class=\"nedan_mal\" title=\" H\u00e9r er \u00e1tt vi\u00f0 eiginkonu sp\u00e1mannsins.\">[<\/span> og h\u00fan var\u00f0 \u00feungu\u00f0 og \u00f3l son. \u00de\u00e1 sag\u00f0i Drottinn vi\u00f0 mig: \u201eL\u00e1ttu hann heita Hra\u00f0fengi Skyndir\u00e1n <a name=\"4\"><span class=\"versanumer_2007\">4<\/span><\/a> \u00fev\u00ed a\u00f0 \u00e1\u00f0ur en drengurinn l\u00e6rir a\u00f0 segja pabbi minn og mamma m\u00edn, ver\u00f0ur au\u00f0urinn fr\u00e1 Damaskus og herfangi\u00f0 fr\u00e1 Samar\u00edu flutt fram fyrir Ass\u00fdr\u00edukonung.\u201c<\/p>\n<h3 class=\"millifyrirsogn_2007\">Straumh\u00e6g v\u00f6tn og str\u00ed\u00f0<\/h3>\n<p><a name=\"5\"><span class=\"versanumer_2007\">5<\/span><\/a> Og enn tala\u00f0i Drottinn til m\u00edn og sag\u00f0i:<br \/> <span class=\"ljodatexti\"> <a name=\"6\"><span class=\"versanumer_ljod\">6<\/span><\/a>\u00dear sem f\u00f3lki\u00f0 fyrirl\u00edtur hina straumh\u00e6gu S\u00edl\u00f3alind<br \/>og guggnar fyrir Res\u00edn og syni Remalja<br \/> <\/span> <span class=\"ljodatexti\"> <a name=\"7\"><span class=\"versanumer_ljod\">7<\/span><\/a>l\u00e6tur Drottinn hi\u00f0 str\u00ed\u00f0a og straum\u00feunga Efrat<br \/>belja yfir \u00fe\u00e1,<br \/>Ass\u00fdr\u00edukonung og allan hans her.<br \/>\u00dea\u00f0 mun brj\u00f3tast \u00far farvegi s\u00ednum<br \/>og fl\u00f3a yfir alla bakka.<br \/> <\/span> <span class=\"ljodatexti\"> <a name=\"8\"><span class=\"versanumer_ljod\">8<\/span><\/a>\u00dea\u00f0 mun ry\u00f0jast inn \u00ed J\u00fada,<br \/>fl\u00e6\u00f0a og fossa \u00fear yfir,<br \/>uns \u00fea\u00f0 tekur m\u00f6nnum undir h\u00f6ku,<br \/>og \u00feenja v\u00e6ngi s\u00edna yfir allt land \u00feitt, <span class=\"nedan_mal\" title=\" \u00d6nnur hugsanleg \u00fe\u00fd\u00f0ing: kv\u00edslar flj\u00f3tsins munu brei\u00f0ast yfir land \u00feitt.\">[<\/span> <br \/>svo v\u00edtt sem \u00fea\u00f0 er, Imman\u00fael.<br \/> <\/span> <span class=\"ljodatexti\"> <a name=\"9\"><span class=\"versanumer_ljod\">9<\/span><\/a>Taki\u00f0 eftir, framandi \u00fej\u00f3\u00f0ir, og skelfist.<br \/>Hlusti\u00f0, \u00edb\u00faar fjarl\u00e6gra landa.<br \/>V\u00edgb\u00faist og skelfist.<br \/>V\u00edgb\u00faist og skelfist.<br \/> <\/span> <span class=\"ljodatexti\"> <a name=\"10\"><span class=\"versanumer_ljod\">10<\/span><\/a>R\u00e1\u00f0i\u00f0 r\u00e1\u00f0um y\u00f0ar, \u00feau ver\u00f0a a\u00f0 engu.<br \/>Taki\u00f0 \u00e1kv\u00f6r\u00f0un, h\u00fan f\u00e6r ekki sta\u00f0ist,<br \/>\u00fev\u00ed a\u00f0 Gu\u00f0 er me\u00f0 oss. <\/span> <\/p>\n<h3 class=\"millifyrirsogn_2007\">Sp\u00e1ma\u00f0urinn vara\u00f0ur vi\u00f0<\/h3>\n<p><a name=\"11\"><span class=\"versanumer_2007\">11<\/span><\/a> \u00dev\u00ed a\u00f0 svo m\u00e6lti Drottinn vi\u00f0 mig \u00feegar h\u00f6nd hans greip mig \u00fe\u00e9ttingsfast og hann vara\u00f0i mig vi\u00f0 a\u00f0 ganga sama veg og \u00feetta f\u00f3lk:<br \/> <span class=\"ljodatexti\"> <a name=\"12\"><span class=\"versanumer_ljod\">12<\/span><\/a>Kalli\u00f0 ekki allt sams\u00e6ri sem \u00feetta f\u00f3lk kallar sams\u00e6ri.<br \/>\u00d3ttist ekki \u00fea\u00f0 sem \u00fea\u00f0 \u00f3ttast,<br \/>skelfist ekki.<br \/> <\/span> <span class=\"ljodatexti\"> <a name=\"13\"><span class=\"versanumer_ljod\">13<\/span><\/a>Drottinn allsherjar s\u00e9 y\u00f0ur heilagur,<br \/>hann skulu\u00f0 \u00fe\u00e9r \u00f3ttast,<br \/>hann skulu\u00f0 \u00fe\u00e9r skelfast.<br \/> <\/span> <span class=\"ljodatexti\"> <a name=\"14\"><span class=\"versanumer_ljod\">14<\/span><\/a>Hann skal ver\u00f0a helgid\u00f3mur, <br \/>\u00e1steytingarsteinn og hr\u00f6sunarhella<br \/>fyrir b\u00e6\u00f0i r\u00edki \u00cdsraels.<br \/>Hann mun ver\u00f0a snara og gildra<br \/>fyrir Jer\u00fasalemb\u00faa.<br \/> <\/span> <span class=\"ljodatexti\"> <a name=\"15\"><span class=\"versanumer_ljod\">15<\/span><\/a>Margir \u00feeirra munu hrasa,<br \/>falla og brotna.<br \/>\u00deeir munu festast \u00ed sn\u00f6runni,<br \/>falla \u00ed gildruna. <\/span> <\/p>\n<h3 class=\"millifyrirsogn_2007\">Sp\u00e1ma\u00f0urinn b\u00ed\u00f0ur Drottins<\/h3>\n<p><a name=\"16\"><span class=\"versanumer_2007\">16<\/span><\/a> \u00c9g vef saman vitnisbur\u00f0inum, innsigla kenninguna hj\u00e1 l\u00e6risveinum m\u00ednum. <a name=\"17\"><span class=\"versanumer_2007\">17<\/span><\/a> \u00c9g b\u00ed\u00f0 Drottins sem byrgir n\u00fa auglit sitt fyrir \u00e6tt Jakobs, \u00e9g vona \u00e1 hann.<br \/> <a name=\"18\"><span class=\"versanumer_2007\">18<\/span><\/a> \u00c9g og b\u00f6rnin, sem Drottinn hefur gefi\u00f0 m\u00e9r, erum t\u00e1kn og vi\u00f0v\u00f6run fyrir \u00cdsrael fr\u00e1 Drottni allsherjar sem b\u00fdr \u00e1 S\u00edonarfjalli.<br \/> <a name=\"19\"><span class=\"versanumer_2007\">19<\/span><\/a> Ef sagt er vi\u00f0 y\u00f0ur: \u201eLeiti\u00f0 til framli\u00f0inna og anda sem hv\u00edskra og muldra,\u201c skulu\u00f0 \u00fe\u00e9r svara: \u201e\u00c1 f\u00f3lk ekki frekar a\u00f0 leita til Gu\u00f0s s\u00edns? Hvers vegna \u00e6ttu menn a\u00f0 leita til hinna dau\u00f0u vegna hinna lifandi? <a name=\"20\"><span class=\"versanumer_2007\">20<\/span><\/a> Leiti\u00f0 til kenningarinnar og vitnisbur\u00f0arins.\u201c Hver sem ekki talar \u00feannig mun ekki l\u00edta morgunro\u00f0ann.<br \/> <span class=\"ljodatexti\"> <a name=\"21\"><span class=\"versanumer_ljod\">21<\/span><\/a>Hrj\u00e1\u00f0ur og hungra\u00f0ur<br \/>mun hann r\u00e1fa um landi\u00f0.<br \/>\u00deegar hungri\u00f0 sverfur a\u00f0 fyllist hann br\u00e6\u00f0i<br \/>og form\u00e6lir konungi s\u00ednum og Gu\u00f0i s\u00ednum.<br \/>Hvort sem hann horfir upp<br \/> <\/span> <span class=\"ljodatexti\"> <a name=\"22\"><span class=\"versanumer_ljod\">22<\/span><\/a> e\u00f0a starir til jar\u00f0ar<br \/>s\u00e9r hann a\u00f0eins ney\u00f0 og dimmu,<br \/>\u00fer\u00fagandi myrkur.<br \/> <\/span> <span class=\"ljodatexti\"> <a name=\"23\"><span class=\"versanumer_ljod\">23<\/span><\/a> Engin bj\u00f6rgun b\u00fd\u00f0st \u00feeim<br \/>sem er ofurseldur algj\u00f6rum sorta. <\/span> <br \/> Ekki skal myrkur vera \u00ed landinu sem fyrr var \u00ed nau\u00f0um statt. Fyrrum l\u00e9t hann vans\u00e6md koma yfir Seb\u00falonsland og Naftal\u00edland en s\u00ed\u00f0ar meir mun hann varpa fr\u00e6g\u00f0 yfir strandveginn, landi\u00f0 handan vi\u00f0 J\u00f3rdan, Gal\u00edleu hei\u00f0ingjanna.<\/p>\n","protected":false},"excerpt":{"rendered":"<p>T\u00e1knr\u00e6nt nafn 1 Drottinn sag\u00f0i vi\u00f0 mig: \u201eF\u00e1\u00f0u \u00fe\u00e9r st\u00f3rt spjald og skrifa\u00f0u \u00e1 \u00fea\u00f0 me\u00f0 venjulegum griffli: Hra\u00f0fengi Skyndir\u00e1n.[ 2 Taktu m\u00e9r traust vitni, \u00dar\u00eda prest og Sakar\u00eda Jeberek\u00edason.\u201c 3 S\u00ed\u00f0an n\u00e1lga\u00f0ist \u00e9g sp\u00e1konu[ og h\u00fan var\u00f0 \u00feungu\u00f0 og \u00f3l son. \u00de\u00e1 sag\u00f0i Drottinn vi\u00f0 mig: \u201eL\u00e1ttu hann heita Hra\u00f0fengi Skyndir\u00e1n 4 \u00fev\u00ed a\u00f0 \u00e1\u00f0ur en drengurinn l\u00e6rir a\u00f0 segja pabbi minn og mamma m\u00edn, ver\u00f0ur au\u00f0urinn fr\u00e1 Damaskus og herfangi\u00f0 fr\u00e1 Samar\u00edu flutt fram fyrir Ass\u00fdr\u00edukonung.\u201c Straumh\u00e6g v\u00f6tn og str\u00ed\u00f0 5 Og enn tala\u00f0i Drottinn til m\u00edn og sag\u00f0i: 6\u00dear sem f\u00f3lki\u00f0 fyrirl\u00edtur hina straumh\u00e6gu S\u00edl\u00f3alindog guggnar fyrir <a href=\"https:\/\/biblian.is\/biblian\/jesaja-8-kafli\/\"> [&#8230;]<\/a><\/p>\n","protected":false},"author":1,"featured_media":0,"parent":0,"menu_order":0,"comment_status":"open","ping_status":"open","template":"bibliukaflar_NT.php","meta":{"footnotes":""},"class_list":["post-2304","page","type-page","status-publish","hentry"],"_links":{"self":[{"href":"https:\/\/biblian.is\/biblian\/wp-json\/wp\/v2\/pages\/2304","targetHints":{"allow":["GET"]}}],"collection":[{"href":"https:\/\/biblian.is\/biblian\/wp-json\/wp\/v2\/pages"}],"about":[{"href":"https:\/\/biblian.is\/biblian\/wp-json\/wp\/v2\/types\/page"}],"author":[{"embeddable":true,"href":"https:\/\/biblian.is\/biblian\/wp-json\/wp\/v2\/users\/1"}],"replies":[{"embeddable":true,"href":"https:\/\/biblian.is\/biblian\/wp-json\/wp\/v2\/comments?post=2304"}],"version-history":[{"count":0,"href":"https:\/\/biblian.is\/biblian\/wp-json\/wp\/v2\/pages\/2304\/revisions"}],"wp:attachment":[{"href":"https:\/\/biblian.is\/biblian\/wp-json\/wp\/v2\/media?parent=2304"}],"curies":[{"name":"wp","href":"https:\/\/api.w.org\/{rel}","templated":true}]}}