{"id":2303,"date":"2017-12-30T21:02:36","date_gmt":"2017-12-30T21:02:36","guid":{"rendered":"http:\/\/biblian.is\/biblian\/jesaja-7-kafli\/"},"modified":"2024-05-06T22:28:35","modified_gmt":"2024-05-06T22:28:35","slug":"jesaja-7-kafli","status":"publish","type":"page","link":"https:\/\/biblian.is\/biblian\/jesaja-7-kafli\/","title":{"rendered":"Jesaja 7. kafli"},"content":{"rendered":"<h3 class=\"millifyrirsogn_2007\"> Von og sta\u00f0festa<\/h3>\n<p><a name=\"1\"><span class=\"versanumer_2007\">1<\/span><\/a> \u00c1 d\u00f6gum Akasar, konungs \u00ed J\u00fada, J\u00f3tamssonar, \u00dass\u00edasonar, h\u00e9ldu Res\u00edn, konungur \u00ed Aram, og Peka Remaljason \u00cdsraelskonungur upp til Jer\u00fasalem til a\u00f0 r\u00e1\u00f0ast \u00e1 borgina en g\u00e1tu ekki unni\u00f0 hana.<br \/> <a name=\"2\"><span class=\"versanumer_2007\">2<\/span><\/a> \u00deegar h\u00fasi Dav\u00ed\u00f0s var tilkynnt a\u00f0 Aramear hef\u00f0u n\u00e1\u00f0 f\u00f3tfestu \u00ed Efra\u00edm skalf hjarta konungs og hjarta \u00fej\u00f3\u00f0ar hans eins og sk\u00f3gartr\u00e9 skj\u00e1lfa fyrir vindi.<br \/> <a name=\"3\"><span class=\"versanumer_2007\">3<\/span><\/a> \u00de\u00e1 sag\u00f0i Drottinn vi\u00f0 Jesaja: \u201eGakktu me\u00f0 son \u00feinn Sear-Jas\u00fab<span class=\"nedan_mal\" title=\" \u00de.e. leifar munu aftur hverfa.\">[<\/span> a\u00f0 efri enda vatnslei\u00f0slunnar \u00far efri tj\u00f6rninni, vi\u00f0 g\u00f6tuna \u00fat \u00e1 \u00fevottav\u00f6llinn, til m\u00f3ts vi\u00f0 Akas <a name=\"4\"><span class=\"versanumer_2007\">4<\/span><\/a> og seg\u00f0u vi\u00f0 hann: G\u00e6ttu \u00fe\u00edn, haltu r\u00f3 \u00feinni, \u00f3ttastu ekki. L\u00e1ttu ekki hugfallast fyrir \u00feessum tveimur h\u00e1lfbrunnu sprekum, fyrir brennandi rei\u00f0i Res\u00edns, Arams og sona Remalja. <a name=\"5\"><span class=\"versanumer_2007\">5<\/span><\/a> Aram, Efra\u00edm og sonur Remalja hafa illt \u00ed hyggju gegn \u00fe\u00e9r og segja: <a name=\"6\"><span class=\"versanumer_2007\">6<\/span><\/a> V\u00e9r skulum fara gegn J\u00fadam\u00f6nnum, hr\u00e6\u00f0a \u00fe\u00e1 og leggja landi\u00f0 undir oss og gera son Tabels a\u00f0 konungi yfir \u00feeim. <a name=\"7\"><span class=\"versanumer_2007\">7<\/span><\/a> \u00deess vegna segir Drottinn Gu\u00f0:<br \/> <span class=\"ljodatexti\"> \u00dea\u00f0 skal ekki takast, \u00fea\u00f0 skal ekki ver\u00f0a,<br \/> <\/span> <span class=\"ljodatexti\"> <a name=\"8\"><span class=\"versanumer_ljod\">8<\/span><\/a>\u00fev\u00ed a\u00f0 Damaskus er h\u00f6fu\u00f0 Arams<br \/>og Res\u00edn er h\u00f6fu\u00f0 Damaskus.<br \/>Innan sext\u00edu og fimm \u00e1ra<br \/>ver\u00f0ur Efra\u00edm gj\u00f6rsigra\u00f0 og ekki framar \u00fej\u00f3\u00f0.<br \/> <\/span> <span class=\"ljodatexti\"> <a name=\"9\"><span class=\"versanumer_ljod\">9<\/span><\/a>Samar\u00eda er h\u00f6fu\u00f0 Efra\u00edms<br \/>og sonur Remalja h\u00f6fu\u00f0 Samar\u00edu.<br \/>Standist tr\u00fa y\u00f0ar ekki<br \/>standist \u00fe\u00e9r alls ekki.\u201c <\/span> <\/p>\n<h3 class=\"millifyrirsogn_2007\">F\u00e6\u00f0ing Imman\u00faels bo\u00f0u\u00f0<\/h3>\n<p><a name=\"10\"><span class=\"versanumer_2007\">10<\/span><\/a> Drottinn tala\u00f0i aftur vi\u00f0 Akas og sag\u00f0i: <a name=\"11\"><span class=\"versanumer_2007\">11<\/span><\/a> \u201eBi\u00f0 \u00fe\u00fa Drottin, Gu\u00f0 \u00feinn, um t\u00e1kn, hvort heldur ne\u00f0st ne\u00f0an \u00far undirheimum e\u00f0a ofan fr\u00e1 h\u00e6stu h\u00e6\u00f0um.\u201c <a name=\"12\"><span class=\"versanumer_2007\">12<\/span><\/a> Akas svara\u00f0i: \u201e\u00c9g bi\u00f0 einskis \u00fev\u00ed a\u00f0 \u00e9g vil ekki freista Drottins.\u201c <a name=\"13\"><span class=\"versanumer_2007\">13<\/span><\/a> \u00de\u00e1 sag\u00f0i Jesaja: \u201eHl\u00fd\u00f0i\u00f0 n\u00fa \u00e1, ni\u00f0jar Dav\u00ed\u00f0s. Finnst y\u00f0ur ekki n\u00f3g a\u00f0 reyna \u00e1 \u00feolinm\u00e6\u00f0i manna? \u00c6tli\u00f0 \u00fe\u00e9r einnig a\u00f0 reyna \u00e1 \u00feolinm\u00e6\u00f0i Gu\u00f0s m\u00edns? <a name=\"14\"><span class=\"versanumer_2007\">14<\/span><\/a> \u00deess vegna mun Drottinn sj\u00e1lfur gefa y\u00f0ur t\u00e1kn. Sj\u00e1, yngism\u00e6r<span class=\"nedan_mal\" title=\" E\u00f0a: ung kona.\">[<\/span> ver\u00f0ur \u00feungu\u00f0 og f\u00e6\u00f0ir son og l\u00e6tur hann heita Imman\u00fael.<span class=\"nedan_mal\" title=\" \u00de.e. Gu\u00f0 me\u00f0 oss.\">[<\/span> <a name=\"15\"><span class=\"versanumer_2007\">15<\/span><\/a> Rj\u00f3mi og hunang ver\u00f0ur f\u00e6\u00f0a hans \u00fear til hann hefur vit \u00e1 a\u00f0 hafna hinu illa og velja hi\u00f0 g\u00f3\u00f0a. <a name=\"16\"><span class=\"versanumer_2007\">16<\/span><\/a> \u00c1\u00f0ur en sveinninn hefur l\u00e6rt a\u00f0 hafna hinu illa og velja hi\u00f0 g\u00f3\u00f0a ver\u00f0ur mannau\u00f0n \u00ed landi \u00feeirra tveggja konunga sem \u00fe\u00fa \u00f3ttast. <a name=\"17\"><span class=\"versanumer_2007\">17<\/span><\/a> Drottinn mun senda yfir \u00feig, \u00fej\u00f3\u00f0 \u00fe\u00edna og fj\u00f6lskyldu \u00fev\u00edl\u00edka daga a\u00f0 a\u00f0rir eins dagar hafa ekki komi\u00f0 s\u00ed\u00f0an Efra\u00edm skildist fr\u00e1 J\u00fada &#8211; hann mun senda Ass\u00fdr\u00edukonung.\u201c<\/p>\n<h3 class=\"millifyrirsogn_2007\">Sagt fyrir um innr\u00e1s<\/h3>\n<p><a name=\"18\"><span class=\"versanumer_2007\">18<\/span><\/a> \u00c1 \u00feeim degi mun Drottinn bl\u00edstra \u00e1 flugurnar vi\u00f0 \u00f3sa N\u00edlar \u00ed Egyptalandi og b\u00fdflugurnar \u00ed Ass\u00fdr\u00edu.<br \/> <span class=\"ljodatexti\"> <a name=\"19\"><span class=\"versanumer_ljod\">19<\/span><\/a>\u00de\u00e6r munu allar koma <br \/>og setjast a\u00f0 \u00ed glj\u00fafrum<br \/>og hamragiljum, <br \/>\u00feyrnirunnum<br \/>og vatnsb\u00f3lum.<br \/> <\/span> <span class=\"ljodatexti\"> <a name=\"20\"><span class=\"versanumer_ljod\">20<\/span><\/a>\u00c1 \u00feeim degi mun Drottinn raka b\u00e6\u00f0i h\u00f6fu\u00f0- og skapah\u00e1r me\u00f0 rakhn\u00edf <br \/>sem hann leig\u00f0i handan flj\u00f3ts<br \/>&#8211; me\u00f0 Ass\u00fdr\u00edukonungi &#8211;<br \/>hann mun jafnvel raka skeggi\u00f0 burt.<br \/> <\/span> <span class=\"ljodatexti\"> <a name=\"21\"><span class=\"versanumer_ljod\">21<\/span><\/a>\u00c1 \u00feeim degi mun ma\u00f0ur hafa kv\u00edgu og tv\u00e6r \u00e6r<br \/> <\/span> <span class=\"ljodatexti\"> <a name=\"22\"><span class=\"versanumer_ljod\">22<\/span><\/a> og \u00fe\u00e6r mj\u00f3lka svo vel <br \/>a\u00f0 hann hefur rj\u00f3ma til matar.<br \/>\u00deeir sem eftir ver\u00f0a \u00ed landinu<br \/>munu n\u00e6rast \u00e1 rj\u00f3ma og hunangi.<br \/> <\/span> <span class=\"ljodatexti\"> <a name=\"23\"><span class=\"versanumer_ljod\">23<\/span><\/a> \u00c1 \u00feeim degi mun svo fara<br \/>a\u00f0 alls sta\u00f0ar \u00fear sem \u00e1\u00f0ur st\u00f3\u00f0u \u00fe\u00fasund v\u00ednvi\u00f0ir, <br \/>\u00fe\u00fasund sikla vir\u00f0i, <br \/>munu vaxa \u00feyrnar og \u00feistlar.<br \/> <\/span> <span class=\"ljodatexti\"> <a name=\"24\"><span class=\"versanumer_ljod\">24<\/span><\/a> Menn fara \u00feanga\u00f0 me\u00f0 boga og \u00f6rvar<br \/>\u00fev\u00ed a\u00f0 landi\u00f0 allt ver\u00f0ur \u00feyrnum og \u00feistlum \u00feaki\u00f0.<br \/> <\/span> <span class=\"ljodatexti\"> <a name=\"25\"><span class=\"versanumer_ljod\">25<\/span><\/a> Og \u00e1 \u00feau fj\u00f6ll, sem n\u00fa eru erju\u00f0 me\u00f0 haka,<br \/>mun enginn koma<br \/>af \u00f3tta vi\u00f0 \u00feyrna og \u00feistla.<br \/>\u00deau ver\u00f0a bithagi nauta<br \/>og ni\u00f0ur tr\u00f6\u00f0ku\u00f0 af sau\u00f0f\u00e9. <\/span> <\/p>\n","protected":false},"excerpt":{"rendered":"<p>Von og sta\u00f0festa 1 \u00c1 d\u00f6gum Akasar, konungs \u00ed J\u00fada, J\u00f3tamssonar, \u00dass\u00edasonar, h\u00e9ldu Res\u00edn, konungur \u00ed Aram, og Peka Remaljason \u00cdsraelskonungur upp til Jer\u00fasalem til a\u00f0 r\u00e1\u00f0ast \u00e1 borgina en g\u00e1tu ekki unni\u00f0 hana. 2 \u00deegar h\u00fasi Dav\u00ed\u00f0s var tilkynnt a\u00f0 Aramear hef\u00f0u n\u00e1\u00f0 f\u00f3tfestu \u00ed Efra\u00edm skalf hjarta konungs og hjarta \u00fej\u00f3\u00f0ar hans eins og sk\u00f3gartr\u00e9 skj\u00e1lfa fyrir vindi. 3 \u00de\u00e1 sag\u00f0i Drottinn vi\u00f0 Jesaja: \u201eGakktu me\u00f0 son \u00feinn Sear-Jas\u00fab[ a\u00f0 efri enda vatnslei\u00f0slunnar \u00far efri tj\u00f6rninni, vi\u00f0 g\u00f6tuna \u00fat \u00e1 \u00fevottav\u00f6llinn, til m\u00f3ts vi\u00f0 Akas 4 og seg\u00f0u vi\u00f0 hann: G\u00e6ttu \u00fe\u00edn, haltu r\u00f3 \u00feinni, \u00f3ttastu ekki. L\u00e1ttu <a href=\"https:\/\/biblian.is\/biblian\/jesaja-7-kafli\/\"> [&#8230;]<\/a><\/p>\n","protected":false},"author":1,"featured_media":0,"parent":0,"menu_order":0,"comment_status":"open","ping_status":"open","template":"bibliukaflar_NT.php","meta":{"footnotes":""},"class_list":["post-2303","page","type-page","status-publish","hentry"],"_links":{"self":[{"href":"https:\/\/biblian.is\/biblian\/wp-json\/wp\/v2\/pages\/2303","targetHints":{"allow":["GET"]}}],"collection":[{"href":"https:\/\/biblian.is\/biblian\/wp-json\/wp\/v2\/pages"}],"about":[{"href":"https:\/\/biblian.is\/biblian\/wp-json\/wp\/v2\/types\/page"}],"author":[{"embeddable":true,"href":"https:\/\/biblian.is\/biblian\/wp-json\/wp\/v2\/users\/1"}],"replies":[{"embeddable":true,"href":"https:\/\/biblian.is\/biblian\/wp-json\/wp\/v2\/comments?post=2303"}],"version-history":[{"count":0,"href":"https:\/\/biblian.is\/biblian\/wp-json\/wp\/v2\/pages\/2303\/revisions"}],"wp:attachment":[{"href":"https:\/\/biblian.is\/biblian\/wp-json\/wp\/v2\/media?parent=2303"}],"curies":[{"name":"wp","href":"https:\/\/api.w.org\/{rel}","templated":true}]}}