{"id":2302,"date":"2017-12-30T21:02:36","date_gmt":"2017-12-30T21:02:36","guid":{"rendered":"http:\/\/biblian.is\/biblian\/jesaja-6-kafli\/"},"modified":"2024-05-06T22:28:34","modified_gmt":"2024-05-06T22:28:34","slug":"jesaja-6-kafli","status":"publish","type":"page","link":"https:\/\/biblian.is\/biblian\/jesaja-6-kafli\/","title":{"rendered":"Jesaja 6. kafli"},"content":{"rendered":"<h3 class=\"millifyrirsogn_2007\"> K\u00f6llun sp\u00e1mannsins<\/h3>\n<p><a name=\"1\"><span class=\"versanumer_2007\">1<\/span><\/a> \u00c1 d\u00e1nar\u00e1ri \u00dass\u00eda konungs s\u00e1 \u00e9g Drottin sitja \u00ed h\u00e1u og gn\u00e6fandi h\u00e1s\u00e6ti og sl\u00f3\u00f0i skikkju hans fyllti helgid\u00f3minn. <a name=\"2\"><span class=\"versanumer_2007\">2<\/span><\/a> Serafar st\u00f3\u00f0u fyrir ofan hann. Haf\u00f0i hver \u00feeirra sex v\u00e6ngi: me\u00f0 tveimur huldu \u00feeir \u00e1sj\u00f3nu s\u00edna, me\u00f0 tveimur huldu \u00feeir f\u00e6tur s\u00edna og me\u00f0 tveimur flugu \u00feeir. <a name=\"3\"><span class=\"versanumer_2007\">3<\/span><\/a> \u00deeir k\u00f6llu\u00f0u hver til annars og s\u00f6g\u00f0u:<br \/> <span class=\"ljodatexti\"> \u201eHeilagur, heilagur, heilagur er Drottinn allsherjar,<br \/>\u00f6ll j\u00f6r\u00f0in er full af hans d\u00fdr\u00f0.\u201c<br \/> <\/span> <span class=\"ljodatexti\"> <a name=\"4\"><span class=\"versanumer_ljod\">4<\/span><\/a>Vi\u00f0 raust \u00feeirra n\u00f6tru\u00f0u undirst\u00f6\u00f0ur \u00fer\u00f6skuldanna og h\u00fasi\u00f0 fylltist af reyk. <br \/> <\/span> <span class=\"ljodatexti\"> <a name=\"5\"><span class=\"versanumer_ljod\">5<\/span><\/a>\u00de\u00e1 sag\u00f0i \u00e9g:<br \/>\u201eVei m\u00e9r, \u00fea\u00f0 er \u00fati um mig<br \/>\u00fev\u00ed a\u00f0 \u00e9g er ma\u00f0ur me\u00f0 \u00f3hreinar varir<br \/>og b\u00fd me\u00f0al f\u00f3lks me\u00f0 \u00f3hreinar varir<br \/>en samt hafa augu m\u00edn s\u00e9\u00f0 konunginn, Drottin allsherjar.\u201c<br \/> <\/span> <a name=\"6\"><span class=\"versanumer_2007\">6<\/span><\/a> \u00de\u00e1 flaug einn serafanna til m\u00edn. Hann h\u00e9lt \u00e1 gl\u00f3andi koli sem hann haf\u00f0i teki\u00f0 af altarinu me\u00f0 t\u00f6ng. <a name=\"7\"><span class=\"versanumer_2007\">7<\/span><\/a> Hann snerti munn minn me\u00f0 kolinu og sag\u00f0i:<br \/> <span class=\"ljodatexti\"> \u201e\u00deetta hefur snorti\u00f0 varir \u00fe\u00ednar,<br \/>sekt \u00fe\u00edn er fr\u00e1 \u00fe\u00e9r tekin<br \/>og fri\u00f0\u00fe\u00e6gt er fyrir synd \u00fe\u00edna.\u201c<br \/> <\/span> <span class=\"ljodatexti\"> <a name=\"8\"><span class=\"versanumer_ljod\">8<\/span><\/a>\u00de\u00e1 heyr\u00f0i \u00e9g r\u00f6dd Drottins sem spur\u00f0i:<br \/>\u201eHvern skal \u00e9g senda?<br \/>Hver vill reka erindi vort?\u201c<br \/>\u00c9g svara\u00f0i: \u201eH\u00e9r er \u00e9g. Send \u00fe\u00fa mig.\u201c <br \/> <\/span> <span class=\"ljodatexti\"> <a name=\"9\"><span class=\"versanumer_ljod\">9<\/span><\/a>Hann sag\u00f0i: \u201eFar \u00fe\u00fa og seg \u00feessu f\u00f3lki:<br \/>Hlusti\u00f0 og hlusti\u00f0 en skilji\u00f0 ekki.<br \/>Horfi\u00f0 og horfi\u00f0 en skynji\u00f0 ekki.<br \/> <\/span> <span class=\"ljodatexti\"> <a name=\"10\"><span class=\"versanumer_ljod\">10<\/span><\/a>Slj\u00f3vga hjarta \u00feessa f\u00f3lks, <br \/>deyf eyru \u00feess <span class=\"nedan_mal\" title=\" Or\u00f0r\u00e9tt: Ger\u00f0u hjarta \u00feessa f\u00f3lks feitt og eyru \u00feess \u00feung.\">[<\/span> <br \/>og loka augum \u00feess<br \/>svo a\u00f0 \u00fea\u00f0 sj\u00e1i ekki me\u00f0 augunum,<br \/>heyri ekki me\u00f0 eyrunum<br \/>og skilji ekki me\u00f0 hjartanu,<br \/>svo a\u00f0 \u00fea\u00f0 sn\u00fai ekki vi\u00f0 og l\u00e6knist.\u201c<br \/> <\/span> <span class=\"ljodatexti\"> <a name=\"11\"><span class=\"versanumer_ljod\">11<\/span><\/a>\u00de\u00e1 spur\u00f0i \u00e9g: \u201eHversu lengi, Drottinn?\u201c <br \/>Hann svara\u00f0i: \u201e\u00dear til borgirnar ver\u00f0a eyddar <br \/>og enginn b\u00fdr \u00ed \u00feeim<br \/>og \u00fear til h\u00fasin ver\u00f0a mannlaus<br \/>og akurlendi\u00f0 ey\u00f0im\u00f6rk,<br \/> <\/span> <span class=\"ljodatexti\"> <a name=\"12\"><span class=\"versanumer_ljod\">12<\/span><\/a>\u00fear til Drottinn hrekur f\u00f3lki\u00f0 langt \u00ed burt<br \/>og ey\u00f0ingin ver\u00f0ur mikil \u00ed landinu.<br \/> <\/span> <span class=\"ljodatexti\"> <a name=\"13\"><span class=\"versanumer_ljod\">13<\/span><\/a>Og \u00fe\u00f3tt enn s\u00e9 t\u00edundi hluti eftir<br \/>skal honum eytt<br \/>eins og r\u00f3tarst\u00fafur er eftir <br \/>\u00feegar eik e\u00f0a terebintutr\u00e9 hefur veri\u00f0 fellt.<br \/>\u00deannig ver\u00f0ur st\u00fafurinn heilagt s\u00e6\u00f0i.\u201c <\/span> <\/p>\n","protected":false},"excerpt":{"rendered":"<p>K\u00f6llun sp\u00e1mannsins 1 \u00c1 d\u00e1nar\u00e1ri \u00dass\u00eda konungs s\u00e1 \u00e9g Drottin sitja \u00ed h\u00e1u og gn\u00e6fandi h\u00e1s\u00e6ti og sl\u00f3\u00f0i skikkju hans fyllti helgid\u00f3minn. 2 Serafar st\u00f3\u00f0u fyrir ofan hann. Haf\u00f0i hver \u00feeirra sex v\u00e6ngi: me\u00f0 tveimur huldu \u00feeir \u00e1sj\u00f3nu s\u00edna, me\u00f0 tveimur huldu \u00feeir f\u00e6tur s\u00edna og me\u00f0 tveimur flugu \u00feeir. 3 \u00deeir k\u00f6llu\u00f0u hver til annars og s\u00f6g\u00f0u: \u201eHeilagur, heilagur, heilagur er Drottinn allsherjar,\u00f6ll j\u00f6r\u00f0in er full af hans d\u00fdr\u00f0.\u201c 4Vi\u00f0 raust \u00feeirra n\u00f6tru\u00f0u undirst\u00f6\u00f0ur \u00fer\u00f6skuldanna og h\u00fasi\u00f0 fylltist af reyk. 5\u00de\u00e1 sag\u00f0i \u00e9g:\u201eVei m\u00e9r, \u00fea\u00f0 er \u00fati um mig\u00fev\u00ed a\u00f0 \u00e9g er ma\u00f0ur me\u00f0 \u00f3hreinar varirog b\u00fd me\u00f0al f\u00f3lks <a href=\"https:\/\/biblian.is\/biblian\/jesaja-6-kafli\/\"> [&#8230;]<\/a><\/p>\n","protected":false},"author":1,"featured_media":0,"parent":0,"menu_order":0,"comment_status":"open","ping_status":"open","template":"bibliukaflar_NT.php","meta":{"footnotes":""},"class_list":["post-2302","page","type-page","status-publish","hentry"],"_links":{"self":[{"href":"https:\/\/biblian.is\/biblian\/wp-json\/wp\/v2\/pages\/2302","targetHints":{"allow":["GET"]}}],"collection":[{"href":"https:\/\/biblian.is\/biblian\/wp-json\/wp\/v2\/pages"}],"about":[{"href":"https:\/\/biblian.is\/biblian\/wp-json\/wp\/v2\/types\/page"}],"author":[{"embeddable":true,"href":"https:\/\/biblian.is\/biblian\/wp-json\/wp\/v2\/users\/1"}],"replies":[{"embeddable":true,"href":"https:\/\/biblian.is\/biblian\/wp-json\/wp\/v2\/comments?post=2302"}],"version-history":[{"count":0,"href":"https:\/\/biblian.is\/biblian\/wp-json\/wp\/v2\/pages\/2302\/revisions"}],"wp:attachment":[{"href":"https:\/\/biblian.is\/biblian\/wp-json\/wp\/v2\/media?parent=2302"}],"curies":[{"name":"wp","href":"https:\/\/api.w.org\/{rel}","templated":true}]}}