{"id":2300,"date":"2017-12-30T21:02:36","date_gmt":"2017-12-30T21:02:36","guid":{"rendered":"http:\/\/biblian.is\/biblian\/jesaja-4-kafli\/"},"modified":"2024-05-06T22:28:30","modified_gmt":"2024-05-06T22:28:30","slug":"jesaja-4-kafli","status":"publish","type":"page","link":"https:\/\/biblian.is\/biblian\/jesaja-4-kafli\/","title":{"rendered":"Jesaja 4. kafli"},"content":{"rendered":"<p><span class=\"ljodatexti\"> <a name=\"1\"><span class=\"versanumer_ljod\">1<\/span><\/a>Sj\u00f6 konur munu \u00fer\u00edfa \u00ed sama mann \u00e1 \u00feeim degi<br \/>og segja: \u201eV\u00e9r skulum sj\u00e1lfar f\u00e6\u00f0a oss og kl\u00e6\u00f0a,<br \/>leyf oss a\u00f0eins a\u00f0 bera nafn \u00feitt,<br \/>tak sm\u00e1nina fr\u00e1 oss.\u201c <\/span>                                                                                                                                                                                                                                                                                                                                                                                                                                                                                                                     <\/p>\n<h3 class=\"millifyrirsogn_2007\">Hin n\u00fdja Jer\u00fasalem<\/h3>\n<p><a name=\"2\"><span class=\"versanumer_2007\">2<\/span><\/a> \u00c1 \u00feeim degi ver\u00f0ur kvistur Drottins fagur og vegsamlegur og \u00e1v\u00f6xtur landsins stolt og vegsemd \u00feeirra \u00ed \u00cdsrael sem af komast.<br \/> <a name=\"3\"><span class=\"versanumer_2007\">3<\/span><\/a> \u00deeir sem af lifa \u00e1 S\u00edon og \u00feeir, sem eftir ver\u00f0a \u00ed Jer\u00fasalem, ver\u00f0a nefndir heilagir, allir sem skr\u00e1\u00f0ir eru til l\u00edfsins \u00ed Jer\u00fasalem.<br \/> <a name=\"4\"><span class=\"versanumer_2007\">4<\/span><\/a> \u00deegar Drottinn hefur \u00fevegi\u00f0 \u00f3hreinindin af S\u00edonard\u00e6trum og skola\u00f0 burt bl\u00f3\u00f0i\u00f0 \u00far Jer\u00fasalem me\u00f0 d\u00f3ms- og hreinsunaranda, <a name=\"5\"><span class=\"versanumer_2007\">5<\/span><\/a> \u00fe\u00e1 skapar Drottinn sk\u00fd um daga og rj\u00fakandi og bjartan eldsloga um n\u00e6tur yfir \u00f6llu S\u00edonarfjalli \u00feeim sem \u00fear safnast saman. \u00dev\u00ed a\u00f0 yfir allri d\u00fdr\u00f0inni ver\u00f0ur hl\u00edf.                                                                                                                                                                                                                                                                                                                                                                                                                                                                                                                     <a name=\"6\"><span class=\"versanumer_2007\">6<\/span><\/a> Lauf\u00feak mun veita fors\u00e6lu \u00ed hita dagsins og h\u00e6li og skj\u00f3l \u00ed stormi og regni.<\/p>\n","protected":false},"excerpt":{"rendered":"<p>1Sj\u00f6 konur munu \u00fer\u00edfa \u00ed sama mann \u00e1 \u00feeim degiog segja: \u201eV\u00e9r skulum sj\u00e1lfar f\u00e6\u00f0a oss og kl\u00e6\u00f0a,leyf oss a\u00f0eins a\u00f0 bera nafn \u00feitt,tak sm\u00e1nina fr\u00e1 oss.\u201c Hin n\u00fdja Jer\u00fasalem 2 \u00c1 \u00feeim degi ver\u00f0ur kvistur Drottins fagur og vegsamlegur og \u00e1v\u00f6xtur landsins stolt og vegsemd \u00feeirra \u00ed \u00cdsrael sem af komast. 3 \u00deeir sem af lifa \u00e1 S\u00edon og \u00feeir, sem eftir ver\u00f0a \u00ed Jer\u00fasalem, ver\u00f0a nefndir heilagir, allir sem skr\u00e1\u00f0ir eru til l\u00edfsins \u00ed Jer\u00fasalem. 4 \u00deegar Drottinn hefur \u00fevegi\u00f0 \u00f3hreinindin af S\u00edonard\u00e6trum og skola\u00f0 burt bl\u00f3\u00f0i\u00f0 \u00far Jer\u00fasalem me\u00f0 d\u00f3ms- og hreinsunaranda, 5 \u00fe\u00e1 skapar Drottinn sk\u00fd <a href=\"https:\/\/biblian.is\/biblian\/jesaja-4-kafli\/\"> [&#8230;]<\/a><\/p>\n","protected":false},"author":1,"featured_media":0,"parent":0,"menu_order":0,"comment_status":"open","ping_status":"open","template":"bibliukaflar_NT.php","meta":{"footnotes":""},"class_list":["post-2300","page","type-page","status-publish","hentry"],"_links":{"self":[{"href":"https:\/\/biblian.is\/biblian\/wp-json\/wp\/v2\/pages\/2300","targetHints":{"allow":["GET"]}}],"collection":[{"href":"https:\/\/biblian.is\/biblian\/wp-json\/wp\/v2\/pages"}],"about":[{"href":"https:\/\/biblian.is\/biblian\/wp-json\/wp\/v2\/types\/page"}],"author":[{"embeddable":true,"href":"https:\/\/biblian.is\/biblian\/wp-json\/wp\/v2\/users\/1"}],"replies":[{"embeddable":true,"href":"https:\/\/biblian.is\/biblian\/wp-json\/wp\/v2\/comments?post=2300"}],"version-history":[{"count":0,"href":"https:\/\/biblian.is\/biblian\/wp-json\/wp\/v2\/pages\/2300\/revisions"}],"wp:attachment":[{"href":"https:\/\/biblian.is\/biblian\/wp-json\/wp\/v2\/media?parent=2300"}],"curies":[{"name":"wp","href":"https:\/\/api.w.org\/{rel}","templated":true}]}}