{"id":2299,"date":"2017-12-30T21:02:36","date_gmt":"2017-12-30T21:02:36","guid":{"rendered":"http:\/\/biblian.is\/biblian\/jesaja-3-kafli\/"},"modified":"2024-05-06T22:28:28","modified_gmt":"2024-05-06T22:28:28","slug":"jesaja-3-kafli","status":"publish","type":"page","link":"https:\/\/biblian.is\/biblian\/jesaja-3-kafli\/","title":{"rendered":"Jesaja 3. kafli"},"content":{"rendered":"<h3 class=\"millifyrirsogn_2007\"> Stj\u00f3rnleysi \u00ed Jer\u00fasalem<\/h3>\n<p><span class=\"ljodatexti\"> <a name=\"1\"><span class=\"versanumer_ljod\">1<\/span><\/a>Gu\u00f0, Drottinn allsherjar, <br \/>sviptir Jer\u00fasalem og J\u00fada hverri sto\u00f0 og styttu,<br \/>allri sto\u00f0 matar <br \/>og allri sto\u00f0 vatns,<br \/><\/span> <span class=\"ljodatexti\"> <a name=\"2\"><span class=\"versanumer_ljod\">2<\/span><\/a>hetju og hermanni,<br \/>d\u00f3mara og sp\u00e1manni,<br \/>sp\u00e1sagnamanni og \u00f6ldungi,<br \/> <\/span> <span class=\"ljodatexti\"> <a name=\"3\"><span class=\"versanumer_ljod\">3<\/span><\/a>li\u00f0sforingja og hir\u00f0manni,<br \/>r\u00e1\u00f0gjafa, galdramanni og sl\u00f3ttugum sei\u00f0manni.<br \/> <\/span> <span class=\"ljodatexti\"> <a name=\"4\"><span class=\"versanumer_ljod\">4<\/span><\/a>\u00c9g geri drengi a\u00f0 h\u00f6f\u00f0ingjum \u00feeirra<br \/>og kenjar munu stj\u00f3rna \u00feeim.<br \/> <\/span> <span class=\"ljodatexti\"> <a name=\"5\"><span class=\"versanumer_ljod\">5<\/span><\/a>\u00c1t\u00f6k ver\u00f0a, ma\u00f0ur gegn manni,<br \/>einn mun \u00ferengja a\u00f0 \u00f6\u00f0rum,<br \/>unglingar r\u00e1\u00f0ast gegn \u00f6ldungum,<br \/>l\u00edtilsvirtir gegn h\u00e1ttvirtum.<br \/> <\/span> <span class=\"ljodatexti\"> <a name=\"6\"><span class=\"versanumer_ljod\">6<\/span><\/a>\u00de\u00e1 \u00fer\u00edfur ma\u00f0ur jafnvel \u00ed br\u00f3\u00f0ur sinn<br \/>heima hj\u00e1 f\u00f6\u00f0ur s\u00ednum og segir:<br \/>\u201e\u00de\u00fa \u00e1tt yfirh\u00f6fn, <br \/>\u00fe\u00fa getur veri\u00f0 lei\u00f0togi vor,<br \/>\u00feessi r\u00fast ver\u00f0ur \u00fe\u00e1 undir \u00feinni stj\u00f3rn.\u201c<br \/> <\/span> <span class=\"ljodatexti\"> <a name=\"7\"><span class=\"versanumer_ljod\">7<\/span><\/a>En \u00e1 \u00feeim degi mun hann hr\u00f3pa og svara:<br \/>\u201e\u00c9g kann ekki a\u00f0 binda um s\u00e1r<br \/>og heima hj\u00e1 m\u00e9r <br \/>er hvorki f\u00e6\u00f0i n\u00e9 kl\u00e6\u00f0i,<br \/>geri\u00f0 mig ekki a\u00f0 lei\u00f0toga \u00fej\u00f3\u00f0arinnar.\u201c<br \/> <\/span> <span class=\"ljodatexti\"> <a name=\"8\"><span class=\"versanumer_ljod\">8<\/span><\/a>Jer\u00fasalem ri\u00f0a\u00f0i, <br \/>J\u00fada f\u00e9ll<br \/>\u00fev\u00ed a\u00f0 or\u00f0 \u00feeirra og athafnir voru andst\u00e6\u00f0 Drottni,<br \/>uppreisn gegn d\u00fdr\u00f0araugum hans.<br \/> <\/span> <span class=\"ljodatexti\"> <a name=\"9\"><span class=\"versanumer_ljod\">9<\/span><\/a>Andlitssvipur \u00feeirra vitnar gegn \u00feeim,<br \/>\u00feeir bera synd s\u00edna \u00e1 torg<br \/>eins og gert var \u00ed S\u00f3d\u00f3mu,<br \/>\u00feeir dylja hana ekki.<br \/>Vei \u00feeim! \u00deeir hafa sj\u00e1lfir baka\u00f0 s\u00e9r \u00f3g\u00e6fu.<br \/> <\/span> <span class=\"ljodatexti\"> <a name=\"10\"><span class=\"versanumer_ljod\">10<\/span><\/a>Heill hinum r\u00e9ttl\u00e1ta \u00fev\u00ed a\u00f0 honum mun vegna vel<br \/>og hann n\u00fdtur \u00e1vaxta verka sinna.<br \/> <\/span> <span class=\"ljodatexti\"> <a name=\"11\"><span class=\"versanumer_ljod\">11<\/span><\/a>Vei hinum gu\u00f0lausa \u00fev\u00ed a\u00f0 honum vegnar illa,<br \/>honum ver\u00f0ur \u00fea\u00f0 endurgoldi\u00f0 sem hann ger\u00f0i \u00f6\u00f0rum. <\/span> <\/p>\n<h3 class=\"millifyrirsogn_2007\">\u00c1k\u00e6ra gegn lei\u00f0togum \u00fej\u00f3\u00f0arinnar<\/h3>\n<p><span class=\"ljodatexti\"> <a name=\"12\"><span class=\"versanumer_ljod\">12<\/span><\/a>\u00dej\u00f3\u00f0 m\u00edn. Sm\u00e1b\u00f6rn \u00fejaka hana<br \/>og konur r\u00edkja yfir henni.<br \/>\u00dej\u00f3\u00f0 m\u00edn. Lei\u00f0togar \u00fe\u00ednir lei\u00f0a \u00feig afvega,<br \/>gera veginn sem \u00fe\u00fa gengur a\u00f0 villig\u00f6tum.<br \/> <\/span> <span class=\"ljodatexti\"> <a name=\"13\"><span class=\"versanumer_ljod\">13<\/span><\/a>Drottinn er sta\u00f0inn upp \u00ed d\u00f3minum, <br \/>hefur teki\u00f0 s\u00e9r st\u00f6\u00f0u til a\u00f0 d\u00e6ma \u00fej\u00f3\u00f0 s\u00edna. <br \/> <\/span> <span class=\"ljodatexti\"> <a name=\"14\"><span class=\"versanumer_ljod\">14<\/span><\/a>Drottinn kemur til r\u00e9ttarhalds<br \/>yfir \u00f6ldungum og h\u00f6f\u00f0ingjum \u00fej\u00f3\u00f0arinnar:<br \/>\u201e\u00dea\u00f0 eru\u00f0 \u00fe\u00e9r sem hafi\u00f0 eti\u00f0 upp v\u00edngar\u00f0inn,<br \/>\u00fe\u00fdfi fr\u00e1 f\u00e1t\u00e6kum er \u00ed h\u00fasum y\u00f0ar.<br \/> <\/span> <span class=\"ljodatexti\"> <a name=\"15\"><span class=\"versanumer_ljod\">15<\/span><\/a>Hva\u00f0 f\u00e9kk y\u00f0ur til a\u00f0 tra\u00f0ka \u00e1 \u00fej\u00f3\u00f0 minni,<br \/>merja sundur andlit snau\u00f0ra?\u201c<br \/>\u00deetta er or\u00f0 Gu\u00f0s, Drottins allsherjar. <\/span> <\/p>\n<h3 class=\"millifyrirsogn_2007\">\u00c1k\u00e6ra gegn d\u00e6trum S\u00edonar<\/h3>\n<p><span class=\"ljodatexti\"> <a name=\"16\"><span class=\"versanumer_ljod\">16<\/span><\/a>Drottinn sag\u00f0i:<br \/>S\u00f6kum \u00feess a\u00f0 d\u00e6tur S\u00edonar eru st\u00e6ril\u00e1tar,<br \/>ganga hnakkakerrtar <br \/>og gj\u00f3a da\u00f0ursaugum, <br \/>tipla \u00e1 g\u00f6ngunni<br \/>me\u00f0 glamrandi \u00f6kklahringi, <br \/> <\/span> <span class=\"ljodatexti\"> <a name=\"17\"><span class=\"versanumer_ljod\">17<\/span><\/a>mun Drottinn gera hvirfil S\u00edonard\u00e6tra kl\u00e1\u00f0ugan<br \/>og afhj\u00fapa koll \u00feeirra.<br \/> <\/span> <span class=\"ljodatexti\"> <a name=\"18\"><span class=\"versanumer_ljod\">18<\/span><\/a>\u00c1 \u00feeim degi mun Drottinn<br \/>taka af \u00feeim skartgripi \u00feeirra:<br \/>\u00f6kklahringi, sm\u00e1s\u00f3lir og tungl, <span class=\"nedan_mal\" title=\" Annar lesh\u00e1ttur: ennisdj\u00e1sn og m\u00e1nalaga h\u00e1lsfestar.\">[<\/span> <br \/> <\/span> <span class=\"ljodatexti\"> <a name=\"19\"><span class=\"versanumer_ljod\">19<\/span><\/a>eyrnahringi, armb\u00f6nd og kl\u00fata,<br \/> <\/span> <span class=\"ljodatexti\"> <a name=\"20\"><span class=\"versanumer_ljod\">20<\/span><\/a>ennisdj\u00e1sn, \u00f6kklake\u00f0jur og belti,<br \/>ilmbauka og verndargripi,<br \/> <\/span> <span class=\"ljodatexti\"> <a name=\"21\"><span class=\"versanumer_ljod\">21<\/span><\/a>fingurgull og nefhringi,<br \/> <\/span> <span class=\"ljodatexti\"> <a name=\"22\"><span class=\"versanumer_ljod\">22<\/span><\/a> vi\u00f0hafnarkl\u00e6\u00f0i og m\u00f6ttla, <br \/>kj\u00f3la og undirkj\u00f3la,<br \/> <\/span> <span class=\"ljodatexti\"> <a name=\"23\"><span class=\"versanumer_ljod\">23<\/span><\/a> spegla og kyrtla,<br \/>vefjarhetti og sl\u00e6\u00f0ur.<br \/> <\/span> <span class=\"ljodatexti\"> <a name=\"24\"><span class=\"versanumer_ljod\">24<\/span><\/a> Koma mun \u00f3daunn fyrir ilm,<br \/>reipi fyrir belti,<br \/>skalli fyrir lokka,<br \/>h\u00e6rusekkur \u00ed sta\u00f0 skrautkl\u00e6\u00f0a,<br \/>ni\u00f0url\u00e6ging \u00ed sta\u00f0 fegur\u00f0ar.<br \/> <\/span> <span class=\"ljodatexti\"> <a name=\"25\"><span class=\"versanumer_ljod\">25<\/span><\/a> Menn \u00fe\u00ednir munu falla fyrir sver\u00f0i<br \/>og hetjur \u00fe\u00ednar \u00ed orrustu.<br \/> <\/span> <span class=\"ljodatexti\"> <a name=\"26\"><span class=\"versanumer_ljod\">26<\/span><\/a> Borgarhli\u00f0 S\u00edonar munu harma og kveina<br \/>og h\u00fan sitja yfirgefin \u00e1 j\u00f6r\u00f0inni. <\/span> <\/p>\n","protected":false},"excerpt":{"rendered":"<p>Stj\u00f3rnleysi \u00ed Jer\u00fasalem 1Gu\u00f0, Drottinn allsherjar, sviptir Jer\u00fasalem og J\u00fada hverri sto\u00f0 og styttu,allri sto\u00f0 matar og allri sto\u00f0 vatns, 2hetju og hermanni,d\u00f3mara og sp\u00e1manni,sp\u00e1sagnamanni og \u00f6ldungi, 3li\u00f0sforingja og hir\u00f0manni,r\u00e1\u00f0gjafa, galdramanni og sl\u00f3ttugum sei\u00f0manni. 4\u00c9g geri drengi a\u00f0 h\u00f6f\u00f0ingjum \u00feeirraog kenjar munu stj\u00f3rna \u00feeim. 5\u00c1t\u00f6k ver\u00f0a, ma\u00f0ur gegn manni,einn mun \u00ferengja a\u00f0 \u00f6\u00f0rum,unglingar r\u00e1\u00f0ast gegn \u00f6ldungum,l\u00edtilsvirtir gegn h\u00e1ttvirtum. 6\u00de\u00e1 \u00fer\u00edfur ma\u00f0ur jafnvel \u00ed br\u00f3\u00f0ur sinnheima hj\u00e1 f\u00f6\u00f0ur s\u00ednum og segir:\u201e\u00de\u00fa \u00e1tt yfirh\u00f6fn, \u00fe\u00fa getur veri\u00f0 lei\u00f0togi vor,\u00feessi r\u00fast ver\u00f0ur \u00fe\u00e1 undir \u00feinni stj\u00f3rn.\u201c 7En \u00e1 \u00feeim degi mun hann hr\u00f3pa og svara:\u201e\u00c9g kann ekki a\u00f0 binda um s\u00e1rog heima hj\u00e1 <a href=\"https:\/\/biblian.is\/biblian\/jesaja-3-kafli\/\"> [&#8230;]<\/a><\/p>\n","protected":false},"author":1,"featured_media":0,"parent":0,"menu_order":0,"comment_status":"open","ping_status":"open","template":"bibliukaflar_NT.php","meta":{"footnotes":""},"class_list":["post-2299","page","type-page","status-publish","hentry"],"_links":{"self":[{"href":"https:\/\/biblian.is\/biblian\/wp-json\/wp\/v2\/pages\/2299","targetHints":{"allow":["GET"]}}],"collection":[{"href":"https:\/\/biblian.is\/biblian\/wp-json\/wp\/v2\/pages"}],"about":[{"href":"https:\/\/biblian.is\/biblian\/wp-json\/wp\/v2\/types\/page"}],"author":[{"embeddable":true,"href":"https:\/\/biblian.is\/biblian\/wp-json\/wp\/v2\/users\/1"}],"replies":[{"embeddable":true,"href":"https:\/\/biblian.is\/biblian\/wp-json\/wp\/v2\/comments?post=2299"}],"version-history":[{"count":0,"href":"https:\/\/biblian.is\/biblian\/wp-json\/wp\/v2\/pages\/2299\/revisions"}],"wp:attachment":[{"href":"https:\/\/biblian.is\/biblian\/wp-json\/wp\/v2\/media?parent=2299"}],"curies":[{"name":"wp","href":"https:\/\/api.w.org\/{rel}","templated":true}]}}