{"id":2298,"date":"2017-12-30T21:02:36","date_gmt":"2017-12-30T21:02:36","guid":{"rendered":"http:\/\/biblian.is\/biblian\/jesaja-2-kafli\/"},"modified":"2024-05-06T22:28:26","modified_gmt":"2024-05-06T22:28:26","slug":"jesaja-2-kafli","status":"publish","type":"page","link":"https:\/\/biblian.is\/biblian\/jesaja-2-kafli\/","title":{"rendered":"Jesaja 2. kafli"},"content":{"rendered":"<h3 class=\"millifyrirsogn_2007\"> \u00c6varandi fri\u00f0ur<\/h3>\n<p><a name=\"1\"><span class=\"versanumer_2007\">1<\/span><\/a> \u00deetta er \u00fea\u00f0 sem Jesaja Amotssyni vitra\u00f0ist um J\u00fada og Jer\u00fasalem. <\/p>\n<h3 class=\"millifyrirsogn_2007\">Fri\u00f0ur<\/h3>\n<p><span class=\"ljodatexti\"> <a name=\"2\"><span class=\"versanumer_ljod\">2<\/span><\/a>\u00dea\u00f0 skal ver\u00f0a \u00e1 komandi d\u00f6gum<br \/>a\u00f0 fjalli\u00f0, sem h\u00fas Drottins stendur \u00e1, bifast ekki, <br \/>\u00fea\u00f0 ber yfir h\u00e6stu fjallstinda og gn\u00e6fir yfir allar h\u00e6\u00f0ir.<br \/>\u00deanga\u00f0 munu allar \u00fej\u00f3\u00f0ir streyma<br \/> <\/span> <span class=\"ljodatexti\"> <a name=\"3\"><span class=\"versanumer_ljod\">3<\/span><\/a>og margir l\u00fd\u00f0ir koma og segja: <br \/>\u201eKomi\u00f0, g\u00f6ngum upp \u00e1 fjall Drottins,<br \/>til h\u00fass Jakobs Gu\u00f0s<br \/>svo a\u00f0 hann v\u00edsi oss vegu s\u00edna<br \/>og v\u00e9r getum gengi\u00f0 brautir hans.\u201c <br \/>\u00dev\u00ed a\u00f0 fyrirm\u00e6li koma fr\u00e1 S\u00edon,<br \/>or\u00f0 Drottins fr\u00e1 Jer\u00fasalem. <br \/> <\/span> <span class=\"ljodatexti\"> <a name=\"4\"><span class=\"versanumer_ljod\">4<\/span><\/a>Og hann mun d\u00e6ma me\u00f0al l\u00fd\u00f0anna<br \/>og skera \u00far m\u00e1lum margra \u00fej\u00f3\u00f0a.<br \/>Og \u00fe\u00e6r munu sm\u00ed\u00f0a pl\u00f3gj\u00e1rn \u00far sver\u00f0um s\u00ednum<br \/>og sni\u00f0la \u00far spj\u00f3tum s\u00ednum. <br \/>Engin \u00fej\u00f3\u00f0 skal sver\u00f0 rei\u00f0a a\u00f0 annarri \u00fej\u00f3\u00f0<br \/>og ekki skulu \u00fe\u00e6r temja s\u00e9r herna\u00f0 framar.<br \/> <\/span> <span class=\"ljodatexti\"> <a name=\"5\"><span class=\"versanumer_ljod\">5<\/span><\/a>\u00c6ttmenn Jakobs, komi\u00f0,<br \/>g\u00f6ngum \u00ed lj\u00f3si Drottins. <\/span> <\/p>\n<h3 class=\"millifyrirsogn_2007\">Dagur Drottins<\/h3>\n<p><span class=\"ljodatexti\"> <a name=\"6\"><span class=\"versanumer_ljod\">6<\/span><\/a>\u00de\u00fa hefur hafna\u00f0 \u00e6tt Jakobs, l\u00fd\u00f0 \u00fe\u00ednum, <br \/>\u00fev\u00ed a\u00f0 h\u00fan er uppfull af austr\u00e6nni hj\u00e1tr\u00fa<br \/>og sp\u00e1s\u00f6gnum eins og Filistear i\u00f0ka<br \/>og handsalar samning vi\u00f0 \u00fatlendinga. <span class=\"nedan_mal\" title=\" \u00d6nnur hugsanleg \u00fe\u00fd\u00f0ing: \u00feeir klappa l\u00f3funum me\u00f0 \u00fatlendingum.\">[<\/span> <br \/> <\/span> <span class=\"ljodatexti\"> <a name=\"7\"><span class=\"versanumer_ljod\">7<\/span><\/a>Land \u00feeirra er fullt af silfri og gulli <br \/>og fj\u00e1rsj\u00f3\u00f0ir \u00feeirra eru \u00f3\u00ferj\u00f3tandi.<br \/>Land \u00feeirra er fullt af hestum<br \/>og hervagnar \u00feeirra \u00f3teljandi.<br \/> <\/span> <span class=\"ljodatexti\"> <a name=\"8\"><span class=\"versanumer_ljod\">8<\/span><\/a>Land \u00feeirra er fullt af skur\u00f0go\u00f0um,<br \/>menn falla fram fyrir eigin handaverkum,<br \/>fyrir \u00fev\u00ed sem fingur \u00feeirra hafa gert.<br \/> <\/span> <span class=\"ljodatexti\"> <a name=\"9\"><span class=\"versanumer_ljod\">9<\/span><\/a>\u00de\u00e1 var ma\u00f0urinn beyg\u00f0ur<br \/>og mannkindin au\u00f0m\u00fdkt.<br \/>Fyrirgef \u00feeim eigi.<br \/> <\/span> <span class=\"ljodatexti\"> <a name=\"10\"><span class=\"versanumer_ljod\">10<\/span><\/a>Gakk inn \u00ed bergi\u00f0,<br \/>fel \u00feig \u00ed j\u00f6r\u00f0u<br \/>fyrir \u00f3gn Drottins<br \/>og lj\u00f3ma h\u00e1tignar hans.<br \/> <\/span> <span class=\"ljodatexti\"> <a name=\"11\"><span class=\"versanumer_ljod\">11<\/span><\/a>Hrokafull augu manna munu au\u00f0m\u00fdkt<br \/>og dramb \u00feeirra l\u00e6gt.<br \/>Drottinn einn mun upphafinn<br \/>\u00e1 \u00feeim degi.<br \/> <\/span> <span class=\"ljodatexti\"> <a name=\"12\"><span class=\"versanumer_ljod\">12<\/span><\/a>Dagur Drottins herskaranna kemur<br \/>yfir allt drambl\u00e1tt og hrokafullt,<br \/>yfir allt sem gn\u00e6fir h\u00e1tt, <br \/> <\/span> <span class=\"ljodatexti\"> <a name=\"13\"><span class=\"versanumer_ljod\">13<\/span><\/a>yfir \u00f6ll sedrustr\u00e9 \u00e1 L\u00edbanon,<br \/>h\u00e1 og gn\u00e6fandi,<br \/>og allar Basanseikur,<br \/> <\/span> <span class=\"ljodatexti\"> <a name=\"14\"><span class=\"versanumer_ljod\">14<\/span><\/a>yfir \u00f6ll gn\u00e6fandi fj\u00f6ll<br \/>og yfir allar h\u00e1ar h\u00e6\u00f0ir,<br \/> <\/span> <span class=\"ljodatexti\"> <a name=\"15\"><span class=\"versanumer_ljod\">15<\/span><\/a>yfir alla h\u00e1reista turna,<br \/>yfir alla \u00f3kleifa borgarm\u00fara,<br \/> <\/span> <span class=\"ljodatexti\"> <a name=\"16\"><span class=\"versanumer_ljod\">16<\/span><\/a>yfir \u00f6ll Tarsisskip,<br \/>yfir \u00f6ll skip hla\u00f0in glysi.<br \/> <\/span> <span class=\"ljodatexti\"> <a name=\"17\"><span class=\"versanumer_ljod\">17<\/span><\/a>\u00de\u00e1 ver\u00f0ur hroki mannanna beyg\u00f0ur<br \/>og dramb \u00feeirra l\u00e6gt.<br \/>Drottinn einn mun upphafinn \u00e1 \u00feeim degi.<br \/> <\/span> <span class=\"ljodatexti\"> <a name=\"18\"><span class=\"versanumer_ljod\">18<\/span><\/a>Skur\u00f0go\u00f0in munu hverfa me\u00f0 \u00f6llu.<br \/> <\/span> <span class=\"ljodatexti\"> <a name=\"19\"><span class=\"versanumer_ljod\">19<\/span><\/a>Fl\u00fdi\u00f0 \u00ed klettahella<br \/>og \u00ed gj\u00f3tur \u00ed j\u00f6r\u00f0inni<br \/>fyrir \u00f3gn Drottins<br \/>og lj\u00f3ma h\u00e1tignar hans<br \/>\u00feegar hann r\u00eds upp og skelfir j\u00f6r\u00f0ina.<br \/> <\/span> <span class=\"ljodatexti\"> <a name=\"20\"><span class=\"versanumer_ljod\">20<\/span><\/a>\u00c1 \u00feeim degi varpa menn fyrir moldv\u00f6rpur og le\u00f0urbl\u00f6kur <br \/>silfurgo\u00f0um s\u00ednum og gullgo\u00f0um <br \/>sem \u00feeir ger\u00f0u s\u00e9r til a\u00f0 tilbi\u00f0ja.<br \/> <\/span> <span class=\"ljodatexti\"> <a name=\"21\"><span class=\"versanumer_ljod\">21<\/span><\/a>\u00deeir munu leita inn \u00ed klettask\u00fata og hamraskorur<br \/>undan \u00f3gn Drottins<br \/>og lj\u00f3ma h\u00e1tignar hans<br \/>\u00feegar hann r\u00eds upp og skelfir j\u00f6r\u00f0ina.<br \/> <\/span> <span class=\"ljodatexti\"> <a name=\"22\"><span class=\"versanumer_ljod\">22<\/span><\/a> H\u00e6tti\u00f0 a\u00f0 treysta m\u00f6nnum, <br \/>hverfulan l\u00edfsanda hafa \u00feeir \u00ed n\u00f6sum,<br \/>hvers vir\u00f0i er hann? <\/span> <\/p>\n","protected":false},"excerpt":{"rendered":"<p>\u00c6varandi fri\u00f0ur 1 \u00deetta er \u00fea\u00f0 sem Jesaja Amotssyni vitra\u00f0ist um J\u00fada og Jer\u00fasalem. Fri\u00f0ur 2\u00dea\u00f0 skal ver\u00f0a \u00e1 komandi d\u00f6guma\u00f0 fjalli\u00f0, sem h\u00fas Drottins stendur \u00e1, bifast ekki, \u00fea\u00f0 ber yfir h\u00e6stu fjallstinda og gn\u00e6fir yfir allar h\u00e6\u00f0ir.\u00deanga\u00f0 munu allar \u00fej\u00f3\u00f0ir streyma 3og margir l\u00fd\u00f0ir koma og segja: \u201eKomi\u00f0, g\u00f6ngum upp \u00e1 fjall Drottins,til h\u00fass Jakobs Gu\u00f0ssvo a\u00f0 hann v\u00edsi oss vegu s\u00ednaog v\u00e9r getum gengi\u00f0 brautir hans.\u201c \u00dev\u00ed a\u00f0 fyrirm\u00e6li koma fr\u00e1 S\u00edon,or\u00f0 Drottins fr\u00e1 Jer\u00fasalem. 4Og hann mun d\u00e6ma me\u00f0al l\u00fd\u00f0annaog skera \u00far m\u00e1lum margra \u00fej\u00f3\u00f0a.Og \u00fe\u00e6r munu sm\u00ed\u00f0a pl\u00f3gj\u00e1rn \u00far sver\u00f0um s\u00ednumog sni\u00f0la \u00far spj\u00f3tum s\u00ednum. <a href=\"https:\/\/biblian.is\/biblian\/jesaja-2-kafli\/\"> [&#8230;]<\/a><\/p>\n","protected":false},"author":1,"featured_media":0,"parent":0,"menu_order":0,"comment_status":"open","ping_status":"open","template":"bibliukaflar_NT.php","meta":{"footnotes":""},"class_list":["post-2298","page","type-page","status-publish","hentry"],"_links":{"self":[{"href":"https:\/\/biblian.is\/biblian\/wp-json\/wp\/v2\/pages\/2298","targetHints":{"allow":["GET"]}}],"collection":[{"href":"https:\/\/biblian.is\/biblian\/wp-json\/wp\/v2\/pages"}],"about":[{"href":"https:\/\/biblian.is\/biblian\/wp-json\/wp\/v2\/types\/page"}],"author":[{"embeddable":true,"href":"https:\/\/biblian.is\/biblian\/wp-json\/wp\/v2\/users\/1"}],"replies":[{"embeddable":true,"href":"https:\/\/biblian.is\/biblian\/wp-json\/wp\/v2\/comments?post=2298"}],"version-history":[{"count":0,"href":"https:\/\/biblian.is\/biblian\/wp-json\/wp\/v2\/pages\/2298\/revisions"}],"wp:attachment":[{"href":"https:\/\/biblian.is\/biblian\/wp-json\/wp\/v2\/media?parent=2298"}],"curies":[{"name":"wp","href":"https:\/\/api.w.org\/{rel}","templated":true}]}}