{"id":2297,"date":"2017-12-30T21:02:32","date_gmt":"2017-12-30T21:02:32","guid":{"rendered":"http:\/\/biblian.is\/biblian\/jesaja-1-kafli\/"},"modified":"2024-05-06T22:28:24","modified_gmt":"2024-05-06T22:28:24","slug":"jesaja-1-kafli","status":"publish","type":"page","link":"https:\/\/biblian.is\/biblian\/jesaja-1-kafli\/","title":{"rendered":"Jesaja 1. kafli"},"content":{"rendered":"<h2 class=\"millifyrirsogn_2007\"> Fyrsti hluti<\/h2>\n<p><a name=\"1\"><span class=\"versanumer_2007\">1<\/span><\/a> Vitrun Jesaja Amotssonar um J\u00fada og Jer\u00fasalem sem hann f\u00e9kk \u00ed stj\u00f3rnart\u00ed\u00f0 \u00dass\u00eda, J\u00f3tams, Akasar og Hisk\u00eda, konunga \u00ed J\u00fada.<\/p>\n<h3 class=\"millifyrirsogn_2007\">Drottinn \u00e1k\u00e6rir \u00fej\u00f3\u00f0 s\u00edna<\/h3>\n<p><span class=\"ljodatexti\"> <a name=\"2\"><span class=\"versanumer_ljod\">2<\/span><\/a>Heyr \u00fe\u00fa, himinn,<br \/>hlusta \u00fe\u00fa, j\u00f6r\u00f0,<br \/>\u00fev\u00ed a\u00f0 Drottinn talar.<br \/>\u00c9g hef f\u00f3stra\u00f0 b\u00f6rn og ali\u00f0 \u00feau upp<br \/>en \u00feau hafa brug\u00f0ist m\u00e9r.<br \/> <\/span> <span class=\"ljodatexti\"> <a name=\"3\"><span class=\"versanumer_ljod\">3<\/span><\/a>Uxinn \u00feekkir eiganda sinn<br \/>og asninn j\u00f6tu h\u00fasb\u00f3nda s\u00edns<br \/>en \u00cdsrael \u00feekkir ekki,<br \/>f\u00f3lk mitt skilur ekki.<br \/> <\/span> <span class=\"ljodatexti\"> <a name=\"4\"><span class=\"versanumer_ljod\">4<\/span><\/a>Vei syndugri \u00fej\u00f3\u00f0,<br \/>l\u00fd\u00f0 sem hla\u00f0inn er misgj\u00f6r\u00f0um,<br \/>ni\u00f0jum illr\u00e6\u00f0ismanna,<br \/>spilltum b\u00f6rnum.<br \/>\u00de\u00e9r hafi\u00f0 yfirgefi\u00f0 Drottin,<br \/>hafna\u00f0 Hinum heilaga \u00cdsraels<br \/>og sn\u00fai\u00f0 baki vi\u00f0 honum.<br \/> <\/span> <span class=\"ljodatexti\"> <a name=\"5\"><span class=\"versanumer_ljod\">5<\/span><\/a>Hvar m\u00e1 enn lj\u00f3sta y\u00f0ur<br \/>sem s\u00edfellt eru\u00f0 fr\u00e1hverfir?<br \/>H\u00f6fu\u00f0i\u00f0 er allt \u00ed s\u00e1rum,<br \/>hjarta\u00f0 allt sj\u00fakt.<br \/> <\/span> <span class=\"ljodatexti\"> <a name=\"6\"><span class=\"versanumer_ljod\">6<\/span><\/a>Fr\u00e1 hvirfli til ilja er ekkert heilt,<br \/>hvarvetna mar, undir og opin s\u00e1r<br \/>sem hvorki eru hreinsu\u00f0 n\u00e9 bundi\u00f0 um<br \/>n\u00e9 m\u00fdkt me\u00f0 ol\u00edu.<br \/> <\/span> <span class=\"ljodatexti\"> <a name=\"7\"><span class=\"versanumer_ljod\">7<\/span><\/a>Land y\u00f0ar er au\u00f0n,<br \/>borgirnar brenndar.<br \/>Fyrir augum y\u00f0ar gleypa \u00fatlendingar akurland y\u00f0ar,<br \/>\u00fea\u00f0 er ey\u00f0im\u00f6rk<br \/>l\u00edkt og var\u00f0 \u00feegar S\u00f3d\u00f3mu var eytt.<br \/> <\/span> <span class=\"ljodatexti\"> <a name=\"8\"><span class=\"versanumer_ljod\">8<\/span><\/a>D\u00f3ttirin S\u00edon er ein eftir<br \/>eins og sk\u00fdli \u00ed v\u00edngar\u00f0i,<br \/>eins og afdrep \u00e1 g\u00farkuakri,<br \/>eins og umsetin borg.<br \/> <\/span> <span class=\"ljodatexti\"> <a name=\"9\"><span class=\"versanumer_ljod\">9<\/span><\/a>Hef\u00f0i Drottinn allsherjar<br \/>ekki l\u00e1ti\u00f0 oss eftir \u00f6rf\u00e1a sem bj\u00f6rgu\u00f0ust,<br \/>hef\u00f0um v\u00e9r or\u00f0i\u00f0 eins og S\u00f3d\u00f3ma,<br \/>l\u00edkst G\u00f3morru. <\/span> <\/p>\n<h3 class=\"millifyrirsogn_2007\">F\u00e1n\u00fdtar f\u00f3rnir<\/h3>\n<p><span class=\"ljodatexti\"> <a name=\"10\"><span class=\"versanumer_ljod\">10<\/span><\/a>Heyri\u00f0 or\u00f0 Drottins,<br \/>h\u00f6f\u00f0ingjar S\u00f3d\u00f3mu.<br \/>Hl\u00fd\u00f0i\u00f0 \u00e1 lei\u00f0s\u00f6gn Gu\u00f0s vors,<br \/>\u00edb\u00faar G\u00f3morru:<br \/> <\/span> <span class=\"ljodatexti\"> <a name=\"11\"><span class=\"versanumer_ljod\">11<\/span><\/a>Hva\u00f0 var\u00f0a mig y\u00f0ar m\u00f6rgu sl\u00e1turf\u00f3rnir?<br \/>spyr Drottinn.<br \/>\u00c9g hef fengi\u00f0 of miki\u00f0 af brennif\u00f3rnum hr\u00fata<br \/>og feiti alik\u00e1lfa,<br \/>\u00ed bl\u00f3\u00f0 \u00far nautum, l\u00f6mbum og geitum langar mig ekki.<br \/> <\/span> <span class=\"ljodatexti\"> <a name=\"12\"><span class=\"versanumer_ljod\">12<\/span><\/a>\u00deegar \u00fe\u00e9r komi\u00f0 til a\u00f0 l\u00edta auglit mitt,<br \/>hver hefur \u00fe\u00e1 be\u00f0i\u00f0 y\u00f0ur<br \/>a\u00f0 tra\u00f0ka forgar\u00f0a m\u00edna?<br \/> <\/span> <span class=\"ljodatexti\"> <a name=\"13\"><span class=\"versanumer_ljod\">13<\/span><\/a>F\u00e6ri\u00f0 m\u00e9r ekki framar f\u00e1n\u00fdtar kornf\u00f3rnir,<br \/>reykelsi er m\u00e9r vi\u00f0urstygg\u00f0.<br \/>Tunglkomudagar, hv\u00edldardagar og h\u00e1t\u00ed\u00f0arsamkomur, <br \/>\u00e9g \u00feoli ekki a\u00f0 saman fari rangl\u00e6ti og h\u00e1t\u00ed\u00f0arglaumur.<br \/> <\/span> <span class=\"ljodatexti\"> <a name=\"14\"><span class=\"versanumer_ljod\">14<\/span><\/a>\u00c9g hata tunglkomudaga y\u00f0ar og h\u00e1t\u00ed\u00f0ir,<br \/>\u00fe\u00e6r eru m\u00e9r byr\u00f0i,<br \/>\u00e9g er or\u00f0inn \u00fereyttur \u00e1 a\u00f0 bera \u00fe\u00e6r.<br \/> <\/span> <span class=\"ljodatexti\"> <a name=\"15\"><span class=\"versanumer_ljod\">15<\/span><\/a>\u00deegar \u00fe\u00e9r lyfti\u00f0 h\u00f6ndum y\u00f0ar \u00ed \u00e1tt til m\u00edn<br \/>loka \u00e9g augunum<br \/>og \u00fe\u00f3tt \u00fe\u00e9r bi\u00f0ji\u00f0 margra b\u00e6na<br \/>heyri \u00e9g ekki.<br \/>Hendur y\u00f0ar eru ata\u00f0ar bl\u00f3\u00f0i.<br \/> <\/span> <span class=\"ljodatexti\"> <a name=\"16\"><span class=\"versanumer_ljod\">16<\/span><\/a>\u00devoi\u00f0 y\u00f0ur! Hreinsi\u00f0 y\u00f0ur!<br \/>Fjarl\u00e6gi\u00f0 illvirki y\u00f0ar fr\u00e1 augum m\u00ednum.<br \/>H\u00e6tti\u00f0 a\u00f0 gera illt, <br \/> <\/span> <span class=\"ljodatexti\"> <a name=\"17\"><span class=\"versanumer_ljod\">17<\/span><\/a>l\u00e6ri\u00f0 a\u00f0 gera gott,<br \/>leiti\u00f0 r\u00e9ttarins,<br \/>hj\u00e1lpi\u00f0 hinum k\u00faga\u00f0a.<br \/>Reki\u00f0 r\u00e9ttar muna\u00f0arleysingjans. <br \/>Verji\u00f0 m\u00e1l ekkjunnar.<br \/> <\/span> <span class=\"ljodatexti\"> <a name=\"18\"><span class=\"versanumer_ljod\">18<\/span><\/a>Komi\u00f0, v\u00e9r skulum eigast l\u00f6g vi\u00f0, <br \/>segir Drottinn.<br \/>\u00de\u00f3 a\u00f0 syndir y\u00f0ar s\u00e9u sem skarlat <br \/>skulu \u00fe\u00e6r ver\u00f0a hv\u00edtar sem mj\u00f6ll.<br \/>\u00de\u00f3 a\u00f0 \u00fe\u00e6r s\u00e9u rau\u00f0ar sem purpuri <br \/>skulu \u00fe\u00e6r ver\u00f0a sem ull. <span class=\"nedan_mal\" title=\" Annar lesh\u00e1ttur: S\u00e9u syndir y\u00f0ar skarlatsrau\u00f0ar, eru \u00fe\u00e6r \u00fe\u00e1 hv\u00edtar sem mj\u00f6ll? S\u00e9u \u00fe\u00e6r purpurarau\u00f0ar, eru \u00fe\u00e6r \u00fe\u00e1 sem ull?\">[<\/span> <br \/> <\/span> <span class=\"ljodatexti\"> <a name=\"19\"><span class=\"versanumer_ljod\">19<\/span><\/a>Ef \u00fe\u00e9r eru\u00f0 au\u00f0sveipir og hl\u00fd\u00f0nir<br \/>skulu\u00f0 \u00fe\u00e9r nj\u00f3ta landsins g\u00e6\u00f0a<br \/> <\/span> <span class=\"ljodatexti\"> <a name=\"20\"><span class=\"versanumer_ljod\">20<\/span><\/a>en s\u00e9u\u00f0 \u00fe\u00e9r \u00f3hl\u00fd\u00f0nir og \u00ferj\u00f3skir<br \/>ver\u00f0i\u00f0 \u00fe\u00e9r sver\u00f0i bitnir.<br \/>Munnur Drottins hefur tala\u00f0 \u00fea\u00f0. <\/span> <\/p>\n<h3 class=\"millifyrirsogn_2007\">D\u00f3mur yfir Jer\u00fasalem<\/h3>\n<p><span class=\"ljodatexti\"> <a name=\"21\"><span class=\"versanumer_ljod\">21<\/span><\/a>Hin tr\u00fafasta borg er or\u00f0in sk\u00e6kja,<br \/>h\u00fan sem var full af r\u00e9ttv\u00edsi.<br \/>Fyrrum bj\u00f3 r\u00e9ttl\u00e6ti \u00ed henni<br \/>en n\u00fa mor\u00f0ingjar.<br \/> <\/span> <span class=\"ljodatexti\"> <a name=\"22\"><span class=\"versanumer_ljod\">22<\/span><\/a> Silfur \u00feitt er or\u00f0i\u00f0 a\u00f0 sora,<br \/>v\u00edn \u00feitt blanda\u00f0 vatni.<br \/> <\/span> <span class=\"ljodatexti\"> <a name=\"23\"><span class=\"versanumer_ljod\">23<\/span><\/a> Lei\u00f0togar \u00fe\u00ednir eru uppreisnarmenn<br \/>og lagsmenn \u00fej\u00f3fa.<br \/>Allir eru \u00feeir m\u00fatu\u00fe\u00e6gir<br \/>og s\u00e6kjast eftir gj\u00f6fum. <br \/>\u00deeir reka ekki r\u00e9ttar muna\u00f0arlausra<br \/>og m\u00e1lefni ekkjunnar koma ekki fyrir \u00fe\u00e1.<br \/> <\/span> <span class=\"ljodatexti\"> <a name=\"24\"><span class=\"versanumer_ljod\">24<\/span><\/a> \u00deess vegna segir Drottinn allsherjar, <br \/>hinn voldugi \u00ed \u00cdsrael:<br \/>Vei, \u00e9g mun svala m\u00e9r \u00e1 andst\u00e6\u00f0ingum m\u00ednum,<br \/>hefna m\u00edn \u00e1 \u00f3vinum m\u00ednum.<br \/> <\/span> <span class=\"ljodatexti\"> <a name=\"25\"><span class=\"versanumer_ljod\">25<\/span><\/a> \u00c9g \u00e6tla a\u00f0 sn\u00faa hendi minni gegn \u00fe\u00e9r<br \/>og hreinsa \u00far \u00fe\u00e9r sorann me\u00f0 l\u00fat<br \/>og skilja fr\u00e1 allt bl\u00fdi\u00f0. <br \/> <\/span> <span class=\"ljodatexti\"> <a name=\"26\"><span class=\"versanumer_ljod\">26<\/span><\/a> \u00de\u00e1 mun \u00e9g f\u00e1 \u00fe\u00e9r d\u00f3mara eins og \u00fe\u00e1 sem voru \u00ed \u00f6ndver\u00f0u<br \/>og r\u00e1\u00f0gjafa l\u00edka \u00feeim sem voru \u00ed upphafi.<br \/>Eftir \u00fea\u00f0 ver\u00f0ur \u00fe\u00fa nefnd Borg r\u00e9ttl\u00e6tisins, <br \/>Virki\u00f0 tr\u00fafasta.<br \/> <\/span> <span class=\"ljodatexti\"> <a name=\"27\"><span class=\"versanumer_ljod\">27<\/span><\/a> S\u00edon ver\u00f0ur frelsu\u00f0 me\u00f0 r\u00e9ttv\u00edsi <br \/>og me\u00f0 r\u00e9ttl\u00e6ti \u00feeir sem i\u00f0rast.<br \/> <\/span> <span class=\"ljodatexti\"> <a name=\"28\"><span class=\"versanumer_ljod\">28<\/span><\/a> En l\u00f6gbrj\u00f3tar og syndarar ver\u00f0a uppr\u00e6ttir<br \/>og \u00feeim sem yfirgefa Drottin ver\u00f0ur eytt.<br \/> <\/span> <span class=\"ljodatexti\"> <a name=\"29\"><span class=\"versanumer_ljod\">29<\/span><\/a> \u00de\u00e9r munu\u00f0 skammast y\u00f0ar fyrir eikurnar <span class=\"nedan_mal\" title=\" Eikurnar voru heil\u00f6g tr\u00e9 me\u00f0al Kanverja, t\u00e1kn um l\u00edfskraftinn sj\u00e1lfan.\">[<\/span> <br \/>sem \u00fe\u00e9r hafi\u00f0 m\u00e6tur \u00e1<br \/>og ro\u00f0na af blyg\u00f0un vegna gar\u00f0anna<br \/>sem \u00fe\u00e9r kusu\u00f0 y\u00f0ur.<br \/> <\/span> <span class=\"ljodatexti\"> <a name=\"30\"><span class=\"versanumer_ljod\">30<\/span><\/a> \u00de\u00e9r ver\u00f0i\u00f0 sj\u00e1lfir eins og eik<br \/>me\u00f0 visnu\u00f0u laufi, <span class=\"nedan_mal\" title=\" Palest\u00ednueikin er s\u00edgr\u00e6n. Visnun laufsins bendir \u00fev\u00ed til \u00feess a\u00f0 tr\u00e9\u00f0 s\u00e9 dautt.\">[<\/span> <br \/>eins og lundur<br \/>\u00e1n vatns.<br \/> <\/span> <span class=\"ljodatexti\"> <a name=\"31\"><span class=\"versanumer_ljod\">31<\/span><\/a> \u00de\u00e1 ver\u00f0ur hinn voldugi a\u00f0 h\u00e1lmi<br \/>og verk hans neisti,<br \/>hvort tveggja brennur \u00ed senn<br \/>og enginn til a\u00f0 sl\u00f6kkva. <\/span> <\/p>\n","protected":false},"excerpt":{"rendered":"<p>Fyrsti hluti 1 Vitrun Jesaja Amotssonar um J\u00fada og Jer\u00fasalem sem hann f\u00e9kk \u00ed stj\u00f3rnart\u00ed\u00f0 \u00dass\u00eda, J\u00f3tams, Akasar og Hisk\u00eda, konunga \u00ed J\u00fada. Drottinn \u00e1k\u00e6rir \u00fej\u00f3\u00f0 s\u00edna 2Heyr \u00fe\u00fa, himinn,hlusta \u00fe\u00fa, j\u00f6r\u00f0,\u00fev\u00ed a\u00f0 Drottinn talar.\u00c9g hef f\u00f3stra\u00f0 b\u00f6rn og ali\u00f0 \u00feau uppen \u00feau hafa brug\u00f0ist m\u00e9r. 3Uxinn \u00feekkir eiganda sinnog asninn j\u00f6tu h\u00fasb\u00f3nda s\u00ednsen \u00cdsrael \u00feekkir ekki,f\u00f3lk mitt skilur ekki. 4Vei syndugri \u00fej\u00f3\u00f0,l\u00fd\u00f0 sem hla\u00f0inn er misgj\u00f6r\u00f0um,ni\u00f0jum illr\u00e6\u00f0ismanna,spilltum b\u00f6rnum.\u00de\u00e9r hafi\u00f0 yfirgefi\u00f0 Drottin,hafna\u00f0 Hinum heilaga \u00cdsraelsog sn\u00fai\u00f0 baki vi\u00f0 honum. 5Hvar m\u00e1 enn lj\u00f3sta y\u00f0ursem s\u00edfellt eru\u00f0 fr\u00e1hverfir?H\u00f6fu\u00f0i\u00f0 er allt \u00ed s\u00e1rum,hjarta\u00f0 allt sj\u00fakt. 6Fr\u00e1 hvirfli til ilja er ekkert heilt,hvarvetna <a href=\"https:\/\/biblian.is\/biblian\/jesaja-1-kafli\/\"> [&#8230;]<\/a><\/p>\n","protected":false},"author":1,"featured_media":0,"parent":0,"menu_order":0,"comment_status":"open","ping_status":"open","template":"bibliukaflar_NT.php","meta":{"footnotes":""},"class_list":["post-2297","page","type-page","status-publish","hentry"],"_links":{"self":[{"href":"https:\/\/biblian.is\/biblian\/wp-json\/wp\/v2\/pages\/2297","targetHints":{"allow":["GET"]}}],"collection":[{"href":"https:\/\/biblian.is\/biblian\/wp-json\/wp\/v2\/pages"}],"about":[{"href":"https:\/\/biblian.is\/biblian\/wp-json\/wp\/v2\/types\/page"}],"author":[{"embeddable":true,"href":"https:\/\/biblian.is\/biblian\/wp-json\/wp\/v2\/users\/1"}],"replies":[{"embeddable":true,"href":"https:\/\/biblian.is\/biblian\/wp-json\/wp\/v2\/comments?post=2297"}],"version-history":[{"count":0,"href":"https:\/\/biblian.is\/biblian\/wp-json\/wp\/v2\/pages\/2297\/revisions"}],"wp:attachment":[{"href":"https:\/\/biblian.is\/biblian\/wp-json\/wp\/v2\/media?parent=2297"}],"curies":[{"name":"wp","href":"https:\/\/api.w.org\/{rel}","templated":true}]}}