{"id":2296,"date":"2017-12-30T21:02:32","date_gmt":"2017-12-30T21:02:32","guid":{"rendered":"http:\/\/biblian.is\/biblian\/lj%c2%97_alj%c2%97_in-8-kafli\/"},"modified":"2023-02-24T16:28:39","modified_gmt":"2023-02-24T16:28:39","slug":"ljodaljodin-8-kafli","status":"publish","type":"page","link":"https:\/\/biblian.is\/biblian\/ljodaljodin-8-kafli\/","title":{"rendered":"Lj\u00f3\u00f0alj\u00f3\u00f0in 8. kafli"},"content":{"rendered":"<p><span class=\"ljodatexti\"> <a name=\"1\"><span class=\"versanumer_ljod\">1<\/span><\/a>\u00d3, a\u00f0 \u00fe\u00fa v\u00e6rir br\u00f3\u00f0ir minn<br \/>sem m\u00f3\u00f0ir m\u00edn hef\u00f0i haft \u00e1 brj\u00f3sti,<br \/>hitti \u00e9g \u00feig \u00e1 str\u00e6tinu mundi \u00e9g kyssa \u00feig<br \/>og enginn fyrirliti mig.<br \/> <\/span> <span class=\"ljodatexti\"> <a name=\"2\"><span class=\"versanumer_ljod\">2<\/span><\/a>\u00de\u00e1 t\u00e6ki \u00e9g \u00feig vi\u00f0 h\u00f6nd m\u00e9r<br \/>og leiddi \u00feig heim til m\u00f3\u00f0ur minnar,<br \/>\u00ed h\u00fas hennar sem \u00f3l mig;<br \/>\u00fear g\u00e6fi \u00e9g \u00fe\u00e9r af kryddv\u00edni m\u00ednu,<br \/>safa granateplanna.<br \/> <\/span> <span class=\"ljodatexti\"> <a name=\"3\"><span class=\"versanumer_ljod\">3<\/span><\/a>Vinstri h\u00f6nd \u00fe\u00edn s\u00e9 undir h\u00f6f\u00f0i m\u00e9r,<br \/> hin h\u00e6gri fa\u00f0mi mig.<br \/> <\/span> <span class=\"ljodatexti\"> <a name=\"4\"><span class=\"versanumer_ljod\">4<\/span><\/a>\u00c9g s\u00e6ri y\u00f0ur, Jer\u00fasalemd\u00e6tur,<br \/>trufli\u00f0 ekki, veki\u00f0 ekki \u00e1stina,<br \/>fyrr en h\u00fan sj\u00e1lf vill. <\/span> <\/p>\n<h3 class=\"millifyrirsogn_2007\">(K\u00f3r) <\/h3>\n<p><span class=\"ljodatexti\"> <a name=\"5\"><span class=\"versanumer_ljod\">5<\/span><\/a>Hver er s\u00fa sem kemur \u00fearna af berangri<br \/>og lei\u00f0ir elskhuga sinn? <\/span>  <\/p>\n<h3 class=\"millifyrirsogn_2007\">(H\u00fan)<\/h3>\n<p> <span class=\"ljodatexti\"> Undir eplatr\u00e9nu vakti \u00e9g \u00feig,<br \/>\u00fear var\u00f0 m\u00f3\u00f0ir \u00fe\u00edn \u00feungu\u00f0 a\u00f0 \u00fe\u00e9r<br \/>og \u00fear f\u00e6ddi \u00feig s\u00fa sem \u00feungu\u00f0 var.<br \/> <\/span> <span class=\"ljodatexti\"> <a name=\"6\"><span class=\"versanumer_ljod\">6<\/span><\/a>Settu mig sem innsigli \u00e1 hjarta \u00feitt,<br \/>eins og innsigli \u00e1 arm \u00feinn,<br \/>\u00fev\u00ed a\u00f0 \u00e1stin er sterk eins og dau\u00f0inn<br \/>og \u00e1str\u00ed\u00f0an v\u00e6g\u00f0arlaus sem hel;<br \/>h\u00fan er brennandi b\u00e1l,<br \/>sk\u00ed\u00f0logandi eldur. <span class=\"nedan_mal\" title=\" Annar lesh\u00e1ttur: logi Drottins.\">[<\/span> <br \/> <\/span> <span class=\"ljodatexti\"> <a name=\"7\"><span class=\"versanumer_ljod\">7<\/span><\/a>Vatnsflaumur f\u00e6r ekki sl\u00f6kkt \u00e1stina,<br \/>st\u00f3rflj\u00f3t ekki drekkt henni,<br \/>bj\u00f3\u00f0i ma\u00f0ur aleigu s\u00edna fyrir \u00e1stina<br \/>uppsker hann a\u00f0eins h\u00e1\u00f0. <\/span> <\/p>\n<h3 class=\"millifyrirsogn_2007\">(K\u00f3r)<\/h3>\n<p><span class=\"ljodatexti\"> <a name=\"8\"><span class=\"versanumer_ljod\">8<\/span><\/a>Litla systur eigum v\u00e9r,<br \/>henni eru ekki vaxin brj\u00f3st.<br \/>Hva\u00f0 eigum v\u00e9r a\u00f0 gera vi\u00f0 systur vora<br \/>\u00e1 festardegi hennar?<br \/> <\/span> <span class=\"ljodatexti\"> <a name=\"9\"><span class=\"versanumer_ljod\">9<\/span><\/a>S\u00e9 h\u00fan m\u00farveggur<br \/>reisum v\u00e9r \u00e1 honum silfurvirki,<br \/>s\u00e9 h\u00fan hur\u00f0<br \/>\u00feekjum v\u00e9r hana sedrusvi\u00f0i. <\/span> <\/p>\n<h3 class=\"millifyrirsogn_2007\">(H\u00fan)<\/h3>\n<p><span class=\"ljodatexti\"> <a name=\"10\"><span class=\"versanumer_ljod\">10<\/span><\/a>\u00c9g er m\u00farveggur<br \/>og brj\u00f3st m\u00edn eins og turnar,<br \/>\u00ed augum hans var\u00f0 \u00e9g<br \/>s\u00fa sem veitir fri\u00f0. <\/span> <\/p>\n<h3 class=\"millifyrirsogn_2007\">(Hann)<\/h3>\n<p><span class=\"ljodatexti\"> <a name=\"11\"><span class=\"versanumer_ljod\">11<\/span><\/a>Sal\u00f3mon \u00e1tti v\u00ednekru \u00ed Baal Hamon.<br \/>Hann setti ver\u00f0i um v\u00ednekruna,<br \/>fyrir \u00e1vexti hennar skyldi hver ma\u00f0ur<br \/>grei\u00f0a \u00fe\u00fasund sikla silfurs.<br \/> <\/span> <span class=\"ljodatexti\"> <a name=\"12\"><span class=\"versanumer_ljod\">12<\/span><\/a>\u00c9g \u00e1 eigin v\u00ednekru.<br \/>Eig\u00f0u \u00fe\u00fasundin, Sal\u00f3mon,<br \/>og tv\u00f6 hundru\u00f0 \u00feeir sem \u00e1vaxtarins g\u00e6ta.<br \/> <\/span> <span class=\"ljodatexti\"> <a name=\"13\"><span class=\"versanumer_ljod\">13<\/span><\/a>\u00de\u00fa sem dvelst \u00ed g\u00f6r\u00f0unum,<br \/>vinirnir hlusta eftir r\u00f6dd \u00feinni,<br \/>en l\u00e1ttu mig heyra hana. <\/span> <\/p>\n<h3 class=\"millifyrirsogn_2007\">(H\u00fan)<\/h3>\n<p><span class=\"ljodatexti\"> <a name=\"14\"><span class=\"versanumer_ljod\">14<\/span><\/a>Skunda\u00f0u, elskhugi minn,<br \/>upp til ilmfjallanna<br \/>l\u00edkur d\u00e1d\u00fdri, l\u00edkur hindark\u00e1lfi. <\/span> <\/p>\n","protected":false},"excerpt":{"rendered":"<p>1\u00d3, a\u00f0 \u00fe\u00fa v\u00e6rir br\u00f3\u00f0ir minnsem m\u00f3\u00f0ir m\u00edn hef\u00f0i haft \u00e1 brj\u00f3sti,hitti \u00e9g \u00feig \u00e1 str\u00e6tinu mundi \u00e9g kyssa \u00feigog enginn fyrirliti mig. 2\u00de\u00e1 t\u00e6ki \u00e9g \u00feig vi\u00f0 h\u00f6nd m\u00e9rog leiddi \u00feig heim til m\u00f3\u00f0ur minnar,\u00ed h\u00fas hennar sem \u00f3l mig;\u00fear g\u00e6fi \u00e9g \u00fe\u00e9r af kryddv\u00edni m\u00ednu,safa granateplanna. 3Vinstri h\u00f6nd \u00fe\u00edn s\u00e9 undir h\u00f6f\u00f0i m\u00e9r, hin h\u00e6gri fa\u00f0mi mig. 4\u00c9g s\u00e6ri y\u00f0ur, Jer\u00fasalemd\u00e6tur,trufli\u00f0 ekki, veki\u00f0 ekki \u00e1stina,fyrr en h\u00fan sj\u00e1lf vill. (K\u00f3r) 5Hver er s\u00fa sem kemur \u00fearna af berangriog lei\u00f0ir elskhuga sinn? (H\u00fan) Undir eplatr\u00e9nu vakti \u00e9g \u00feig,\u00fear var\u00f0 m\u00f3\u00f0ir \u00fe\u00edn \u00feungu\u00f0 a\u00f0 \u00fe\u00e9rog \u00fear f\u00e6ddi \u00feig s\u00fa sem <a href=\"https:\/\/biblian.is\/biblian\/ljodaljodin-8-kafli\/\"> [&#8230;]<\/a><\/p>\n","protected":false},"author":1,"featured_media":0,"parent":0,"menu_order":0,"comment_status":"open","ping_status":"open","template":"bibliukaflar_NT.php","meta":{"footnotes":""},"class_list":["post-2296","page","type-page","status-publish","hentry"],"_links":{"self":[{"href":"https:\/\/biblian.is\/biblian\/wp-json\/wp\/v2\/pages\/2296","targetHints":{"allow":["GET"]}}],"collection":[{"href":"https:\/\/biblian.is\/biblian\/wp-json\/wp\/v2\/pages"}],"about":[{"href":"https:\/\/biblian.is\/biblian\/wp-json\/wp\/v2\/types\/page"}],"author":[{"embeddable":true,"href":"https:\/\/biblian.is\/biblian\/wp-json\/wp\/v2\/users\/1"}],"replies":[{"embeddable":true,"href":"https:\/\/biblian.is\/biblian\/wp-json\/wp\/v2\/comments?post=2296"}],"version-history":[{"count":0,"href":"https:\/\/biblian.is\/biblian\/wp-json\/wp\/v2\/pages\/2296\/revisions"}],"wp:attachment":[{"href":"https:\/\/biblian.is\/biblian\/wp-json\/wp\/v2\/media?parent=2296"}],"curies":[{"name":"wp","href":"https:\/\/api.w.org\/{rel}","templated":true}]}}