{"id":2295,"date":"2017-12-30T21:02:32","date_gmt":"2017-12-30T21:02:32","guid":{"rendered":"http:\/\/biblian.is\/biblian\/lj%c2%97_alj%c2%97_in-7-kafli\/"},"modified":"2023-02-24T16:28:39","modified_gmt":"2023-02-24T16:28:39","slug":"ljodaljodin-7-kafli","status":"publish","type":"page","link":"https:\/\/biblian.is\/biblian\/ljodaljodin-7-kafli\/","title":{"rendered":"Lj\u00f3\u00f0alj\u00f3\u00f0in 7. kafli"},"content":{"rendered":"<h3 class=\"millifyrirsogn_2007\">(K\u00f3r) <\/h3>\n<p><span class=\"ljodatexti\"> <a name=\"1\"><span class=\"versanumer_ljod\">1<\/span><\/a>Sn\u00fa\u00f0u \u00fe\u00e9r, sn\u00fa\u00f0u \u00fe\u00e9r, S\u00falamm\u00edt.<br \/>Sn\u00fa\u00f0u \u00fe\u00e9r, sn\u00fa\u00f0u \u00fe\u00e9r<br \/>svo a\u00f0 v\u00e9r getum horft \u00e1 \u00feig. <\/span>  <\/p>\n<h3 class=\"millifyrirsogn_2007\">(Hann)<\/h3>\n<p> <span class=\"ljodatexti\"> Hv\u00ed vilji\u00f0 \u00fe\u00e9r sj\u00e1 S\u00falamm\u00edt<br \/>sn\u00faa s\u00e9r \u00ed herb\u00fa\u00f0adansinum?<br \/> <\/span> <span class=\"ljodatexti\"> <a name=\"2\"><span class=\"versanumer_ljod\">2<\/span><\/a>Hve l\u00e9ttst\u00edg ertu \u00ed ilsk\u00f3num,<br \/>h\u00f6f\u00f0ingjad\u00f3ttir.<br \/>\u00c1v\u00f6l l\u00e6rin eru sem skartgripir,<br \/>handaverk listasmi\u00f0s,<br \/> <\/span> <span class=\"ljodatexti\"> <a name=\"3\"><span class=\"versanumer_ljod\">3<\/span><\/a>skaut \u00feitt kringl\u00f3tt sk\u00e1l;<br \/>ekki skal \u00fea\u00f0 skorta v\u00ednbl\u00f6nduna,<br \/>kvi\u00f0urinn sem hveitibingur<br \/>og liljur allt um kring,<br \/> <\/span> <span class=\"ljodatexti\"> <a name=\"4\"><span class=\"versanumer_ljod\">4<\/span><\/a>brj\u00f3st \u00fe\u00edn eins og tveir hindark\u00e1lfar,<br \/>d\u00e1d\u00fdrstv\u00edburar,<br \/> <\/span> <span class=\"ljodatexti\"> <a name=\"5\"><span class=\"versanumer_ljod\">5<\/span><\/a>h\u00e1ls \u00feinn sem f\u00edlabeinsturn,<br \/>augun eins og tjarnirnar hj\u00e1 Hesbon,<br \/>vi\u00f0 hli\u00f0 Batrabb\u00edm,<br \/>nef \u00feitt eins og L\u00edbanonsturninn<br \/>sem sn\u00fdr a\u00f0 Damaskus,<br \/> <\/span> <span class=\"ljodatexti\"> <a name=\"6\"><span class=\"versanumer_ljod\">6<\/span><\/a>h\u00f6fu\u00f0 \u00feitt sem Karmelfjall<br \/>og h\u00e1ri\u00f0 purpuri;<br \/>konung m\u00e1 fanga \u00ed lokkunum.<br \/> <\/span> <span class=\"ljodatexti\"> <a name=\"7\"><span class=\"versanumer_ljod\">7<\/span><\/a>F\u00f6gur ertu, yndisleg ertu,<br \/>vina m\u00edn, d\u00f3ttir lystisemdanna.<br \/> <\/span> <span class=\"ljodatexti\"> <a name=\"8\"><span class=\"versanumer_ljod\">8<\/span><\/a>V\u00f6xtur \u00feinn er eins og p\u00e1lmatr\u00e9,<br \/>brj\u00f3st \u00fe\u00edn sem klasarnir.<br \/> <\/span> <span class=\"ljodatexti\"> <a name=\"9\"><span class=\"versanumer_ljod\">9<\/span><\/a>\u00c9g segi: \u201e\u00deetta p\u00e1lmatr\u00e9 kl\u00edf \u00e9g<br \/>og gr\u00edp \u00ed greinarnar,<br \/>megi brj\u00f3st \u00fe\u00edn l\u00edkjast v\u00ednberjakl\u00f6sum,<br \/>andardr\u00e1ttur \u00feinn eplailmi,<br \/> <\/span> <span class=\"ljodatexti\"> <a name=\"10\"><span class=\"versanumer_ljod\">10<\/span><\/a>g\u00f3mur \u00feinn s\u00e6tu v\u00edni,<br \/>n\u00fdju v\u00edni, rennandi um sofandi varir.\u201c <\/span> <\/p>\n<h3 class=\"millifyrirsogn_2007\">(H\u00fan)<\/h3>\n<p><span class=\"ljodatexti\"> <a name=\"11\"><span class=\"versanumer_ljod\">11<\/span><\/a>Elskhugi minn er minn<br \/>og mig eina \u00fer\u00e1ir hann.<br \/> <\/span> <span class=\"ljodatexti\"> <a name=\"12\"><span class=\"versanumer_ljod\">12<\/span><\/a>Komdu, vinur minn,<br \/>komum \u00fat \u00e1 v\u00ed\u00f0an vang,<br \/>ey\u00f0um n\u00f3ttinni undir hennakjarrinu,<br \/> <\/span> <span class=\"ljodatexti\"> <a name=\"13\"><span class=\"versanumer_ljod\">13<\/span><\/a>f\u00f6rum snemma upp \u00ed v\u00ednekrurnar,<br \/>sj\u00e1um hvort v\u00ednvi\u00f0urinn bl\u00f3mstrar,<br \/>hvort bl\u00f3m hans hafa opnast,<br \/>hvort granatvi\u00f0urinn stendur \u00ed bl\u00f3ma.<br \/>\u00dear gef \u00e9g \u00fe\u00e9r \u00e1st m\u00edna.<br \/> <\/span> <span class=\"ljodatexti\"> <a name=\"14\"><span class=\"versanumer_ljod\">14<\/span><\/a>\u00c1stareplin anga,<br \/>d\u00fdrindis \u00e1vextir vi\u00f0 dyr okkar,<br \/>n\u00fdt\u00edndir og geymdir, \u00e1stin m\u00edn,<br \/>\u00fe\u00e1 hef \u00e9g var\u00f0veitt handa \u00fe\u00e9r. <\/span> <\/p>\n","protected":false},"excerpt":{"rendered":"<p>(K\u00f3r) 1Sn\u00fa\u00f0u \u00fe\u00e9r, sn\u00fa\u00f0u \u00fe\u00e9r, S\u00falamm\u00edt.Sn\u00fa\u00f0u \u00fe\u00e9r, sn\u00fa\u00f0u \u00fe\u00e9rsvo a\u00f0 v\u00e9r getum horft \u00e1 \u00feig. (Hann) Hv\u00ed vilji\u00f0 \u00fe\u00e9r sj\u00e1 S\u00falamm\u00edtsn\u00faa s\u00e9r \u00ed herb\u00fa\u00f0adansinum? 2Hve l\u00e9ttst\u00edg ertu \u00ed ilsk\u00f3num,h\u00f6f\u00f0ingjad\u00f3ttir.\u00c1v\u00f6l l\u00e6rin eru sem skartgripir,handaverk listasmi\u00f0s, 3skaut \u00feitt kringl\u00f3tt sk\u00e1l;ekki skal \u00fea\u00f0 skorta v\u00ednbl\u00f6nduna,kvi\u00f0urinn sem hveitibingurog liljur allt um kring, 4brj\u00f3st \u00fe\u00edn eins og tveir hindark\u00e1lfar,d\u00e1d\u00fdrstv\u00edburar, 5h\u00e1ls \u00feinn sem f\u00edlabeinsturn,augun eins og tjarnirnar hj\u00e1 Hesbon,vi\u00f0 hli\u00f0 Batrabb\u00edm,nef \u00feitt eins og L\u00edbanonsturninnsem sn\u00fdr a\u00f0 Damaskus, 6h\u00f6fu\u00f0 \u00feitt sem Karmelfjallog h\u00e1ri\u00f0 purpuri;konung m\u00e1 fanga \u00ed lokkunum. 7F\u00f6gur ertu, yndisleg ertu,vina m\u00edn, d\u00f3ttir lystisemdanna. 8V\u00f6xtur \u00feinn er eins og p\u00e1lmatr\u00e9,brj\u00f3st \u00fe\u00edn sem klasarnir. 9\u00c9g segi: <a href=\"https:\/\/biblian.is\/biblian\/ljodaljodin-7-kafli\/\"> [&#8230;]<\/a><\/p>\n","protected":false},"author":1,"featured_media":0,"parent":0,"menu_order":0,"comment_status":"open","ping_status":"open","template":"bibliukaflar_NT.php","meta":{"footnotes":""},"class_list":["post-2295","page","type-page","status-publish","hentry"],"_links":{"self":[{"href":"https:\/\/biblian.is\/biblian\/wp-json\/wp\/v2\/pages\/2295","targetHints":{"allow":["GET"]}}],"collection":[{"href":"https:\/\/biblian.is\/biblian\/wp-json\/wp\/v2\/pages"}],"about":[{"href":"https:\/\/biblian.is\/biblian\/wp-json\/wp\/v2\/types\/page"}],"author":[{"embeddable":true,"href":"https:\/\/biblian.is\/biblian\/wp-json\/wp\/v2\/users\/1"}],"replies":[{"embeddable":true,"href":"https:\/\/biblian.is\/biblian\/wp-json\/wp\/v2\/comments?post=2295"}],"version-history":[{"count":0,"href":"https:\/\/biblian.is\/biblian\/wp-json\/wp\/v2\/pages\/2295\/revisions"}],"wp:attachment":[{"href":"https:\/\/biblian.is\/biblian\/wp-json\/wp\/v2\/media?parent=2295"}],"curies":[{"name":"wp","href":"https:\/\/api.w.org\/{rel}","templated":true}]}}