{"id":2294,"date":"2017-12-30T21:02:32","date_gmt":"2017-12-30T21:02:32","guid":{"rendered":"http:\/\/biblian.is\/biblian\/lj%c2%97_alj%c2%97_in-6-kafli\/"},"modified":"2023-02-24T16:28:39","modified_gmt":"2023-02-24T16:28:39","slug":"ljodaljodin-6-kafli","status":"publish","type":"page","link":"https:\/\/biblian.is\/biblian\/ljodaljodin-6-kafli\/","title":{"rendered":"Lj\u00f3\u00f0alj\u00f3\u00f0in 6. kafli"},"content":{"rendered":"<h3 class=\"millifyrirsogn_2007\"> (K\u00f3r)<\/h3>\n<p><span class=\"ljodatexti\"> <a name=\"1\"><span class=\"versanumer_ljod\">1<\/span><\/a>Hvert er elskhugi \u00feinn farinn,<br \/>\u00fe\u00fa, fegurst kvenna?<br \/>Hvert er elskhugi \u00feinn horfinn?<br \/>V\u00e9r skulum leita hans me\u00f0 \u00fe\u00e9r. <\/span> <\/p>\n<h3 class=\"millifyrirsogn_2007\">(H\u00fan)<\/h3>\n<p><span class=\"ljodatexti\"> <a name=\"2\"><span class=\"versanumer_ljod\">2<\/span><\/a>Elskhugi minn er farinn ni\u00f0ur \u00ed gar\u00f0 sinn<br \/>a\u00f0 ilmjurtareitunum,<br \/>til leiks \u00ed g\u00f6r\u00f0unum,<br \/>a\u00f0 t\u00edna liljur.<br \/> <\/span> <span class=\"ljodatexti\"> <a name=\"3\"><span class=\"versanumer_ljod\">3<\/span><\/a>\u00c9g er hans, elskhuga m\u00edns, og hann er minn,<br \/>hann sem leikur me\u00f0al lilja. <\/span> <\/p>\n<h3 class=\"millifyrirsogn_2007\">(Hann)<\/h3>\n<p><span class=\"ljodatexti\"> <a name=\"4\"><span class=\"versanumer_ljod\">4<\/span><\/a>F\u00f6gur ertu, \u00e1stin m\u00edn, eins og Tirsa,<br \/>ind\u00e6l eins og Jer\u00fasalem,<br \/>\u00f3gnandi eins og herfylking.<br \/> <\/span> <span class=\"ljodatexti\"> <a name=\"5\"><span class=\"versanumer_ljod\">5<\/span><\/a>Horf\u00f0u ekki \u00e1 mig,<br \/>augu \u00fe\u00edn skelfa mig.<br \/>H\u00e1r \u00feitt er eins og geitahj\u00f6r\u00f0<br \/>sem rennur ni\u00f0ur G\u00edlea\u00f0fjall,<br \/> <\/span> <span class=\"ljodatexti\"> <a name=\"6\"><span class=\"versanumer_ljod\">6<\/span><\/a>tennur \u00fe\u00ednar sem \u00e6r \u00ed h\u00f3p,<br \/>n\u00fdba\u00f0a\u00f0ar, allar tv\u00edlembdar,<br \/>og engin lamblaus,<br \/> <\/span> <span class=\"ljodatexti\"> <a name=\"7\"><span class=\"versanumer_ljod\">7<\/span><\/a>gagnaugun eins og sneitt granatepli<br \/>undir andlitsbl\u00e6junni.<br \/> <\/span> <span class=\"ljodatexti\"> <a name=\"8\"><span class=\"versanumer_ljod\">8<\/span><\/a>Sext\u00edu eru drottningarnar, \u00e1ttat\u00edu hj\u00e1konurnar<br \/>og ungmeyjarnar \u00f3teljandi<br \/> <\/span> <span class=\"ljodatexti\"> <a name=\"9\"><span class=\"versanumer_ljod\">9<\/span><\/a>en ein er d\u00fafan m\u00edn fullkomna,<br \/>einkabarn m\u00f3\u00f0ur sinnar,<br \/>yndi hennar sem \u00f3l hana.<br \/>Ungmeyjarnar sj\u00e1 hana og r\u00f3ma hana,<br \/>drottningar og hj\u00e1konur syngja henni lof.<br \/> <\/span> <span class=\"ljodatexti\"> <a name=\"10\"><span class=\"versanumer_ljod\">10<\/span><\/a>Hver g\u00e6gist h\u00e9r fram sem morgunro\u00f0inn,<br \/>f\u00f6gur sem m\u00e1ninn,<br \/>leiftrandi sem s\u00f3lin,<br \/>\u00f3gurleg sem herskarar stjarnanna?<br \/> <\/span> <span class=\"ljodatexti\"> <a name=\"11\"><span class=\"versanumer_ljod\">11<\/span><\/a>\u00c9g f\u00f3r ni\u00f0ur \u00ed hnetulundinn<br \/>a\u00f0 sj\u00e1 dalinn gr\u00e6nka,<br \/>sj\u00e1 hvort v\u00ednvi\u00f0urinn bl\u00f3mstra\u00f0i<br \/>og granatvi\u00f0urinn b\u00e6ri bl\u00f3m.<br \/> <\/span> <span class=\"ljodatexti\"> <a name=\"12\"><span class=\"versanumer_ljod\">12<\/span><\/a>\u00c9g var fr\u00e1 m\u00e9r numinn,<br \/>\u00e9g var\u00f0 altekinn af \u00e1st. <\/span> <\/p>\n","protected":false},"excerpt":{"rendered":"<p>(K\u00f3r) 1Hvert er elskhugi \u00feinn farinn,\u00fe\u00fa, fegurst kvenna?Hvert er elskhugi \u00feinn horfinn?V\u00e9r skulum leita hans me\u00f0 \u00fe\u00e9r. (H\u00fan) 2Elskhugi minn er farinn ni\u00f0ur \u00ed gar\u00f0 sinna\u00f0 ilmjurtareitunum,til leiks \u00ed g\u00f6r\u00f0unum,a\u00f0 t\u00edna liljur. 3\u00c9g er hans, elskhuga m\u00edns, og hann er minn,hann sem leikur me\u00f0al lilja. (Hann) 4F\u00f6gur ertu, \u00e1stin m\u00edn, eins og Tirsa,ind\u00e6l eins og Jer\u00fasalem,\u00f3gnandi eins og herfylking. 5Horf\u00f0u ekki \u00e1 mig,augu \u00fe\u00edn skelfa mig.H\u00e1r \u00feitt er eins og geitahj\u00f6r\u00f0sem rennur ni\u00f0ur G\u00edlea\u00f0fjall, 6tennur \u00fe\u00ednar sem \u00e6r \u00ed h\u00f3p,n\u00fdba\u00f0a\u00f0ar, allar tv\u00edlembdar,og engin lamblaus, 7gagnaugun eins og sneitt granatepliundir andlitsbl\u00e6junni. 8Sext\u00edu eru drottningarnar, \u00e1ttat\u00edu hj\u00e1konurnarog ungmeyjarnar \u00f3teljandi 9en ein er <a href=\"https:\/\/biblian.is\/biblian\/ljodaljodin-6-kafli\/\"> [&#8230;]<\/a><\/p>\n","protected":false},"author":1,"featured_media":0,"parent":0,"menu_order":0,"comment_status":"open","ping_status":"open","template":"bibliukaflar_NT.php","meta":{"footnotes":""},"class_list":["post-2294","page","type-page","status-publish","hentry"],"_links":{"self":[{"href":"https:\/\/biblian.is\/biblian\/wp-json\/wp\/v2\/pages\/2294","targetHints":{"allow":["GET"]}}],"collection":[{"href":"https:\/\/biblian.is\/biblian\/wp-json\/wp\/v2\/pages"}],"about":[{"href":"https:\/\/biblian.is\/biblian\/wp-json\/wp\/v2\/types\/page"}],"author":[{"embeddable":true,"href":"https:\/\/biblian.is\/biblian\/wp-json\/wp\/v2\/users\/1"}],"replies":[{"embeddable":true,"href":"https:\/\/biblian.is\/biblian\/wp-json\/wp\/v2\/comments?post=2294"}],"version-history":[{"count":0,"href":"https:\/\/biblian.is\/biblian\/wp-json\/wp\/v2\/pages\/2294\/revisions"}],"wp:attachment":[{"href":"https:\/\/biblian.is\/biblian\/wp-json\/wp\/v2\/media?parent=2294"}],"curies":[{"name":"wp","href":"https:\/\/api.w.org\/{rel}","templated":true}]}}