{"id":2293,"date":"2017-12-30T21:02:32","date_gmt":"2017-12-30T21:02:32","guid":{"rendered":"http:\/\/biblian.is\/biblian\/lj%c2%97_alj%c2%97_in-5-kafli\/"},"modified":"2023-02-24T16:28:39","modified_gmt":"2023-02-24T16:28:39","slug":"ljodaljodin-5-kafli","status":"publish","type":"page","link":"https:\/\/biblian.is\/biblian\/ljodaljodin-5-kafli\/","title":{"rendered":"Lj\u00f3\u00f0alj\u00f3\u00f0in 5. kafli"},"content":{"rendered":"<h3 class=\"millifyrirsogn_2007\">(Hann) <\/h3>\n<p><span class=\"ljodatexti\"> <a name=\"1\"><span class=\"versanumer_ljod\">1<\/span><\/a>\u00c9g hef komi\u00f0 \u00ed gar\u00f0 minn, systir m\u00edn, br\u00fa\u00f0ur,<br \/>og t\u00ednt m\u00e9r myrru og ilmjurtir,<br \/>neytt hunangs og hunangsk\u00f6ku,<br \/>drukki\u00f0 v\u00edn mitt og mj\u00f3lk. <\/span>  <\/p>\n<h3 class=\"millifyrirsogn_2007\">(K\u00f3r)<\/h3>\n<p> <span class=\"ljodatexti\"> Eti\u00f0, vinir, drekki\u00f0,<br \/>gerist \u00f6lva\u00f0ir af \u00e1st. <\/span> <\/p>\n<h3 class=\"millifyrirsogn_2007\">(H\u00fan)<\/h3>\n<p><span class=\"ljodatexti\"> <a name=\"2\"><span class=\"versanumer_ljod\">2<\/span><\/a>\u00c9g sef en hjarta mitt vakir.<br \/>Elskhugi minn kn\u00fdr dyra.<br \/>\u201eLj\u00faktu upp fyrir m\u00e9r, systir m\u00edn,<br \/>\u00e1stin m\u00edn, d\u00fafan m\u00edn l\u00fdtalausa.<br \/>H\u00f6fu\u00f0 mitt er alvott af d\u00f6gg,<br \/>h\u00e1rlokkarnir af dropum n\u00e6turinnar.\u201c<br \/> <\/span> <span class=\"ljodatexti\"> <a name=\"3\"><span class=\"versanumer_ljod\">3<\/span><\/a>\u00c9g er komin \u00far kyrtlinum,<br \/>\u00e6tti \u00e9g a\u00f0 fara \u00ed hann aftur?<br \/>\u00c9g hef \u00fevegi\u00f0 f\u00e6turna,<br \/>\u00e6tti \u00e9g a\u00f0 \u00f3hreinka \u00fe\u00e1?<br \/> <\/span> <span class=\"ljodatexti\"> <a name=\"4\"><span class=\"versanumer_ljod\">4<\/span><\/a>Elskhugi minn r\u00e9ttir h\u00f6ndina inn<br \/>og hjarta mitt \u00f3lgar af \u00fer\u00e1.<br \/> <\/span> <span class=\"ljodatexti\"> <a name=\"5\"><span class=\"versanumer_ljod\">5<\/span><\/a>\u00c9g stend upp til a\u00f0 opna fyrir elskhuga m\u00ednum,<br \/>myrra dr\u00fdpur af h\u00f6ndum m\u00ednum,<br \/>rennandi myrra af fingrum m\u00ednum<br \/>\u00e1 handfang lokunnar.<br \/> <\/span> <span class=\"ljodatexti\"> <a name=\"6\"><span class=\"versanumer_ljod\">6<\/span><\/a>\u00c9g l\u00fdk upp fyrir elskhuga m\u00ednum<br \/>en elskhugi minn er farinn, horfinn.<br \/>\u00c9g ver\u00f0 fr\u00e1vita er hann hverfur.<br \/>\u00c9g leita hans en finn hann ekki,<br \/>kalla \u00e1 hann en hann svarar ekki.<br \/> <\/span> <span class=\"ljodatexti\"> <a name=\"7\"><span class=\"versanumer_ljod\">7<\/span><\/a>\u00c9g hitti ver\u00f0ina<br \/>sem ganga um borgina.<br \/>\u00deeir sl\u00e1 mig, \u00feeir s\u00e6ra mig,<br \/>m\u00f6ttlinum svipta \u00feeir af m\u00e9r,<br \/>ver\u00f0ir m\u00faranna.<br \/> <\/span> <span class=\"ljodatexti\"> <a name=\"8\"><span class=\"versanumer_ljod\">8<\/span><\/a>\u00c9g s\u00e6ri y\u00f0ur, Jer\u00fasalemd\u00e6tur.<br \/>Ef \u00fe\u00e9r finni\u00f0 elskhuga minn, segi\u00f0 honum \u00fe\u00e1<br \/>a\u00f0 \u00e9g s\u00e9 sj\u00fak af \u00e1st. <\/span> <\/p>\n<h3 class=\"millifyrirsogn_2007\">(K\u00f3r)<\/h3>\n<p><span class=\"ljodatexti\"> <a name=\"9\"><span class=\"versanumer_ljod\">9<\/span><\/a>Hva\u00f0 hefur elskhugi \u00feinn fram yfir a\u00f0ra,<br \/>\u00fe\u00fa, fegurst kvenna?<br \/>Hva\u00f0 hefur elskhugi \u00feinn fram yfir a\u00f0ra,<br \/>a\u00f0 \u00fe\u00fa s\u00e6rir oss svo? <\/span> <\/p>\n<h3 class=\"millifyrirsogn_2007\">(H\u00fan)<\/h3>\n<p><span class=\"ljodatexti\"> <a name=\"10\"><span class=\"versanumer_ljod\">10<\/span><\/a>Elskhugi minn er bjartur og rj\u00f3\u00f0ur<br \/>og ber af t\u00edu \u00fe\u00fasundum.<br \/> <\/span> <span class=\"ljodatexti\"> <a name=\"11\"><span class=\"versanumer_ljod\">11<\/span><\/a>H\u00f6fu\u00f0 hans er sk\u00edragull,<br \/>lokkar hans hrafnsvartir d\u00f6\u00f0luklasar.<br \/> <\/span> <span class=\"ljodatexti\"> <a name=\"12\"><span class=\"versanumer_ljod\">12<\/span><\/a>Augu hans eins og d\u00fafur vi\u00f0 l\u00e6ki,<br \/>ba\u00f0a\u00f0ar \u00ed mj\u00f3lk vi\u00f0 bakkafullar tjarnir,<br \/> <\/span> <span class=\"ljodatexti\"> <a name=\"13\"><span class=\"versanumer_ljod\">13<\/span><\/a>kinnar hans sem ilmreitir<br \/>og kryddjurtabe\u00f0,<br \/>varirnar liljur<br \/>sem myrra dr\u00fdpur af,<br \/> <\/span> <span class=\"ljodatexti\"> <a name=\"14\"><span class=\"versanumer_ljod\">14<\/span><\/a>hendur hans gullkefli,<br \/>l\u00f6g\u00f0 d\u00fdrum steinum,<br \/>kvi\u00f0ur hans f\u00edlabein,<br \/>alsett saf\u00edrsteinum,<br \/> <\/span> <span class=\"ljodatexti\"> <a name=\"15\"><span class=\"versanumer_ljod\">15<\/span><\/a>f\u00f3tleggir hans eru sem marmaras\u00falur<br \/>\u00e1 stalli \u00far sk\u00edragulli,<br \/>\u00e1s\u00fdndum er hann sem L\u00edbanonsfjall,<br \/>t\u00edgulegur sem sedrustr\u00e9,<br \/> <\/span> <span class=\"ljodatexti\"> <a name=\"16\"><span class=\"versanumer_ljod\">16<\/span><\/a>munnur hans lj\u00faffengur<br \/>og allur er hann yndislegur.<br \/>\u00deetta er vinur minn, Jer\u00fasalemd\u00e6tur,<br \/>\u00feetta er \u00e1stvinur minn. <\/span> <\/p>\n","protected":false},"excerpt":{"rendered":"<p>(Hann) 1\u00c9g hef komi\u00f0 \u00ed gar\u00f0 minn, systir m\u00edn, br\u00fa\u00f0ur,og t\u00ednt m\u00e9r myrru og ilmjurtir,neytt hunangs og hunangsk\u00f6ku,drukki\u00f0 v\u00edn mitt og mj\u00f3lk. (K\u00f3r) Eti\u00f0, vinir, drekki\u00f0,gerist \u00f6lva\u00f0ir af \u00e1st. (H\u00fan) 2\u00c9g sef en hjarta mitt vakir.Elskhugi minn kn\u00fdr dyra.\u201eLj\u00faktu upp fyrir m\u00e9r, systir m\u00edn,\u00e1stin m\u00edn, d\u00fafan m\u00edn l\u00fdtalausa.H\u00f6fu\u00f0 mitt er alvott af d\u00f6gg,h\u00e1rlokkarnir af dropum n\u00e6turinnar.\u201c 3\u00c9g er komin \u00far kyrtlinum,\u00e6tti \u00e9g a\u00f0 fara \u00ed hann aftur?\u00c9g hef \u00fevegi\u00f0 f\u00e6turna,\u00e6tti \u00e9g a\u00f0 \u00f3hreinka \u00fe\u00e1? 4Elskhugi minn r\u00e9ttir h\u00f6ndina innog hjarta mitt \u00f3lgar af \u00fer\u00e1. 5\u00c9g stend upp til a\u00f0 opna fyrir elskhuga m\u00ednum,myrra dr\u00fdpur af h\u00f6ndum m\u00ednum,rennandi myrra af fingrum <a href=\"https:\/\/biblian.is\/biblian\/ljodaljodin-5-kafli\/\"> [&#8230;]<\/a><\/p>\n","protected":false},"author":1,"featured_media":0,"parent":0,"menu_order":0,"comment_status":"open","ping_status":"open","template":"bibliukaflar_NT.php","meta":{"footnotes":""},"class_list":["post-2293","page","type-page","status-publish","hentry"],"_links":{"self":[{"href":"https:\/\/biblian.is\/biblian\/wp-json\/wp\/v2\/pages\/2293","targetHints":{"allow":["GET"]}}],"collection":[{"href":"https:\/\/biblian.is\/biblian\/wp-json\/wp\/v2\/pages"}],"about":[{"href":"https:\/\/biblian.is\/biblian\/wp-json\/wp\/v2\/types\/page"}],"author":[{"embeddable":true,"href":"https:\/\/biblian.is\/biblian\/wp-json\/wp\/v2\/users\/1"}],"replies":[{"embeddable":true,"href":"https:\/\/biblian.is\/biblian\/wp-json\/wp\/v2\/comments?post=2293"}],"version-history":[{"count":0,"href":"https:\/\/biblian.is\/biblian\/wp-json\/wp\/v2\/pages\/2293\/revisions"}],"wp:attachment":[{"href":"https:\/\/biblian.is\/biblian\/wp-json\/wp\/v2\/media?parent=2293"}],"curies":[{"name":"wp","href":"https:\/\/api.w.org\/{rel}","templated":true}]}}