{"id":2292,"date":"2017-12-30T21:02:32","date_gmt":"2017-12-30T21:02:32","guid":{"rendered":"http:\/\/biblian.is\/biblian\/lj%c2%97_alj%c2%97_in-4-kafli\/"},"modified":"2023-02-24T16:28:38","modified_gmt":"2023-02-24T16:28:38","slug":"ljodaljodin-4-kafli","status":"publish","type":"page","link":"https:\/\/biblian.is\/biblian\/ljodaljodin-4-kafli\/","title":{"rendered":"Lj\u00f3\u00f0alj\u00f3\u00f0in 4. kafli"},"content":{"rendered":"<h3 class=\"millifyrirsogn_2007\"> (Hann)<\/h3>\n<p><span class=\"ljodatexti\"> <a name=\"1\"><span class=\"versanumer_ljod\">1<\/span><\/a>Hve f\u00f6gur ertu, \u00e1stin m\u00edn, hve f\u00f6gur,<br \/>og augu \u00fe\u00edn d\u00fafur<br \/>undir andlitsbl\u00e6junni.<br \/>H\u00e1r \u00feitt er sem geitahj\u00f6r\u00f0<br \/>sem rennur ni\u00f0ur G\u00edlea\u00f0fjall,<br \/> <\/span> <span class=\"ljodatexti\"> <a name=\"2\"><span class=\"versanumer_ljod\">2<\/span><\/a>tennur \u00fe\u00ednar \u00e6r \u00ed h\u00f3p,<br \/>n\u00fdr\u00fanar og ba\u00f0a\u00f0ar,<br \/>allar tv\u00edlembdar<br \/>og engin lamblaus.<br \/> <\/span> <span class=\"ljodatexti\"> <a name=\"3\"><span class=\"versanumer_ljod\">3<\/span><\/a>Varir \u00fe\u00ednar eru sem skarlatsbor\u00f0i<br \/>og munnur \u00feinn yndislegur,<br \/>gagnaugun eins og sneitt granatepli<br \/>undir andlitsbl\u00e6junni.<br \/> <\/span> <span class=\"ljodatexti\"> <a name=\"4\"><span class=\"versanumer_ljod\">4<\/span><\/a>H\u00e1ls \u00feinn er eins og turn Dav\u00ed\u00f0s<br \/>sem vopnum er ra\u00f0a\u00f0 \u00e1,<br \/>\u00fear hanga \u00fe\u00fasund skildir,<br \/>\u00f6ll hertygi garpanna.<br \/> <\/span> <span class=\"ljodatexti\"> <a name=\"5\"><span class=\"versanumer_ljod\">5<\/span><\/a>Brj\u00f3st \u00fe\u00edn eru eins og tveir hindark\u00e1lfar,<br \/>d\u00e1d\u00fdrstv\u00edburar<br \/>a\u00f0 leik me\u00f0al lilja.<br \/> <\/span> <span class=\"ljodatexti\"> <a name=\"6\"><span class=\"versanumer_ljod\">6<\/span><\/a>\u00deegar kular \u00ed d\u00f6gun<br \/>og skuggarnir fl\u00fdja<br \/>mun \u00e9g halda til myrruh\u00f3lsins<br \/>og reykelsish\u00e6\u00f0arinnar.<br \/> <\/span> <span class=\"ljodatexti\"> <a name=\"7\"><span class=\"versanumer_ljod\">7<\/span><\/a>\u00d6ll ertu f\u00f6gur, \u00e1stin m\u00edn,<br \/>l\u00fdtalaus me\u00f0 \u00f6llu.<br \/> <\/span> <span class=\"ljodatexti\"> <a name=\"8\"><span class=\"versanumer_ljod\">8<\/span><\/a>Komdu me\u00f0 m\u00e9r fr\u00e1 L\u00edbanonsfjalli, br\u00fa\u00f0ur,<br \/>me\u00f0 m\u00e9r fr\u00e1 L\u00edbanonsfjalli,<br \/>ni\u00f0ur af tindi Amana,<br \/>af tindum Sen\u00edr og Hermon,<br \/>fr\u00e1 b\u00e6lum lj\u00f3nanna, klettum hl\u00e9bar\u00f0anna.<br \/> <\/span> <span class=\"ljodatexti\"> <a name=\"9\"><span class=\"versanumer_ljod\">9<\/span><\/a>\u00de\u00fa hefur r\u00e6nt hjarta m\u00ednu,<br \/>systir m\u00edn, br\u00fa\u00f0ur,<br \/>hjarta m\u00ednu hefur\u00f0u r\u00e6nt me\u00f0 augnar\u00e1\u00f0inu einu,<br \/>einum hlekk \u00far h\u00e1lsfesti \u00feinni.<br \/> <\/span> <span class=\"ljodatexti\"> <a name=\"10\"><span class=\"versanumer_ljod\">10<\/span><\/a>Hve yndisleg eru atlot \u00fe\u00edn, systir m\u00edn, br\u00fa\u00f0ur,<br \/>hve miklu eru atlot \u00fe\u00edn lj\u00fafari en v\u00edn<br \/>og angan smyrsla \u00feinna betri en nokkur ilmjurt.<br \/> <\/span> <span class=\"ljodatexti\"> <a name=\"11\"><span class=\"versanumer_ljod\">11<\/span><\/a>Hunang dr\u00fdpur af v\u00f6rum \u00fe\u00ednum, br\u00fa\u00f0ur,<br \/>hunang og mj\u00f3lk undir tungu \u00feinni<br \/>og ilmur kl\u00e6\u00f0a \u00feinna er sem angan L\u00edbanonsfjalls.<br \/> <\/span> <span class=\"ljodatexti\"> <a name=\"12\"><span class=\"versanumer_ljod\">12<\/span><\/a>Loka\u00f0ur gar\u00f0ur er systir m\u00edn, br\u00fa\u00f0ur,<br \/>byrg\u00f0ur brunnur, innsiglu\u00f0 lind.<br \/> <\/span> <span class=\"ljodatexti\"> <a name=\"13\"><span class=\"versanumer_ljod\">13<\/span><\/a>Laut \u00fe\u00edn sem gar\u00f0ur af granateplum,<br \/>me\u00f0 g\u00f3ms\u00e6ta \u00e1vexti,<br \/>henna og nardus,<br \/> <\/span> <span class=\"ljodatexti\"> <a name=\"14\"><span class=\"versanumer_ljod\">14<\/span><\/a>nardus og saffran,<br \/>ilmreyr og kanel,<br \/>myrru og al\u00f3e<br \/>og allar d\u00fdrustu ilmjurtir. <span class=\"nedan_mal\" title=\" Engin jurtanna, sem taldar eru til \u00ed \u00feessu versi, vex \u00ed Landinu helga. H\u00e9r er um a\u00f0 r\u00e6\u00f0a d\u00fdrar innfluttar ilmjurtir.\">[<\/span> <br \/> <\/span> <span class=\"ljodatexti\"> <a name=\"15\"><span class=\"versanumer_ljod\">15<\/span><\/a>\u00de\u00fa ert lind \u00ed gar\u00f0i,<br \/>lifandi vatn af L\u00edbanonsfjalli. <\/span> <\/p>\n<h3 class=\"millifyrirsogn_2007\">(H\u00fan)<\/h3>\n<p><span class=\"ljodatexti\"> <a name=\"16\"><span class=\"versanumer_ljod\">16<\/span><\/a>Vakna, nor\u00f0anvindur,<br \/>kom, sunnanbl\u00e6r,<br \/>anda \u00e1 gar\u00f0 minn<br \/>svo a\u00f0 ilmur hans berist.<br \/>Elskhugi minn, komdu \u00ed gar\u00f0 \u00feinn<br \/>og nj\u00f3ttu d\u00fdrustu \u00e1vaxta hans. <\/span> <\/p>\n","protected":false},"excerpt":{"rendered":"<p>(Hann) 1Hve f\u00f6gur ertu, \u00e1stin m\u00edn, hve f\u00f6gur,og augu \u00fe\u00edn d\u00fafurundir andlitsbl\u00e6junni.H\u00e1r \u00feitt er sem geitahj\u00f6r\u00f0sem rennur ni\u00f0ur G\u00edlea\u00f0fjall, 2tennur \u00fe\u00ednar \u00e6r \u00ed h\u00f3p,n\u00fdr\u00fanar og ba\u00f0a\u00f0ar,allar tv\u00edlembdarog engin lamblaus. 3Varir \u00fe\u00ednar eru sem skarlatsbor\u00f0iog munnur \u00feinn yndislegur,gagnaugun eins og sneitt granatepliundir andlitsbl\u00e6junni. 4H\u00e1ls \u00feinn er eins og turn Dav\u00ed\u00f0ssem vopnum er ra\u00f0a\u00f0 \u00e1,\u00fear hanga \u00fe\u00fasund skildir,\u00f6ll hertygi garpanna. 5Brj\u00f3st \u00fe\u00edn eru eins og tveir hindark\u00e1lfar,d\u00e1d\u00fdrstv\u00edburara\u00f0 leik me\u00f0al lilja. 6\u00deegar kular \u00ed d\u00f6gunog skuggarnir fl\u00fdjamun \u00e9g halda til myrruh\u00f3lsinsog reykelsish\u00e6\u00f0arinnar. 7\u00d6ll ertu f\u00f6gur, \u00e1stin m\u00edn,l\u00fdtalaus me\u00f0 \u00f6llu. 8Komdu me\u00f0 m\u00e9r fr\u00e1 L\u00edbanonsfjalli, br\u00fa\u00f0ur,me\u00f0 m\u00e9r fr\u00e1 L\u00edbanonsfjalli,ni\u00f0ur af tindi Amana,af tindum Sen\u00edr <a href=\"https:\/\/biblian.is\/biblian\/ljodaljodin-4-kafli\/\"> [&#8230;]<\/a><\/p>\n","protected":false},"author":1,"featured_media":0,"parent":0,"menu_order":0,"comment_status":"open","ping_status":"open","template":"bibliukaflar_NT.php","meta":{"footnotes":""},"class_list":["post-2292","page","type-page","status-publish","hentry"],"_links":{"self":[{"href":"https:\/\/biblian.is\/biblian\/wp-json\/wp\/v2\/pages\/2292","targetHints":{"allow":["GET"]}}],"collection":[{"href":"https:\/\/biblian.is\/biblian\/wp-json\/wp\/v2\/pages"}],"about":[{"href":"https:\/\/biblian.is\/biblian\/wp-json\/wp\/v2\/types\/page"}],"author":[{"embeddable":true,"href":"https:\/\/biblian.is\/biblian\/wp-json\/wp\/v2\/users\/1"}],"replies":[{"embeddable":true,"href":"https:\/\/biblian.is\/biblian\/wp-json\/wp\/v2\/comments?post=2292"}],"version-history":[{"count":0,"href":"https:\/\/biblian.is\/biblian\/wp-json\/wp\/v2\/pages\/2292\/revisions"}],"wp:attachment":[{"href":"https:\/\/biblian.is\/biblian\/wp-json\/wp\/v2\/media?parent=2292"}],"curies":[{"name":"wp","href":"https:\/\/api.w.org\/{rel}","templated":true}]}}