{"id":2291,"date":"2017-12-30T21:02:32","date_gmt":"2017-12-30T21:02:32","guid":{"rendered":"http:\/\/biblian.is\/biblian\/lj%c2%97_alj%c2%97_in-3-kafli\/"},"modified":"2023-02-24T16:28:38","modified_gmt":"2023-02-24T16:28:38","slug":"ljodaljodin-3-kafli","status":"publish","type":"page","link":"https:\/\/biblian.is\/biblian\/ljodaljodin-3-kafli\/","title":{"rendered":"Lj\u00f3\u00f0alj\u00f3\u00f0in 3. kafli"},"content":{"rendered":"<p><span class=\"ljodatexti\"> <a name=\"1\"><span class=\"versanumer_ljod\">1<\/span><\/a>\u00cd hv\u00edlu minni um n\u00e6tur<br \/>leita \u00e9g hans sem s\u00e1l m\u00edn elskar,<br \/>\u00e9g leita hans en finn hann ekki.<br \/> <\/span> <span class=\"ljodatexti\"> <a name=\"2\"><span class=\"versanumer_ljod\">2<\/span><\/a>\u00c9g fer \u00e1 f\u00e6tur og geng um borgina,<br \/>um str\u00e6ti og torg.<br \/>\u00c9g leita hans sem s\u00e1l m\u00edn elskar.<br \/>\u00c9g leita hans en finn hann ekki.<br \/> <\/span> <span class=\"ljodatexti\"> <a name=\"3\"><span class=\"versanumer_ljod\">3<\/span><\/a>Ver\u00f0irnir, sem ganga um borgina, koma a\u00f0 m\u00e9r.<br \/>\u201eHafi\u00f0 \u00fe\u00e9r s\u00e9\u00f0 \u00feann sem s\u00e1l m\u00edn elskar?\u201c<br \/> <\/span> <span class=\"ljodatexti\"> <a name=\"4\"><span class=\"versanumer_ljod\">4<\/span><\/a>\u00d3\u00f0ara en \u00e9g f\u00f3r fr\u00e1 \u00feeim<br \/>fann \u00e9g \u00feann sem s\u00e1l m\u00edn elskar;<br \/>\u00e9g h\u00e9lt honum, sleppti honum ekki<br \/>fyrr en \u00e9g haf\u00f0i leitt hann \u00ed h\u00fas m\u00f3\u00f0ur minnar,<br \/>til h\u00edb\u00fdla hennar sem \u00f3l mig.<br \/> <\/span> <span class=\"ljodatexti\"> <a name=\"5\"><span class=\"versanumer_ljod\">5<\/span><\/a>\u00c9g s\u00e6ri y\u00f0ur, Jer\u00fasalemd\u00e6tur,<br \/>vi\u00f0 d\u00e1d\u00fdrin, vi\u00f0 hindirnar \u00e1 v\u00f6llunum:<br \/>trufli\u00f0 ekki, veki\u00f0 ekki \u00e1stina<br \/>fyrr en h\u00fan sj\u00e1lf vill.<br \/> <\/span> <span class=\"ljodatexti\"> <a name=\"6\"><span class=\"versanumer_ljod\">6<\/span><\/a>Hva\u00f0 er \u00fea\u00f0 sem st\u00edgur upp af ey\u00f0im\u00f6rkinni<br \/>eins og reykjarstr\u00f3kar,<br \/>mekkir af myrru, reykelsi<br \/>og hvers kyns kaupmannakryddi?<br \/> <\/span> <span class=\"ljodatexti\"> <a name=\"7\"><span class=\"versanumer_ljod\">7<\/span><\/a>Bur\u00f0arst\u00f3ll Sal\u00f3mons<br \/>og umhverfis sext\u00edu garpar<br \/>af k\u00f6ppum \u00cdsraels,<br \/> <\/span> <span class=\"ljodatexti\"> <a name=\"8\"><span class=\"versanumer_ljod\">8<\/span><\/a>allir reyndir v\u00edgamenn,<br \/>allir vanir herna\u00f0i,<br \/>allir gyrtir sver\u00f0i<br \/>gegn \u00f3gnum n\u00e6turinnar.<br \/> <\/span> <span class=\"ljodatexti\"> <a name=\"9\"><span class=\"versanumer_ljod\">9<\/span><\/a>Bur\u00f0arst\u00f3l l\u00e9t Sal\u00f3mon konungur gera s\u00e9r<br \/>\u00far vi\u00f0i af L\u00edbanonsfjalli.<br \/> <\/span> <span class=\"ljodatexti\"> <a name=\"10\"><span class=\"versanumer_ljod\">10<\/span><\/a>Sto\u00f0irnar ger\u00f0i hann \u00far silfri,<br \/>baki\u00f0 \u00far gulli,<br \/>sessinn \u00far purpuravo\u00f0.<br \/>A\u00f0 innan er hann kl\u00e6ddur \u00e1st,<br \/>Jer\u00fasalemd\u00e6tur.<br \/> <\/span> <span class=\"ljodatexti\"> <a name=\"11\"><span class=\"versanumer_ljod\">11<\/span><\/a>Fari\u00f0, S\u00edonard\u00e6tur,<br \/>horfi\u00f0 \u00e1 Sal\u00f3mon konung,<br \/>\u00e1 k\u00f3r\u00f3nuna sem m\u00f3\u00f0ir hans kr\u00fdndi hann<br \/>\u00e1 br\u00fa\u00f0kaupsdegi hans,<br \/>\u00e1 gle\u00f0idegi hjarta hans. <\/span> <\/p>\n","protected":false},"excerpt":{"rendered":"<p>1\u00cd hv\u00edlu minni um n\u00e6turleita \u00e9g hans sem s\u00e1l m\u00edn elskar,\u00e9g leita hans en finn hann ekki. 2\u00c9g fer \u00e1 f\u00e6tur og geng um borgina,um str\u00e6ti og torg.\u00c9g leita hans sem s\u00e1l m\u00edn elskar.\u00c9g leita hans en finn hann ekki. 3Ver\u00f0irnir, sem ganga um borgina, koma a\u00f0 m\u00e9r.\u201eHafi\u00f0 \u00fe\u00e9r s\u00e9\u00f0 \u00feann sem s\u00e1l m\u00edn elskar?\u201c 4\u00d3\u00f0ara en \u00e9g f\u00f3r fr\u00e1 \u00feeimfann \u00e9g \u00feann sem s\u00e1l m\u00edn elskar;\u00e9g h\u00e9lt honum, sleppti honum ekkifyrr en \u00e9g haf\u00f0i leitt hann \u00ed h\u00fas m\u00f3\u00f0ur minnar,til h\u00edb\u00fdla hennar sem \u00f3l mig. 5\u00c9g s\u00e6ri y\u00f0ur, Jer\u00fasalemd\u00e6tur,vi\u00f0 d\u00e1d\u00fdrin, vi\u00f0 hindirnar \u00e1 v\u00f6llunum:trufli\u00f0 ekki, veki\u00f0 ekki \u00e1stinafyrr en <a href=\"https:\/\/biblian.is\/biblian\/ljodaljodin-3-kafli\/\"> [&#8230;]<\/a><\/p>\n","protected":false},"author":1,"featured_media":0,"parent":0,"menu_order":0,"comment_status":"open","ping_status":"open","template":"bibliukaflar_NT.php","meta":{"footnotes":""},"class_list":["post-2291","page","type-page","status-publish","hentry"],"_links":{"self":[{"href":"https:\/\/biblian.is\/biblian\/wp-json\/wp\/v2\/pages\/2291","targetHints":{"allow":["GET"]}}],"collection":[{"href":"https:\/\/biblian.is\/biblian\/wp-json\/wp\/v2\/pages"}],"about":[{"href":"https:\/\/biblian.is\/biblian\/wp-json\/wp\/v2\/types\/page"}],"author":[{"embeddable":true,"href":"https:\/\/biblian.is\/biblian\/wp-json\/wp\/v2\/users\/1"}],"replies":[{"embeddable":true,"href":"https:\/\/biblian.is\/biblian\/wp-json\/wp\/v2\/comments?post=2291"}],"version-history":[{"count":0,"href":"https:\/\/biblian.is\/biblian\/wp-json\/wp\/v2\/pages\/2291\/revisions"}],"wp:attachment":[{"href":"https:\/\/biblian.is\/biblian\/wp-json\/wp\/v2\/media?parent=2291"}],"curies":[{"name":"wp","href":"https:\/\/api.w.org\/{rel}","templated":true}]}}