{"id":2290,"date":"2017-12-30T21:02:32","date_gmt":"2017-12-30T21:02:32","guid":{"rendered":"http:\/\/biblian.is\/biblian\/lj%c2%97_alj%c2%97_in-2-kafli\/"},"modified":"2023-02-24T16:28:38","modified_gmt":"2023-02-24T16:28:38","slug":"ljodaljodin-2-kafli","status":"publish","type":"page","link":"https:\/\/biblian.is\/biblian\/ljodaljodin-2-kafli\/","title":{"rendered":"Lj\u00f3\u00f0alj\u00f3\u00f0in 2. kafli"},"content":{"rendered":"<p><span class=\"ljodatexti\"> <a name=\"1\"><span class=\"versanumer_ljod\">1<\/span><\/a>\u00c9g er r\u00f3s \u00ed Saron,<br \/>lilja \u00ed d\u00f6lunum. <\/span> <\/p>\n<h3 class=\"millifyrirsogn_2007\">(Hann)<\/h3>\n<p><span class=\"ljodatexti\"> <a name=\"2\"><span class=\"versanumer_ljod\">2<\/span><\/a>Sem lilja me\u00f0al \u00feyrna<br \/>er \u00e1stin m\u00edn me\u00f0al meyjanna. <\/span> <\/p>\n<h3 class=\"millifyrirsogn_2007\">(H\u00fan)<\/h3>\n<p><span class=\"ljodatexti\"> <a name=\"3\"><span class=\"versanumer_ljod\">3<\/span><\/a>Sem eplatr\u00e9 \u00ed kjarrvi\u00f0i<br \/>ber elskhugi minn af sveinunum.<br \/>\u00cd skugga hans uni \u00e9g<br \/>og \u00e1vextir hans eru g\u00f3ms\u00e6tir.<br \/> <\/span> <span class=\"ljodatexti\"> <a name=\"4\"><span class=\"versanumer_ljod\">4<\/span><\/a>Hann leiddi mig \u00ed veislusk\u00e1la<br \/>og t\u00e1kn \u00e1star hans var yfir m\u00e9r.<br \/> <\/span> <span class=\"ljodatexti\"> <a name=\"5\"><span class=\"versanumer_ljod\">5<\/span><\/a>N\u00e6ri\u00f0 mig \u00e1 r\u00fas\u00ednuk\u00f6kum,<br \/>styrki\u00f0 mig me\u00f0 eplum,<br \/>\u00e9g er m\u00e1ttvana af \u00e1st.<br \/> <\/span> <span class=\"ljodatexti\"> <a name=\"6\"><span class=\"versanumer_ljod\">6<\/span><\/a>Vinstri h\u00f6nd \u00fe\u00edn undir h\u00f6f\u00f0i m\u00e9r,<br \/>hin h\u00e6gri fa\u00f0mi mig.<br \/> <\/span> <span class=\"ljodatexti\"> <a name=\"7\"><span class=\"versanumer_ljod\">7<\/span><\/a>\u00c9g s\u00e6ri y\u00f0ur, Jer\u00fasalemd\u00e6tur,<br \/>vi\u00f0 d\u00e1d\u00fdrin, vi\u00f0 hindirnar \u00e1 v\u00f6llunum:<br \/>trufli\u00f0 ekki, veki\u00f0 ekki \u00e1stina<br \/>fyrr en h\u00fan sj\u00e1lf vill.<br \/> <\/span> <span class=\"ljodatexti\"> <a name=\"8\"><span class=\"versanumer_ljod\">8<\/span><\/a>Elskhugi minn.<br \/>\u00dearna kemur hann.<br \/>Stekkur yfir fj\u00f6llin,<br \/>hleypur yfir h\u00e6\u00f0irnar.<br \/> <\/span> <span class=\"ljodatexti\"> <a name=\"9\"><span class=\"versanumer_ljod\">9<\/span><\/a>Elskhugi minn l\u00edkist d\u00e1d\u00fdri<br \/>e\u00f0a hindark\u00e1lfi<br \/>og \u00fearna stendur hann vi\u00f0 h\u00fasvegginn,<br \/>horfir inn um gluggann,<br \/>skyggnist inn um grindurnar.<br \/> <\/span> <span class=\"ljodatexti\"> <a name=\"10\"><span class=\"versanumer_ljod\">10<\/span><\/a>Elskhugi minn segir vi\u00f0 mig: <\/span> <\/p>\n<h3 class=\"millifyrirsogn_2007\">(Hann)<\/h3>\n<p> <span class=\"ljodatexti\"> Stattu upp, \u00e1stin m\u00edn fagra, komdu.<br \/> <\/span> <span class=\"ljodatexti\"> <a name=\"11\"><span class=\"versanumer_ljod\">11<\/span><\/a>Veturinn er li\u00f0inn,<br \/>vorregni\u00f0 a\u00f0 baki.<br \/> <\/span> <span class=\"ljodatexti\"> <a name=\"12\"><span class=\"versanumer_ljod\">12<\/span><\/a>Landi\u00f0 bl\u00f3mgast,<br \/>t\u00edmi s\u00f6ngsins er kominn,<br \/>kurr turtild\u00fafunnar heyrist<br \/>\u00ed landi okkar.<br \/> <\/span> <span class=\"ljodatexti\"> <a name=\"13\"><span class=\"versanumer_ljod\">13<\/span><\/a>F\u00edkjutr\u00e9n bera \u00e1v\u00f6xt,<br \/>ilm leggur af bl\u00f3mstrandi v\u00ednvi\u00f0i.<br \/>Stattu upp, \u00e1stin m\u00edn fagra, komdu.<br \/> <\/span> <span class=\"ljodatexti\"> <a name=\"14\"><span class=\"versanumer_ljod\">14<\/span><\/a>D\u00fafan m\u00edn \u00ed klettaskorum,<br \/>\u00ed hamrafylgsni,<br \/>s\u00fdndu m\u00e9r \u00e1s\u00fdnd \u00fe\u00edna,<br \/>l\u00e1ttu mig heyra r\u00f6dd \u00fe\u00edna;<br \/>r\u00f6dd \u00fe\u00edn er lj\u00faf og \u00e1s\u00fdndin yndisleg.<br \/><\/span> <span class=\"ljodatexti\"> <a name=\"15\"><span class=\"versanumer_ljod\">15<\/span><\/a>Vei\u00f0i\u00f0 fyrir okkur refina, yr\u00f0lingana<br \/>sem spilla v\u00ednekrunum,<br \/>v\u00ednekrur vorar eru \u00ed bl\u00f3ma. <\/span> <\/p>\n<h3 class=\"millifyrirsogn_2007\">(H\u00fan)<\/h3>\n<p><span class=\"ljodatexti\"> <a name=\"16\"><span class=\"versanumer_ljod\">16<\/span><\/a>Elskhugi minn er minn og \u00e9g er hans,<br \/>hans sem leikur me\u00f0al lilja.<br \/> <\/span> <span class=\"ljodatexti\"> <a name=\"17\"><span class=\"versanumer_ljod\">17<\/span><\/a>\u00deegar kular \u00ed d\u00f6gun<br \/>og skuggarnir fl\u00fdja,<br \/>sn\u00fa\u00f0u \u00fe\u00e1, elskhugi minn,<br \/>upp til ilmfjallanna,<br \/>l\u00edkur d\u00e1d\u00fdri, l\u00edkur hindark\u00e1lfi. <\/span> <\/p>\n","protected":false},"excerpt":{"rendered":"<p>1\u00c9g er r\u00f3s \u00ed Saron,lilja \u00ed d\u00f6lunum. (Hann) 2Sem lilja me\u00f0al \u00feyrnaer \u00e1stin m\u00edn me\u00f0al meyjanna. (H\u00fan) 3Sem eplatr\u00e9 \u00ed kjarrvi\u00f0iber elskhugi minn af sveinunum.\u00cd skugga hans uni \u00e9gog \u00e1vextir hans eru g\u00f3ms\u00e6tir. 4Hann leiddi mig \u00ed veislusk\u00e1laog t\u00e1kn \u00e1star hans var yfir m\u00e9r. 5N\u00e6ri\u00f0 mig \u00e1 r\u00fas\u00ednuk\u00f6kum,styrki\u00f0 mig me\u00f0 eplum,\u00e9g er m\u00e1ttvana af \u00e1st. 6Vinstri h\u00f6nd \u00fe\u00edn undir h\u00f6f\u00f0i m\u00e9r,hin h\u00e6gri fa\u00f0mi mig. 7\u00c9g s\u00e6ri y\u00f0ur, Jer\u00fasalemd\u00e6tur,vi\u00f0 d\u00e1d\u00fdrin, vi\u00f0 hindirnar \u00e1 v\u00f6llunum:trufli\u00f0 ekki, veki\u00f0 ekki \u00e1stinafyrr en h\u00fan sj\u00e1lf vill. 8Elskhugi minn.\u00dearna kemur hann.Stekkur yfir fj\u00f6llin,hleypur yfir h\u00e6\u00f0irnar. 9Elskhugi minn l\u00edkist d\u00e1d\u00fdrie\u00f0a hindark\u00e1lfiog \u00fearna stendur hann vi\u00f0 h\u00fasvegginn,horfir inn <a href=\"https:\/\/biblian.is\/biblian\/ljodaljodin-2-kafli\/\"> [&#8230;]<\/a><\/p>\n","protected":false},"author":1,"featured_media":0,"parent":0,"menu_order":0,"comment_status":"open","ping_status":"open","template":"bibliukaflar_NT.php","meta":{"footnotes":""},"class_list":["post-2290","page","type-page","status-publish","hentry"],"_links":{"self":[{"href":"https:\/\/biblian.is\/biblian\/wp-json\/wp\/v2\/pages\/2290","targetHints":{"allow":["GET"]}}],"collection":[{"href":"https:\/\/biblian.is\/biblian\/wp-json\/wp\/v2\/pages"}],"about":[{"href":"https:\/\/biblian.is\/biblian\/wp-json\/wp\/v2\/types\/page"}],"author":[{"embeddable":true,"href":"https:\/\/biblian.is\/biblian\/wp-json\/wp\/v2\/users\/1"}],"replies":[{"embeddable":true,"href":"https:\/\/biblian.is\/biblian\/wp-json\/wp\/v2\/comments?post=2290"}],"version-history":[{"count":0,"href":"https:\/\/biblian.is\/biblian\/wp-json\/wp\/v2\/pages\/2290\/revisions"}],"wp:attachment":[{"href":"https:\/\/biblian.is\/biblian\/wp-json\/wp\/v2\/media?parent=2290"}],"curies":[{"name":"wp","href":"https:\/\/api.w.org\/{rel}","templated":true}]}}