{"id":2289,"date":"2017-12-30T21:02:32","date_gmt":"2017-12-30T21:02:32","guid":{"rendered":"http:\/\/biblian.is\/biblian\/lj%c2%97_alj%c2%97_in-1-kafli\/"},"modified":"2023-02-24T16:28:37","modified_gmt":"2023-02-24T16:28:37","slug":"ljodaljodin-1-kafli","status":"publish","type":"page","link":"https:\/\/biblian.is\/biblian\/ljodaljodin-1-kafli\/","title":{"rendered":"Lj\u00f3\u00f0alj\u00f3\u00f0in 1. kafli"},"content":{"rendered":"<p><a name=\"1\"><span class=\"versanumer_2007\">1<\/span><\/a> Lj\u00f3\u00f0alj\u00f3\u00f0 Sal\u00f3mons.<\/p>\n<h3 class=\"millifyrirsogn_2007\">(H\u00fan)<\/h3>\n<p><span class=\"ljodatexti\"> <a name=\"2\"><span class=\"versanumer_ljod\">2<\/span><\/a>Kysstu mig kossi vara \u00feinna,<br \/>atlot \u00fe\u00edn eru lj\u00fafari en v\u00edn.<br \/> <\/span> <span class=\"ljodatexti\"> <a name=\"3\"><span class=\"versanumer_ljod\">3<\/span><\/a>Yndislegur ilmur er af smyrslum \u00fe\u00ednum<br \/>og nafn \u00feitt sem d\u00fdrasta ol\u00eda.<br \/>\u00deess vegna elska st\u00falkurnar \u00feig.<br \/> <\/span> <span class=\"ljodatexti\"> <a name=\"4\"><span class=\"versanumer_ljod\">4<\/span><\/a>Drag\u00f0u mig me\u00f0 \u00fe\u00e9r, hlaupum.<br \/>Konungurinn lei\u00f0i mig \u00ed herbergi s\u00edn. <span class=\"nedan_mal\" title=\" Annar lesh\u00e1ttur: Konungur, leiddu mig \u00ed herbergi \u00fe\u00edn.\">[<\/span><br \/>Gle\u00f0jumst og f\u00f6gnum \u00fe\u00e9r,<br \/>lofum \u00e1st \u00fe\u00edna meira en v\u00edn;<br \/>j\u00e1, eins og n\u00fdtt v\u00edn elska \u00fe\u00e6r \u00feig.<br \/><\/span> <span class=\"ljodatexti\"> <a name=\"5\"><span class=\"versanumer_ljod\">5<\/span><\/a>\u00c9g er d\u00f6kk og yndisleg,<br \/>Jer\u00fasalemd\u00e6tur;<br \/>eins og tj\u00f6ldin hj\u00e1 Kedar,<br \/>eins og tjaldd\u00fakarnir hj\u00e1 Salma.<br \/> <\/span> <span class=\"ljodatexti\"> <a name=\"6\"><span class=\"versanumer_ljod\">6<\/span><\/a>Taki\u00f0 ekki til \u00feess a\u00f0 \u00e9g er d\u00f6kkleit,<br \/>a\u00f0 s\u00f3lin hefur brennt mig.<br \/>Synir m\u00f3\u00f0ur minnar reiddust m\u00e9r<br \/>og settu mig til a\u00f0 g\u00e6ta v\u00ednekranna<br \/>en v\u00ednekru minnar g\u00e6tti \u00e9g ekki.<br \/> <\/span> <span class=\"ljodatexti\"> <a name=\"7\"><span class=\"versanumer_ljod\">7<\/span><\/a>Seg\u00f0u m\u00e9r, \u00fe\u00fa sem s\u00e1l m\u00edn elskar,<br \/>hvar heldur\u00f0u f\u00e9 \u00fe\u00ednu til beitar,<br \/>hvar hv\u00edlist \u00fe\u00fa um h\u00e1degi\u00f0?<br \/>Hv\u00ed skyldi \u00e9g reika um<br \/>hj\u00e1 hj\u00f6r\u00f0um f\u00e9laga \u00feinna? <\/span> <\/p>\n<h3 class=\"millifyrirsogn_2007\">(Hann)<\/h3>\n<p><span class=\"ljodatexti\"> <a name=\"8\"><span class=\"versanumer_ljod\">8<\/span><\/a>Vitir \u00fe\u00fa \u00fea\u00f0 ekki,<br \/>\u00fe\u00fa fegurst me\u00f0al kvenna,<br \/>rektu \u00fe\u00e1 sl\u00f3\u00f0 hjar\u00f0arinnar<br \/>og haltu ki\u00f0lingum \u00fe\u00ednum til beitar<br \/>hj\u00e1 tj\u00f6ldum hir\u00f0anna.<br \/> <\/span> <span class=\"ljodatexti\"> <a name=\"9\"><span class=\"versanumer_ljod\">9<\/span><\/a>Vi\u00f0 hryssu fyrir vagni fara\u00f3s<br \/>l\u00edki \u00e9g \u00fe\u00e9r, \u00e1stin m\u00edn.<br \/> <\/span> <span class=\"ljodatexti\"> <a name=\"10\"><span class=\"versanumer_ljod\">10<\/span><\/a>Yndislegir eru vangar \u00fe\u00ednir<br \/>undir skrautfl\u00e9ttunum<br \/>og h\u00e1ls \u00feinn pr\u00fdddur gimsteinum.<br \/> <\/span> <span class=\"ljodatexti\"> <a name=\"11\"><span class=\"versanumer_ljod\">11<\/span><\/a>Gullfl\u00e9ttur gerum vi\u00f0 \u00fe\u00e9r<br \/>greyptar \u00e1 silfurspangir. <\/span> <\/p>\n<h3 class=\"millifyrirsogn_2007\">(H\u00fan)<\/h3>\n<p><span class=\"ljodatexti\"> <a name=\"12\"><span class=\"versanumer_ljod\">12<\/span><\/a>Konungurinn hv\u00edlir \u00e1 h\u00e6gindi s\u00ednu<br \/>og ilminn leggur af nardussmyrslum m\u00ednum,<br \/> <\/span> <span class=\"ljodatexti\"> <a name=\"13\"><span class=\"versanumer_ljod\">13<\/span><\/a>elskhugi minn er myrruknippi<br \/>milli brj\u00f3sta m\u00e9r,<br \/> <\/span> <span class=\"ljodatexti\"> <a name=\"14\"><span class=\"versanumer_ljod\">14<\/span><\/a>hennabl\u00f3m er elskhugi minn m\u00e9r,<br \/>af v\u00ednekrunum \u00ed Enged\u00ed. <\/span> <\/p>\n<h3 class=\"millifyrirsogn_2007\">(Hann)<\/h3>\n<p><span class=\"ljodatexti\"> <a name=\"15\"><span class=\"versanumer_ljod\">15<\/span><\/a>Hve f\u00f6gur ertu, \u00e1stin m\u00edn,<br \/>hve f\u00f6gur,<br \/>og augu \u00fe\u00edn d\u00fafur. <\/span> <\/p>\n<h3 class=\"millifyrirsogn_2007\">(H\u00fan)<\/h3>\n<p><span class=\"ljodatexti\"> <a name=\"16\"><span class=\"versanumer_ljod\">16<\/span><\/a>Hve yndislegur ertu, elskhugi minn,<br \/>hve fagur,<br \/>og hv\u00edla okkar i\u00f0jagr\u00e6n,<br \/> <\/span> <span class=\"ljodatexti\"> <a name=\"17\"><span class=\"versanumer_ljod\">17<\/span><\/a>sedrustr\u00e9n m\u00e1ttarvi\u00f0ir h\u00fass okkar<br \/>og k\u00fdprustr\u00e9n \u00feilvi\u00f0irnir. <\/span> <\/p>\n","protected":false},"excerpt":{"rendered":"<p>1 Lj\u00f3\u00f0alj\u00f3\u00f0 Sal\u00f3mons. (H\u00fan) 2Kysstu mig kossi vara \u00feinna,atlot \u00fe\u00edn eru lj\u00fafari en v\u00edn. 3Yndislegur ilmur er af smyrslum \u00fe\u00ednumog nafn \u00feitt sem d\u00fdrasta ol\u00eda.\u00deess vegna elska st\u00falkurnar \u00feig. 4Drag\u00f0u mig me\u00f0 \u00fe\u00e9r, hlaupum.Konungurinn lei\u00f0i mig \u00ed herbergi s\u00edn. [Gle\u00f0jumst og f\u00f6gnum \u00fe\u00e9r,lofum \u00e1st \u00fe\u00edna meira en v\u00edn;j\u00e1, eins og n\u00fdtt v\u00edn elska \u00fe\u00e6r \u00feig. 5\u00c9g er d\u00f6kk og yndisleg,Jer\u00fasalemd\u00e6tur;eins og tj\u00f6ldin hj\u00e1 Kedar,eins og tjaldd\u00fakarnir hj\u00e1 Salma. 6Taki\u00f0 ekki til \u00feess a\u00f0 \u00e9g er d\u00f6kkleit,a\u00f0 s\u00f3lin hefur brennt mig.Synir m\u00f3\u00f0ur minnar reiddust m\u00e9rog settu mig til a\u00f0 g\u00e6ta v\u00ednekrannaen v\u00ednekru minnar g\u00e6tti \u00e9g ekki. 7Seg\u00f0u m\u00e9r, \u00fe\u00fa sem s\u00e1l <a href=\"https:\/\/biblian.is\/biblian\/ljodaljodin-1-kafli\/\"> [&#8230;]<\/a><\/p>\n","protected":false},"author":1,"featured_media":0,"parent":0,"menu_order":0,"comment_status":"open","ping_status":"open","template":"bibliukaflar_NT.php","meta":{"footnotes":""},"class_list":["post-2289","page","type-page","status-publish","hentry"],"_links":{"self":[{"href":"https:\/\/biblian.is\/biblian\/wp-json\/wp\/v2\/pages\/2289","targetHints":{"allow":["GET"]}}],"collection":[{"href":"https:\/\/biblian.is\/biblian\/wp-json\/wp\/v2\/pages"}],"about":[{"href":"https:\/\/biblian.is\/biblian\/wp-json\/wp\/v2\/types\/page"}],"author":[{"embeddable":true,"href":"https:\/\/biblian.is\/biblian\/wp-json\/wp\/v2\/users\/1"}],"replies":[{"embeddable":true,"href":"https:\/\/biblian.is\/biblian\/wp-json\/wp\/v2\/comments?post=2289"}],"version-history":[{"count":0,"href":"https:\/\/biblian.is\/biblian\/wp-json\/wp\/v2\/pages\/2289\/revisions"}],"wp:attachment":[{"href":"https:\/\/biblian.is\/biblian\/wp-json\/wp\/v2\/media?parent=2289"}],"curies":[{"name":"wp","href":"https:\/\/api.w.org\/{rel}","templated":true}]}}