{"id":2288,"date":"2017-12-30T21:02:32","date_gmt":"2017-12-30T21:02:32","guid":{"rendered":"http:\/\/biblian.is\/biblian\/pr%c2%8edikarinn-12-kafli\/"},"modified":"2024-06-26T23:19:10","modified_gmt":"2024-06-26T23:19:10","slug":"predikarinn-12-kafli","status":"publish","type":"page","link":"https:\/\/biblian.is\/biblian\/predikarinn-12-kafli\/","title":{"rendered":"Pr\u00e9dikarinn 12. kafli"},"content":{"rendered":"<p><span class=\"ljodatexti\"> <a name=\"1\"><span class=\"versanumer_ljod\">1<\/span><\/a>Mundu eftir skapara \u00fe\u00ednum \u00e1 unglings\u00e1rum \u00fe\u00ednum,<br \/>\u00e1\u00f0ur en vondu dagarnir koma<br \/>og \u00feau \u00e1rin n\u00e1lgast er \u00fe\u00fa segir um: \u201eM\u00e9r l\u00edka \u00feau ekki,\u201c<br \/> <\/span> <span class=\"ljodatexti\"> <a name=\"2\"><span class=\"versanumer_ljod\">2<\/span><\/a>\u00e1\u00f0ur en s\u00f3lin myrkvast og lj\u00f3si\u00f0<br \/>og tungli\u00f0 og stj\u00f6rnurnar,<br \/>\u00e1\u00f0ur en sk\u00fdin koma aftur eftir regni\u00f0,<br \/> <\/span> <span class=\"ljodatexti\"> <a name=\"3\"><span class=\"versanumer_ljod\">3<\/span><\/a>\u00fe\u00e1 er \u00feeir skj\u00e1lfa sem h\u00fassins g\u00e6ta<br \/>og sterku mennirnir ver\u00f0a bognir<br \/>og kvarnarst\u00falkurnar hafast ekki a\u00f0<br \/>\u00fev\u00ed a\u00f0 \u00fe\u00e6r eru or\u00f0nar f\u00e1ar<br \/>og dimmt er or\u00f0i\u00f0 hj\u00e1 \u00feeim sem l\u00edta \u00fat um gluggana<br \/> <\/span> <span class=\"ljodatexti\"> <a name=\"4\"><span class=\"versanumer_ljod\">4<\/span><\/a>og dyrunum \u00fat a\u00f0 g\u00f6tunni er loka\u00f0<br \/>og h\u00e1va\u00f0inn \u00ed kv\u00f6rninni minnkar<br \/>og menn vakna vi\u00f0 fuglskvak<br \/>en allir s\u00f6ngvarnir ver\u00f0a l\u00e1gv\u00e6rir,<br \/> <\/span> <span class=\"ljodatexti\"> <a name=\"5\"><span class=\"versanumer_ljod\">5<\/span><\/a>\u00feegar menn eru hr\u00e6ddir vi\u00f0 h\u00e6\u00f0ir<br \/>og sj\u00e1 skelfingar \u00e1 veginum,<br \/>\u00feegar m\u00f6ndlutr\u00e9\u00f0 stendur \u00ed bl\u00f3ma<br \/>og engispretturnar dragast \u00e1fram<br \/>og kapersber hr\u00edfa ekki lengur<br \/>en ma\u00f0urinn fer burt til s\u00edns eil\u00edf\u00f0arh\u00fass<br \/>og gr\u00e1tendurnir ganga um str\u00e6ti\u00f0,<br \/> <\/span> <span class=\"ljodatexti\"> <a name=\"6\"><span class=\"versanumer_ljod\">6<\/span><\/a>\u00e1\u00f0ur en silfur\u00fer\u00e1\u00f0urinn slitnar<br \/>og gullsk\u00e1lin brotnar<br \/>og skj\u00f3lan m\u00f6lvast vi\u00f0 lindina<br \/>og hj\u00f3li\u00f0 brotnar vi\u00f0 brunninn<br \/> <\/span> <span class=\"ljodatexti\"> <a name=\"7\"><span class=\"versanumer_ljod\">7<\/span><\/a>og moldin hverfur aftur til jar\u00f0arinnar<br \/>\u00fear sem h\u00fan \u00e1\u00f0ur var og andinn til Gu\u00f0s sem gaf hann.<br \/> <\/span> <span class=\"ljodatexti\"> <a name=\"8\"><span class=\"versanumer_ljod\">8<\/span><\/a>Aumasti h\u00e9g\u00f3mi, segir pr\u00e9dikarinn, allt er h\u00e9g\u00f3mi. <\/span> <\/p>\n<h3 class=\"millifyrirsogn_2007\">Ni\u00f0urlag<\/h3>\n<p><a name=\"9\"><span class=\"versanumer_2007\">9<\/span><\/a> En pr\u00e9dikarinn var spekingur og mi\u00f0la\u00f0i m\u00f6nnum einnig \u00feekkingu og rannsaka\u00f0i og kynnti s\u00e9r og samdi m\u00f6rg spakm\u00e6li. <a name=\"10\"><span class=\"versanumer_2007\">10<\/span><\/a> Pr\u00e9dikarinn leita\u00f0ist vi\u00f0 a\u00f0 finna f\u00f6gur or\u00f0 og \u00fea\u00f0 sem hann hefur skrifa\u00f0 \u00ed einl\u00e6gni eru sannleiksor\u00f0.<br \/> <a name=\"11\"><span class=\"versanumer_2007\">11<\/span><\/a> Or\u00f0 spekinganna eru hv\u00f6ss sem broddar og kjarnyr\u00f0in eins og fastreknir naglar; \u00feau eru gefin af einum hir\u00f0i. <a name=\"12\"><span class=\"versanumer_2007\">12<\/span><\/a> Sonur minn, \u00fe\u00fd\u00f0stu vi\u00f0varanir. A\u00f0 taka saman margar b\u00e6kur, \u00e1 \u00fev\u00ed er enginn endir og mikill lestur \u00fereytir l\u00edkamann.<br \/> <a name=\"13\"><span class=\"versanumer_2007\">13<\/span><\/a> Vi\u00f0 skulum hl\u00fd\u00f0a \u00e1 ni\u00f0urst\u00f6\u00f0u \u00feessa alls: \u00d3ttastu Gu\u00f0 og haltu bo\u00f0or\u00f0 hans \u00fev\u00ed a\u00f0 \u00fea\u00f0 \u00e1 hver ma\u00f0ur a\u00f0 gera. <a name=\"14\"><span class=\"versanumer_2007\">14<\/span><\/a> Gu\u00f0 mun lei\u00f0a s\u00e9rhvert verk fyrir d\u00f3m sem haldinn ver\u00f0ur yfir \u00f6llu \u00fev\u00ed sem huli\u00f0 er, hvort sem \u00fea\u00f0 er gott e\u00f0a illt.<\/p>\n","protected":false},"excerpt":{"rendered":"<p>1Mundu eftir skapara \u00fe\u00ednum \u00e1 unglings\u00e1rum \u00fe\u00ednum,\u00e1\u00f0ur en vondu dagarnir komaog \u00feau \u00e1rin n\u00e1lgast er \u00fe\u00fa segir um: \u201eM\u00e9r l\u00edka \u00feau ekki,\u201c 2\u00e1\u00f0ur en s\u00f3lin myrkvast og lj\u00f3si\u00f0og tungli\u00f0 og stj\u00f6rnurnar,\u00e1\u00f0ur en sk\u00fdin koma aftur eftir regni\u00f0, 3\u00fe\u00e1 er \u00feeir skj\u00e1lfa sem h\u00fassins g\u00e6taog sterku mennirnir ver\u00f0a bognirog kvarnarst\u00falkurnar hafast ekki a\u00f0\u00fev\u00ed a\u00f0 \u00fe\u00e6r eru or\u00f0nar f\u00e1arog dimmt er or\u00f0i\u00f0 hj\u00e1 \u00feeim sem l\u00edta \u00fat um gluggana 4og dyrunum \u00fat a\u00f0 g\u00f6tunni er loka\u00f0og h\u00e1va\u00f0inn \u00ed kv\u00f6rninni minnkarog menn vakna vi\u00f0 fuglskvaken allir s\u00f6ngvarnir ver\u00f0a l\u00e1gv\u00e6rir, 5\u00feegar menn eru hr\u00e6ddir vi\u00f0 h\u00e6\u00f0irog sj\u00e1 skelfingar \u00e1 veginum,\u00feegar m\u00f6ndlutr\u00e9\u00f0 stendur \u00ed bl\u00f3maog <a href=\"https:\/\/biblian.is\/biblian\/predikarinn-12-kafli\/\"> [&#8230;]<\/a><\/p>\n","protected":false},"author":1,"featured_media":0,"parent":0,"menu_order":0,"comment_status":"open","ping_status":"open","template":"bibliukaflar_NT.php","meta":{"footnotes":""},"class_list":["post-2288","page","type-page","status-publish","hentry"],"_links":{"self":[{"href":"https:\/\/biblian.is\/biblian\/wp-json\/wp\/v2\/pages\/2288","targetHints":{"allow":["GET"]}}],"collection":[{"href":"https:\/\/biblian.is\/biblian\/wp-json\/wp\/v2\/pages"}],"about":[{"href":"https:\/\/biblian.is\/biblian\/wp-json\/wp\/v2\/types\/page"}],"author":[{"embeddable":true,"href":"https:\/\/biblian.is\/biblian\/wp-json\/wp\/v2\/users\/1"}],"replies":[{"embeddable":true,"href":"https:\/\/biblian.is\/biblian\/wp-json\/wp\/v2\/comments?post=2288"}],"version-history":[{"count":0,"href":"https:\/\/biblian.is\/biblian\/wp-json\/wp\/v2\/pages\/2288\/revisions"}],"wp:attachment":[{"href":"https:\/\/biblian.is\/biblian\/wp-json\/wp\/v2\/media?parent=2288"}],"curies":[{"name":"wp","href":"https:\/\/api.w.org\/{rel}","templated":true}]}}